{"id":1219,"date":"2022-04-14T14:51:51","date_gmt":"2022-04-14T14:51:51","guid":{"rendered":"https:\/\/wd40.africa\/?post_type=product&#038;p=1219"},"modified":"2024-10-02T09:42:17","modified_gmt":"2024-10-02T07:42:17","slug":"wd-40-specialist-fast-release-penetrant","status":"publish","type":"product","link":"https:\/\/wd40.africa\/fr\/produits\/wd-40-specialist-fast-release-penetrant\/","title":{"rendered":"Super D\u00e9grippant \u00e0 Action Rapide"},"content":{"rendered":"<p>Le Super D\u00e9grippant WD-40 Specialist p\u00e9n\u00e8tre rapidement et lib\u00e8re les pi\u00e8ces avec une efficacit\u00e9 accrue. Sa formule \u00e0 tr\u00e8s faible tension superficielle permet de s&#8217;attaquer aux cas difficiles, comme les pi\u00e8ces gripp\u00e9es par la rouille ou la corrosion. De plus, sa r\u00e9sistance \u00e0 l&#8217;eau offre une protection suppl\u00e9mentaire contre la rouille et la corrosion, prolongeant ainsi la dur\u00e9e de vie de vos \u00e9quipements. Vous pouvez l&#8217;utiliser en toute confiance sur tous les m\u00e9taux et la plupart des peintures de surface, sans craindre d&#8217;endommager vos mat\u00e9riaux.<\/p>\n<p>Gr\u00e2ce au Spray Double Position du Super D\u00e9grippant WD-40 Specialist, vous b\u00e9n\u00e9ficiez d&#8217;une flexibilit\u00e9 d&#8217;application optimale. Lorsque le tube est abaiss\u00e9, vous obtenez une pulv\u00e9risation large pour traiter de grandes surfaces. En relevant le tube, vous avez la pr\u00e9cision n\u00e9cessaire pour atteindre les endroits difficiles d&#8217;acc\u00e8s.<\/p>\n<p>Conseils d&#8217;utilisation :<br \/>\n\u2022 Avant utilisation, agitez vigoureusement le produit pour bien m\u00e9langer les composants.<br \/>\n\u2022 Saturez g\u00e9n\u00e9reusement la zone \u00e0 traiter avec le Super D\u00e9grippant WD-40 Specialist et laissez-le p\u00e9n\u00e9trer pendant quelques instants.<br \/>\n\u2022 Pour les zones n\u00e9cessitant une application pr\u00e9cise, utilisez le tube prolongateur.<br \/>\n\u2022 Dans le cas de pi\u00e8ces fortement bloqu\u00e9es, vous pouvez r\u00e9p\u00e9ter l&#8217;op\u00e9ration plusieurs fois, en laissant le produit agir plus longtemps si n\u00e9cessaire.<br \/>\n\u2022 Une fois les pi\u00e8ces lib\u00e9r\u00e9es, essuyez tout exc\u00e8s de produit avec un chiffon propre.<\/p>\n<p>Que ce soit pour les t\u00e2ches domestiques, les travaux de bricolage ou les d\u00e9fis industriels, le Super D\u00e9grippant WD-40 Specialist est votre alli\u00e9 incontournable. Comptez sur sa performance exceptionnelle et sa polyvalence pour r\u00e9soudre les probl\u00e8mes de blocage, de rouille et de corrosion, vous permettant ainsi de maintenir vos \u00e9quipements en parfait \u00e9tat de fonctionnement.<\/p>\n","protected":false},"excerpt":{"rendered":"<p>P\u00e9n\u00e8tre rapidement et lib\u00e8re les pi\u00e8ces avec une efficacit\u00e9 accrue.<\/p>\n","protected":false},"featured_media":11843,"template":"","product_category":[21],"product_tag":[],"class_list":["post-1219","product","type-product","status-publish","has-post-thumbnail","hentry","product_category-wd-40-specialist-fr"],"acf":[],"title_raw":"Super D\u00e9grippant \u00e0 Action Rapide","yoast_head":"<!-- This site is optimized with the Yoast SEO Premium plugin v27.3 (Yoast SEO v27.3) - https:\/\/yoast.com\/product\/yoast-seo-premium-wordpress\/ -->\n<title>Le Super D\u00e9grippant WD-40 Specialist, le must du d\u00e9grippant !<\/title>\n<meta name=\"description\" content=\"D\u00e9couvrez le Super D\u00e9grippant WD-40 Specialist, l&#039;outil ultime pour lib\u00e9rer rapidement les pi\u00e8ces bloqu\u00e9es !\" \/>\n<meta name=\"robots\" content=\"index, follow, max-snippet:-1, max-image-preview:large, max-video-preview:-1\" \/>\n<link rel=\"canonical\" href=\"https:\/\/wd40.africa\/fr\/produits\/wd-40-specialist-fast-release-penetrant\/\" \/>\n<meta property=\"og:locale\" content=\"fr_FR\" \/>\n<meta property=\"og:type\" content=\"article\" \/>\n<meta property=\"og:title\" content=\"Le Super D\u00e9grippant WD-40 Specialist, le must du d\u00e9grippant !\" \/>\n<meta property=\"og:description\" content=\"D\u00e9couvrez le Super D\u00e9grippant WD-40 Specialist, l&#039;outil ultime pour lib\u00e9rer rapidement les pi\u00e8ces bloqu\u00e9es !\" \/>\n<meta property=\"og:url\" content=\"https:\/\/wd40.africa\/fr\/produits\/wd-40-specialist-fast-release-penetrant\/\" \/>\n<meta property=\"og:site_name\" content=\"WD-40 Africa\" \/>\n<meta property=\"article:publisher\" content=\"https:\/\/www.facebook.com\/OriginalWD40.UK\" \/>\n<meta property=\"article:modified_time\" content=\"2024-10-02T07:42:17+00:00\" \/>\n<meta property=\"og:image\" content=\"https:\/\/media.wd40.africa\/app\/uploads\/2022\/04\/05111947\/Super-Degrippant-WD-40-Specialist-400-ml_1000x1000_detoure.png.webp\" \/>\n\t<meta property=\"og:image:width\" content=\"1000\" \/>\n\t<meta property=\"og:image:height\" content=\"1000\" \/>\n\t<meta property=\"og:image:type\" content=\"image\/webp\" \/>\n<meta name=\"twitter:card\" content=\"summary_large_image\" \/>\n<meta name=\"twitter:site\" content=\"@originalwd40_UK\" \/>\n<script type=\"application\/ld+json\" class=\"yoast-schema-graph\">{\"@context\":\"https:\\\/\\\/schema.org\",\"@graph\":[[],{\"@type\":\"ImageObject\",\"inLanguage\":\"fr-FR\",\"@id\":\"https:\\\/\\\/wd40.africa\\\/fr\\\/produits\\\/wd-40-specialist-fast-release-penetrant\\\/#primaryimage\",\"url\":\"https:\\\/\\\/media.wd40.africa\\\/app\\\/uploads\\\/2022\\\/04\\\/05111947\\\/Super-Degrippant-WD-40-Specialist-400-ml_1000x1000_detoure.png.webp\",\"contentUrl\":\"https:\\\/\\\/media.wd40.africa\\\/app\\\/uploads\\\/2022\\\/04\\\/05111947\\\/Super-Degrippant-WD-40-Specialist-400-ml_1000x1000_detoure.png.webp\",\"width\":1000,\"height\":1000},{\"@type\":\"BreadcrumbList\",\"@id\":\"https:\\\/\\\/wd40.africa\\\/fr\\\/produits\\\/wd-40-specialist-fast-release-penetrant\\\/#breadcrumb\",\"itemListElement\":[{\"@type\":\"ListItem\",\"position\":1,\"name\":\"Produits\",\"item\":\"https:\\\/\\\/wd40.africa\\\/fr\\\/produits\\\/\"},{\"@type\":\"ListItem\",\"position\":2,\"name\":\"WD-40 Specialist\",\"item\":\"https:\\\/\\\/wd40.africa\\\/fr\\\/wd-40-produits\\\/wd-40-specialist-fr\\\/\"},{\"@type\":\"ListItem\",\"position\":3,\"name\":\"Super D\u00e9grippant \u00e0 Action Rapide\"}]},{\"@type\":\"WebSite\",\"@id\":\"https:\\\/\\\/wd40.africa\\\/fr\\\/#website\",\"url\":\"https:\\\/\\\/wd40.africa\\\/fr\\\/\",\"name\":\"WD-40 Africa\",\"description\":\"WD-40 Africa\",\"publisher\":{\"@id\":\"https:\\\/\\\/wd40.africa\\\/fr\\\/#organization\"},\"potentialAction\":[{\"@type\":\"SearchAction\",\"target\":{\"@type\":\"EntryPoint\",\"urlTemplate\":\"https:\\\/\\\/wd40.africa\\\/fr\\\/?s={search_term_string}\"},\"query-input\":{\"@type\":\"PropertyValueSpecification\",\"valueRequired\":true,\"valueName\":\"search_term_string\"}}],\"inLanguage\":\"fr-FR\"},{\"@type\":\"Organization\",\"@id\":\"https:\\\/\\\/wd40.africa\\\/fr\\\/#organization\",\"name\":\"WD-40 Africa\",\"url\":\"https:\\\/\\\/wd40.africa\\\/fr\\\/\",\"logo\":{\"@type\":\"ImageObject\",\"inLanguage\":\"fr-FR\",\"@id\":\"https:\\\/\\\/wd40.africa\\\/fr\\\/#\\\/schema\\\/logo\\\/image\\\/\",\"url\":\"https:\\\/\\\/media.wd40.africa\\\/app\\\/uploads\\\/2022\\\/10\\\/24130358\\\/WD40_logo.png\",\"contentUrl\":\"https:\\\/\\\/media.wd40.africa\\\/app\\\/uploads\\\/2022\\\/10\\\/24130358\\\/WD40_logo.png\",\"width\":1024,\"height\":1024,\"caption\":\"WD-40 Africa\"},\"image\":{\"@id\":\"https:\\\/\\\/wd40.africa\\\/fr\\\/#\\\/schema\\\/logo\\\/image\\\/\"},\"sameAs\":[\"https:\\\/\\\/www.facebook.com\\\/OriginalWD40.UK\",\"https:\\\/\\\/x.com\\\/originalwd40_UK\",\"https:\\\/\\\/www.youtube.com\\\/user\\\/OriginalWD40\"]}]}<\/script>\n<!-- \/ Yoast SEO Premium plugin. -->","yoast_head_json":{"title":"Le Super D\u00e9grippant WD-40 Specialist, le must du d\u00e9grippant !","description":"D\u00e9couvrez le Super D\u00e9grippant WD-40 Specialist, l'outil ultime pour lib\u00e9rer rapidement les pi\u00e8ces bloqu\u00e9es !","robots":{"index":"index","follow":"follow","max-snippet":"max-snippet:-1","max-image-preview":"max-image-preview:large","max-video-preview":"max-video-preview:-1"},"canonical":"https:\/\/wd40.africa\/fr\/produits\/wd-40-specialist-fast-release-penetrant\/","og_locale":"fr_FR","og_type":"article","og_title":"Le Super D\u00e9grippant WD-40 Specialist, le must du d\u00e9grippant !","og_description":"D\u00e9couvrez le Super D\u00e9grippant WD-40 Specialist, l'outil ultime pour lib\u00e9rer rapidement les pi\u00e8ces bloqu\u00e9es !","og_url":"https:\/\/wd40.africa\/fr\/produits\/wd-40-specialist-fast-release-penetrant\/","og_site_name":"WD-40 Africa","article_publisher":"https:\/\/www.facebook.com\/OriginalWD40.UK","article_modified_time":"2024-10-02T07:42:17+00:00","og_image":[{"width":1000,"height":1000,"url":"https:\/\/media.wd40.africa\/app\/uploads\/2022\/04\/05111947\/Super-Degrippant-WD-40-Specialist-400-ml_1000x1000_detoure.png.webp","type":"image\/webp"}],"twitter_card":"summary_large_image","twitter_site":"@originalwd40_UK","schema":{"@context":"https:\/\/schema.org","@graph":[[],{"@type":"ImageObject","inLanguage":"fr-FR","@id":"https:\/\/wd40.africa\/fr\/produits\/wd-40-specialist-fast-release-penetrant\/#primaryimage","url":"https:\/\/media.wd40.africa\/app\/uploads\/2022\/04\/05111947\/Super-Degrippant-WD-40-Specialist-400-ml_1000x1000_detoure.png.webp","contentUrl":"https:\/\/media.wd40.africa\/app\/uploads\/2022\/04\/05111947\/Super-Degrippant-WD-40-Specialist-400-ml_1000x1000_detoure.png.webp","width":1000,"height":1000},{"@type":"BreadcrumbList","@id":"https:\/\/wd40.africa\/fr\/produits\/wd-40-specialist-fast-release-penetrant\/#breadcrumb","itemListElement":[{"@type":"ListItem","position":1,"name":"Produits","item":"https:\/\/wd40.africa\/fr\/produits\/"},{"@type":"ListItem","position":2,"name":"WD-40 Specialist","item":"https:\/\/wd40.africa\/fr\/wd-40-produits\/wd-40-specialist-fr\/"},{"@type":"ListItem","position":3,"name":"Super D\u00e9grippant \u00e0 Action Rapide"}]},{"@type":"WebSite","@id":"https:\/\/wd40.africa\/fr\/#website","url":"https:\/\/wd40.africa\/fr\/","name":"WD-40 Africa","description":"WD-40 Africa","publisher":{"@id":"https:\/\/wd40.africa\/fr\/#organization"},"potentialAction":[{"@type":"SearchAction","target":{"@type":"EntryPoint","urlTemplate":"https:\/\/wd40.africa\/fr\/?s={search_term_string}"},"query-input":{"@type":"PropertyValueSpecification","valueRequired":true,"valueName":"search_term_string"}}],"inLanguage":"fr-FR"},{"@type":"Organization","@id":"https:\/\/wd40.africa\/fr\/#organization","name":"WD-40 Africa","url":"https:\/\/wd40.africa\/fr\/","logo":{"@type":"ImageObject","inLanguage":"fr-FR","@id":"https:\/\/wd40.africa\/fr\/#\/schema\/logo\/image\/","url":"https:\/\/media.wd40.africa\/app\/uploads\/2022\/10\/24130358\/WD40_logo.png","contentUrl":"https:\/\/media.wd40.africa\/app\/uploads\/2022\/10\/24130358\/WD40_logo.png","width":1024,"height":1024,"caption":"WD-40 Africa"},"image":{"@id":"https:\/\/wd40.africa\/fr\/#\/schema\/logo\/image\/"},"sameAs":["https:\/\/www.facebook.com\/OriginalWD40.UK","https:\/\/x.com\/originalwd40_UK","https:\/\/www.youtube.com\/user\/OriginalWD40"]}]}},"yoast-key-phrase":"","yoast-key-phrase-score":"","yoast-readability":"30","_links":{"self":[{"href":"https:\/\/wd40.africa\/fr\/wp-json\/wp\/v2\/product\/1219","targetHints":{"allow":["GET"]}}],"collection":[{"href":"https:\/\/wd40.africa\/fr\/wp-json\/wp\/v2\/product"}],"about":[{"href":"https:\/\/wd40.africa\/fr\/wp-json\/wp\/v2\/types\/product"}],"version-history":[{"count":1,"href":"https:\/\/wd40.africa\/fr\/wp-json\/wp\/v2\/product\/1219\/revisions"}],"predecessor-version":[{"id":11632,"href":"https:\/\/wd40.africa\/fr\/wp-json\/wp\/v2\/product\/1219\/revisions\/11632"}],"wp:featuredmedia":[{"embeddable":true,"href":"https:\/\/wd40.africa\/fr\/wp-json\/wp\/v2\/media\/11843"}],"wp:attachment":[{"href":"https:\/\/wd40.africa\/fr\/wp-json\/wp\/v2\/media?parent=1219"}],"wp:term":[{"taxonomy":"product_category","embeddable":true,"href":"https:\/\/wd40.africa\/fr\/wp-json\/wp\/v2\/product_category?post=1219"},{"taxonomy":"product_tag","embeddable":true,"href":"https:\/\/wd40.africa\/fr\/wp-json\/wp\/v2\/product_tag?post=1219"}],"curies":[{"name":"wp","href":"https:\/\/api.w.org\/{rel}","templated":true}]}}