{"id":1251,"date":"2022-04-19T13:23:46","date_gmt":"2022-04-19T13:23:46","guid":{"rendered":"https:\/\/wd40.africa\/?post_type=product&#038;p=1251"},"modified":"2024-06-06T17:19:47","modified_gmt":"2024-06-06T15:19:47","slug":"graisse-chaine-conditions-humides","status":"publish","type":"product","link":"https:\/\/wd40.africa\/fr\/produits\/graisse-chaine-conditions-humides\/","title":{"rendered":"Graisse Cha\u00eene Conditions Humides"},"content":{"rendered":"<p>La Graisse Cha\u00eene Moto Conditions Humides WD-40 SPECIALIST constitue votre alli\u00e9e pour une lubrification et une protection durables de votre cha\u00eene. Sp\u00e9cialement formul\u00e9e pour \u00eatre compatible avec les joints toriques en O, X et Z, elle assure une application s\u00fbre et efficace. Dot\u00e9e d&#8217;une protection exceptionnelle contre la corrosion, elle convient particuli\u00e8rement aux environnements humides, o\u00f9 les conditions peuvent \u00eatre rigoureuses. De plus, cette graisse poss\u00e8de d&#8217;excellentes propri\u00e9t\u00e9s anti-\u00e9claboussures, pr\u00e9servant ainsi votre cha\u00eene des projections ind\u00e9sirables. En utilisant r\u00e9guli\u00e8rement la Graisse Cha\u00eene Moto Conditions Humides WD-40 SPECIALIST, vous garantissez une performance optimale de votre cha\u00eene et prolongez sa dur\u00e9e d&#8217;utilisation.<\/p>\n<p>Conseils d&#8217;utilisation :<br \/>\n\u2022 Avant chaque application, assurez-vous de bien agiter le r\u00e9cipient pour m\u00e9langer les composants de la graisse.<br \/>\n\u2022 Tenez le r\u00e9cipient droit et vaporisez directement sur la cha\u00eene, en veillant \u00e0 couvrir toutes les zones n\u00e9cessaires.<br \/>\n\u2022 Laissez le lubrifiant agir pendant quelques minutes pour permettre une p\u00e9n\u00e9tration en profondeur et une r\u00e9partition optimale de la graisse.<br \/>\n\u2022 Avec ces \u00e9tapes simples, vous assurez une protection maximale et une performance optimale de votre cha\u00eene, m\u00eame dans les conditions humides les plus exigeantes.<\/p>\n","protected":false},"excerpt":{"rendered":"<p>Graisse la cha\u00eene de moto pour des conditions de route humides.<\/p>\n","protected":false},"featured_media":11919,"template":"","product_category":[20],"product_tag":[],"class_list":["post-1251","product","type-product","status-publish","has-post-thumbnail","hentry","product_category-wd-40-specialist-moto-fr"],"acf":[],"title_raw":"Graisse Cha\u00eene Conditions Humides","yoast_head":"<!-- This site is optimized with the Yoast SEO Premium plugin v27.3 (Yoast SEO v27.3) - https:\/\/yoast.com\/product\/yoast-seo-premium-wordpress\/ -->\n<title>Graisse Cha\u00eene Moto Conditions Humides WD-40 SPECIALIST<\/title>\n<meta name=\"description\" content=\"La Graisse Cha\u00eene Moto WD-40 SPECIALIST donne une protection anticorrosion exceptionnelle aux cha\u00eenes de moto. Id\u00e9ale en conditions humides.\" \/>\n<meta name=\"robots\" content=\"index, follow, max-snippet:-1, max-image-preview:large, max-video-preview:-1\" \/>\n<link rel=\"canonical\" href=\"https:\/\/wd40.africa\/fr\/produits\/graisse-chaine-conditions-humides\/\" \/>\n<meta property=\"og:locale\" content=\"fr_FR\" \/>\n<meta property=\"og:type\" content=\"article\" \/>\n<meta property=\"og:title\" content=\"Graisse Cha\u00eene Moto Conditions Humides WD-40 SPECIALIST\" \/>\n<meta property=\"og:description\" content=\"La Graisse Cha\u00eene Moto WD-40 SPECIALIST donne une protection anticorrosion exceptionnelle aux cha\u00eenes de moto. Id\u00e9ale en conditions humides.\" \/>\n<meta property=\"og:url\" content=\"https:\/\/wd40.africa\/fr\/produits\/graisse-chaine-conditions-humides\/\" \/>\n<meta property=\"og:site_name\" content=\"WD-40 Africa\" \/>\n<meta property=\"article:publisher\" content=\"https:\/\/www.facebook.com\/OriginalWD40.UK\" \/>\n<meta property=\"article:modified_time\" content=\"2024-06-06T15:19:47+00:00\" \/>\n<meta property=\"og:image\" content=\"https:\/\/media.wd40.africa\/app\/uploads\/2022\/04\/05122245\/Graisse-Chaine-WD-40-Specialist-Moto-400-ml_1000x1000_detoure.png.webp\" \/>\n\t<meta property=\"og:image:width\" content=\"1000\" \/>\n\t<meta property=\"og:image:height\" content=\"1000\" \/>\n\t<meta property=\"og:image:type\" content=\"image\/webp\" \/>\n<meta name=\"twitter:card\" content=\"summary_large_image\" \/>\n<meta name=\"twitter:site\" content=\"@originalwd40_UK\" \/>\n<script type=\"application\/ld+json\" class=\"yoast-schema-graph\">{\"@context\":\"https:\\\/\\\/schema.org\",\"@graph\":[[],{\"@type\":\"ImageObject\",\"inLanguage\":\"fr-FR\",\"@id\":\"https:\\\/\\\/wd40.africa\\\/fr\\\/produits\\\/graisse-chaine-conditions-humides\\\/#primaryimage\",\"url\":\"https:\\\/\\\/media.wd40.africa\\\/app\\\/uploads\\\/2022\\\/04\\\/05122245\\\/Graisse-Chaine-WD-40-Specialist-Moto-400-ml_1000x1000_detoure.png.webp\",\"contentUrl\":\"https:\\\/\\\/media.wd40.africa\\\/app\\\/uploads\\\/2022\\\/04\\\/05122245\\\/Graisse-Chaine-WD-40-Specialist-Moto-400-ml_1000x1000_detoure.png.webp\",\"width\":1000,\"height\":1000},{\"@type\":\"BreadcrumbList\",\"@id\":\"https:\\\/\\\/wd40.africa\\\/fr\\\/produits\\\/graisse-chaine-conditions-humides\\\/#breadcrumb\",\"itemListElement\":[{\"@type\":\"ListItem\",\"position\":1,\"name\":\"Produits\",\"item\":\"https:\\\/\\\/wd40.africa\\\/fr\\\/produits\\\/\"},{\"@type\":\"ListItem\",\"position\":2,\"name\":\"WD-40 Specialist Moto\",\"item\":\"https:\\\/\\\/wd40.africa\\\/fr\\\/wd-40-produits\\\/wd-40-specialist-moto-fr\\\/\"},{\"@type\":\"ListItem\",\"position\":3,\"name\":\"Graisse Cha\u00eene Conditions Humides\"}]},{\"@type\":\"WebSite\",\"@id\":\"https:\\\/\\\/wd40.africa\\\/fr\\\/#website\",\"url\":\"https:\\\/\\\/wd40.africa\\\/fr\\\/\",\"name\":\"WD-40 Africa\",\"description\":\"WD-40 Africa\",\"publisher\":{\"@id\":\"https:\\\/\\\/wd40.africa\\\/fr\\\/#organization\"},\"potentialAction\":[{\"@type\":\"SearchAction\",\"target\":{\"@type\":\"EntryPoint\",\"urlTemplate\":\"https:\\\/\\\/wd40.africa\\\/fr\\\/?s={search_term_string}\"},\"query-input\":{\"@type\":\"PropertyValueSpecification\",\"valueRequired\":true,\"valueName\":\"search_term_string\"}}],\"inLanguage\":\"fr-FR\"},{\"@type\":\"Organization\",\"@id\":\"https:\\\/\\\/wd40.africa\\\/fr\\\/#organization\",\"name\":\"WD-40 Africa\",\"url\":\"https:\\\/\\\/wd40.africa\\\/fr\\\/\",\"logo\":{\"@type\":\"ImageObject\",\"inLanguage\":\"fr-FR\",\"@id\":\"https:\\\/\\\/wd40.africa\\\/fr\\\/#\\\/schema\\\/logo\\\/image\\\/\",\"url\":\"https:\\\/\\\/media.wd40.africa\\\/app\\\/uploads\\\/2022\\\/10\\\/24130358\\\/WD40_logo.png\",\"contentUrl\":\"https:\\\/\\\/media.wd40.africa\\\/app\\\/uploads\\\/2022\\\/10\\\/24130358\\\/WD40_logo.png\",\"width\":1024,\"height\":1024,\"caption\":\"WD-40 Africa\"},\"image\":{\"@id\":\"https:\\\/\\\/wd40.africa\\\/fr\\\/#\\\/schema\\\/logo\\\/image\\\/\"},\"sameAs\":[\"https:\\\/\\\/www.facebook.com\\\/OriginalWD40.UK\",\"https:\\\/\\\/x.com\\\/originalwd40_UK\",\"https:\\\/\\\/www.youtube.com\\\/user\\\/OriginalWD40\"]}]}<\/script>\n<!-- \/ Yoast SEO Premium plugin. -->","yoast_head_json":{"title":"Graisse Cha\u00eene Moto Conditions Humides WD-40 SPECIALIST","description":"La Graisse Cha\u00eene Moto WD-40 SPECIALIST donne une protection anticorrosion exceptionnelle aux cha\u00eenes de moto. Id\u00e9ale en conditions humides.","robots":{"index":"index","follow":"follow","max-snippet":"max-snippet:-1","max-image-preview":"max-image-preview:large","max-video-preview":"max-video-preview:-1"},"canonical":"https:\/\/wd40.africa\/fr\/produits\/graisse-chaine-conditions-humides\/","og_locale":"fr_FR","og_type":"article","og_title":"Graisse Cha\u00eene Moto Conditions Humides WD-40 SPECIALIST","og_description":"La Graisse Cha\u00eene Moto WD-40 SPECIALIST donne une protection anticorrosion exceptionnelle aux cha\u00eenes de moto. Id\u00e9ale en conditions humides.","og_url":"https:\/\/wd40.africa\/fr\/produits\/graisse-chaine-conditions-humides\/","og_site_name":"WD-40 Africa","article_publisher":"https:\/\/www.facebook.com\/OriginalWD40.UK","article_modified_time":"2024-06-06T15:19:47+00:00","og_image":[{"width":1000,"height":1000,"url":"https:\/\/media.wd40.africa\/app\/uploads\/2022\/04\/05122245\/Graisse-Chaine-WD-40-Specialist-Moto-400-ml_1000x1000_detoure.png.webp","type":"image\/webp"}],"twitter_card":"summary_large_image","twitter_site":"@originalwd40_UK","schema":{"@context":"https:\/\/schema.org","@graph":[[],{"@type":"ImageObject","inLanguage":"fr-FR","@id":"https:\/\/wd40.africa\/fr\/produits\/graisse-chaine-conditions-humides\/#primaryimage","url":"https:\/\/media.wd40.africa\/app\/uploads\/2022\/04\/05122245\/Graisse-Chaine-WD-40-Specialist-Moto-400-ml_1000x1000_detoure.png.webp","contentUrl":"https:\/\/media.wd40.africa\/app\/uploads\/2022\/04\/05122245\/Graisse-Chaine-WD-40-Specialist-Moto-400-ml_1000x1000_detoure.png.webp","width":1000,"height":1000},{"@type":"BreadcrumbList","@id":"https:\/\/wd40.africa\/fr\/produits\/graisse-chaine-conditions-humides\/#breadcrumb","itemListElement":[{"@type":"ListItem","position":1,"name":"Produits","item":"https:\/\/wd40.africa\/fr\/produits\/"},{"@type":"ListItem","position":2,"name":"WD-40 Specialist Moto","item":"https:\/\/wd40.africa\/fr\/wd-40-produits\/wd-40-specialist-moto-fr\/"},{"@type":"ListItem","position":3,"name":"Graisse Cha\u00eene Conditions Humides"}]},{"@type":"WebSite","@id":"https:\/\/wd40.africa\/fr\/#website","url":"https:\/\/wd40.africa\/fr\/","name":"WD-40 Africa","description":"WD-40 Africa","publisher":{"@id":"https:\/\/wd40.africa\/fr\/#organization"},"potentialAction":[{"@type":"SearchAction","target":{"@type":"EntryPoint","urlTemplate":"https:\/\/wd40.africa\/fr\/?s={search_term_string}"},"query-input":{"@type":"PropertyValueSpecification","valueRequired":true,"valueName":"search_term_string"}}],"inLanguage":"fr-FR"},{"@type":"Organization","@id":"https:\/\/wd40.africa\/fr\/#organization","name":"WD-40 Africa","url":"https:\/\/wd40.africa\/fr\/","logo":{"@type":"ImageObject","inLanguage":"fr-FR","@id":"https:\/\/wd40.africa\/fr\/#\/schema\/logo\/image\/","url":"https:\/\/media.wd40.africa\/app\/uploads\/2022\/10\/24130358\/WD40_logo.png","contentUrl":"https:\/\/media.wd40.africa\/app\/uploads\/2022\/10\/24130358\/WD40_logo.png","width":1024,"height":1024,"caption":"WD-40 Africa"},"image":{"@id":"https:\/\/wd40.africa\/fr\/#\/schema\/logo\/image\/"},"sameAs":["https:\/\/www.facebook.com\/OriginalWD40.UK","https:\/\/x.com\/originalwd40_UK","https:\/\/www.youtube.com\/user\/OriginalWD40"]}]}},"yoast-key-phrase":"","yoast-key-phrase-score":"","yoast-readability":"30","_links":{"self":[{"href":"https:\/\/wd40.africa\/fr\/wp-json\/wp\/v2\/product\/1251","targetHints":{"allow":["GET"]}}],"collection":[{"href":"https:\/\/wd40.africa\/fr\/wp-json\/wp\/v2\/product"}],"about":[{"href":"https:\/\/wd40.africa\/fr\/wp-json\/wp\/v2\/types\/product"}],"version-history":[{"count":1,"href":"https:\/\/wd40.africa\/fr\/wp-json\/wp\/v2\/product\/1251\/revisions"}],"predecessor-version":[{"id":11624,"href":"https:\/\/wd40.africa\/fr\/wp-json\/wp\/v2\/product\/1251\/revisions\/11624"}],"wp:featuredmedia":[{"embeddable":true,"href":"https:\/\/wd40.africa\/fr\/wp-json\/wp\/v2\/media\/11919"}],"wp:attachment":[{"href":"https:\/\/wd40.africa\/fr\/wp-json\/wp\/v2\/media?parent=1251"}],"wp:term":[{"taxonomy":"product_category","embeddable":true,"href":"https:\/\/wd40.africa\/fr\/wp-json\/wp\/v2\/product_category?post=1251"},{"taxonomy":"product_tag","embeddable":true,"href":"https:\/\/wd40.africa\/fr\/wp-json\/wp\/v2\/product_tag?post=1251"}],"curies":[{"name":"wp","href":"https:\/\/api.w.org\/{rel}","templated":true}]}}