{"id":1262,"date":"2022-04-19T14:11:34","date_gmt":"2022-04-19T14:11:34","guid":{"rendered":"https:\/\/wd40.africa\/?post_type=product&#038;p=1262"},"modified":"2024-06-06T17:18:39","modified_gmt":"2024-06-06T15:18:39","slug":"cire-et-polish","status":"publish","type":"product","link":"https:\/\/wd40.africa\/fr\/produits\/cire-et-polish\/","title":{"rendered":"Cire et Polish"},"content":{"rendered":"<p>Le Cire &amp; Polish Moto WD-40 SPECIALIST est con\u00e7u pour sublimer l&#8217;apparence de votre moto. Sa formule enrichie en cire de Carnauba, l&#8217;une des cires naturelles les plus r\u00e9sistantes, offre une finition effet mouill\u00e9 et une brillance durable. Ce produit est parfait pour faire perler l&#8217;eau sur la peinture, cr\u00e9ant ainsi une finition \u00e9blouissante qui dure longtemps. Son application est simple et il ne laisse aucune trace.<\/p>\n<p>Conseils d&#8217;utilisation :<br \/>\n\u2022 Assurez-vous que la surface soit propre et s\u00e8che.<br \/>\n\u2022 Avant usage, agitez bien le r\u00e9cipient.<br \/>\n\u2022 Tenez le r\u00e9cipient droit et pulv\u00e9risez \u00e0 une distance de 10 \u00e0 20 cm.<br \/>\n\u2022 Laissez le produit s&#8217;opacifier, puis lustrez avec un chiffon doux et propre jusqu&#8217;\u00e0 obtenir une brillance incomparable.<br \/>\n\u2022 Ne pas appliquer sur des surfaces chaudes, car le polish risquerait de s\u00e9cher trop rapidement et laisser des traces.<\/p>\n<p>Attention : Ce produit n&#8217;est pas adapt\u00e9 aux surfaces ou rev\u00eatements mats. Assurez-vous de bien prot\u00e9ger ces zones avant utilisation.<\/p>\n","protected":false},"excerpt":{"rendered":"<p>Donne une brillance extr\u00eame \u00e0 votre moto gr\u00e2ce \u00e0 la cire de Carnauba.<\/p>\n","protected":false},"featured_media":11907,"template":"","product_category":[20],"product_tag":[],"class_list":["post-1262","product","type-product","status-publish","has-post-thumbnail","hentry","product_category-wd-40-specialist-moto-fr"],"acf":[],"title_raw":"Cire et Polish","yoast_head":"<!-- This site is optimized with the Yoast SEO Premium plugin v27.6 (Yoast SEO v27.6) - https:\/\/yoast.com\/product\/yoast-seo-premium-wordpress\/ -->\n<title>Cire &amp; Polish Moto WD-40 SPECIALIST pour une moto \u00e9clatante !<\/title>\n<meta name=\"description\" content=\"Le Cire &amp; Polish Moto WD-40 SPECIALIST donne \u00e0 votre moto une brillance extr\u00eame, un effet perlant et une superbe finition sans aucune trace.\" \/>\n<meta name=\"robots\" content=\"index, follow, max-snippet:-1, max-image-preview:large, max-video-preview:-1\" \/>\n<link rel=\"canonical\" href=\"https:\/\/wd40.africa\/fr\/produits\/cire-et-polish\/\" \/>\n<meta property=\"og:locale\" content=\"fr_FR\" \/>\n<meta property=\"og:type\" content=\"article\" \/>\n<meta property=\"og:title\" content=\"Cire &amp; Polish Moto WD-40 SPECIALIST pour une moto \u00e9clatante !\" \/>\n<meta property=\"og:description\" content=\"Le Cire &amp; Polish Moto WD-40 SPECIALIST donne \u00e0 votre moto une brillance extr\u00eame, un effet perlant et une superbe finition sans aucune trace.\" \/>\n<meta property=\"og:url\" content=\"https:\/\/wd40.africa\/fr\/produits\/cire-et-polish\/\" \/>\n<meta property=\"og:site_name\" content=\"WD-40 Africa\" \/>\n<meta property=\"article:publisher\" content=\"https:\/\/www.facebook.com\/OriginalWD40.UK\" \/>\n<meta property=\"article:modified_time\" content=\"2024-06-06T15:18:39+00:00\" \/>\n<meta property=\"og:image\" content=\"https:\/\/media.wd40.africa\/app\/uploads\/2022\/04\/05121300\/Cire-Polish-WD-40-Specialist-Moto-400-ml_1000x1000_detoure.png.webp\" \/>\n\t<meta property=\"og:image:width\" content=\"1000\" \/>\n\t<meta property=\"og:image:height\" content=\"1000\" \/>\n\t<meta property=\"og:image:type\" content=\"image\/webp\" \/>\n<meta name=\"twitter:card\" content=\"summary_large_image\" \/>\n<meta name=\"twitter:site\" content=\"@originalwd40_UK\" \/>\n<script type=\"application\/ld+json\" class=\"yoast-schema-graph\">{\"@context\":\"https:\\\/\\\/schema.org\",\"@graph\":[[],{\"@type\":\"ImageObject\",\"inLanguage\":\"fr-FR\",\"@id\":\"https:\\\/\\\/wd40.africa\\\/fr\\\/produits\\\/cire-et-polish\\\/#primaryimage\",\"url\":\"https:\\\/\\\/media.wd40.africa\\\/app\\\/uploads\\\/2022\\\/04\\\/05121300\\\/Cire-Polish-WD-40-Specialist-Moto-400-ml_1000x1000_detoure.png.webp\",\"contentUrl\":\"https:\\\/\\\/media.wd40.africa\\\/app\\\/uploads\\\/2022\\\/04\\\/05121300\\\/Cire-Polish-WD-40-Specialist-Moto-400-ml_1000x1000_detoure.png.webp\",\"width\":1000,\"height\":1000},{\"@type\":\"BreadcrumbList\",\"@id\":\"https:\\\/\\\/wd40.africa\\\/fr\\\/produits\\\/cire-et-polish\\\/#breadcrumb\",\"itemListElement\":[{\"@type\":\"ListItem\",\"position\":1,\"name\":\"Produits\",\"item\":\"https:\\\/\\\/wd40.africa\\\/fr\\\/produits\\\/\"},{\"@type\":\"ListItem\",\"position\":2,\"name\":\"WD-40 Specialist Moto\",\"item\":\"https:\\\/\\\/wd40.africa\\\/fr\\\/wd-40-produits\\\/wd-40-specialist-moto-fr\\\/\"},{\"@type\":\"ListItem\",\"position\":3,\"name\":\"Cire et Polish\"}]},{\"@type\":\"WebSite\",\"@id\":\"https:\\\/\\\/wd40.africa\\\/fr\\\/#website\",\"url\":\"https:\\\/\\\/wd40.africa\\\/fr\\\/\",\"name\":\"WD-40 Africa\",\"description\":\"WD-40 Africa\",\"publisher\":{\"@id\":\"https:\\\/\\\/wd40.africa\\\/fr\\\/#organization\"},\"potentialAction\":[{\"@type\":\"SearchAction\",\"target\":{\"@type\":\"EntryPoint\",\"urlTemplate\":\"https:\\\/\\\/wd40.africa\\\/fr\\\/?s={search_term_string}\"},\"query-input\":{\"@type\":\"PropertyValueSpecification\",\"valueRequired\":true,\"valueName\":\"search_term_string\"}}],\"inLanguage\":\"fr-FR\"},{\"@type\":\"Organization\",\"@id\":\"https:\\\/\\\/wd40.africa\\\/fr\\\/#organization\",\"name\":\"WD-40 Africa\",\"url\":\"https:\\\/\\\/wd40.africa\\\/fr\\\/\",\"logo\":{\"@type\":\"ImageObject\",\"inLanguage\":\"fr-FR\",\"@id\":\"https:\\\/\\\/wd40.africa\\\/fr\\\/#\\\/schema\\\/logo\\\/image\\\/\",\"url\":\"https:\\\/\\\/media.wd40.africa\\\/app\\\/uploads\\\/2022\\\/10\\\/24130358\\\/WD40_logo.png\",\"contentUrl\":\"https:\\\/\\\/media.wd40.africa\\\/app\\\/uploads\\\/2022\\\/10\\\/24130358\\\/WD40_logo.png\",\"width\":1024,\"height\":1024,\"caption\":\"WD-40 Africa\"},\"image\":{\"@id\":\"https:\\\/\\\/wd40.africa\\\/fr\\\/#\\\/schema\\\/logo\\\/image\\\/\"},\"sameAs\":[\"https:\\\/\\\/www.facebook.com\\\/OriginalWD40.UK\",\"https:\\\/\\\/x.com\\\/originalwd40_UK\",\"https:\\\/\\\/www.youtube.com\\\/user\\\/OriginalWD40\"]}]}<\/script>\n<!-- \/ Yoast SEO Premium plugin. -->","yoast_head_json":{"title":"Cire & Polish Moto WD-40 SPECIALIST pour une moto \u00e9clatante !","description":"Le Cire & Polish Moto WD-40 SPECIALIST donne \u00e0 votre moto une brillance extr\u00eame, un effet perlant et une superbe finition sans aucune trace.","robots":{"index":"index","follow":"follow","max-snippet":"max-snippet:-1","max-image-preview":"max-image-preview:large","max-video-preview":"max-video-preview:-1"},"canonical":"https:\/\/wd40.africa\/fr\/produits\/cire-et-polish\/","og_locale":"fr_FR","og_type":"article","og_title":"Cire & Polish Moto WD-40 SPECIALIST pour une moto \u00e9clatante !","og_description":"Le Cire & Polish Moto WD-40 SPECIALIST donne \u00e0 votre moto une brillance extr\u00eame, un effet perlant et une superbe finition sans aucune trace.","og_url":"https:\/\/wd40.africa\/fr\/produits\/cire-et-polish\/","og_site_name":"WD-40 Africa","article_publisher":"https:\/\/www.facebook.com\/OriginalWD40.UK","article_modified_time":"2024-06-06T15:18:39+00:00","og_image":[{"width":1000,"height":1000,"url":"https:\/\/media.wd40.africa\/app\/uploads\/2022\/04\/05121300\/Cire-Polish-WD-40-Specialist-Moto-400-ml_1000x1000_detoure.png.webp","type":"image\/webp"}],"twitter_card":"summary_large_image","twitter_site":"@originalwd40_UK","schema":{"@context":"https:\/\/schema.org","@graph":[[],{"@type":"ImageObject","inLanguage":"fr-FR","@id":"https:\/\/wd40.africa\/fr\/produits\/cire-et-polish\/#primaryimage","url":"https:\/\/media.wd40.africa\/app\/uploads\/2022\/04\/05121300\/Cire-Polish-WD-40-Specialist-Moto-400-ml_1000x1000_detoure.png.webp","contentUrl":"https:\/\/media.wd40.africa\/app\/uploads\/2022\/04\/05121300\/Cire-Polish-WD-40-Specialist-Moto-400-ml_1000x1000_detoure.png.webp","width":1000,"height":1000},{"@type":"BreadcrumbList","@id":"https:\/\/wd40.africa\/fr\/produits\/cire-et-polish\/#breadcrumb","itemListElement":[{"@type":"ListItem","position":1,"name":"Produits","item":"https:\/\/wd40.africa\/fr\/produits\/"},{"@type":"ListItem","position":2,"name":"WD-40 Specialist Moto","item":"https:\/\/wd40.africa\/fr\/wd-40-produits\/wd-40-specialist-moto-fr\/"},{"@type":"ListItem","position":3,"name":"Cire et Polish"}]},{"@type":"WebSite","@id":"https:\/\/wd40.africa\/fr\/#website","url":"https:\/\/wd40.africa\/fr\/","name":"WD-40 Africa","description":"WD-40 Africa","publisher":{"@id":"https:\/\/wd40.africa\/fr\/#organization"},"potentialAction":[{"@type":"SearchAction","target":{"@type":"EntryPoint","urlTemplate":"https:\/\/wd40.africa\/fr\/?s={search_term_string}"},"query-input":{"@type":"PropertyValueSpecification","valueRequired":true,"valueName":"search_term_string"}}],"inLanguage":"fr-FR"},{"@type":"Organization","@id":"https:\/\/wd40.africa\/fr\/#organization","name":"WD-40 Africa","url":"https:\/\/wd40.africa\/fr\/","logo":{"@type":"ImageObject","inLanguage":"fr-FR","@id":"https:\/\/wd40.africa\/fr\/#\/schema\/logo\/image\/","url":"https:\/\/media.wd40.africa\/app\/uploads\/2022\/10\/24130358\/WD40_logo.png","contentUrl":"https:\/\/media.wd40.africa\/app\/uploads\/2022\/10\/24130358\/WD40_logo.png","width":1024,"height":1024,"caption":"WD-40 Africa"},"image":{"@id":"https:\/\/wd40.africa\/fr\/#\/schema\/logo\/image\/"},"sameAs":["https:\/\/www.facebook.com\/OriginalWD40.UK","https:\/\/x.com\/originalwd40_UK","https:\/\/www.youtube.com\/user\/OriginalWD40"]}]}},"yoast-key-phrase":"","yoast-key-phrase-score":"","yoast-readability":"60","_links":{"self":[{"href":"https:\/\/wd40.africa\/fr\/wp-json\/wp\/v2\/product\/1262","targetHints":{"allow":["GET"]}}],"collection":[{"href":"https:\/\/wd40.africa\/fr\/wp-json\/wp\/v2\/product"}],"about":[{"href":"https:\/\/wd40.africa\/fr\/wp-json\/wp\/v2\/types\/product"}],"version-history":[{"count":0,"href":"https:\/\/wd40.africa\/fr\/wp-json\/wp\/v2\/product\/1262\/revisions"}],"wp:featuredmedia":[{"embeddable":true,"href":"https:\/\/wd40.africa\/fr\/wp-json\/wp\/v2\/media\/11907"}],"wp:attachment":[{"href":"https:\/\/wd40.africa\/fr\/wp-json\/wp\/v2\/media?parent=1262"}],"wp:term":[{"taxonomy":"product_category","embeddable":true,"href":"https:\/\/wd40.africa\/fr\/wp-json\/wp\/v2\/product_category?post=1262"},{"taxonomy":"product_tag","embeddable":true,"href":"https:\/\/wd40.africa\/fr\/wp-json\/wp\/v2\/product_tag?post=1262"}],"curies":[{"name":"wp","href":"https:\/\/api.w.org\/{rel}","templated":true}]}}