{"id":1271,"date":"2022-04-19T14:45:26","date_gmt":"2022-04-19T14:45:26","guid":{"rendered":"https:\/\/wd40.africa\/?post_type=product&#038;p=1271"},"modified":"2024-06-06T17:17:50","modified_gmt":"2024-06-06T15:17:50","slug":"nettoyant-chaine","status":"publish","type":"product","link":"https:\/\/wd40.africa\/fr\/produits\/nettoyant-chaine\/","title":{"rendered":"Nettoyant Cha\u00eene"},"content":{"rendered":"<p>Le Nettoyant Cha\u00eene Moto WD-40 SPECIALIST simplifie le processus de nettoyage de votre cha\u00eene, \u00e9liminant efficacement la salet\u00e9, la poussi\u00e8re et l&#8217;huile accumul\u00e9es. Sa formule est compatible avec les cha\u00eenes \u00e0 joint torique en O, X et Z, assurant une utilisation s\u00fbre sur diff\u00e9rents types de cha\u00eenes. En quelques minutes seulement, ce nettoyant \u00e9radique les contaminants et s\u00e8che rapidement, vous permettant de reprendre rapidement votre activit\u00e9.<\/p>\n<p>Conseils d&#8217;utilisation :<br \/>\n\u2022 Pulv\u00e9risez g\u00e9n\u00e9reusement le produit sur la surface de la cha\u00eene que vous souhaitez traiter, en vous assurant de bien couvrir toute la cha\u00eene. Vous pouvez r\u00e9cup\u00e9rer le liquide contamin\u00e9 ou en exc\u00e8s dans une cuvette ou un r\u00e9cipient similaire.<br \/>\n\u2022 Laissez le nettoyant agir pendant au moins cinq minutes, permettant ainsi au produit de p\u00e9n\u00e9trer en profondeur et de dissoudre les contaminants.<br \/>\n\u2022 Pour \u00e9liminer les contaminations tenaces, utilisez une brosse pour frotter la cha\u00eene et d\u00e9loger la salet\u00e9 incrust\u00e9e.<br \/>\n\u2022 Rincez la cha\u00eene \u00e0 l&#8217;eau pour \u00e9liminer les r\u00e9sidus de nettoyant et les contaminants, puis s\u00e9chez-la soigneusement avec un chiffon ou une serviette absorbante.<\/p>\n<p>Il est important de travailler dans une pi\u00e8ce bien ventil\u00e9e lors de l&#8217;utilisation du nettoyant et de faire attention \u00e0 ne pas inhaler les vapeurs. Assurez-vous \u00e9galement de vous conformer aux r\u00e9glementations locales en mati\u00e8re d&#8217;\u00e9limination des huiles et autres hydrocarbures contamin\u00e9s, en les \u00e9liminant de mani\u00e8re responsable et appropri\u00e9e.<\/p>\n<p>En suivant ces conseils d&#8217;utilisation, vous pourrez maintenir votre cha\u00eene propre, r\u00e9duire l&#8217;usure et prolonger sa dur\u00e9e de vie, assurant ainsi une performance optimale de votre moto.<\/p>\n","protected":false},"excerpt":{"rendered":"<p>\u00c9limine salet\u00e9, crasse, poussi\u00e8res et huile de la cha\u00eene de moto.<\/p>\n","protected":false},"featured_media":11891,"template":"","product_category":[20],"product_tag":[],"class_list":["post-1271","product","type-product","status-publish","has-post-thumbnail","hentry","product_category-wd-40-specialist-moto-fr"],"acf":[],"title_raw":"Nettoyant Cha\u00eene","yoast_head":"<!-- This site is optimized with the Yoast SEO Premium plugin v27.3 (Yoast SEO v27.3) - https:\/\/yoast.com\/product\/yoast-seo-premium-wordpress\/ -->\n<title>Nettoyant Cha\u00eene Moto WD-40 SPECIALIST<\/title>\n<meta name=\"description\" content=\"Le Nettoyant Cha\u00eene Moto WD-40 SPECIALIST \u00e9limine rapidement salet\u00e9, crasse, poussi\u00e8re et huile de la cha\u00eene de moto !\" \/>\n<meta name=\"robots\" content=\"index, follow, max-snippet:-1, max-image-preview:large, max-video-preview:-1\" \/>\n<link rel=\"canonical\" href=\"https:\/\/wd40.africa\/fr\/produits\/nettoyant-chaine\/\" \/>\n<meta property=\"og:locale\" content=\"fr_FR\" \/>\n<meta property=\"og:type\" content=\"article\" \/>\n<meta property=\"og:title\" content=\"Nettoyant Cha\u00eene Moto WD-40 SPECIALIST\" \/>\n<meta property=\"og:description\" content=\"Le Nettoyant Cha\u00eene Moto WD-40 SPECIALIST \u00e9limine rapidement salet\u00e9, crasse, poussi\u00e8re et huile de la cha\u00eene de moto !\" \/>\n<meta property=\"og:url\" content=\"https:\/\/wd40.africa\/fr\/produits\/nettoyant-chaine\/\" \/>\n<meta property=\"og:site_name\" content=\"WD-40 Africa\" \/>\n<meta property=\"article:publisher\" content=\"https:\/\/www.facebook.com\/OriginalWD40.UK\" \/>\n<meta property=\"article:modified_time\" content=\"2024-06-06T15:17:50+00:00\" \/>\n<meta property=\"og:image\" content=\"https:\/\/media.wd40.africa\/app\/uploads\/2022\/04\/05120559\/Nettoyant-Chaine-WD-40-Specialist-Moto-400-ml_1000x1000_detoure.png.webp\" \/>\n\t<meta property=\"og:image:width\" content=\"1000\" \/>\n\t<meta property=\"og:image:height\" content=\"1000\" \/>\n\t<meta property=\"og:image:type\" content=\"image\/webp\" \/>\n<meta name=\"twitter:card\" content=\"summary_large_image\" \/>\n<meta name=\"twitter:site\" content=\"@originalwd40_UK\" \/>\n<script type=\"application\/ld+json\" class=\"yoast-schema-graph\">{\"@context\":\"https:\\\/\\\/schema.org\",\"@graph\":[[],{\"@type\":\"ImageObject\",\"inLanguage\":\"fr-FR\",\"@id\":\"https:\\\/\\\/wd40.africa\\\/fr\\\/produits\\\/nettoyant-chaine\\\/#primaryimage\",\"url\":\"https:\\\/\\\/media.wd40.africa\\\/app\\\/uploads\\\/2022\\\/04\\\/05120559\\\/Nettoyant-Chaine-WD-40-Specialist-Moto-400-ml_1000x1000_detoure.png.webp\",\"contentUrl\":\"https:\\\/\\\/media.wd40.africa\\\/app\\\/uploads\\\/2022\\\/04\\\/05120559\\\/Nettoyant-Chaine-WD-40-Specialist-Moto-400-ml_1000x1000_detoure.png.webp\",\"width\":1000,\"height\":1000},{\"@type\":\"BreadcrumbList\",\"@id\":\"https:\\\/\\\/wd40.africa\\\/fr\\\/produits\\\/nettoyant-chaine\\\/#breadcrumb\",\"itemListElement\":[{\"@type\":\"ListItem\",\"position\":1,\"name\":\"Produits\",\"item\":\"https:\\\/\\\/wd40.africa\\\/fr\\\/produits\\\/\"},{\"@type\":\"ListItem\",\"position\":2,\"name\":\"WD-40 Specialist Moto\",\"item\":\"https:\\\/\\\/wd40.africa\\\/fr\\\/wd-40-produits\\\/wd-40-specialist-moto-fr\\\/\"},{\"@type\":\"ListItem\",\"position\":3,\"name\":\"Nettoyant Cha\u00eene\"}]},{\"@type\":\"WebSite\",\"@id\":\"https:\\\/\\\/wd40.africa\\\/fr\\\/#website\",\"url\":\"https:\\\/\\\/wd40.africa\\\/fr\\\/\",\"name\":\"WD-40 Africa\",\"description\":\"WD-40 Africa\",\"publisher\":{\"@id\":\"https:\\\/\\\/wd40.africa\\\/fr\\\/#organization\"},\"potentialAction\":[{\"@type\":\"SearchAction\",\"target\":{\"@type\":\"EntryPoint\",\"urlTemplate\":\"https:\\\/\\\/wd40.africa\\\/fr\\\/?s={search_term_string}\"},\"query-input\":{\"@type\":\"PropertyValueSpecification\",\"valueRequired\":true,\"valueName\":\"search_term_string\"}}],\"inLanguage\":\"fr-FR\"},{\"@type\":\"Organization\",\"@id\":\"https:\\\/\\\/wd40.africa\\\/fr\\\/#organization\",\"name\":\"WD-40 Africa\",\"url\":\"https:\\\/\\\/wd40.africa\\\/fr\\\/\",\"logo\":{\"@type\":\"ImageObject\",\"inLanguage\":\"fr-FR\",\"@id\":\"https:\\\/\\\/wd40.africa\\\/fr\\\/#\\\/schema\\\/logo\\\/image\\\/\",\"url\":\"https:\\\/\\\/media.wd40.africa\\\/app\\\/uploads\\\/2022\\\/10\\\/24130358\\\/WD40_logo.png\",\"contentUrl\":\"https:\\\/\\\/media.wd40.africa\\\/app\\\/uploads\\\/2022\\\/10\\\/24130358\\\/WD40_logo.png\",\"width\":1024,\"height\":1024,\"caption\":\"WD-40 Africa\"},\"image\":{\"@id\":\"https:\\\/\\\/wd40.africa\\\/fr\\\/#\\\/schema\\\/logo\\\/image\\\/\"},\"sameAs\":[\"https:\\\/\\\/www.facebook.com\\\/OriginalWD40.UK\",\"https:\\\/\\\/x.com\\\/originalwd40_UK\",\"https:\\\/\\\/www.youtube.com\\\/user\\\/OriginalWD40\"]}]}<\/script>\n<!-- \/ Yoast SEO Premium plugin. -->","yoast_head_json":{"title":"Nettoyant Cha\u00eene Moto WD-40 SPECIALIST","description":"Le Nettoyant Cha\u00eene Moto WD-40 SPECIALIST \u00e9limine rapidement salet\u00e9, crasse, poussi\u00e8re et huile de la cha\u00eene de moto !","robots":{"index":"index","follow":"follow","max-snippet":"max-snippet:-1","max-image-preview":"max-image-preview:large","max-video-preview":"max-video-preview:-1"},"canonical":"https:\/\/wd40.africa\/fr\/produits\/nettoyant-chaine\/","og_locale":"fr_FR","og_type":"article","og_title":"Nettoyant Cha\u00eene Moto WD-40 SPECIALIST","og_description":"Le Nettoyant Cha\u00eene Moto WD-40 SPECIALIST \u00e9limine rapidement salet\u00e9, crasse, poussi\u00e8re et huile de la cha\u00eene de moto !","og_url":"https:\/\/wd40.africa\/fr\/produits\/nettoyant-chaine\/","og_site_name":"WD-40 Africa","article_publisher":"https:\/\/www.facebook.com\/OriginalWD40.UK","article_modified_time":"2024-06-06T15:17:50+00:00","og_image":[{"width":1000,"height":1000,"url":"https:\/\/media.wd40.africa\/app\/uploads\/2022\/04\/05120559\/Nettoyant-Chaine-WD-40-Specialist-Moto-400-ml_1000x1000_detoure.png.webp","type":"image\/webp"}],"twitter_card":"summary_large_image","twitter_site":"@originalwd40_UK","schema":{"@context":"https:\/\/schema.org","@graph":[[],{"@type":"ImageObject","inLanguage":"fr-FR","@id":"https:\/\/wd40.africa\/fr\/produits\/nettoyant-chaine\/#primaryimage","url":"https:\/\/media.wd40.africa\/app\/uploads\/2022\/04\/05120559\/Nettoyant-Chaine-WD-40-Specialist-Moto-400-ml_1000x1000_detoure.png.webp","contentUrl":"https:\/\/media.wd40.africa\/app\/uploads\/2022\/04\/05120559\/Nettoyant-Chaine-WD-40-Specialist-Moto-400-ml_1000x1000_detoure.png.webp","width":1000,"height":1000},{"@type":"BreadcrumbList","@id":"https:\/\/wd40.africa\/fr\/produits\/nettoyant-chaine\/#breadcrumb","itemListElement":[{"@type":"ListItem","position":1,"name":"Produits","item":"https:\/\/wd40.africa\/fr\/produits\/"},{"@type":"ListItem","position":2,"name":"WD-40 Specialist Moto","item":"https:\/\/wd40.africa\/fr\/wd-40-produits\/wd-40-specialist-moto-fr\/"},{"@type":"ListItem","position":3,"name":"Nettoyant Cha\u00eene"}]},{"@type":"WebSite","@id":"https:\/\/wd40.africa\/fr\/#website","url":"https:\/\/wd40.africa\/fr\/","name":"WD-40 Africa","description":"WD-40 Africa","publisher":{"@id":"https:\/\/wd40.africa\/fr\/#organization"},"potentialAction":[{"@type":"SearchAction","target":{"@type":"EntryPoint","urlTemplate":"https:\/\/wd40.africa\/fr\/?s={search_term_string}"},"query-input":{"@type":"PropertyValueSpecification","valueRequired":true,"valueName":"search_term_string"}}],"inLanguage":"fr-FR"},{"@type":"Organization","@id":"https:\/\/wd40.africa\/fr\/#organization","name":"WD-40 Africa","url":"https:\/\/wd40.africa\/fr\/","logo":{"@type":"ImageObject","inLanguage":"fr-FR","@id":"https:\/\/wd40.africa\/fr\/#\/schema\/logo\/image\/","url":"https:\/\/media.wd40.africa\/app\/uploads\/2022\/10\/24130358\/WD40_logo.png","contentUrl":"https:\/\/media.wd40.africa\/app\/uploads\/2022\/10\/24130358\/WD40_logo.png","width":1024,"height":1024,"caption":"WD-40 Africa"},"image":{"@id":"https:\/\/wd40.africa\/fr\/#\/schema\/logo\/image\/"},"sameAs":["https:\/\/www.facebook.com\/OriginalWD40.UK","https:\/\/x.com\/originalwd40_UK","https:\/\/www.youtube.com\/user\/OriginalWD40"]}]}},"yoast-key-phrase":"","yoast-key-phrase-score":"","yoast-readability":"30","_links":{"self":[{"href":"https:\/\/wd40.africa\/fr\/wp-json\/wp\/v2\/product\/1271","targetHints":{"allow":["GET"]}}],"collection":[{"href":"https:\/\/wd40.africa\/fr\/wp-json\/wp\/v2\/product"}],"about":[{"href":"https:\/\/wd40.africa\/fr\/wp-json\/wp\/v2\/types\/product"}],"version-history":[{"count":0,"href":"https:\/\/wd40.africa\/fr\/wp-json\/wp\/v2\/product\/1271\/revisions"}],"wp:featuredmedia":[{"embeddable":true,"href":"https:\/\/wd40.africa\/fr\/wp-json\/wp\/v2\/media\/11891"}],"wp:attachment":[{"href":"https:\/\/wd40.africa\/fr\/wp-json\/wp\/v2\/media?parent=1271"}],"wp:term":[{"taxonomy":"product_category","embeddable":true,"href":"https:\/\/wd40.africa\/fr\/wp-json\/wp\/v2\/product_category?post=1271"},{"taxonomy":"product_tag","embeddable":true,"href":"https:\/\/wd40.africa\/fr\/wp-json\/wp\/v2\/product_tag?post=1271"}],"curies":[{"name":"wp","href":"https:\/\/api.w.org\/{rel}","templated":true}]}}