{"id":1292,"date":"2022-04-19T15:20:49","date_gmt":"2022-04-19T15:20:49","guid":{"rendered":"https:\/\/wd40.africa\/?post_type=product&#038;p=1292"},"modified":"2024-06-06T17:16:49","modified_gmt":"2024-06-06T15:16:49","slug":"nettoyant","status":"publish","type":"product","link":"https:\/\/wd40.africa\/fr\/produits\/nettoyant\/","title":{"rendered":"Nettoyant Freins"},"content":{"rendered":"<p>Le Nettoyant Freins Moto WD-40 SPECIALIST est sp\u00e9cialement con\u00e7u pour \u00e9liminer rapidement des freins et des syst\u00e8mes d\u2019embrayage la poussi\u00e8re, la salet\u00e9, l\u2019huile et le liquide de frein. Sa formule \u00e0 action rapide s\u00e8che en quelques minutes et ne laisse aucun r\u00e9sidu. Un nettoyage r\u00e9gulier contribue \u00e0 prolonger la dur\u00e9e de vie des disques et des plaquettes de frein.<\/p>\n<p>Conseils d&#8217;utilisation :<\/p>\n<ul>\n<li>Placez une cuvette d&#8217;\u00e9gouttage sous la zone de travail.<\/li>\n<li>Pulv\u00e9risez g\u00e9n\u00e9reusement sur la surface \u00e0 traiter et laissez le liquide contamin\u00e9 s&#8217;\u00e9goutter dans la cuvette.<\/li>\n<li>Utilisez une brosse si la contamination est importante ou difficile \u00e0 supprimer.<\/li>\n<li>Retirez l&#8217;exc\u00e8s de produit avec un chiffon doux absorbant. Testez toujours le bon fonctionnement des freins apr\u00e8s le nettoyage.<\/li>\n<li>Avant utilisation sur des plastiques, testez le produit sur une zone cach\u00e9e pour v\u00e9rifier sa compatibilit\u00e9.<\/li>\n<\/ul>\n","protected":false},"excerpt":{"rendered":"<p>Nettoie et d\u00e9graisse vos freins rapidement, sans laisser de r\u00e9sidus.<\/p>\n","protected":false},"featured_media":11883,"template":"","product_category":[20],"product_tag":[],"class_list":["post-1292","product","type-product","status-publish","has-post-thumbnail","hentry","product_category-wd-40-specialist-moto-fr"],"acf":[],"title_raw":"Nettoyant Freins","yoast_head":"<!-- This site is optimized with the Yoast SEO Premium plugin v27.3 (Yoast SEO v27.3) - https:\/\/yoast.com\/product\/yoast-seo-premium-wordpress\/ -->\n<title>Nettoyant Freins Moto WD-40 SPECIALIST, efficace et facile \u00e0 utiliser<\/title>\n<meta name=\"description\" content=\"Le Nettoyant Freins Moto WD-40 SPECIALIST nettoie les freins et syst\u00e8mes d&#039;embrayage de votre moto. D\u00e9couvrez ses avantages !\" \/>\n<meta name=\"robots\" content=\"index, follow, max-snippet:-1, max-image-preview:large, max-video-preview:-1\" \/>\n<link rel=\"canonical\" href=\"https:\/\/wd40.africa\/fr\/produits\/nettoyant\/\" \/>\n<meta property=\"og:locale\" content=\"fr_FR\" \/>\n<meta property=\"og:type\" content=\"article\" \/>\n<meta property=\"og:title\" content=\"Nettoyant Freins Moto WD-40 SPECIALIST, efficace et facile \u00e0 utiliser\" \/>\n<meta property=\"og:description\" content=\"Le Nettoyant Freins Moto WD-40 SPECIALIST nettoie les freins et syst\u00e8mes d&#039;embrayage de votre moto. D\u00e9couvrez ses avantages !\" \/>\n<meta property=\"og:url\" content=\"https:\/\/wd40.africa\/fr\/produits\/nettoyant\/\" \/>\n<meta property=\"og:site_name\" content=\"WD-40 Africa\" \/>\n<meta property=\"article:publisher\" content=\"https:\/\/www.facebook.com\/OriginalWD40.UK\" \/>\n<meta property=\"article:modified_time\" content=\"2024-06-06T15:16:49+00:00\" \/>\n<meta property=\"og:image\" content=\"https:\/\/media.wd40.africa\/app\/uploads\/2022\/04\/05115948\/Nettoyant-Freins-WD-40-Specialist-Moto-500-ml_1000x1000_detoure.png.webp\" \/>\n\t<meta property=\"og:image:width\" content=\"1000\" \/>\n\t<meta property=\"og:image:height\" content=\"1000\" \/>\n\t<meta property=\"og:image:type\" content=\"image\/webp\" \/>\n<meta name=\"twitter:card\" content=\"summary_large_image\" \/>\n<meta name=\"twitter:site\" content=\"@originalwd40_UK\" \/>\n<script type=\"application\/ld+json\" class=\"yoast-schema-graph\">{\"@context\":\"https:\\\/\\\/schema.org\",\"@graph\":[[],{\"@type\":\"ImageObject\",\"inLanguage\":\"fr-FR\",\"@id\":\"https:\\\/\\\/wd40.africa\\\/fr\\\/produits\\\/nettoyant\\\/#primaryimage\",\"url\":\"https:\\\/\\\/media.wd40.africa\\\/app\\\/uploads\\\/2022\\\/04\\\/05115948\\\/Nettoyant-Freins-WD-40-Specialist-Moto-500-ml_1000x1000_detoure.png.webp\",\"contentUrl\":\"https:\\\/\\\/media.wd40.africa\\\/app\\\/uploads\\\/2022\\\/04\\\/05115948\\\/Nettoyant-Freins-WD-40-Specialist-Moto-500-ml_1000x1000_detoure.png.webp\",\"width\":1000,\"height\":1000},{\"@type\":\"BreadcrumbList\",\"@id\":\"https:\\\/\\\/wd40.africa\\\/fr\\\/produits\\\/nettoyant\\\/#breadcrumb\",\"itemListElement\":[{\"@type\":\"ListItem\",\"position\":1,\"name\":\"Produits\",\"item\":\"https:\\\/\\\/wd40.africa\\\/fr\\\/produits\\\/\"},{\"@type\":\"ListItem\",\"position\":2,\"name\":\"WD-40 Specialist Moto\",\"item\":\"https:\\\/\\\/wd40.africa\\\/fr\\\/wd-40-produits\\\/wd-40-specialist-moto-fr\\\/\"},{\"@type\":\"ListItem\",\"position\":3,\"name\":\"Nettoyant Freins\"}]},{\"@type\":\"WebSite\",\"@id\":\"https:\\\/\\\/wd40.africa\\\/fr\\\/#website\",\"url\":\"https:\\\/\\\/wd40.africa\\\/fr\\\/\",\"name\":\"WD-40 Africa\",\"description\":\"WD-40 Africa\",\"publisher\":{\"@id\":\"https:\\\/\\\/wd40.africa\\\/fr\\\/#organization\"},\"potentialAction\":[{\"@type\":\"SearchAction\",\"target\":{\"@type\":\"EntryPoint\",\"urlTemplate\":\"https:\\\/\\\/wd40.africa\\\/fr\\\/?s={search_term_string}\"},\"query-input\":{\"@type\":\"PropertyValueSpecification\",\"valueRequired\":true,\"valueName\":\"search_term_string\"}}],\"inLanguage\":\"fr-FR\"},{\"@type\":\"Organization\",\"@id\":\"https:\\\/\\\/wd40.africa\\\/fr\\\/#organization\",\"name\":\"WD-40 Africa\",\"url\":\"https:\\\/\\\/wd40.africa\\\/fr\\\/\",\"logo\":{\"@type\":\"ImageObject\",\"inLanguage\":\"fr-FR\",\"@id\":\"https:\\\/\\\/wd40.africa\\\/fr\\\/#\\\/schema\\\/logo\\\/image\\\/\",\"url\":\"https:\\\/\\\/media.wd40.africa\\\/app\\\/uploads\\\/2022\\\/10\\\/24130358\\\/WD40_logo.png\",\"contentUrl\":\"https:\\\/\\\/media.wd40.africa\\\/app\\\/uploads\\\/2022\\\/10\\\/24130358\\\/WD40_logo.png\",\"width\":1024,\"height\":1024,\"caption\":\"WD-40 Africa\"},\"image\":{\"@id\":\"https:\\\/\\\/wd40.africa\\\/fr\\\/#\\\/schema\\\/logo\\\/image\\\/\"},\"sameAs\":[\"https:\\\/\\\/www.facebook.com\\\/OriginalWD40.UK\",\"https:\\\/\\\/x.com\\\/originalwd40_UK\",\"https:\\\/\\\/www.youtube.com\\\/user\\\/OriginalWD40\"]}]}<\/script>\n<!-- \/ Yoast SEO Premium plugin. -->","yoast_head_json":{"title":"Nettoyant Freins Moto WD-40 SPECIALIST, efficace et facile \u00e0 utiliser","description":"Le Nettoyant Freins Moto WD-40 SPECIALIST nettoie les freins et syst\u00e8mes d'embrayage de votre moto. D\u00e9couvrez ses avantages !","robots":{"index":"index","follow":"follow","max-snippet":"max-snippet:-1","max-image-preview":"max-image-preview:large","max-video-preview":"max-video-preview:-1"},"canonical":"https:\/\/wd40.africa\/fr\/produits\/nettoyant\/","og_locale":"fr_FR","og_type":"article","og_title":"Nettoyant Freins Moto WD-40 SPECIALIST, efficace et facile \u00e0 utiliser","og_description":"Le Nettoyant Freins Moto WD-40 SPECIALIST nettoie les freins et syst\u00e8mes d'embrayage de votre moto. D\u00e9couvrez ses avantages !","og_url":"https:\/\/wd40.africa\/fr\/produits\/nettoyant\/","og_site_name":"WD-40 Africa","article_publisher":"https:\/\/www.facebook.com\/OriginalWD40.UK","article_modified_time":"2024-06-06T15:16:49+00:00","og_image":[{"width":1000,"height":1000,"url":"https:\/\/media.wd40.africa\/app\/uploads\/2022\/04\/05115948\/Nettoyant-Freins-WD-40-Specialist-Moto-500-ml_1000x1000_detoure.png.webp","type":"image\/webp"}],"twitter_card":"summary_large_image","twitter_site":"@originalwd40_UK","schema":{"@context":"https:\/\/schema.org","@graph":[[],{"@type":"ImageObject","inLanguage":"fr-FR","@id":"https:\/\/wd40.africa\/fr\/produits\/nettoyant\/#primaryimage","url":"https:\/\/media.wd40.africa\/app\/uploads\/2022\/04\/05115948\/Nettoyant-Freins-WD-40-Specialist-Moto-500-ml_1000x1000_detoure.png.webp","contentUrl":"https:\/\/media.wd40.africa\/app\/uploads\/2022\/04\/05115948\/Nettoyant-Freins-WD-40-Specialist-Moto-500-ml_1000x1000_detoure.png.webp","width":1000,"height":1000},{"@type":"BreadcrumbList","@id":"https:\/\/wd40.africa\/fr\/produits\/nettoyant\/#breadcrumb","itemListElement":[{"@type":"ListItem","position":1,"name":"Produits","item":"https:\/\/wd40.africa\/fr\/produits\/"},{"@type":"ListItem","position":2,"name":"WD-40 Specialist Moto","item":"https:\/\/wd40.africa\/fr\/wd-40-produits\/wd-40-specialist-moto-fr\/"},{"@type":"ListItem","position":3,"name":"Nettoyant Freins"}]},{"@type":"WebSite","@id":"https:\/\/wd40.africa\/fr\/#website","url":"https:\/\/wd40.africa\/fr\/","name":"WD-40 Africa","description":"WD-40 Africa","publisher":{"@id":"https:\/\/wd40.africa\/fr\/#organization"},"potentialAction":[{"@type":"SearchAction","target":{"@type":"EntryPoint","urlTemplate":"https:\/\/wd40.africa\/fr\/?s={search_term_string}"},"query-input":{"@type":"PropertyValueSpecification","valueRequired":true,"valueName":"search_term_string"}}],"inLanguage":"fr-FR"},{"@type":"Organization","@id":"https:\/\/wd40.africa\/fr\/#organization","name":"WD-40 Africa","url":"https:\/\/wd40.africa\/fr\/","logo":{"@type":"ImageObject","inLanguage":"fr-FR","@id":"https:\/\/wd40.africa\/fr\/#\/schema\/logo\/image\/","url":"https:\/\/media.wd40.africa\/app\/uploads\/2022\/10\/24130358\/WD40_logo.png","contentUrl":"https:\/\/media.wd40.africa\/app\/uploads\/2022\/10\/24130358\/WD40_logo.png","width":1024,"height":1024,"caption":"WD-40 Africa"},"image":{"@id":"https:\/\/wd40.africa\/fr\/#\/schema\/logo\/image\/"},"sameAs":["https:\/\/www.facebook.com\/OriginalWD40.UK","https:\/\/x.com\/originalwd40_UK","https:\/\/www.youtube.com\/user\/OriginalWD40"]}]}},"yoast-key-phrase":"","yoast-key-phrase-score":"","yoast-readability":"90","_links":{"self":[{"href":"https:\/\/wd40.africa\/fr\/wp-json\/wp\/v2\/product\/1292","targetHints":{"allow":["GET"]}}],"collection":[{"href":"https:\/\/wd40.africa\/fr\/wp-json\/wp\/v2\/product"}],"about":[{"href":"https:\/\/wd40.africa\/fr\/wp-json\/wp\/v2\/types\/product"}],"version-history":[{"count":1,"href":"https:\/\/wd40.africa\/fr\/wp-json\/wp\/v2\/product\/1292\/revisions"}],"predecessor-version":[{"id":11626,"href":"https:\/\/wd40.africa\/fr\/wp-json\/wp\/v2\/product\/1292\/revisions\/11626"}],"wp:featuredmedia":[{"embeddable":true,"href":"https:\/\/wd40.africa\/fr\/wp-json\/wp\/v2\/media\/11883"}],"wp:attachment":[{"href":"https:\/\/wd40.africa\/fr\/wp-json\/wp\/v2\/media?parent=1292"}],"wp:term":[{"taxonomy":"product_category","embeddable":true,"href":"https:\/\/wd40.africa\/fr\/wp-json\/wp\/v2\/product_category?post=1292"},{"taxonomy":"product_tag","embeddable":true,"href":"https:\/\/wd40.africa\/fr\/wp-json\/wp\/v2\/product_tag?post=1292"}],"curies":[{"name":"wp","href":"https:\/\/api.w.org\/{rel}","templated":true}]}}