{"id":1301,"date":"2022-04-19T15:38:55","date_gmt":"2022-04-19T15:38:55","guid":{"rendered":"https:\/\/wd40.africa\/?post_type=product&#038;p=1301"},"modified":"2024-06-06T17:16:07","modified_gmt":"2024-06-06T15:16:07","slug":"lubrifiant-chaine-conditions-seches","status":"publish","type":"product","link":"https:\/\/wd40.africa\/fr\/produits\/lubrifiant-chaine-conditions-seches\/","title":{"rendered":"Lubrifiant Cha\u00eene Conditions S\u00e8ches"},"content":{"rendered":"<p>Le Lubrifiant Cha\u00eene Moto Conditions S\u00e8ches WD-40 SPECIALIST est sp\u00e9cifiquement \u00e9labor\u00e9 pour assurer une lubrification et une protection durables \u00e0 votre cha\u00eene de moto. L&#8217;une de ses caract\u00e9ristiques essentielles est sa compatibilit\u00e9 avec les joints toriques en O, X et Z, garantissant ainsi une lubrification s\u00fbre et efficace sans alt\u00e9rer l&#8217;int\u00e9grit\u00e9 de la cha\u00eene. Gr\u00e2ce \u00e0 son action longue dur\u00e9e, il est parfaitement adapt\u00e9 aux environnements secs. De plus, sa capacit\u00e9 \u00e0 s\u00e9cher rapidement \u00e9vite toute accumulation excessive de poussi\u00e8re et de salet\u00e9s susceptibles d&#8217;endommager la cha\u00eene. Dot\u00e9 d&#8217;excellentes propri\u00e9t\u00e9s anti-\u00e9claboussures, il prot\u00e8ge votre cha\u00eene des projections ind\u00e9sirables.<\/p>\n<p>Conseils d&#8217;utilisation :<br \/>\n\u2022 Avant chaque utilisation, agitez soigneusement le r\u00e9cipient pour bien m\u00e9langer les composants du lubrifiant.<br \/>\n\u2022 Tenez le r\u00e9cipient droit et vaporisez directement le lubrifiant sur la cha\u00eene, en veillant \u00e0 couvrir toutes les zones n\u00e9cessaires.<br \/>\n\u2022 Laissez le lubrifiant agir pendant quelques minutes, favorisant ainsi une p\u00e9n\u00e9tration en profondeur et une augmentation de sa viscosit\u00e9.<\/p>\n<p>En utilisant r\u00e9guli\u00e8rement le Lubrifiant Cha\u00eene Moto Conditions S\u00e8ches WD-40 SPECIALIST, vous prot\u00e9gez votre cha\u00eene contre l&#8217;usure pr\u00e9matur\u00e9e, la corrosion et les probl\u00e8mes de performance. Cela contribue \u00e0 maintenir votre moto en bon \u00e9tat de fonctionnement et \u00e0 prolonger la dur\u00e9e de vie de la cha\u00eene, vous offrant ainsi une exp\u00e9rience de conduite plus s\u00fbre et plus agr\u00e9able.<\/p>\n","protected":false},"excerpt":{"rendered":"<p>Lubrifie la cha\u00eene de moto en conditions s\u00e8ches, sans \u00e9claboussures.<\/p>\n","protected":false},"featured_media":11871,"template":"","product_category":[20],"product_tag":[],"class_list":["post-1301","product","type-product","status-publish","has-post-thumbnail","hentry","product_category-wd-40-specialist-moto-fr"],"acf":[],"title_raw":"Lubrifiant Cha\u00eene Conditions S\u00e8ches","yoast_head":"<!-- This site is optimized with the Yoast SEO Premium plugin v27.3 (Yoast SEO v27.3) - https:\/\/yoast.com\/product\/yoast-seo-premium-wordpress\/ -->\n<title>Lubrifiant Cha\u00eene Moto Conditions S\u00e8ches WD-40 SPECIALIST<\/title>\n<meta name=\"description\" content=\"Le Lubrifiant Cha\u00eene Moto Conditions S\u00e8ches WD-40 SPECIALIST lubrifie et prot\u00e8ge la cha\u00eene de moto. Id\u00e9al en conditions s\u00e8ches et On-road.\" \/>\n<meta name=\"robots\" content=\"index, follow, max-snippet:-1, max-image-preview:large, max-video-preview:-1\" \/>\n<link rel=\"canonical\" href=\"https:\/\/wd40.africa\/fr\/produits\/lubrifiant-chaine-conditions-seches\/\" \/>\n<meta property=\"og:locale\" content=\"fr_FR\" \/>\n<meta property=\"og:type\" content=\"article\" \/>\n<meta property=\"og:title\" content=\"Lubrifiant Cha\u00eene Moto Conditions S\u00e8ches WD-40 SPECIALIST\" \/>\n<meta property=\"og:description\" content=\"Le Lubrifiant Cha\u00eene Moto Conditions S\u00e8ches WD-40 SPECIALIST lubrifie et prot\u00e8ge la cha\u00eene de moto. Id\u00e9al en conditions s\u00e8ches et On-road.\" \/>\n<meta property=\"og:url\" content=\"https:\/\/wd40.africa\/fr\/produits\/lubrifiant-chaine-conditions-seches\/\" \/>\n<meta property=\"og:site_name\" content=\"WD-40 Africa\" \/>\n<meta property=\"article:publisher\" content=\"https:\/\/www.facebook.com\/OriginalWD40.UK\" \/>\n<meta property=\"article:modified_time\" content=\"2024-06-06T15:16:07+00:00\" \/>\n<meta property=\"og:image\" content=\"https:\/\/media.wd40.africa\/app\/uploads\/2022\/04\/05114326\/Lubrifiant-Chaine-WD-40-Specialist-Moto-400-ml_1000x1000_detoure.png.webp\" \/>\n\t<meta property=\"og:image:width\" content=\"1000\" \/>\n\t<meta property=\"og:image:height\" content=\"1000\" \/>\n\t<meta property=\"og:image:type\" content=\"image\/webp\" \/>\n<meta name=\"twitter:card\" content=\"summary_large_image\" \/>\n<meta name=\"twitter:site\" content=\"@originalwd40_UK\" \/>\n<script type=\"application\/ld+json\" class=\"yoast-schema-graph\">{\"@context\":\"https:\\\/\\\/schema.org\",\"@graph\":[[],{\"@type\":\"ImageObject\",\"inLanguage\":\"fr-FR\",\"@id\":\"https:\\\/\\\/wd40.africa\\\/fr\\\/produits\\\/lubrifiant-chaine-conditions-seches\\\/#primaryimage\",\"url\":\"https:\\\/\\\/media.wd40.africa\\\/app\\\/uploads\\\/2022\\\/04\\\/05114326\\\/Lubrifiant-Chaine-WD-40-Specialist-Moto-400-ml_1000x1000_detoure.png.webp\",\"contentUrl\":\"https:\\\/\\\/media.wd40.africa\\\/app\\\/uploads\\\/2022\\\/04\\\/05114326\\\/Lubrifiant-Chaine-WD-40-Specialist-Moto-400-ml_1000x1000_detoure.png.webp\",\"width\":1000,\"height\":1000},{\"@type\":\"BreadcrumbList\",\"@id\":\"https:\\\/\\\/wd40.africa\\\/fr\\\/produits\\\/lubrifiant-chaine-conditions-seches\\\/#breadcrumb\",\"itemListElement\":[{\"@type\":\"ListItem\",\"position\":1,\"name\":\"Produits\",\"item\":\"https:\\\/\\\/wd40.africa\\\/fr\\\/produits\\\/\"},{\"@type\":\"ListItem\",\"position\":2,\"name\":\"WD-40 Specialist Moto\",\"item\":\"https:\\\/\\\/wd40.africa\\\/fr\\\/wd-40-produits\\\/wd-40-specialist-moto-fr\\\/\"},{\"@type\":\"ListItem\",\"position\":3,\"name\":\"Lubrifiant Cha\u00eene Conditions S\u00e8ches\"}]},{\"@type\":\"WebSite\",\"@id\":\"https:\\\/\\\/wd40.africa\\\/fr\\\/#website\",\"url\":\"https:\\\/\\\/wd40.africa\\\/fr\\\/\",\"name\":\"WD-40 Africa\",\"description\":\"WD-40 Africa\",\"publisher\":{\"@id\":\"https:\\\/\\\/wd40.africa\\\/fr\\\/#organization\"},\"potentialAction\":[{\"@type\":\"SearchAction\",\"target\":{\"@type\":\"EntryPoint\",\"urlTemplate\":\"https:\\\/\\\/wd40.africa\\\/fr\\\/?s={search_term_string}\"},\"query-input\":{\"@type\":\"PropertyValueSpecification\",\"valueRequired\":true,\"valueName\":\"search_term_string\"}}],\"inLanguage\":\"fr-FR\"},{\"@type\":\"Organization\",\"@id\":\"https:\\\/\\\/wd40.africa\\\/fr\\\/#organization\",\"name\":\"WD-40 Africa\",\"url\":\"https:\\\/\\\/wd40.africa\\\/fr\\\/\",\"logo\":{\"@type\":\"ImageObject\",\"inLanguage\":\"fr-FR\",\"@id\":\"https:\\\/\\\/wd40.africa\\\/fr\\\/#\\\/schema\\\/logo\\\/image\\\/\",\"url\":\"https:\\\/\\\/media.wd40.africa\\\/app\\\/uploads\\\/2022\\\/10\\\/24130358\\\/WD40_logo.png\",\"contentUrl\":\"https:\\\/\\\/media.wd40.africa\\\/app\\\/uploads\\\/2022\\\/10\\\/24130358\\\/WD40_logo.png\",\"width\":1024,\"height\":1024,\"caption\":\"WD-40 Africa\"},\"image\":{\"@id\":\"https:\\\/\\\/wd40.africa\\\/fr\\\/#\\\/schema\\\/logo\\\/image\\\/\"},\"sameAs\":[\"https:\\\/\\\/www.facebook.com\\\/OriginalWD40.UK\",\"https:\\\/\\\/x.com\\\/originalwd40_UK\",\"https:\\\/\\\/www.youtube.com\\\/user\\\/OriginalWD40\"]}]}<\/script>\n<!-- \/ Yoast SEO Premium plugin. -->","yoast_head_json":{"title":"Lubrifiant Cha\u00eene Moto Conditions S\u00e8ches WD-40 SPECIALIST","description":"Le Lubrifiant Cha\u00eene Moto Conditions S\u00e8ches WD-40 SPECIALIST lubrifie et prot\u00e8ge la cha\u00eene de moto. Id\u00e9al en conditions s\u00e8ches et On-road.","robots":{"index":"index","follow":"follow","max-snippet":"max-snippet:-1","max-image-preview":"max-image-preview:large","max-video-preview":"max-video-preview:-1"},"canonical":"https:\/\/wd40.africa\/fr\/produits\/lubrifiant-chaine-conditions-seches\/","og_locale":"fr_FR","og_type":"article","og_title":"Lubrifiant Cha\u00eene Moto Conditions S\u00e8ches WD-40 SPECIALIST","og_description":"Le Lubrifiant Cha\u00eene Moto Conditions S\u00e8ches WD-40 SPECIALIST lubrifie et prot\u00e8ge la cha\u00eene de moto. Id\u00e9al en conditions s\u00e8ches et On-road.","og_url":"https:\/\/wd40.africa\/fr\/produits\/lubrifiant-chaine-conditions-seches\/","og_site_name":"WD-40 Africa","article_publisher":"https:\/\/www.facebook.com\/OriginalWD40.UK","article_modified_time":"2024-06-06T15:16:07+00:00","og_image":[{"width":1000,"height":1000,"url":"https:\/\/media.wd40.africa\/app\/uploads\/2022\/04\/05114326\/Lubrifiant-Chaine-WD-40-Specialist-Moto-400-ml_1000x1000_detoure.png.webp","type":"image\/webp"}],"twitter_card":"summary_large_image","twitter_site":"@originalwd40_UK","schema":{"@context":"https:\/\/schema.org","@graph":[[],{"@type":"ImageObject","inLanguage":"fr-FR","@id":"https:\/\/wd40.africa\/fr\/produits\/lubrifiant-chaine-conditions-seches\/#primaryimage","url":"https:\/\/media.wd40.africa\/app\/uploads\/2022\/04\/05114326\/Lubrifiant-Chaine-WD-40-Specialist-Moto-400-ml_1000x1000_detoure.png.webp","contentUrl":"https:\/\/media.wd40.africa\/app\/uploads\/2022\/04\/05114326\/Lubrifiant-Chaine-WD-40-Specialist-Moto-400-ml_1000x1000_detoure.png.webp","width":1000,"height":1000},{"@type":"BreadcrumbList","@id":"https:\/\/wd40.africa\/fr\/produits\/lubrifiant-chaine-conditions-seches\/#breadcrumb","itemListElement":[{"@type":"ListItem","position":1,"name":"Produits","item":"https:\/\/wd40.africa\/fr\/produits\/"},{"@type":"ListItem","position":2,"name":"WD-40 Specialist Moto","item":"https:\/\/wd40.africa\/fr\/wd-40-produits\/wd-40-specialist-moto-fr\/"},{"@type":"ListItem","position":3,"name":"Lubrifiant Cha\u00eene Conditions S\u00e8ches"}]},{"@type":"WebSite","@id":"https:\/\/wd40.africa\/fr\/#website","url":"https:\/\/wd40.africa\/fr\/","name":"WD-40 Africa","description":"WD-40 Africa","publisher":{"@id":"https:\/\/wd40.africa\/fr\/#organization"},"potentialAction":[{"@type":"SearchAction","target":{"@type":"EntryPoint","urlTemplate":"https:\/\/wd40.africa\/fr\/?s={search_term_string}"},"query-input":{"@type":"PropertyValueSpecification","valueRequired":true,"valueName":"search_term_string"}}],"inLanguage":"fr-FR"},{"@type":"Organization","@id":"https:\/\/wd40.africa\/fr\/#organization","name":"WD-40 Africa","url":"https:\/\/wd40.africa\/fr\/","logo":{"@type":"ImageObject","inLanguage":"fr-FR","@id":"https:\/\/wd40.africa\/fr\/#\/schema\/logo\/image\/","url":"https:\/\/media.wd40.africa\/app\/uploads\/2022\/10\/24130358\/WD40_logo.png","contentUrl":"https:\/\/media.wd40.africa\/app\/uploads\/2022\/10\/24130358\/WD40_logo.png","width":1024,"height":1024,"caption":"WD-40 Africa"},"image":{"@id":"https:\/\/wd40.africa\/fr\/#\/schema\/logo\/image\/"},"sameAs":["https:\/\/www.facebook.com\/OriginalWD40.UK","https:\/\/x.com\/originalwd40_UK","https:\/\/www.youtube.com\/user\/OriginalWD40"]}]}},"yoast-key-phrase":"","yoast-key-phrase-score":"","yoast-readability":"30","_links":{"self":[{"href":"https:\/\/wd40.africa\/fr\/wp-json\/wp\/v2\/product\/1301","targetHints":{"allow":["GET"]}}],"collection":[{"href":"https:\/\/wd40.africa\/fr\/wp-json\/wp\/v2\/product"}],"about":[{"href":"https:\/\/wd40.africa\/fr\/wp-json\/wp\/v2\/types\/product"}],"version-history":[{"count":1,"href":"https:\/\/wd40.africa\/fr\/wp-json\/wp\/v2\/product\/1301\/revisions"}],"predecessor-version":[{"id":11625,"href":"https:\/\/wd40.africa\/fr\/wp-json\/wp\/v2\/product\/1301\/revisions\/11625"}],"wp:featuredmedia":[{"embeddable":true,"href":"https:\/\/wd40.africa\/fr\/wp-json\/wp\/v2\/media\/11871"}],"wp:attachment":[{"href":"https:\/\/wd40.africa\/fr\/wp-json\/wp\/v2\/media?parent=1301"}],"wp:term":[{"taxonomy":"product_category","embeddable":true,"href":"https:\/\/wd40.africa\/fr\/wp-json\/wp\/v2\/product_category?post=1301"},{"taxonomy":"product_tag","embeddable":true,"href":"https:\/\/wd40.africa\/fr\/wp-json\/wp\/v2\/product_tag?post=1301"}],"curies":[{"name":"wp","href":"https:\/\/api.w.org\/{rel}","templated":true}]}}