{"id":1331,"date":"2022-04-20T10:51:27","date_gmt":"2022-04-20T10:51:27","guid":{"rendered":"https:\/\/wd40.africa\/?post_type=product&#038;p=1331"},"modified":"2024-06-06T17:27:44","modified_gmt":"2024-06-06T15:27:44","slug":"lubrifiant-chaine-conditions-seches-2","status":"publish","type":"product","link":"https:\/\/wd40.africa\/fr\/produits\/lubrifiant-chaine-conditions-seches-2\/","title":{"rendered":"Lubrifiant Cha\u00eene V\u00e9lo Conditions S\u00e8ches"},"content":{"rendered":"<p>Le Lubrifiant Cha\u00eene V\u00e9lo Conditions S\u00e8ches WD-40 SPECIALIST\u00ae a \u00e9t\u00e9 sp\u00e9cifiquement formul\u00e9 pour les escapades dans des milieux secs et poussi\u00e9reux. Gr\u00e2ce \u00e0 sa composition \u00e0 base de PTFE, il s&#8217;infiltre dans les maillons de la cha\u00eene et laisse un mince film lubrifiant, assurant ainsi une lubrification optimale sans attirer la poussi\u00e8re.<\/p>\n<p>Conseils d&#8217;utilisation :<\/p>\n<p>\u2022 Avant l&#8217;application, nettoyez soigneusement votre cha\u00eene avec le D\u00e9graissant V\u00e9lo WD-40 SPECIALIST\u00ae pour \u00e9liminer toute salet\u00e9, huile et cambouis, garantissant ainsi des r\u00e9sultats optimaux.<br \/>\n\u2022 Agitez bien le contenant avant usage.<br \/>\n\u2022 Utilisez le bec verseur pour une application pr\u00e9cise sur toute la longueur \u00e0 l&#8217;int\u00e9rieur de la cha\u00eene. \u2022 Faites tourner la manivelle du p\u00e9dalier pour permettre une meilleure p\u00e9n\u00e9tration du produit, puis laissez s\u00e9cher.<\/p>\n","protected":false},"excerpt":{"rendered":"<p>Lubrifie la cha\u00eene de v\u00e9lo dans des conditions s\u00e8ches et poussi\u00e9reuses.<\/p>\n","protected":false},"featured_media":11999,"template":"","product_category":[19],"product_tag":[],"class_list":["post-1331","product","type-product","status-publish","has-post-thumbnail","hentry","product_category-wd-40-bike-fr"],"acf":[],"title_raw":"Lubrifiant Cha\u00eene V\u00e9lo Conditions S\u00e8ches","yoast_head":"<!-- This site is optimized with the Yoast SEO Premium plugin v27.3 (Yoast SEO v27.3) - https:\/\/yoast.com\/product\/yoast-seo-premium-wordpress\/ -->\n<title>Lubrifiant Cha\u00eene V\u00e9lo Conditions S\u00e8ches WD-40 SPECIALIST\u00ae - burette<\/title>\n<meta name=\"description\" content=\"Le Lubrifiant Cha\u00eene V\u00e9lo Conditions S\u00e8ches WD-40 SPECIALIST\u00ae est id\u00e9al pour lubrifier la cha\u00eene de votre v\u00e9lo par temps sec et poussi\u00e9reux.\" \/>\n<meta name=\"robots\" content=\"index, follow, max-snippet:-1, max-image-preview:large, max-video-preview:-1\" \/>\n<link rel=\"canonical\" href=\"https:\/\/wd40.africa\/fr\/produits\/lubrifiant-chaine-conditions-seches-2\/\" \/>\n<meta property=\"og:locale\" content=\"fr_FR\" \/>\n<meta property=\"og:type\" content=\"article\" \/>\n<meta property=\"og:title\" content=\"Lubrifiant Cha\u00eene V\u00e9lo Conditions S\u00e8ches WD-40 SPECIALIST\u00ae - burette\" \/>\n<meta property=\"og:description\" content=\"Le Lubrifiant Cha\u00eene V\u00e9lo Conditions S\u00e8ches WD-40 SPECIALIST\u00ae est id\u00e9al pour lubrifier la cha\u00eene de votre v\u00e9lo par temps sec et poussi\u00e9reux.\" \/>\n<meta property=\"og:url\" content=\"https:\/\/wd40.africa\/fr\/produits\/lubrifiant-chaine-conditions-seches-2\/\" \/>\n<meta property=\"og:site_name\" content=\"WD-40 Africa\" \/>\n<meta property=\"article:publisher\" content=\"https:\/\/www.facebook.com\/OriginalWD40.UK\" \/>\n<meta property=\"article:modified_time\" content=\"2024-06-06T15:27:44+00:00\" \/>\n<meta property=\"og:image\" content=\"https:\/\/media.wd40.africa\/app\/uploads\/2022\/04\/05132017\/Packshot-Lubrifiant-Chaine-Velo-Conditions-Seches_1000x1000px.png.webp\" \/>\n\t<meta property=\"og:image:width\" content=\"1000\" \/>\n\t<meta property=\"og:image:height\" content=\"1000\" \/>\n\t<meta property=\"og:image:type\" content=\"image\/webp\" \/>\n<meta name=\"twitter:card\" content=\"summary_large_image\" \/>\n<meta name=\"twitter:site\" content=\"@originalwd40_UK\" \/>\n<script type=\"application\/ld+json\" class=\"yoast-schema-graph\">{\"@context\":\"https:\\\/\\\/schema.org\",\"@graph\":[[],{\"@type\":\"ImageObject\",\"inLanguage\":\"fr-FR\",\"@id\":\"https:\\\/\\\/wd40.africa\\\/fr\\\/produits\\\/lubrifiant-chaine-conditions-seches-2\\\/#primaryimage\",\"url\":\"https:\\\/\\\/media.wd40.africa\\\/app\\\/uploads\\\/2022\\\/04\\\/05132017\\\/Packshot-Lubrifiant-Chaine-Velo-Conditions-Seches_1000x1000px.png.webp\",\"contentUrl\":\"https:\\\/\\\/media.wd40.africa\\\/app\\\/uploads\\\/2022\\\/04\\\/05132017\\\/Packshot-Lubrifiant-Chaine-Velo-Conditions-Seches_1000x1000px.png.webp\",\"width\":1000,\"height\":1000},{\"@type\":\"BreadcrumbList\",\"@id\":\"https:\\\/\\\/wd40.africa\\\/fr\\\/produits\\\/lubrifiant-chaine-conditions-seches-2\\\/#breadcrumb\",\"itemListElement\":[{\"@type\":\"ListItem\",\"position\":1,\"name\":\"Produits\",\"item\":\"https:\\\/\\\/wd40.africa\\\/fr\\\/produits\\\/\"},{\"@type\":\"ListItem\",\"position\":2,\"name\":\"WD-40 Specialist V\u00e9lo\",\"item\":\"https:\\\/\\\/wd40.africa\\\/fr\\\/wd-40-produits\\\/wd-40-bike-fr\\\/\"},{\"@type\":\"ListItem\",\"position\":3,\"name\":\"Lubrifiant Cha\u00eene V\u00e9lo Conditions S\u00e8ches\"}]},{\"@type\":\"WebSite\",\"@id\":\"https:\\\/\\\/wd40.africa\\\/fr\\\/#website\",\"url\":\"https:\\\/\\\/wd40.africa\\\/fr\\\/\",\"name\":\"WD-40 Africa\",\"description\":\"WD-40 Africa\",\"publisher\":{\"@id\":\"https:\\\/\\\/wd40.africa\\\/fr\\\/#organization\"},\"potentialAction\":[{\"@type\":\"SearchAction\",\"target\":{\"@type\":\"EntryPoint\",\"urlTemplate\":\"https:\\\/\\\/wd40.africa\\\/fr\\\/?s={search_term_string}\"},\"query-input\":{\"@type\":\"PropertyValueSpecification\",\"valueRequired\":true,\"valueName\":\"search_term_string\"}}],\"inLanguage\":\"fr-FR\"},{\"@type\":\"Organization\",\"@id\":\"https:\\\/\\\/wd40.africa\\\/fr\\\/#organization\",\"name\":\"WD-40 Africa\",\"url\":\"https:\\\/\\\/wd40.africa\\\/fr\\\/\",\"logo\":{\"@type\":\"ImageObject\",\"inLanguage\":\"fr-FR\",\"@id\":\"https:\\\/\\\/wd40.africa\\\/fr\\\/#\\\/schema\\\/logo\\\/image\\\/\",\"url\":\"https:\\\/\\\/media.wd40.africa\\\/app\\\/uploads\\\/2022\\\/10\\\/24130358\\\/WD40_logo.png\",\"contentUrl\":\"https:\\\/\\\/media.wd40.africa\\\/app\\\/uploads\\\/2022\\\/10\\\/24130358\\\/WD40_logo.png\",\"width\":1024,\"height\":1024,\"caption\":\"WD-40 Africa\"},\"image\":{\"@id\":\"https:\\\/\\\/wd40.africa\\\/fr\\\/#\\\/schema\\\/logo\\\/image\\\/\"},\"sameAs\":[\"https:\\\/\\\/www.facebook.com\\\/OriginalWD40.UK\",\"https:\\\/\\\/x.com\\\/originalwd40_UK\",\"https:\\\/\\\/www.youtube.com\\\/user\\\/OriginalWD40\"]}]}<\/script>\n<!-- \/ Yoast SEO Premium plugin. -->","yoast_head_json":{"title":"Lubrifiant Cha\u00eene V\u00e9lo Conditions S\u00e8ches WD-40 SPECIALIST\u00ae - burette","description":"Le Lubrifiant Cha\u00eene V\u00e9lo Conditions S\u00e8ches WD-40 SPECIALIST\u00ae est id\u00e9al pour lubrifier la cha\u00eene de votre v\u00e9lo par temps sec et poussi\u00e9reux.","robots":{"index":"index","follow":"follow","max-snippet":"max-snippet:-1","max-image-preview":"max-image-preview:large","max-video-preview":"max-video-preview:-1"},"canonical":"https:\/\/wd40.africa\/fr\/produits\/lubrifiant-chaine-conditions-seches-2\/","og_locale":"fr_FR","og_type":"article","og_title":"Lubrifiant Cha\u00eene V\u00e9lo Conditions S\u00e8ches WD-40 SPECIALIST\u00ae - burette","og_description":"Le Lubrifiant Cha\u00eene V\u00e9lo Conditions S\u00e8ches WD-40 SPECIALIST\u00ae est id\u00e9al pour lubrifier la cha\u00eene de votre v\u00e9lo par temps sec et poussi\u00e9reux.","og_url":"https:\/\/wd40.africa\/fr\/produits\/lubrifiant-chaine-conditions-seches-2\/","og_site_name":"WD-40 Africa","article_publisher":"https:\/\/www.facebook.com\/OriginalWD40.UK","article_modified_time":"2024-06-06T15:27:44+00:00","og_image":[{"width":1000,"height":1000,"url":"https:\/\/media.wd40.africa\/app\/uploads\/2022\/04\/05132017\/Packshot-Lubrifiant-Chaine-Velo-Conditions-Seches_1000x1000px.png.webp","type":"image\/webp"}],"twitter_card":"summary_large_image","twitter_site":"@originalwd40_UK","schema":{"@context":"https:\/\/schema.org","@graph":[[],{"@type":"ImageObject","inLanguage":"fr-FR","@id":"https:\/\/wd40.africa\/fr\/produits\/lubrifiant-chaine-conditions-seches-2\/#primaryimage","url":"https:\/\/media.wd40.africa\/app\/uploads\/2022\/04\/05132017\/Packshot-Lubrifiant-Chaine-Velo-Conditions-Seches_1000x1000px.png.webp","contentUrl":"https:\/\/media.wd40.africa\/app\/uploads\/2022\/04\/05132017\/Packshot-Lubrifiant-Chaine-Velo-Conditions-Seches_1000x1000px.png.webp","width":1000,"height":1000},{"@type":"BreadcrumbList","@id":"https:\/\/wd40.africa\/fr\/produits\/lubrifiant-chaine-conditions-seches-2\/#breadcrumb","itemListElement":[{"@type":"ListItem","position":1,"name":"Produits","item":"https:\/\/wd40.africa\/fr\/produits\/"},{"@type":"ListItem","position":2,"name":"WD-40 Specialist V\u00e9lo","item":"https:\/\/wd40.africa\/fr\/wd-40-produits\/wd-40-bike-fr\/"},{"@type":"ListItem","position":3,"name":"Lubrifiant Cha\u00eene V\u00e9lo Conditions S\u00e8ches"}]},{"@type":"WebSite","@id":"https:\/\/wd40.africa\/fr\/#website","url":"https:\/\/wd40.africa\/fr\/","name":"WD-40 Africa","description":"WD-40 Africa","publisher":{"@id":"https:\/\/wd40.africa\/fr\/#organization"},"potentialAction":[{"@type":"SearchAction","target":{"@type":"EntryPoint","urlTemplate":"https:\/\/wd40.africa\/fr\/?s={search_term_string}"},"query-input":{"@type":"PropertyValueSpecification","valueRequired":true,"valueName":"search_term_string"}}],"inLanguage":"fr-FR"},{"@type":"Organization","@id":"https:\/\/wd40.africa\/fr\/#organization","name":"WD-40 Africa","url":"https:\/\/wd40.africa\/fr\/","logo":{"@type":"ImageObject","inLanguage":"fr-FR","@id":"https:\/\/wd40.africa\/fr\/#\/schema\/logo\/image\/","url":"https:\/\/media.wd40.africa\/app\/uploads\/2022\/10\/24130358\/WD40_logo.png","contentUrl":"https:\/\/media.wd40.africa\/app\/uploads\/2022\/10\/24130358\/WD40_logo.png","width":1024,"height":1024,"caption":"WD-40 Africa"},"image":{"@id":"https:\/\/wd40.africa\/fr\/#\/schema\/logo\/image\/"},"sameAs":["https:\/\/www.facebook.com\/OriginalWD40.UK","https:\/\/x.com\/originalwd40_UK","https:\/\/www.youtube.com\/user\/OriginalWD40"]}]}},"yoast-key-phrase":"","yoast-key-phrase-score":"","yoast-readability":"60","_links":{"self":[{"href":"https:\/\/wd40.africa\/fr\/wp-json\/wp\/v2\/product\/1331","targetHints":{"allow":["GET"]}}],"collection":[{"href":"https:\/\/wd40.africa\/fr\/wp-json\/wp\/v2\/product"}],"about":[{"href":"https:\/\/wd40.africa\/fr\/wp-json\/wp\/v2\/types\/product"}],"version-history":[{"count":1,"href":"https:\/\/wd40.africa\/fr\/wp-json\/wp\/v2\/product\/1331\/revisions"}],"predecessor-version":[{"id":11619,"href":"https:\/\/wd40.africa\/fr\/wp-json\/wp\/v2\/product\/1331\/revisions\/11619"}],"wp:featuredmedia":[{"embeddable":true,"href":"https:\/\/wd40.africa\/fr\/wp-json\/wp\/v2\/media\/11999"}],"wp:attachment":[{"href":"https:\/\/wd40.africa\/fr\/wp-json\/wp\/v2\/media?parent=1331"}],"wp:term":[{"taxonomy":"product_category","embeddable":true,"href":"https:\/\/wd40.africa\/fr\/wp-json\/wp\/v2\/product_category?post=1331"},{"taxonomy":"product_tag","embeddable":true,"href":"https:\/\/wd40.africa\/fr\/wp-json\/wp\/v2\/product_tag?post=1331"}],"curies":[{"name":"wp","href":"https:\/\/api.w.org\/{rel}","templated":true}]}}