{"id":1366,"date":"2022-04-20T11:23:33","date_gmt":"2022-04-20T11:23:33","guid":{"rendered":"https:\/\/wd40.africa\/?post_type=product&#038;p=1366"},"modified":"2024-06-06T17:26:49","modified_gmt":"2024-06-06T15:26:49","slug":"nettoyant-2","status":"publish","type":"product","link":"https:\/\/wd40.africa\/fr\/produits\/nettoyant-2\/","title":{"rendered":"Nettoyant V\u00e9lo"},"content":{"rendered":"<p>Le Nettoyant V\u00e9lo WD-40 SPECIALIST\u00ae va bien au-del\u00e0 d&#8217;un simple produit de nettoyage. Il offre une solution compl\u00e8te pour garder votre v\u00e9lo \u00e9tincelant de propret\u00e9. Sa formule polyvalente est sp\u00e9cialement con\u00e7ue pour \u00e9liminer efficacement la boue, la poussi\u00e8re, le goudron et les salet\u00e9s tenaces, garantissant ainsi une propret\u00e9 impeccable. Peu importe le mat\u00e9riau de votre v\u00e9lo &#8211; fibre de carbone, titane, aluminium, acier, chrome, caoutchouc, plastique ou peinture &#8211; ce produit est parfaitement adapt\u00e9 et sans risque pour toutes les surfaces. Gr\u00e2ce au Nettoyant V\u00e9lo WD-40 SPECIALIST\u00ae, votre v\u00e9lo retrouvera tout son \u00e9clat, pr\u00eat pour vos prochaines aventures \u00e0 deux roues. Vous pourrez profiter d&#8217;un v\u00e9lo propre et bien entretenu tout en prolongeant la dur\u00e9e de vie de ses composants.<\/p>\n<p>Conseils d&#8217;utilisation :<br \/>\n\u2022 Commencez par rincer votre v\u00e9lo \u00e0 l&#8217;eau pour \u00e9liminer les grosses particules de salet\u00e9.<br \/>\n\u2022 Pulv\u00e9risez le Nettoyant V\u00e9lo WD-40 SPECIALIST\u00ae directement sur les zones \u00e0 nettoyer, sans le diluer.<br \/>\n\u2022 Utilisez un chiffon propre ou une \u00e9ponge pour frotter les r\u00e9sidus tenaces et la salet\u00e9, en insistant sur les zones les plus sales.<br \/>\n\u2022 Rincez abondamment \u00e0 l&#8217;eau claire pour \u00e9liminer tous les r\u00e9sidus de nettoyant.<br \/>\n\u2022 Veillez \u00e0 ne jamais laisser le produit s\u00e9cher sur la surface, cela pourrait entra\u00eener des taches.<br \/>\n\u2022 Pour un r\u00e9sultat optimal, essuyez votre v\u00e9lo avec un chiffon sec apr\u00e8s le rin\u00e7age pour \u00e9viter les traces d&#8217;eau.<\/p>\n<p>Prenez soin de votre v\u00e9lo avec le Nettoyant V\u00e9lo WD-40 SPECIALIST\u00ae et profitez pleinement de vos sorties dans une propret\u00e9 totale !<\/p>\n","protected":false},"excerpt":{"rendered":"<p>Nettoie le v\u00e9lo en int\u00e9gralit\u00e9 facilement et rapidement.<\/p>\n","protected":false},"featured_media":11991,"template":"","product_category":[19],"product_tag":[],"class_list":["post-1366","product","type-product","status-publish","has-post-thumbnail","hentry","product_category-wd-40-bike-fr"],"acf":[],"title_raw":"Nettoyant V\u00e9lo","yoast_head":"<!-- This site is optimized with the Yoast SEO Premium plugin v27.3 (Yoast SEO v27.3) - https:\/\/yoast.com\/product\/yoast-seo-premium-wordpress\/ -->\n<title>Nettoyant V\u00e9lo WD-40 SPECIALIST\u00ae<\/title>\n<meta name=\"description\" content=\"Le Nettoyant V\u00e9lo WD-40 SPECIALIST\u00ae est parfait pour nettoyer votre v\u00e9lo dans son int\u00e9gralit\u00e9 gr\u00e2ce \u00e0 sa compatibilit\u00e9 tous mat\u00e9riaux !\" \/>\n<meta name=\"robots\" content=\"index, follow, max-snippet:-1, max-image-preview:large, max-video-preview:-1\" \/>\n<link rel=\"canonical\" href=\"https:\/\/wd40.africa\/fr\/produits\/nettoyant-2\/\" \/>\n<meta property=\"og:locale\" content=\"fr_FR\" \/>\n<meta property=\"og:type\" content=\"article\" \/>\n<meta property=\"og:title\" content=\"Nettoyant V\u00e9lo WD-40 SPECIALIST\u00ae\" \/>\n<meta property=\"og:description\" content=\"Le Nettoyant V\u00e9lo WD-40 SPECIALIST\u00ae est parfait pour nettoyer votre v\u00e9lo dans son int\u00e9gralit\u00e9 gr\u00e2ce \u00e0 sa compatibilit\u00e9 tous mat\u00e9riaux !\" \/>\n<meta property=\"og:url\" content=\"https:\/\/wd40.africa\/fr\/produits\/nettoyant-2\/\" \/>\n<meta property=\"og:site_name\" content=\"WD-40 Africa\" \/>\n<meta property=\"article:publisher\" content=\"https:\/\/www.facebook.com\/OriginalWD40.UK\" \/>\n<meta property=\"article:modified_time\" content=\"2024-06-06T15:26:49+00:00\" \/>\n<meta property=\"og:image\" content=\"https:\/\/media.wd40.africa\/app\/uploads\/2022\/04\/05131736\/Nettoyant-WD-40-Specialist-Velo-500-ml_1000x1000_detoure.png.webp\" \/>\n\t<meta property=\"og:image:width\" content=\"1000\" \/>\n\t<meta property=\"og:image:height\" content=\"1000\" \/>\n\t<meta property=\"og:image:type\" content=\"image\/webp\" \/>\n<meta name=\"twitter:card\" content=\"summary_large_image\" \/>\n<meta name=\"twitter:site\" content=\"@originalwd40_UK\" \/>\n<script type=\"application\/ld+json\" class=\"yoast-schema-graph\">{\"@context\":\"https:\\\/\\\/schema.org\",\"@graph\":[[],{\"@type\":\"ImageObject\",\"inLanguage\":\"fr-FR\",\"@id\":\"https:\\\/\\\/wd40.africa\\\/fr\\\/produits\\\/nettoyant-2\\\/#primaryimage\",\"url\":\"https:\\\/\\\/media.wd40.africa\\\/app\\\/uploads\\\/2022\\\/04\\\/05131736\\\/Nettoyant-WD-40-Specialist-Velo-500-ml_1000x1000_detoure.png.webp\",\"contentUrl\":\"https:\\\/\\\/media.wd40.africa\\\/app\\\/uploads\\\/2022\\\/04\\\/05131736\\\/Nettoyant-WD-40-Specialist-Velo-500-ml_1000x1000_detoure.png.webp\",\"width\":1000,\"height\":1000},{\"@type\":\"BreadcrumbList\",\"@id\":\"https:\\\/\\\/wd40.africa\\\/fr\\\/produits\\\/nettoyant-2\\\/#breadcrumb\",\"itemListElement\":[{\"@type\":\"ListItem\",\"position\":1,\"name\":\"Produits\",\"item\":\"https:\\\/\\\/wd40.africa\\\/fr\\\/produits\\\/\"},{\"@type\":\"ListItem\",\"position\":2,\"name\":\"WD-40 Specialist V\u00e9lo\",\"item\":\"https:\\\/\\\/wd40.africa\\\/fr\\\/wd-40-produits\\\/wd-40-bike-fr\\\/\"},{\"@type\":\"ListItem\",\"position\":3,\"name\":\"Nettoyant V\u00e9lo\"}]},{\"@type\":\"WebSite\",\"@id\":\"https:\\\/\\\/wd40.africa\\\/fr\\\/#website\",\"url\":\"https:\\\/\\\/wd40.africa\\\/fr\\\/\",\"name\":\"WD-40 Africa\",\"description\":\"WD-40 Africa\",\"publisher\":{\"@id\":\"https:\\\/\\\/wd40.africa\\\/fr\\\/#organization\"},\"potentialAction\":[{\"@type\":\"SearchAction\",\"target\":{\"@type\":\"EntryPoint\",\"urlTemplate\":\"https:\\\/\\\/wd40.africa\\\/fr\\\/?s={search_term_string}\"},\"query-input\":{\"@type\":\"PropertyValueSpecification\",\"valueRequired\":true,\"valueName\":\"search_term_string\"}}],\"inLanguage\":\"fr-FR\"},{\"@type\":\"Organization\",\"@id\":\"https:\\\/\\\/wd40.africa\\\/fr\\\/#organization\",\"name\":\"WD-40 Africa\",\"url\":\"https:\\\/\\\/wd40.africa\\\/fr\\\/\",\"logo\":{\"@type\":\"ImageObject\",\"inLanguage\":\"fr-FR\",\"@id\":\"https:\\\/\\\/wd40.africa\\\/fr\\\/#\\\/schema\\\/logo\\\/image\\\/\",\"url\":\"https:\\\/\\\/media.wd40.africa\\\/app\\\/uploads\\\/2022\\\/10\\\/24130358\\\/WD40_logo.png\",\"contentUrl\":\"https:\\\/\\\/media.wd40.africa\\\/app\\\/uploads\\\/2022\\\/10\\\/24130358\\\/WD40_logo.png\",\"width\":1024,\"height\":1024,\"caption\":\"WD-40 Africa\"},\"image\":{\"@id\":\"https:\\\/\\\/wd40.africa\\\/fr\\\/#\\\/schema\\\/logo\\\/image\\\/\"},\"sameAs\":[\"https:\\\/\\\/www.facebook.com\\\/OriginalWD40.UK\",\"https:\\\/\\\/x.com\\\/originalwd40_UK\",\"https:\\\/\\\/www.youtube.com\\\/user\\\/OriginalWD40\"]}]}<\/script>\n<!-- \/ Yoast SEO Premium plugin. -->","yoast_head_json":{"title":"Nettoyant V\u00e9lo WD-40 SPECIALIST\u00ae","description":"Le Nettoyant V\u00e9lo WD-40 SPECIALIST\u00ae est parfait pour nettoyer votre v\u00e9lo dans son int\u00e9gralit\u00e9 gr\u00e2ce \u00e0 sa compatibilit\u00e9 tous mat\u00e9riaux !","robots":{"index":"index","follow":"follow","max-snippet":"max-snippet:-1","max-image-preview":"max-image-preview:large","max-video-preview":"max-video-preview:-1"},"canonical":"https:\/\/wd40.africa\/fr\/produits\/nettoyant-2\/","og_locale":"fr_FR","og_type":"article","og_title":"Nettoyant V\u00e9lo WD-40 SPECIALIST\u00ae","og_description":"Le Nettoyant V\u00e9lo WD-40 SPECIALIST\u00ae est parfait pour nettoyer votre v\u00e9lo dans son int\u00e9gralit\u00e9 gr\u00e2ce \u00e0 sa compatibilit\u00e9 tous mat\u00e9riaux !","og_url":"https:\/\/wd40.africa\/fr\/produits\/nettoyant-2\/","og_site_name":"WD-40 Africa","article_publisher":"https:\/\/www.facebook.com\/OriginalWD40.UK","article_modified_time":"2024-06-06T15:26:49+00:00","og_image":[{"width":1000,"height":1000,"url":"https:\/\/media.wd40.africa\/app\/uploads\/2022\/04\/05131736\/Nettoyant-WD-40-Specialist-Velo-500-ml_1000x1000_detoure.png.webp","type":"image\/webp"}],"twitter_card":"summary_large_image","twitter_site":"@originalwd40_UK","schema":{"@context":"https:\/\/schema.org","@graph":[[],{"@type":"ImageObject","inLanguage":"fr-FR","@id":"https:\/\/wd40.africa\/fr\/produits\/nettoyant-2\/#primaryimage","url":"https:\/\/media.wd40.africa\/app\/uploads\/2022\/04\/05131736\/Nettoyant-WD-40-Specialist-Velo-500-ml_1000x1000_detoure.png.webp","contentUrl":"https:\/\/media.wd40.africa\/app\/uploads\/2022\/04\/05131736\/Nettoyant-WD-40-Specialist-Velo-500-ml_1000x1000_detoure.png.webp","width":1000,"height":1000},{"@type":"BreadcrumbList","@id":"https:\/\/wd40.africa\/fr\/produits\/nettoyant-2\/#breadcrumb","itemListElement":[{"@type":"ListItem","position":1,"name":"Produits","item":"https:\/\/wd40.africa\/fr\/produits\/"},{"@type":"ListItem","position":2,"name":"WD-40 Specialist V\u00e9lo","item":"https:\/\/wd40.africa\/fr\/wd-40-produits\/wd-40-bike-fr\/"},{"@type":"ListItem","position":3,"name":"Nettoyant V\u00e9lo"}]},{"@type":"WebSite","@id":"https:\/\/wd40.africa\/fr\/#website","url":"https:\/\/wd40.africa\/fr\/","name":"WD-40 Africa","description":"WD-40 Africa","publisher":{"@id":"https:\/\/wd40.africa\/fr\/#organization"},"potentialAction":[{"@type":"SearchAction","target":{"@type":"EntryPoint","urlTemplate":"https:\/\/wd40.africa\/fr\/?s={search_term_string}"},"query-input":{"@type":"PropertyValueSpecification","valueRequired":true,"valueName":"search_term_string"}}],"inLanguage":"fr-FR"},{"@type":"Organization","@id":"https:\/\/wd40.africa\/fr\/#organization","name":"WD-40 Africa","url":"https:\/\/wd40.africa\/fr\/","logo":{"@type":"ImageObject","inLanguage":"fr-FR","@id":"https:\/\/wd40.africa\/fr\/#\/schema\/logo\/image\/","url":"https:\/\/media.wd40.africa\/app\/uploads\/2022\/10\/24130358\/WD40_logo.png","contentUrl":"https:\/\/media.wd40.africa\/app\/uploads\/2022\/10\/24130358\/WD40_logo.png","width":1024,"height":1024,"caption":"WD-40 Africa"},"image":{"@id":"https:\/\/wd40.africa\/fr\/#\/schema\/logo\/image\/"},"sameAs":["https:\/\/www.facebook.com\/OriginalWD40.UK","https:\/\/x.com\/originalwd40_UK","https:\/\/www.youtube.com\/user\/OriginalWD40"]}]}},"yoast-key-phrase":"","yoast-key-phrase-score":"","yoast-readability":"60","_links":{"self":[{"href":"https:\/\/wd40.africa\/fr\/wp-json\/wp\/v2\/product\/1366","targetHints":{"allow":["GET"]}}],"collection":[{"href":"https:\/\/wd40.africa\/fr\/wp-json\/wp\/v2\/product"}],"about":[{"href":"https:\/\/wd40.africa\/fr\/wp-json\/wp\/v2\/types\/product"}],"version-history":[{"count":1,"href":"https:\/\/wd40.africa\/fr\/wp-json\/wp\/v2\/product\/1366\/revisions"}],"predecessor-version":[{"id":11622,"href":"https:\/\/wd40.africa\/fr\/wp-json\/wp\/v2\/product\/1366\/revisions\/11622"}],"wp:featuredmedia":[{"embeddable":true,"href":"https:\/\/wd40.africa\/fr\/wp-json\/wp\/v2\/media\/11991"}],"wp:attachment":[{"href":"https:\/\/wd40.africa\/fr\/wp-json\/wp\/v2\/media?parent=1366"}],"wp:term":[{"taxonomy":"product_category","embeddable":true,"href":"https:\/\/wd40.africa\/fr\/wp-json\/wp\/v2\/product_category?post=1366"},{"taxonomy":"product_tag","embeddable":true,"href":"https:\/\/wd40.africa\/fr\/wp-json\/wp\/v2\/product_tag?post=1366"}],"curies":[{"name":"wp","href":"https:\/\/api.w.org\/{rel}","templated":true}]}}