{"id":1375,"date":"2022-04-20T11:29:18","date_gmt":"2022-04-20T11:29:18","guid":{"rendered":"https:\/\/wd40.africa\/?post_type=product&#038;p=1375"},"modified":"2024-06-06T17:25:44","modified_gmt":"2024-06-06T15:25:44","slug":"wd-40-bike-wet-lube","status":"publish","type":"product","link":"https:\/\/wd40.africa\/fr\/produits\/wd-40-bike-wet-lube\/","title":{"rendered":"Lubrifiant Cha\u00eenes V\u00e9lo Conditions Humides"},"content":{"rendered":"<p>Le Lubrifiant Cha\u00eene V\u00e9lo Conditions Humides WD-40 SPECIALIST\u00ae est parfait pour ceux qui aiment d\u00e9fier les \u00e9l\u00e9ments en roulant sous la pluie ou dans la boue. Il s&#8217;infiltre profond\u00e9ment dans les maillons de la cha\u00eene pour les prot\u00e9ger de la rouille et assure une lubrification longue dur\u00e9e, m\u00eame dans les environnements les plus extr\u00eames. En r\u00e9duisant la friction et l&#8217;usure, il am\u00e9liore le rendement de la cha\u00eene, pr\u00e9servant ainsi votre \u00e9nergie et optimisant vos sorties !<\/p>\n<p>Conseils d&#8217;utilisation :<br \/>\n\u2022 Commencez par nettoyer votre cha\u00eene avec le D\u00e9graissant V\u00e9lo WD-40 SPECIALIST\u00ae pour \u00e9liminer la salet\u00e9, l&#8217;huile et la boue, afin d&#8217;obtenir des r\u00e9sultats optimaux.<br \/>\n\u2022 Agitez bien le flacon avant usage.<br \/>\n\u2022 Utilisez le bec verseur pour une application pr\u00e9cise sur toute la longueur \u00e0 l&#8217;int\u00e9rieur de la cha\u00eene. \u2022 Faites tourner la manivelle du p\u00e9dalier pour permettre une meilleure p\u00e9n\u00e9tration du produit, puis laissez s\u00e9cher.<\/p>\n","protected":false},"excerpt":{"rendered":"<p>Lubrifie la cha\u00eene de v\u00e9lo dans des conditions humides et boueuses.<\/p>\n","protected":false},"featured_media":11979,"template":"","product_category":[19],"product_tag":[],"class_list":["post-1375","product","type-product","status-publish","has-post-thumbnail","hentry","product_category-wd-40-bike-fr"],"acf":[],"title_raw":"Lubrifiant Cha\u00eenes V\u00e9lo Conditions Humides","yoast_head":"<!-- This site is optimized with the Yoast SEO Premium plugin v27.3 (Yoast SEO v27.3) - https:\/\/yoast.com\/product\/yoast-seo-premium-wordpress\/ -->\n<title>Lubrifiant Cha\u00eene V\u00e9lo Conditions Humides WD-40 SPECIALIST\u00ae %<\/title>\n<meta name=\"description\" content=\"Le Lubrifiant Cha\u00eene V\u00e9lo Conditions Humides WD-40 SPECIALIST\u00ae est id\u00e9al pour lubrifier la cha\u00eene de votre v\u00e9lo par temps humide et boueux. D\u00e9couvrez ses avantages !\" \/>\n<meta name=\"robots\" content=\"index, follow, max-snippet:-1, max-image-preview:large, max-video-preview:-1\" \/>\n<link rel=\"canonical\" href=\"https:\/\/wd40.africa\/fr\/produits\/wd-40-bike-wet-lube\/\" \/>\n<meta property=\"og:locale\" content=\"fr_FR\" \/>\n<meta property=\"og:type\" content=\"article\" \/>\n<meta property=\"og:title\" content=\"Lubrifiant Cha\u00eene V\u00e9lo Conditions Humides WD-40 SPECIALIST\u00ae %\" \/>\n<meta property=\"og:description\" content=\"Le Lubrifiant Cha\u00eene V\u00e9lo Conditions Humides WD-40 SPECIALIST\u00ae est id\u00e9al pour lubrifier la cha\u00eene de votre v\u00e9lo par temps humide et boueux. D\u00e9couvrez ses avantages !\" \/>\n<meta property=\"og:url\" content=\"https:\/\/wd40.africa\/fr\/produits\/wd-40-bike-wet-lube\/\" \/>\n<meta property=\"og:site_name\" content=\"WD-40 Africa\" \/>\n<meta property=\"article:publisher\" content=\"https:\/\/www.facebook.com\/OriginalWD40.UK\" \/>\n<meta property=\"article:modified_time\" content=\"2024-06-06T15:25:44+00:00\" \/>\n<meta property=\"og:image\" content=\"https:\/\/media.wd40.africa\/app\/uploads\/2022\/04\/05125454\/Packshot-Lubrifiant-Chaine-Velo-Conditions-Humides_1000x1000px.png.webp\" \/>\n\t<meta property=\"og:image:width\" content=\"1000\" \/>\n\t<meta property=\"og:image:height\" content=\"1000\" \/>\n\t<meta property=\"og:image:type\" content=\"image\/webp\" \/>\n<meta name=\"twitter:card\" content=\"summary_large_image\" \/>\n<meta name=\"twitter:site\" content=\"@originalwd40_UK\" \/>\n<script type=\"application\/ld+json\" class=\"yoast-schema-graph\">{\"@context\":\"https:\\\/\\\/schema.org\",\"@graph\":[[],{\"@type\":\"ImageObject\",\"inLanguage\":\"fr-FR\",\"@id\":\"https:\\\/\\\/wd40.africa\\\/fr\\\/produits\\\/wd-40-bike-wet-lube\\\/#primaryimage\",\"url\":\"https:\\\/\\\/media.wd40.africa\\\/app\\\/uploads\\\/2022\\\/04\\\/05125454\\\/Packshot-Lubrifiant-Chaine-Velo-Conditions-Humides_1000x1000px.png.webp\",\"contentUrl\":\"https:\\\/\\\/media.wd40.africa\\\/app\\\/uploads\\\/2022\\\/04\\\/05125454\\\/Packshot-Lubrifiant-Chaine-Velo-Conditions-Humides_1000x1000px.png.webp\",\"width\":1000,\"height\":1000},{\"@type\":\"BreadcrumbList\",\"@id\":\"https:\\\/\\\/wd40.africa\\\/fr\\\/produits\\\/wd-40-bike-wet-lube\\\/#breadcrumb\",\"itemListElement\":[{\"@type\":\"ListItem\",\"position\":1,\"name\":\"Produits\",\"item\":\"https:\\\/\\\/wd40.africa\\\/fr\\\/produits\\\/\"},{\"@type\":\"ListItem\",\"position\":2,\"name\":\"WD-40 Specialist V\u00e9lo\",\"item\":\"https:\\\/\\\/wd40.africa\\\/fr\\\/wd-40-produits\\\/wd-40-bike-fr\\\/\"},{\"@type\":\"ListItem\",\"position\":3,\"name\":\"Lubrifiant Cha\u00eenes V\u00e9lo Conditions Humides\"}]},{\"@type\":\"WebSite\",\"@id\":\"https:\\\/\\\/wd40.africa\\\/fr\\\/#website\",\"url\":\"https:\\\/\\\/wd40.africa\\\/fr\\\/\",\"name\":\"WD-40 Africa\",\"description\":\"WD-40 Africa\",\"publisher\":{\"@id\":\"https:\\\/\\\/wd40.africa\\\/fr\\\/#organization\"},\"potentialAction\":[{\"@type\":\"SearchAction\",\"target\":{\"@type\":\"EntryPoint\",\"urlTemplate\":\"https:\\\/\\\/wd40.africa\\\/fr\\\/?s={search_term_string}\"},\"query-input\":{\"@type\":\"PropertyValueSpecification\",\"valueRequired\":true,\"valueName\":\"search_term_string\"}}],\"inLanguage\":\"fr-FR\"},{\"@type\":\"Organization\",\"@id\":\"https:\\\/\\\/wd40.africa\\\/fr\\\/#organization\",\"name\":\"WD-40 Africa\",\"url\":\"https:\\\/\\\/wd40.africa\\\/fr\\\/\",\"logo\":{\"@type\":\"ImageObject\",\"inLanguage\":\"fr-FR\",\"@id\":\"https:\\\/\\\/wd40.africa\\\/fr\\\/#\\\/schema\\\/logo\\\/image\\\/\",\"url\":\"https:\\\/\\\/media.wd40.africa\\\/app\\\/uploads\\\/2022\\\/10\\\/24130358\\\/WD40_logo.png\",\"contentUrl\":\"https:\\\/\\\/media.wd40.africa\\\/app\\\/uploads\\\/2022\\\/10\\\/24130358\\\/WD40_logo.png\",\"width\":1024,\"height\":1024,\"caption\":\"WD-40 Africa\"},\"image\":{\"@id\":\"https:\\\/\\\/wd40.africa\\\/fr\\\/#\\\/schema\\\/logo\\\/image\\\/\"},\"sameAs\":[\"https:\\\/\\\/www.facebook.com\\\/OriginalWD40.UK\",\"https:\\\/\\\/x.com\\\/originalwd40_UK\",\"https:\\\/\\\/www.youtube.com\\\/user\\\/OriginalWD40\"]}]}<\/script>\n<!-- \/ Yoast SEO Premium plugin. -->","yoast_head_json":{"title":"Lubrifiant Cha\u00eene V\u00e9lo Conditions Humides WD-40 SPECIALIST\u00ae %","description":"Le Lubrifiant Cha\u00eene V\u00e9lo Conditions Humides WD-40 SPECIALIST\u00ae est id\u00e9al pour lubrifier la cha\u00eene de votre v\u00e9lo par temps humide et boueux. D\u00e9couvrez ses avantages !","robots":{"index":"index","follow":"follow","max-snippet":"max-snippet:-1","max-image-preview":"max-image-preview:large","max-video-preview":"max-video-preview:-1"},"canonical":"https:\/\/wd40.africa\/fr\/produits\/wd-40-bike-wet-lube\/","og_locale":"fr_FR","og_type":"article","og_title":"Lubrifiant Cha\u00eene V\u00e9lo Conditions Humides WD-40 SPECIALIST\u00ae %","og_description":"Le Lubrifiant Cha\u00eene V\u00e9lo Conditions Humides WD-40 SPECIALIST\u00ae est id\u00e9al pour lubrifier la cha\u00eene de votre v\u00e9lo par temps humide et boueux. D\u00e9couvrez ses avantages !","og_url":"https:\/\/wd40.africa\/fr\/produits\/wd-40-bike-wet-lube\/","og_site_name":"WD-40 Africa","article_publisher":"https:\/\/www.facebook.com\/OriginalWD40.UK","article_modified_time":"2024-06-06T15:25:44+00:00","og_image":[{"width":1000,"height":1000,"url":"https:\/\/media.wd40.africa\/app\/uploads\/2022\/04\/05125454\/Packshot-Lubrifiant-Chaine-Velo-Conditions-Humides_1000x1000px.png.webp","type":"image\/webp"}],"twitter_card":"summary_large_image","twitter_site":"@originalwd40_UK","schema":{"@context":"https:\/\/schema.org","@graph":[[],{"@type":"ImageObject","inLanguage":"fr-FR","@id":"https:\/\/wd40.africa\/fr\/produits\/wd-40-bike-wet-lube\/#primaryimage","url":"https:\/\/media.wd40.africa\/app\/uploads\/2022\/04\/05125454\/Packshot-Lubrifiant-Chaine-Velo-Conditions-Humides_1000x1000px.png.webp","contentUrl":"https:\/\/media.wd40.africa\/app\/uploads\/2022\/04\/05125454\/Packshot-Lubrifiant-Chaine-Velo-Conditions-Humides_1000x1000px.png.webp","width":1000,"height":1000},{"@type":"BreadcrumbList","@id":"https:\/\/wd40.africa\/fr\/produits\/wd-40-bike-wet-lube\/#breadcrumb","itemListElement":[{"@type":"ListItem","position":1,"name":"Produits","item":"https:\/\/wd40.africa\/fr\/produits\/"},{"@type":"ListItem","position":2,"name":"WD-40 Specialist V\u00e9lo","item":"https:\/\/wd40.africa\/fr\/wd-40-produits\/wd-40-bike-fr\/"},{"@type":"ListItem","position":3,"name":"Lubrifiant Cha\u00eenes V\u00e9lo Conditions Humides"}]},{"@type":"WebSite","@id":"https:\/\/wd40.africa\/fr\/#website","url":"https:\/\/wd40.africa\/fr\/","name":"WD-40 Africa","description":"WD-40 Africa","publisher":{"@id":"https:\/\/wd40.africa\/fr\/#organization"},"potentialAction":[{"@type":"SearchAction","target":{"@type":"EntryPoint","urlTemplate":"https:\/\/wd40.africa\/fr\/?s={search_term_string}"},"query-input":{"@type":"PropertyValueSpecification","valueRequired":true,"valueName":"search_term_string"}}],"inLanguage":"fr-FR"},{"@type":"Organization","@id":"https:\/\/wd40.africa\/fr\/#organization","name":"WD-40 Africa","url":"https:\/\/wd40.africa\/fr\/","logo":{"@type":"ImageObject","inLanguage":"fr-FR","@id":"https:\/\/wd40.africa\/fr\/#\/schema\/logo\/image\/","url":"https:\/\/media.wd40.africa\/app\/uploads\/2022\/10\/24130358\/WD40_logo.png","contentUrl":"https:\/\/media.wd40.africa\/app\/uploads\/2022\/10\/24130358\/WD40_logo.png","width":1024,"height":1024,"caption":"WD-40 Africa"},"image":{"@id":"https:\/\/wd40.africa\/fr\/#\/schema\/logo\/image\/"},"sameAs":["https:\/\/www.facebook.com\/OriginalWD40.UK","https:\/\/x.com\/originalwd40_UK","https:\/\/www.youtube.com\/user\/OriginalWD40"]}]}},"yoast-key-phrase":"","yoast-key-phrase-score":"","yoast-readability":"60","_links":{"self":[{"href":"https:\/\/wd40.africa\/fr\/wp-json\/wp\/v2\/product\/1375","targetHints":{"allow":["GET"]}}],"collection":[{"href":"https:\/\/wd40.africa\/fr\/wp-json\/wp\/v2\/product"}],"about":[{"href":"https:\/\/wd40.africa\/fr\/wp-json\/wp\/v2\/types\/product"}],"version-history":[{"count":1,"href":"https:\/\/wd40.africa\/fr\/wp-json\/wp\/v2\/product\/1375\/revisions"}],"predecessor-version":[{"id":11618,"href":"https:\/\/wd40.africa\/fr\/wp-json\/wp\/v2\/product\/1375\/revisions\/11618"}],"wp:featuredmedia":[{"embeddable":true,"href":"https:\/\/wd40.africa\/fr\/wp-json\/wp\/v2\/media\/11979"}],"wp:attachment":[{"href":"https:\/\/wd40.africa\/fr\/wp-json\/wp\/v2\/media?parent=1375"}],"wp:term":[{"taxonomy":"product_category","embeddable":true,"href":"https:\/\/wd40.africa\/fr\/wp-json\/wp\/v2\/product_category?post=1375"},{"taxonomy":"product_tag","embeddable":true,"href":"https:\/\/wd40.africa\/fr\/wp-json\/wp\/v2\/product_tag?post=1375"}],"curies":[{"name":"wp","href":"https:\/\/api.w.org\/{rel}","templated":true}]}}