{"id":1403,"date":"2022-04-20T13:19:05","date_gmt":"2022-04-20T13:19:05","guid":{"rendered":"https:\/\/wd40.africa\/?post_type=product&#038;p=1403"},"modified":"2024-06-06T17:29:24","modified_gmt":"2024-06-06T15:29:24","slug":"lubrifiant-chaines-toutes-conditions","status":"publish","type":"product","link":"https:\/\/wd40.africa\/fr\/produits\/lubrifiant-chaines-toutes-conditions\/","title":{"rendered":"Lubrifiant Cha\u00eenes V\u00e9lo Toutes Conditions"},"content":{"rendered":"<p>Le Lubrifiant Cha\u00eene V\u00e9lo Toutes Conditions WD-40 SPECIALIST\u00ae se pr\u00e9sente comme le compagnon incontournable des cyclistes passionn\u00e9s, pr\u00eats \u00e0 affronter tous les types de conditions. Gr\u00e2ce \u00e0 sa formule haut de gamme enrichie en PTFE, il assure une lubrification maximale, r\u00e9duisant ainsi l&#8217;usure de la cha\u00eene. En p\u00e9n\u00e9trant en profondeur dans les m\u00e9canismes de la cha\u00eene, il cr\u00e9e un film protecteur durable qui pr\u00e9vient la corrosion des pi\u00e8ces mobiles. Vous pouvez ainsi profiter pleinement de vos escapades \u00e0 v\u00e9lo sans vous soucier d&#8217;un entretien constant de la cha\u00eene !<\/p>\n<p>Conseils d&#8217;utilisation :<br \/>\n\u2022 Commencez par nettoyer votre cha\u00eene avec le D\u00e9graissant V\u00e9lo WD-40 SPECIALIST\u00ae pour \u00e9liminer la salet\u00e9, l&#8217;huile et le cambouis accumul\u00e9s.<br \/>\n\u2022 Avant chaque utilisation, agitez bien le r\u00e9cipient pour assurer un m\u00e9lange homog\u00e8ne des composants du lubrifiant.<br \/>\n\u2022 Prot\u00e9gez les disques et les plaquettes de frein pour \u00e9viter les \u00e9claboussures ind\u00e9sirables.<br \/>\n\u2022 Utilisez le tube prolongateur pr\u00e9-ins\u00e9r\u00e9 pour appliquer pr\u00e9cis\u00e9ment le lubrifiant sur toute la longueur de la cha\u00eene ou sur les zones d\u00e9sir\u00e9es, en maintenant une distance d&#8217;application de 5 \u00e0 10 cm.<br \/>\n\u2022 Pour une meilleure p\u00e9n\u00e9tration du produit, faites tourner la cha\u00eene en actionnant la manivelle du p\u00e9dalier.<br \/>\n\u2022 Laissez le lubrifiant s\u00e9cher apr\u00e8s application.<\/p>\n<p>En utilisant le Lubrifiant Cha\u00eene V\u00e9lo Toutes Conditions WD-40 SPECIALIST\u00ae, vous garantissez une performance optimale de votre cha\u00eene dans toutes les situations. Que ce soit sur des routes s\u00e8ches, humides ou boueuses, ce lubrifiant vous permet de rouler en toute confiance, pr\u00e9servant ainsi la dur\u00e9e de vie de votre cha\u00eene et minimisant l&#8217;usure. Profitez pleinement de chaque sortie \u00e0 v\u00e9lo avec la tranquillit\u00e9 d&#8217;esprit que procure une cha\u00eene bien lubrifi\u00e9e et prot\u00e9g\u00e9e contre la corrosion.<\/p>\n","protected":false},"excerpt":{"rendered":"<p>Lubrifie la cha\u00eene de v\u00e9lo dans toutes les conditions m\u00e9t\u00e9orologiques.<\/p>\n","protected":false},"featured_media":11947,"template":"","product_category":[19],"product_tag":[],"class_list":["post-1403","product","type-product","status-publish","has-post-thumbnail","hentry","product_category-wd-40-bike-fr"],"acf":[],"title_raw":"Lubrifiant Cha\u00eenes V\u00e9lo Toutes Conditions","yoast_head":"<!-- This site is optimized with the Yoast SEO Premium plugin v27.6 (Yoast SEO v27.6) - https:\/\/yoast.com\/product\/yoast-seo-premium-wordpress\/ -->\n<title>Lubrifiant Cha\u00eene V\u00e9lo Toutes Conditions WD-40 SPECIALIST\u00ae<\/title>\n<meta name=\"description\" content=\"Le Lubrifiant Cha\u00eene V\u00e9lo Toutes Conditions WD-40 SPECIALIST\u00ae est id\u00e9al pour lubrifier la cha\u00eene de v\u00e9lo par tout temps.\" \/>\n<meta name=\"robots\" content=\"index, follow, max-snippet:-1, max-image-preview:large, max-video-preview:-1\" \/>\n<link rel=\"canonical\" href=\"https:\/\/wd40.africa\/fr\/produits\/lubrifiant-chaines-toutes-conditions\/\" \/>\n<meta property=\"og:locale\" content=\"fr_FR\" \/>\n<meta property=\"og:type\" content=\"article\" \/>\n<meta property=\"og:title\" content=\"Lubrifiant Cha\u00eene V\u00e9lo Toutes Conditions WD-40 SPECIALIST\u00ae\" \/>\n<meta property=\"og:description\" content=\"Le Lubrifiant Cha\u00eene V\u00e9lo Toutes Conditions WD-40 SPECIALIST\u00ae est id\u00e9al pour lubrifier la cha\u00eene de v\u00e9lo par tout temps.\" \/>\n<meta property=\"og:url\" content=\"https:\/\/wd40.africa\/fr\/produits\/lubrifiant-chaines-toutes-conditions\/\" \/>\n<meta property=\"og:site_name\" content=\"WD-40 Africa\" \/>\n<meta property=\"article:publisher\" content=\"https:\/\/www.facebook.com\/OriginalWD40.UK\" \/>\n<meta property=\"article:modified_time\" content=\"2024-06-06T15:29:24+00:00\" \/>\n<meta property=\"og:image\" content=\"https:\/\/media.wd40.africa\/app\/uploads\/2022\/04\/05123647\/Lubrifiant-Chaine-Toutes-Conditions-WD-40-Specialist-Velo-250-ml_1000x1000_detoure.png.webp\" \/>\n\t<meta property=\"og:image:width\" content=\"1000\" \/>\n\t<meta property=\"og:image:height\" content=\"1000\" \/>\n\t<meta property=\"og:image:type\" content=\"image\/webp\" \/>\n<meta name=\"twitter:card\" content=\"summary_large_image\" \/>\n<meta name=\"twitter:site\" content=\"@originalwd40_UK\" \/>\n<script type=\"application\/ld+json\" class=\"yoast-schema-graph\">{\"@context\":\"https:\\\/\\\/schema.org\",\"@graph\":[[],{\"@type\":\"ImageObject\",\"inLanguage\":\"fr-FR\",\"@id\":\"https:\\\/\\\/wd40.africa\\\/fr\\\/produits\\\/lubrifiant-chaines-toutes-conditions\\\/#primaryimage\",\"url\":\"https:\\\/\\\/media.wd40.africa\\\/app\\\/uploads\\\/2022\\\/04\\\/05123647\\\/Lubrifiant-Chaine-Toutes-Conditions-WD-40-Specialist-Velo-250-ml_1000x1000_detoure.png.webp\",\"contentUrl\":\"https:\\\/\\\/media.wd40.africa\\\/app\\\/uploads\\\/2022\\\/04\\\/05123647\\\/Lubrifiant-Chaine-Toutes-Conditions-WD-40-Specialist-Velo-250-ml_1000x1000_detoure.png.webp\",\"width\":1000,\"height\":1000},{\"@type\":\"BreadcrumbList\",\"@id\":\"https:\\\/\\\/wd40.africa\\\/fr\\\/produits\\\/lubrifiant-chaines-toutes-conditions\\\/#breadcrumb\",\"itemListElement\":[{\"@type\":\"ListItem\",\"position\":1,\"name\":\"Produits\",\"item\":\"https:\\\/\\\/wd40.africa\\\/fr\\\/produits\\\/\"},{\"@type\":\"ListItem\",\"position\":2,\"name\":\"WD-40 Specialist V\u00e9lo\",\"item\":\"https:\\\/\\\/wd40.africa\\\/fr\\\/wd-40-produits\\\/wd-40-bike-fr\\\/\"},{\"@type\":\"ListItem\",\"position\":3,\"name\":\"Lubrifiant Cha\u00eenes V\u00e9lo Toutes Conditions\"}]},{\"@type\":\"WebSite\",\"@id\":\"https:\\\/\\\/wd40.africa\\\/fr\\\/#website\",\"url\":\"https:\\\/\\\/wd40.africa\\\/fr\\\/\",\"name\":\"WD-40 Africa\",\"description\":\"WD-40 Africa\",\"publisher\":{\"@id\":\"https:\\\/\\\/wd40.africa\\\/fr\\\/#organization\"},\"potentialAction\":[{\"@type\":\"SearchAction\",\"target\":{\"@type\":\"EntryPoint\",\"urlTemplate\":\"https:\\\/\\\/wd40.africa\\\/fr\\\/?s={search_term_string}\"},\"query-input\":{\"@type\":\"PropertyValueSpecification\",\"valueRequired\":true,\"valueName\":\"search_term_string\"}}],\"inLanguage\":\"fr-FR\"},{\"@type\":\"Organization\",\"@id\":\"https:\\\/\\\/wd40.africa\\\/fr\\\/#organization\",\"name\":\"WD-40 Africa\",\"url\":\"https:\\\/\\\/wd40.africa\\\/fr\\\/\",\"logo\":{\"@type\":\"ImageObject\",\"inLanguage\":\"fr-FR\",\"@id\":\"https:\\\/\\\/wd40.africa\\\/fr\\\/#\\\/schema\\\/logo\\\/image\\\/\",\"url\":\"https:\\\/\\\/media.wd40.africa\\\/app\\\/uploads\\\/2022\\\/10\\\/24130358\\\/WD40_logo.png\",\"contentUrl\":\"https:\\\/\\\/media.wd40.africa\\\/app\\\/uploads\\\/2022\\\/10\\\/24130358\\\/WD40_logo.png\",\"width\":1024,\"height\":1024,\"caption\":\"WD-40 Africa\"},\"image\":{\"@id\":\"https:\\\/\\\/wd40.africa\\\/fr\\\/#\\\/schema\\\/logo\\\/image\\\/\"},\"sameAs\":[\"https:\\\/\\\/www.facebook.com\\\/OriginalWD40.UK\",\"https:\\\/\\\/x.com\\\/originalwd40_UK\",\"https:\\\/\\\/www.youtube.com\\\/user\\\/OriginalWD40\"]}]}<\/script>\n<!-- \/ Yoast SEO Premium plugin. -->","yoast_head_json":{"title":"Lubrifiant Cha\u00eene V\u00e9lo Toutes Conditions WD-40 SPECIALIST\u00ae","description":"Le Lubrifiant Cha\u00eene V\u00e9lo Toutes Conditions WD-40 SPECIALIST\u00ae est id\u00e9al pour lubrifier la cha\u00eene de v\u00e9lo par tout temps.","robots":{"index":"index","follow":"follow","max-snippet":"max-snippet:-1","max-image-preview":"max-image-preview:large","max-video-preview":"max-video-preview:-1"},"canonical":"https:\/\/wd40.africa\/fr\/produits\/lubrifiant-chaines-toutes-conditions\/","og_locale":"fr_FR","og_type":"article","og_title":"Lubrifiant Cha\u00eene V\u00e9lo Toutes Conditions WD-40 SPECIALIST\u00ae","og_description":"Le Lubrifiant Cha\u00eene V\u00e9lo Toutes Conditions WD-40 SPECIALIST\u00ae est id\u00e9al pour lubrifier la cha\u00eene de v\u00e9lo par tout temps.","og_url":"https:\/\/wd40.africa\/fr\/produits\/lubrifiant-chaines-toutes-conditions\/","og_site_name":"WD-40 Africa","article_publisher":"https:\/\/www.facebook.com\/OriginalWD40.UK","article_modified_time":"2024-06-06T15:29:24+00:00","og_image":[{"width":1000,"height":1000,"url":"https:\/\/media.wd40.africa\/app\/uploads\/2022\/04\/05123647\/Lubrifiant-Chaine-Toutes-Conditions-WD-40-Specialist-Velo-250-ml_1000x1000_detoure.png.webp","type":"image\/webp"}],"twitter_card":"summary_large_image","twitter_site":"@originalwd40_UK","schema":{"@context":"https:\/\/schema.org","@graph":[[],{"@type":"ImageObject","inLanguage":"fr-FR","@id":"https:\/\/wd40.africa\/fr\/produits\/lubrifiant-chaines-toutes-conditions\/#primaryimage","url":"https:\/\/media.wd40.africa\/app\/uploads\/2022\/04\/05123647\/Lubrifiant-Chaine-Toutes-Conditions-WD-40-Specialist-Velo-250-ml_1000x1000_detoure.png.webp","contentUrl":"https:\/\/media.wd40.africa\/app\/uploads\/2022\/04\/05123647\/Lubrifiant-Chaine-Toutes-Conditions-WD-40-Specialist-Velo-250-ml_1000x1000_detoure.png.webp","width":1000,"height":1000},{"@type":"BreadcrumbList","@id":"https:\/\/wd40.africa\/fr\/produits\/lubrifiant-chaines-toutes-conditions\/#breadcrumb","itemListElement":[{"@type":"ListItem","position":1,"name":"Produits","item":"https:\/\/wd40.africa\/fr\/produits\/"},{"@type":"ListItem","position":2,"name":"WD-40 Specialist V\u00e9lo","item":"https:\/\/wd40.africa\/fr\/wd-40-produits\/wd-40-bike-fr\/"},{"@type":"ListItem","position":3,"name":"Lubrifiant Cha\u00eenes V\u00e9lo Toutes Conditions"}]},{"@type":"WebSite","@id":"https:\/\/wd40.africa\/fr\/#website","url":"https:\/\/wd40.africa\/fr\/","name":"WD-40 Africa","description":"WD-40 Africa","publisher":{"@id":"https:\/\/wd40.africa\/fr\/#organization"},"potentialAction":[{"@type":"SearchAction","target":{"@type":"EntryPoint","urlTemplate":"https:\/\/wd40.africa\/fr\/?s={search_term_string}"},"query-input":{"@type":"PropertyValueSpecification","valueRequired":true,"valueName":"search_term_string"}}],"inLanguage":"fr-FR"},{"@type":"Organization","@id":"https:\/\/wd40.africa\/fr\/#organization","name":"WD-40 Africa","url":"https:\/\/wd40.africa\/fr\/","logo":{"@type":"ImageObject","inLanguage":"fr-FR","@id":"https:\/\/wd40.africa\/fr\/#\/schema\/logo\/image\/","url":"https:\/\/media.wd40.africa\/app\/uploads\/2022\/10\/24130358\/WD40_logo.png","contentUrl":"https:\/\/media.wd40.africa\/app\/uploads\/2022\/10\/24130358\/WD40_logo.png","width":1024,"height":1024,"caption":"WD-40 Africa"},"image":{"@id":"https:\/\/wd40.africa\/fr\/#\/schema\/logo\/image\/"},"sameAs":["https:\/\/www.facebook.com\/OriginalWD40.UK","https:\/\/x.com\/originalwd40_UK","https:\/\/www.youtube.com\/user\/OriginalWD40"]}]}},"yoast-key-phrase":"","yoast-key-phrase-score":"","yoast-readability":"30","_links":{"self":[{"href":"https:\/\/wd40.africa\/fr\/wp-json\/wp\/v2\/product\/1403","targetHints":{"allow":["GET"]}}],"collection":[{"href":"https:\/\/wd40.africa\/fr\/wp-json\/wp\/v2\/product"}],"about":[{"href":"https:\/\/wd40.africa\/fr\/wp-json\/wp\/v2\/types\/product"}],"version-history":[{"count":1,"href":"https:\/\/wd40.africa\/fr\/wp-json\/wp\/v2\/product\/1403\/revisions"}],"predecessor-version":[{"id":11620,"href":"https:\/\/wd40.africa\/fr\/wp-json\/wp\/v2\/product\/1403\/revisions\/11620"}],"wp:featuredmedia":[{"embeddable":true,"href":"https:\/\/wd40.africa\/fr\/wp-json\/wp\/v2\/media\/11947"}],"wp:attachment":[{"href":"https:\/\/wd40.africa\/fr\/wp-json\/wp\/v2\/media?parent=1403"}],"wp:term":[{"taxonomy":"product_category","embeddable":true,"href":"https:\/\/wd40.africa\/fr\/wp-json\/wp\/v2\/product_category?post=1403"},{"taxonomy":"product_tag","embeddable":true,"href":"https:\/\/wd40.africa\/fr\/wp-json\/wp\/v2\/product_tag?post=1403"}],"curies":[{"name":"wp","href":"https:\/\/api.w.org\/{rel}","templated":true}]}}