{"id":1412,"date":"2022-04-20T13:50:45","date_gmt":"2022-04-20T13:50:45","guid":{"rendered":"https:\/\/wd40.africa\/?post_type=product&#038;p=1412"},"modified":"2024-06-06T17:12:25","modified_gmt":"2024-06-06T15:12:25","slug":"nettoyant-contacts-sechage-rapide","status":"publish","type":"product","link":"https:\/\/wd40.africa\/fr\/produits\/nettoyant-contacts-sechage-rapide\/","title":{"rendered":"Nettoyant Contacts S\u00e9chage Rapide"},"content":{"rendered":"<p>Le Nettoyant Contacts WD-40 Specialist est votre alli\u00e9 ultime pour \u00e9liminer efficacement les huiles, les d\u00e9p\u00f4ts gras, les salet\u00e9s, la poussi\u00e8re, les r\u00e9sidus de flux de soudure et m\u00eame la condensation sur vos \u00e9quipements \u00e9lectriques et \u00e9lectroniques, y compris les composants les plus d\u00e9licats. Sa formule sp\u00e9ciale, non conductrice, s&#8217;\u00e9vapore rapidement et ne laisse aucun r\u00e9sidu ind\u00e9sirable, assurant ainsi la s\u00e9curit\u00e9 de vos appareils \u00e9lectriques.<\/p>\n<p>Gr\u00e2ce \u00e0 son Spray Double Position, vous avez le choix entre une pulv\u00e9risation large pour couvrir de grandes surfaces lorsque le tube est abaiss\u00e9, ou une application pr\u00e9cise dans les endroits difficiles d&#8217;acc\u00e8s lorsque le tube est relev\u00e9, pour r\u00e9pondre \u00e0 tous vos besoins de nettoyage.<\/p>\n<p>Conseils d&#8217;utilisation :<\/p>\n<ul>\n<li style=\"list-style-type: none;\">\n<ul>\n<li>Assurez-vous que l&#8217;\u00e9quipement est hors tension avant d&#8217;appliquer le nettoyant.<\/li>\n<li>Agitez bien le produit avant usage pour une efficacit\u00e9 maximale.<\/li>\n<li>Appliquez g\u00e9n\u00e9reusement le nettoyant sur la zone \u00e0 traiter et laissez s\u00e9cher compl\u00e8tement.<\/li>\n<li>Laissez le produit s\u00e9cher compl\u00e8tement. La dur\u00e9e de s\u00e9chage peut varier en fonction de l\u2019environnement, mais il est recommand\u00e9 de laisser suffisamment de temps pour permettre une \u00e9vaporation compl\u00e8te.<\/li>\n<li>Utilisez le tube prolongateur pour des applications cibl\u00e9es ou dans les zones difficiles d&#8217;acc\u00e8s.<\/li>\n<\/ul>\n<\/li>\n<\/ul>\n<p>En suivant ces conseils simples, vous pouvez profiter pleinement des avantages du Nettoyant Contacts WD-40 Specialist pour maintenir vos \u00e9quipements \u00e9lectriques et \u00e9lectroniques propres et en parfait \u00e9tat de fonctionnement.<\/p>\n","protected":false},"excerpt":{"rendered":"<p>Nettoie efficacement vos \u00e9quipements \u00e9lectriques et \u00e9lectroniques.<\/p>\n","protected":false},"featured_media":11827,"template":"","product_category":[21],"product_tag":[],"class_list":["post-1412","product","type-product","status-publish","has-post-thumbnail","hentry","product_category-wd-40-specialist-fr"],"acf":[],"title_raw":"Nettoyant Contacts S\u00e9chage Rapide","yoast_head":"<!-- This site is optimized with the Yoast SEO Premium plugin v27.3 (Yoast SEO v27.3) - https:\/\/yoast.com\/product\/yoast-seo-premium-wordpress\/ -->\n<title>Nettoyant Contacts WD-40 Specialist - 400ml<\/title>\n<meta name=\"description\" content=\"D\u00e9couvrez le Nettoyant Contacts WD-40 Specialist, un produit id\u00e9al pour nettoyer les \u00e9quipements \u00e9lectriques et \u00e9lectroniques\" \/>\n<meta name=\"robots\" content=\"index, follow, max-snippet:-1, max-image-preview:large, max-video-preview:-1\" \/>\n<link rel=\"canonical\" href=\"https:\/\/wd40.africa\/fr\/produits\/nettoyant-contacts-sechage-rapide\/\" \/>\n<meta property=\"og:locale\" content=\"fr_FR\" \/>\n<meta property=\"og:type\" content=\"article\" \/>\n<meta property=\"og:title\" content=\"Nettoyant Contacts WD-40 Specialist - 400ml\" \/>\n<meta property=\"og:description\" content=\"D\u00e9couvrez le Nettoyant Contacts WD-40 Specialist, un produit id\u00e9al pour nettoyer les \u00e9quipements \u00e9lectriques et \u00e9lectroniques\" \/>\n<meta property=\"og:url\" content=\"https:\/\/wd40.africa\/fr\/produits\/nettoyant-contacts-sechage-rapide\/\" \/>\n<meta property=\"og:site_name\" content=\"WD-40 Africa\" \/>\n<meta property=\"article:publisher\" content=\"https:\/\/www.facebook.com\/OriginalWD40.UK\" \/>\n<meta property=\"article:modified_time\" content=\"2024-06-06T15:12:25+00:00\" \/>\n<meta property=\"og:image\" content=\"https:\/\/media.wd40.africa\/app\/uploads\/2022\/04\/05110831\/Nettoyant-Contacts-WD-40-Specialist-400-ml_1000x1000_detoure.png.webp\" \/>\n\t<meta property=\"og:image:width\" content=\"1000\" \/>\n\t<meta property=\"og:image:height\" content=\"1000\" \/>\n\t<meta property=\"og:image:type\" content=\"image\/webp\" \/>\n<meta name=\"twitter:card\" content=\"summary_large_image\" \/>\n<meta name=\"twitter:site\" content=\"@originalwd40_UK\" \/>\n<script type=\"application\/ld+json\" class=\"yoast-schema-graph\">{\"@context\":\"https:\\\/\\\/schema.org\",\"@graph\":[[],{\"@type\":\"ImageObject\",\"inLanguage\":\"fr-FR\",\"@id\":\"https:\\\/\\\/wd40.africa\\\/fr\\\/produits\\\/nettoyant-contacts-sechage-rapide\\\/#primaryimage\",\"url\":\"https:\\\/\\\/media.wd40.africa\\\/app\\\/uploads\\\/2022\\\/04\\\/05110831\\\/Nettoyant-Contacts-WD-40-Specialist-400-ml_1000x1000_detoure.png.webp\",\"contentUrl\":\"https:\\\/\\\/media.wd40.africa\\\/app\\\/uploads\\\/2022\\\/04\\\/05110831\\\/Nettoyant-Contacts-WD-40-Specialist-400-ml_1000x1000_detoure.png.webp\",\"width\":1000,\"height\":1000},{\"@type\":\"BreadcrumbList\",\"@id\":\"https:\\\/\\\/wd40.africa\\\/fr\\\/produits\\\/nettoyant-contacts-sechage-rapide\\\/#breadcrumb\",\"itemListElement\":[{\"@type\":\"ListItem\",\"position\":1,\"name\":\"Produits\",\"item\":\"https:\\\/\\\/wd40.africa\\\/fr\\\/produits\\\/\"},{\"@type\":\"ListItem\",\"position\":2,\"name\":\"WD-40 Specialist\",\"item\":\"https:\\\/\\\/wd40.africa\\\/fr\\\/wd-40-produits\\\/wd-40-specialist-fr\\\/\"},{\"@type\":\"ListItem\",\"position\":3,\"name\":\"Nettoyant Contacts S\u00e9chage Rapide\"}]},{\"@type\":\"WebSite\",\"@id\":\"https:\\\/\\\/wd40.africa\\\/fr\\\/#website\",\"url\":\"https:\\\/\\\/wd40.africa\\\/fr\\\/\",\"name\":\"WD-40 Africa\",\"description\":\"WD-40 Africa\",\"publisher\":{\"@id\":\"https:\\\/\\\/wd40.africa\\\/fr\\\/#organization\"},\"potentialAction\":[{\"@type\":\"SearchAction\",\"target\":{\"@type\":\"EntryPoint\",\"urlTemplate\":\"https:\\\/\\\/wd40.africa\\\/fr\\\/?s={search_term_string}\"},\"query-input\":{\"@type\":\"PropertyValueSpecification\",\"valueRequired\":true,\"valueName\":\"search_term_string\"}}],\"inLanguage\":\"fr-FR\"},{\"@type\":\"Organization\",\"@id\":\"https:\\\/\\\/wd40.africa\\\/fr\\\/#organization\",\"name\":\"WD-40 Africa\",\"url\":\"https:\\\/\\\/wd40.africa\\\/fr\\\/\",\"logo\":{\"@type\":\"ImageObject\",\"inLanguage\":\"fr-FR\",\"@id\":\"https:\\\/\\\/wd40.africa\\\/fr\\\/#\\\/schema\\\/logo\\\/image\\\/\",\"url\":\"https:\\\/\\\/media.wd40.africa\\\/app\\\/uploads\\\/2022\\\/10\\\/24130358\\\/WD40_logo.png\",\"contentUrl\":\"https:\\\/\\\/media.wd40.africa\\\/app\\\/uploads\\\/2022\\\/10\\\/24130358\\\/WD40_logo.png\",\"width\":1024,\"height\":1024,\"caption\":\"WD-40 Africa\"},\"image\":{\"@id\":\"https:\\\/\\\/wd40.africa\\\/fr\\\/#\\\/schema\\\/logo\\\/image\\\/\"},\"sameAs\":[\"https:\\\/\\\/www.facebook.com\\\/OriginalWD40.UK\",\"https:\\\/\\\/x.com\\\/originalwd40_UK\",\"https:\\\/\\\/www.youtube.com\\\/user\\\/OriginalWD40\"]}]}<\/script>\n<!-- \/ Yoast SEO Premium plugin. -->","yoast_head_json":{"title":"Nettoyant Contacts WD-40 Specialist - 400ml","description":"D\u00e9couvrez le Nettoyant Contacts WD-40 Specialist, un produit id\u00e9al pour nettoyer les \u00e9quipements \u00e9lectriques et \u00e9lectroniques","robots":{"index":"index","follow":"follow","max-snippet":"max-snippet:-1","max-image-preview":"max-image-preview:large","max-video-preview":"max-video-preview:-1"},"canonical":"https:\/\/wd40.africa\/fr\/produits\/nettoyant-contacts-sechage-rapide\/","og_locale":"fr_FR","og_type":"article","og_title":"Nettoyant Contacts WD-40 Specialist - 400ml","og_description":"D\u00e9couvrez le Nettoyant Contacts WD-40 Specialist, un produit id\u00e9al pour nettoyer les \u00e9quipements \u00e9lectriques et \u00e9lectroniques","og_url":"https:\/\/wd40.africa\/fr\/produits\/nettoyant-contacts-sechage-rapide\/","og_site_name":"WD-40 Africa","article_publisher":"https:\/\/www.facebook.com\/OriginalWD40.UK","article_modified_time":"2024-06-06T15:12:25+00:00","og_image":[{"width":1000,"height":1000,"url":"https:\/\/media.wd40.africa\/app\/uploads\/2022\/04\/05110831\/Nettoyant-Contacts-WD-40-Specialist-400-ml_1000x1000_detoure.png.webp","type":"image\/webp"}],"twitter_card":"summary_large_image","twitter_site":"@originalwd40_UK","schema":{"@context":"https:\/\/schema.org","@graph":[[],{"@type":"ImageObject","inLanguage":"fr-FR","@id":"https:\/\/wd40.africa\/fr\/produits\/nettoyant-contacts-sechage-rapide\/#primaryimage","url":"https:\/\/media.wd40.africa\/app\/uploads\/2022\/04\/05110831\/Nettoyant-Contacts-WD-40-Specialist-400-ml_1000x1000_detoure.png.webp","contentUrl":"https:\/\/media.wd40.africa\/app\/uploads\/2022\/04\/05110831\/Nettoyant-Contacts-WD-40-Specialist-400-ml_1000x1000_detoure.png.webp","width":1000,"height":1000},{"@type":"BreadcrumbList","@id":"https:\/\/wd40.africa\/fr\/produits\/nettoyant-contacts-sechage-rapide\/#breadcrumb","itemListElement":[{"@type":"ListItem","position":1,"name":"Produits","item":"https:\/\/wd40.africa\/fr\/produits\/"},{"@type":"ListItem","position":2,"name":"WD-40 Specialist","item":"https:\/\/wd40.africa\/fr\/wd-40-produits\/wd-40-specialist-fr\/"},{"@type":"ListItem","position":3,"name":"Nettoyant Contacts S\u00e9chage Rapide"}]},{"@type":"WebSite","@id":"https:\/\/wd40.africa\/fr\/#website","url":"https:\/\/wd40.africa\/fr\/","name":"WD-40 Africa","description":"WD-40 Africa","publisher":{"@id":"https:\/\/wd40.africa\/fr\/#organization"},"potentialAction":[{"@type":"SearchAction","target":{"@type":"EntryPoint","urlTemplate":"https:\/\/wd40.africa\/fr\/?s={search_term_string}"},"query-input":{"@type":"PropertyValueSpecification","valueRequired":true,"valueName":"search_term_string"}}],"inLanguage":"fr-FR"},{"@type":"Organization","@id":"https:\/\/wd40.africa\/fr\/#organization","name":"WD-40 Africa","url":"https:\/\/wd40.africa\/fr\/","logo":{"@type":"ImageObject","inLanguage":"fr-FR","@id":"https:\/\/wd40.africa\/fr\/#\/schema\/logo\/image\/","url":"https:\/\/media.wd40.africa\/app\/uploads\/2022\/10\/24130358\/WD40_logo.png","contentUrl":"https:\/\/media.wd40.africa\/app\/uploads\/2022\/10\/24130358\/WD40_logo.png","width":1024,"height":1024,"caption":"WD-40 Africa"},"image":{"@id":"https:\/\/wd40.africa\/fr\/#\/schema\/logo\/image\/"},"sameAs":["https:\/\/www.facebook.com\/OriginalWD40.UK","https:\/\/x.com\/originalwd40_UK","https:\/\/www.youtube.com\/user\/OriginalWD40"]}]}},"yoast-key-phrase":"","yoast-key-phrase-score":"","yoast-readability":"90","_links":{"self":[{"href":"https:\/\/wd40.africa\/fr\/wp-json\/wp\/v2\/product\/1412","targetHints":{"allow":["GET"]}}],"collection":[{"href":"https:\/\/wd40.africa\/fr\/wp-json\/wp\/v2\/product"}],"about":[{"href":"https:\/\/wd40.africa\/fr\/wp-json\/wp\/v2\/types\/product"}],"version-history":[{"count":1,"href":"https:\/\/wd40.africa\/fr\/wp-json\/wp\/v2\/product\/1412\/revisions"}],"predecessor-version":[{"id":11637,"href":"https:\/\/wd40.africa\/fr\/wp-json\/wp\/v2\/product\/1412\/revisions\/11637"}],"wp:featuredmedia":[{"embeddable":true,"href":"https:\/\/wd40.africa\/fr\/wp-json\/wp\/v2\/media\/11827"}],"wp:attachment":[{"href":"https:\/\/wd40.africa\/fr\/wp-json\/wp\/v2\/media?parent=1412"}],"wp:term":[{"taxonomy":"product_category","embeddable":true,"href":"https:\/\/wd40.africa\/fr\/wp-json\/wp\/v2\/product_category?post=1412"},{"taxonomy":"product_tag","embeddable":true,"href":"https:\/\/wd40.africa\/fr\/wp-json\/wp\/v2\/product_tag?post=1412"}],"curies":[{"name":"wp","href":"https:\/\/api.w.org\/{rel}","templated":true}]}}