{"id":1437,"date":"2022-04-20T14:08:01","date_gmt":"2022-04-20T14:08:01","guid":{"rendered":"https:\/\/wd40.africa\/?post_type=product&#038;p=1437"},"modified":"2024-06-05T11:06:24","modified_gmt":"2024-06-05T09:06:24","slug":"lubrifiant-au-silicone-formule-propre","status":"publish","type":"product","link":"https:\/\/wd40.africa\/fr\/produits\/lubrifiant-au-silicone-formule-propre\/","title":{"rendered":"Lubrifiant au Silicone Formule Propre"},"content":{"rendered":"<p>Le Lubrifiant au Silicone WD-40 SPECIALIST\u00ae assure une lubrification optimale tout en \u00e9vitant l&#8217;accumulation de salet\u00e9s. Sa formule avanc\u00e9e garantit un mouvement fluide des pi\u00e8ces et offre une protection contre l&#8217;humidit\u00e9 et la corrosion une fois s\u00e9ch\u00e9.<\/p>\n<p>Compatible avec tous les m\u00e9taux, plastiques, caoutchoucs et bois, ce lubrifiant assure une polyvalence d&#8217;utilisation. Il pr\u00e9vient les frictions et le grippage des pi\u00e8ces mobiles, m\u00eame dans des conditions de forte pression, et r\u00e9siste aux temp\u00e9ratures allant jusqu&#8217;\u00e0 200\u00b0C.<\/p>\n<p>Le Spray Double Position permet une application pratique : abaiss\u00e9, il offre une pulv\u00e9risation large pour couvrir une grande surface, tandis que relev\u00e9, il permet une application pr\u00e9cise dans les endroits difficiles d&#8217;acc\u00e8s.<\/p>\n<p>Conseils d&#8217;utilisation :<br \/>\n\u2022 Avant utilisation, agitez bien le produit pour m\u00e9langer les composants.<br \/>\n\u2022 Saturez la zone \u00e0 traiter avec le lubrifiant au silicone.<br \/>\n\u2022 Laissez le lubrifiant p\u00e9n\u00e9trer dans la zone trait\u00e9e.<br \/>\n\u2022 Pour des applications n\u00e9cessitant une pr\u00e9cision, utilisez le tube prolongateur fourni pour diriger le lubrifiant exactement o\u00f9 vous en avez besoin.<\/p>\n<p>En suivant ces conseils simples, vous pourrez utiliser le Lubrifiant au Silicone de mani\u00e8re efficace et pr\u00e9cise, garantissant une lubrification optimale des pi\u00e8ces tout en \u00e9vitant les exc\u00e8s.<\/p>\n","protected":false},"excerpt":{"rendered":"<p>Lubrifie sans attirer les poussi\u00e8res et prot\u00e8ge de l&#8217;humidit\u00e9.<\/p>\n","protected":false},"featured_media":11811,"template":"","product_category":[21],"product_tag":[],"class_list":["post-1437","product","type-product","status-publish","has-post-thumbnail","hentry","product_category-wd-40-specialist-fr"],"acf":[],"title_raw":"Lubrifiant au Silicone Formule Propre","yoast_head":"<!-- This site is optimized with the Yoast SEO Premium plugin v27.3 (Yoast SEO v27.3) - https:\/\/yoast.com\/product\/yoast-seo-premium-wordpress\/ -->\n<title>Le Lubrifiant au Silicone WD-40 SPECIALIST : lubrifie proprement<\/title>\n<meta name=\"description\" content=\"Le Lubrifiant au Silicone WD-40 Specialist sera votre meilleur alli\u00e9 pour l&#039;entretien de pi\u00e8ces en caoutchoucs et plastiques\" \/>\n<meta name=\"robots\" content=\"index, follow, max-snippet:-1, max-image-preview:large, max-video-preview:-1\" \/>\n<link rel=\"canonical\" href=\"https:\/\/wd40.africa\/fr\/produits\/lubrifiant-au-silicone-formule-propre\/\" \/>\n<meta property=\"og:locale\" content=\"fr_FR\" \/>\n<meta property=\"og:type\" content=\"article\" \/>\n<meta property=\"og:title\" content=\"Le Lubrifiant au Silicone WD-40 SPECIALIST : lubrifie proprement\" \/>\n<meta property=\"og:description\" content=\"Le Lubrifiant au Silicone WD-40 Specialist sera votre meilleur alli\u00e9 pour l&#039;entretien de pi\u00e8ces en caoutchoucs et plastiques\" \/>\n<meta property=\"og:url\" content=\"https:\/\/wd40.africa\/fr\/produits\/lubrifiant-au-silicone-formule-propre\/\" \/>\n<meta property=\"og:site_name\" content=\"WD-40 Africa\" \/>\n<meta property=\"article:publisher\" content=\"https:\/\/www.facebook.com\/OriginalWD40.UK\" \/>\n<meta property=\"article:modified_time\" content=\"2024-06-05T09:06:24+00:00\" \/>\n<meta property=\"og:image\" content=\"https:\/\/media.wd40.africa\/app\/uploads\/2022\/04\/05110131\/Lubrifiant-au-Silicone-WD-40-Specialist-400-ml_1000x1000_detoure.png.webp\" \/>\n\t<meta property=\"og:image:width\" content=\"1000\" \/>\n\t<meta property=\"og:image:height\" content=\"1000\" \/>\n\t<meta property=\"og:image:type\" content=\"image\/webp\" \/>\n<meta name=\"twitter:card\" content=\"summary_large_image\" \/>\n<meta name=\"twitter:site\" content=\"@originalwd40_UK\" \/>\n<script type=\"application\/ld+json\" class=\"yoast-schema-graph\">{\"@context\":\"https:\\\/\\\/schema.org\",\"@graph\":[[],{\"@type\":\"ImageObject\",\"inLanguage\":\"fr-FR\",\"@id\":\"https:\\\/\\\/wd40.africa\\\/fr\\\/produits\\\/lubrifiant-au-silicone-formule-propre\\\/#primaryimage\",\"url\":\"https:\\\/\\\/media.wd40.africa\\\/app\\\/uploads\\\/2022\\\/04\\\/05110131\\\/Lubrifiant-au-Silicone-WD-40-Specialist-400-ml_1000x1000_detoure.png.webp\",\"contentUrl\":\"https:\\\/\\\/media.wd40.africa\\\/app\\\/uploads\\\/2022\\\/04\\\/05110131\\\/Lubrifiant-au-Silicone-WD-40-Specialist-400-ml_1000x1000_detoure.png.webp\",\"width\":1000,\"height\":1000},{\"@type\":\"BreadcrumbList\",\"@id\":\"https:\\\/\\\/wd40.africa\\\/fr\\\/produits\\\/lubrifiant-au-silicone-formule-propre\\\/#breadcrumb\",\"itemListElement\":[{\"@type\":\"ListItem\",\"position\":1,\"name\":\"Produits\",\"item\":\"https:\\\/\\\/wd40.africa\\\/fr\\\/produits\\\/\"},{\"@type\":\"ListItem\",\"position\":2,\"name\":\"WD-40 Specialist\",\"item\":\"https:\\\/\\\/wd40.africa\\\/fr\\\/wd-40-produits\\\/wd-40-specialist-fr\\\/\"},{\"@type\":\"ListItem\",\"position\":3,\"name\":\"Lubrifiant au Silicone Formule Propre\"}]},{\"@type\":\"WebSite\",\"@id\":\"https:\\\/\\\/wd40.africa\\\/fr\\\/#website\",\"url\":\"https:\\\/\\\/wd40.africa\\\/fr\\\/\",\"name\":\"WD-40 Africa\",\"description\":\"WD-40 Africa\",\"publisher\":{\"@id\":\"https:\\\/\\\/wd40.africa\\\/fr\\\/#organization\"},\"potentialAction\":[{\"@type\":\"SearchAction\",\"target\":{\"@type\":\"EntryPoint\",\"urlTemplate\":\"https:\\\/\\\/wd40.africa\\\/fr\\\/?s={search_term_string}\"},\"query-input\":{\"@type\":\"PropertyValueSpecification\",\"valueRequired\":true,\"valueName\":\"search_term_string\"}}],\"inLanguage\":\"fr-FR\"},{\"@type\":\"Organization\",\"@id\":\"https:\\\/\\\/wd40.africa\\\/fr\\\/#organization\",\"name\":\"WD-40 Africa\",\"url\":\"https:\\\/\\\/wd40.africa\\\/fr\\\/\",\"logo\":{\"@type\":\"ImageObject\",\"inLanguage\":\"fr-FR\",\"@id\":\"https:\\\/\\\/wd40.africa\\\/fr\\\/#\\\/schema\\\/logo\\\/image\\\/\",\"url\":\"https:\\\/\\\/media.wd40.africa\\\/app\\\/uploads\\\/2022\\\/10\\\/24130358\\\/WD40_logo.png\",\"contentUrl\":\"https:\\\/\\\/media.wd40.africa\\\/app\\\/uploads\\\/2022\\\/10\\\/24130358\\\/WD40_logo.png\",\"width\":1024,\"height\":1024,\"caption\":\"WD-40 Africa\"},\"image\":{\"@id\":\"https:\\\/\\\/wd40.africa\\\/fr\\\/#\\\/schema\\\/logo\\\/image\\\/\"},\"sameAs\":[\"https:\\\/\\\/www.facebook.com\\\/OriginalWD40.UK\",\"https:\\\/\\\/x.com\\\/originalwd40_UK\",\"https:\\\/\\\/www.youtube.com\\\/user\\\/OriginalWD40\"]}]}<\/script>\n<!-- \/ Yoast SEO Premium plugin. -->","yoast_head_json":{"title":"Le Lubrifiant au Silicone WD-40 SPECIALIST : lubrifie proprement","description":"Le Lubrifiant au Silicone WD-40 Specialist sera votre meilleur alli\u00e9 pour l'entretien de pi\u00e8ces en caoutchoucs et plastiques","robots":{"index":"index","follow":"follow","max-snippet":"max-snippet:-1","max-image-preview":"max-image-preview:large","max-video-preview":"max-video-preview:-1"},"canonical":"https:\/\/wd40.africa\/fr\/produits\/lubrifiant-au-silicone-formule-propre\/","og_locale":"fr_FR","og_type":"article","og_title":"Le Lubrifiant au Silicone WD-40 SPECIALIST : lubrifie proprement","og_description":"Le Lubrifiant au Silicone WD-40 Specialist sera votre meilleur alli\u00e9 pour l'entretien de pi\u00e8ces en caoutchoucs et plastiques","og_url":"https:\/\/wd40.africa\/fr\/produits\/lubrifiant-au-silicone-formule-propre\/","og_site_name":"WD-40 Africa","article_publisher":"https:\/\/www.facebook.com\/OriginalWD40.UK","article_modified_time":"2024-06-05T09:06:24+00:00","og_image":[{"width":1000,"height":1000,"url":"https:\/\/media.wd40.africa\/app\/uploads\/2022\/04\/05110131\/Lubrifiant-au-Silicone-WD-40-Specialist-400-ml_1000x1000_detoure.png.webp","type":"image\/webp"}],"twitter_card":"summary_large_image","twitter_site":"@originalwd40_UK","schema":{"@context":"https:\/\/schema.org","@graph":[[],{"@type":"ImageObject","inLanguage":"fr-FR","@id":"https:\/\/wd40.africa\/fr\/produits\/lubrifiant-au-silicone-formule-propre\/#primaryimage","url":"https:\/\/media.wd40.africa\/app\/uploads\/2022\/04\/05110131\/Lubrifiant-au-Silicone-WD-40-Specialist-400-ml_1000x1000_detoure.png.webp","contentUrl":"https:\/\/media.wd40.africa\/app\/uploads\/2022\/04\/05110131\/Lubrifiant-au-Silicone-WD-40-Specialist-400-ml_1000x1000_detoure.png.webp","width":1000,"height":1000},{"@type":"BreadcrumbList","@id":"https:\/\/wd40.africa\/fr\/produits\/lubrifiant-au-silicone-formule-propre\/#breadcrumb","itemListElement":[{"@type":"ListItem","position":1,"name":"Produits","item":"https:\/\/wd40.africa\/fr\/produits\/"},{"@type":"ListItem","position":2,"name":"WD-40 Specialist","item":"https:\/\/wd40.africa\/fr\/wd-40-produits\/wd-40-specialist-fr\/"},{"@type":"ListItem","position":3,"name":"Lubrifiant au Silicone Formule Propre"}]},{"@type":"WebSite","@id":"https:\/\/wd40.africa\/fr\/#website","url":"https:\/\/wd40.africa\/fr\/","name":"WD-40 Africa","description":"WD-40 Africa","publisher":{"@id":"https:\/\/wd40.africa\/fr\/#organization"},"potentialAction":[{"@type":"SearchAction","target":{"@type":"EntryPoint","urlTemplate":"https:\/\/wd40.africa\/fr\/?s={search_term_string}"},"query-input":{"@type":"PropertyValueSpecification","valueRequired":true,"valueName":"search_term_string"}}],"inLanguage":"fr-FR"},{"@type":"Organization","@id":"https:\/\/wd40.africa\/fr\/#organization","name":"WD-40 Africa","url":"https:\/\/wd40.africa\/fr\/","logo":{"@type":"ImageObject","inLanguage":"fr-FR","@id":"https:\/\/wd40.africa\/fr\/#\/schema\/logo\/image\/","url":"https:\/\/media.wd40.africa\/app\/uploads\/2022\/10\/24130358\/WD40_logo.png","contentUrl":"https:\/\/media.wd40.africa\/app\/uploads\/2022\/10\/24130358\/WD40_logo.png","width":1024,"height":1024,"caption":"WD-40 Africa"},"image":{"@id":"https:\/\/wd40.africa\/fr\/#\/schema\/logo\/image\/"},"sameAs":["https:\/\/www.facebook.com\/OriginalWD40.UK","https:\/\/x.com\/originalwd40_UK","https:\/\/www.youtube.com\/user\/OriginalWD40"]}]}},"yoast-key-phrase":"","yoast-key-phrase-score":"","yoast-readability":"60","_links":{"self":[{"href":"https:\/\/wd40.africa\/fr\/wp-json\/wp\/v2\/product\/1437","targetHints":{"allow":["GET"]}}],"collection":[{"href":"https:\/\/wd40.africa\/fr\/wp-json\/wp\/v2\/product"}],"about":[{"href":"https:\/\/wd40.africa\/fr\/wp-json\/wp\/v2\/types\/product"}],"version-history":[{"count":1,"href":"https:\/\/wd40.africa\/fr\/wp-json\/wp\/v2\/product\/1437\/revisions"}],"predecessor-version":[{"id":11633,"href":"https:\/\/wd40.africa\/fr\/wp-json\/wp\/v2\/product\/1437\/revisions\/11633"}],"wp:featuredmedia":[{"embeddable":true,"href":"https:\/\/wd40.africa\/fr\/wp-json\/wp\/v2\/media\/11811"}],"wp:attachment":[{"href":"https:\/\/wd40.africa\/fr\/wp-json\/wp\/v2\/media?parent=1437"}],"wp:term":[{"taxonomy":"product_category","embeddable":true,"href":"https:\/\/wd40.africa\/fr\/wp-json\/wp\/v2\/product_category?post=1437"},{"taxonomy":"product_tag","embeddable":true,"href":"https:\/\/wd40.africa\/fr\/wp-json\/wp\/v2\/product_tag?post=1437"}],"curies":[{"name":"wp","href":"https:\/\/api.w.org\/{rel}","templated":true}]}}