{"id":1455,"date":"2022-04-20T15:03:32","date_gmt":"2022-04-20T15:03:32","guid":{"rendered":"https:\/\/wd40.africa\/?post_type=product&#038;p=1455"},"modified":"2024-06-05T10:48:39","modified_gmt":"2024-06-05T08:48:39","slug":"graisse-en-spray-longue-duree","status":"publish","type":"product","link":"https:\/\/wd40.africa\/fr\/produits\/graisse-en-spray-longue-duree\/","title":{"rendered":"Graisse en Spray Longue Dur\u00e9e"},"content":{"rendered":"<p>La Graisse en Spray Longue Dur\u00e9e WD-40 Specialist est le fruit de la fusion entre la formule du Produit Multifonction WD-40 et des agents lubrifiants ainsi que des additifs anti-usure, tous compatibles avec des pressions \u00e9lev\u00e9es.<\/p>\n<p>Gr\u00e2ce \u00e0 sa texture gel, cette graisse offre une lubrification extr\u00eamement durable, parfaitement adapt\u00e9e pour \u00e9liminer les grincements et les points de friction, tout en assurant une excellente protection contre la corrosion et l&#8217;oxydation. Sa forte adh\u00e9rence et ses capacit\u00e9s \u00e0 colmater garantissent qu&#8217;elle ne coule pas et qu&#8217;elle r\u00e9siste \u00e0 l&#8217;eau, m\u00eame sur les surfaces verticales.<\/p>\n<p>Utilisable dans une large plage de temp\u00e9ratures, allant de -20\u00b0C \u00e0 +115\u00b0C, ce produit est sp\u00e9cialement recommand\u00e9 pour une utilisation en ext\u00e9rieur et dans des situations o\u00f9 une r\u00e9application ult\u00e9rieure est difficile en raison des conditions d&#8217;acc\u00e8s \u00e0 la pi\u00e8ce.<\/p>\n<p>Gr\u00e2ce au Spray Double Position, vous b\u00e9n\u00e9ficiez d&#8217;une flexibilit\u00e9 optimale lors de l&#8217;application : le tube abaiss\u00e9 offre une pulv\u00e9risation large pour couvrir une grande surface, tandis que relev\u00e9, il permet une application pr\u00e9cise dans les endroits difficiles d&#8217;acc\u00e8s.<\/p>\n<p>Conseils d&#8217;utilisation :<br \/>\n\u2022 Agitez bien le produit avant utilisation.<br \/>\n\u2022 Saturez la zone \u00e0 traiter et laissez p\u00e9n\u00e9trer.<br \/>\n\u2022 Pour des applications pr\u00e9cises, utilisez le tube prolongateur.<\/p>\n<p>En suivant ces conseils, vous pourrez profiter pleinement des avantages de la Graisse en Spray Longue Dur\u00e9e WD-40 Specialist, assurant une lubrification durable et une protection efficace contre la rouille.<\/p>\n","protected":false},"excerpt":{"rendered":"<p>Lubrifie durablement gr\u00e2ce \u00e0 sa texture gel et prot\u00e8ge de la rouille.<\/p>\n","protected":false},"featured_media":11770,"template":"","product_category":[21],"product_tag":[],"class_list":["post-1455","product","type-product","status-publish","has-post-thumbnail","hentry","product_category-wd-40-specialist-fr"],"acf":[],"title_raw":"Graisse en Spray Longue Dur\u00e9e","yoast_head":"<!-- This site is optimized with the Yoast SEO Premium plugin v27.3 (Yoast SEO v27.3) - https:\/\/yoast.com\/product\/yoast-seo-premium-wordpress\/ -->\n<title>La Graisse en Spray Longue Dur\u00e9e WD-40 Specialist, id\u00e9ale sur le metal<\/title>\n<meta name=\"description\" content=\"Cette graisse en spray sera parfaite pour une utilisation sur des pi\u00e8ces m\u00e9talliques, en ext\u00e9rieur et\/ou sur des surfaces verticales gr\u00e2ce \u00e0 sa texture gel.\" \/>\n<meta name=\"robots\" content=\"index, follow, max-snippet:-1, max-image-preview:large, max-video-preview:-1\" \/>\n<link rel=\"canonical\" href=\"https:\/\/wd40.africa\/fr\/produits\/graisse-en-spray-longue-duree\/\" \/>\n<meta property=\"og:locale\" content=\"fr_FR\" \/>\n<meta property=\"og:type\" content=\"article\" \/>\n<meta property=\"og:title\" content=\"La Graisse en Spray Longue Dur\u00e9e WD-40 Specialist, id\u00e9ale sur le metal\" \/>\n<meta property=\"og:description\" content=\"Cette graisse en spray sera parfaite pour une utilisation sur des pi\u00e8ces m\u00e9talliques, en ext\u00e9rieur et\/ou sur des surfaces verticales gr\u00e2ce \u00e0 sa texture gel.\" \/>\n<meta property=\"og:url\" content=\"https:\/\/wd40.africa\/fr\/produits\/graisse-en-spray-longue-duree\/\" \/>\n<meta property=\"og:site_name\" content=\"WD-40 Africa\" \/>\n<meta property=\"article:publisher\" content=\"https:\/\/www.facebook.com\/OriginalWD40.UK\" \/>\n<meta property=\"article:modified_time\" content=\"2024-06-05T08:48:39+00:00\" \/>\n<meta property=\"og:image\" content=\"https:\/\/media.wd40.africa\/app\/uploads\/2022\/04\/05104152\/Graisse-en-Spray-WD-40-Specialist-400-ml_1000x1000_detoure.png.webp\" \/>\n\t<meta property=\"og:image:width\" content=\"1000\" \/>\n\t<meta property=\"og:image:height\" content=\"1000\" \/>\n\t<meta property=\"og:image:type\" content=\"image\/webp\" \/>\n<meta name=\"twitter:card\" content=\"summary_large_image\" \/>\n<meta name=\"twitter:site\" content=\"@originalwd40_UK\" \/>\n<script type=\"application\/ld+json\" class=\"yoast-schema-graph\">{\"@context\":\"https:\\\/\\\/schema.org\",\"@graph\":[[],{\"@type\":\"ImageObject\",\"inLanguage\":\"fr-FR\",\"@id\":\"https:\\\/\\\/wd40.africa\\\/fr\\\/produits\\\/graisse-en-spray-longue-duree\\\/#primaryimage\",\"url\":\"https:\\\/\\\/media.wd40.africa\\\/app\\\/uploads\\\/2022\\\/04\\\/05104152\\\/Graisse-en-Spray-WD-40-Specialist-400-ml_1000x1000_detoure.png.webp\",\"contentUrl\":\"https:\\\/\\\/media.wd40.africa\\\/app\\\/uploads\\\/2022\\\/04\\\/05104152\\\/Graisse-en-Spray-WD-40-Specialist-400-ml_1000x1000_detoure.png.webp\",\"width\":1000,\"height\":1000},{\"@type\":\"BreadcrumbList\",\"@id\":\"https:\\\/\\\/wd40.africa\\\/fr\\\/produits\\\/graisse-en-spray-longue-duree\\\/#breadcrumb\",\"itemListElement\":[{\"@type\":\"ListItem\",\"position\":1,\"name\":\"Produits\",\"item\":\"https:\\\/\\\/wd40.africa\\\/fr\\\/produits\\\/\"},{\"@type\":\"ListItem\",\"position\":2,\"name\":\"WD-40 Specialist\",\"item\":\"https:\\\/\\\/wd40.africa\\\/fr\\\/wd-40-produits\\\/wd-40-specialist-fr\\\/\"},{\"@type\":\"ListItem\",\"position\":3,\"name\":\"Graisse en Spray Longue Dur\u00e9e\"}]},{\"@type\":\"WebSite\",\"@id\":\"https:\\\/\\\/wd40.africa\\\/fr\\\/#website\",\"url\":\"https:\\\/\\\/wd40.africa\\\/fr\\\/\",\"name\":\"WD-40 Africa\",\"description\":\"WD-40 Africa\",\"publisher\":{\"@id\":\"https:\\\/\\\/wd40.africa\\\/fr\\\/#organization\"},\"potentialAction\":[{\"@type\":\"SearchAction\",\"target\":{\"@type\":\"EntryPoint\",\"urlTemplate\":\"https:\\\/\\\/wd40.africa\\\/fr\\\/?s={search_term_string}\"},\"query-input\":{\"@type\":\"PropertyValueSpecification\",\"valueRequired\":true,\"valueName\":\"search_term_string\"}}],\"inLanguage\":\"fr-FR\"},{\"@type\":\"Organization\",\"@id\":\"https:\\\/\\\/wd40.africa\\\/fr\\\/#organization\",\"name\":\"WD-40 Africa\",\"url\":\"https:\\\/\\\/wd40.africa\\\/fr\\\/\",\"logo\":{\"@type\":\"ImageObject\",\"inLanguage\":\"fr-FR\",\"@id\":\"https:\\\/\\\/wd40.africa\\\/fr\\\/#\\\/schema\\\/logo\\\/image\\\/\",\"url\":\"https:\\\/\\\/media.wd40.africa\\\/app\\\/uploads\\\/2022\\\/10\\\/24130358\\\/WD40_logo.png\",\"contentUrl\":\"https:\\\/\\\/media.wd40.africa\\\/app\\\/uploads\\\/2022\\\/10\\\/24130358\\\/WD40_logo.png\",\"width\":1024,\"height\":1024,\"caption\":\"WD-40 Africa\"},\"image\":{\"@id\":\"https:\\\/\\\/wd40.africa\\\/fr\\\/#\\\/schema\\\/logo\\\/image\\\/\"},\"sameAs\":[\"https:\\\/\\\/www.facebook.com\\\/OriginalWD40.UK\",\"https:\\\/\\\/x.com\\\/originalwd40_UK\",\"https:\\\/\\\/www.youtube.com\\\/user\\\/OriginalWD40\"]}]}<\/script>\n<!-- \/ Yoast SEO Premium plugin. -->","yoast_head_json":{"title":"La Graisse en Spray Longue Dur\u00e9e WD-40 Specialist, id\u00e9ale sur le metal","description":"Cette graisse en spray sera parfaite pour une utilisation sur des pi\u00e8ces m\u00e9talliques, en ext\u00e9rieur et\/ou sur des surfaces verticales gr\u00e2ce \u00e0 sa texture gel.","robots":{"index":"index","follow":"follow","max-snippet":"max-snippet:-1","max-image-preview":"max-image-preview:large","max-video-preview":"max-video-preview:-1"},"canonical":"https:\/\/wd40.africa\/fr\/produits\/graisse-en-spray-longue-duree\/","og_locale":"fr_FR","og_type":"article","og_title":"La Graisse en Spray Longue Dur\u00e9e WD-40 Specialist, id\u00e9ale sur le metal","og_description":"Cette graisse en spray sera parfaite pour une utilisation sur des pi\u00e8ces m\u00e9talliques, en ext\u00e9rieur et\/ou sur des surfaces verticales gr\u00e2ce \u00e0 sa texture gel.","og_url":"https:\/\/wd40.africa\/fr\/produits\/graisse-en-spray-longue-duree\/","og_site_name":"WD-40 Africa","article_publisher":"https:\/\/www.facebook.com\/OriginalWD40.UK","article_modified_time":"2024-06-05T08:48:39+00:00","og_image":[{"width":1000,"height":1000,"url":"https:\/\/media.wd40.africa\/app\/uploads\/2022\/04\/05104152\/Graisse-en-Spray-WD-40-Specialist-400-ml_1000x1000_detoure.png.webp","type":"image\/webp"}],"twitter_card":"summary_large_image","twitter_site":"@originalwd40_UK","schema":{"@context":"https:\/\/schema.org","@graph":[[],{"@type":"ImageObject","inLanguage":"fr-FR","@id":"https:\/\/wd40.africa\/fr\/produits\/graisse-en-spray-longue-duree\/#primaryimage","url":"https:\/\/media.wd40.africa\/app\/uploads\/2022\/04\/05104152\/Graisse-en-Spray-WD-40-Specialist-400-ml_1000x1000_detoure.png.webp","contentUrl":"https:\/\/media.wd40.africa\/app\/uploads\/2022\/04\/05104152\/Graisse-en-Spray-WD-40-Specialist-400-ml_1000x1000_detoure.png.webp","width":1000,"height":1000},{"@type":"BreadcrumbList","@id":"https:\/\/wd40.africa\/fr\/produits\/graisse-en-spray-longue-duree\/#breadcrumb","itemListElement":[{"@type":"ListItem","position":1,"name":"Produits","item":"https:\/\/wd40.africa\/fr\/produits\/"},{"@type":"ListItem","position":2,"name":"WD-40 Specialist","item":"https:\/\/wd40.africa\/fr\/wd-40-produits\/wd-40-specialist-fr\/"},{"@type":"ListItem","position":3,"name":"Graisse en Spray Longue Dur\u00e9e"}]},{"@type":"WebSite","@id":"https:\/\/wd40.africa\/fr\/#website","url":"https:\/\/wd40.africa\/fr\/","name":"WD-40 Africa","description":"WD-40 Africa","publisher":{"@id":"https:\/\/wd40.africa\/fr\/#organization"},"potentialAction":[{"@type":"SearchAction","target":{"@type":"EntryPoint","urlTemplate":"https:\/\/wd40.africa\/fr\/?s={search_term_string}"},"query-input":{"@type":"PropertyValueSpecification","valueRequired":true,"valueName":"search_term_string"}}],"inLanguage":"fr-FR"},{"@type":"Organization","@id":"https:\/\/wd40.africa\/fr\/#organization","name":"WD-40 Africa","url":"https:\/\/wd40.africa\/fr\/","logo":{"@type":"ImageObject","inLanguage":"fr-FR","@id":"https:\/\/wd40.africa\/fr\/#\/schema\/logo\/image\/","url":"https:\/\/media.wd40.africa\/app\/uploads\/2022\/10\/24130358\/WD40_logo.png","contentUrl":"https:\/\/media.wd40.africa\/app\/uploads\/2022\/10\/24130358\/WD40_logo.png","width":1024,"height":1024,"caption":"WD-40 Africa"},"image":{"@id":"https:\/\/wd40.africa\/fr\/#\/schema\/logo\/image\/"},"sameAs":["https:\/\/www.facebook.com\/OriginalWD40.UK","https:\/\/x.com\/originalwd40_UK","https:\/\/www.youtube.com\/user\/OriginalWD40"]}]}},"yoast-key-phrase":"","yoast-key-phrase-score":"","yoast-readability":"60","_links":{"self":[{"href":"https:\/\/wd40.africa\/fr\/wp-json\/wp\/v2\/product\/1455","targetHints":{"allow":["GET"]}}],"collection":[{"href":"https:\/\/wd40.africa\/fr\/wp-json\/wp\/v2\/product"}],"about":[{"href":"https:\/\/wd40.africa\/fr\/wp-json\/wp\/v2\/types\/product"}],"version-history":[{"count":1,"href":"https:\/\/wd40.africa\/fr\/wp-json\/wp\/v2\/product\/1455\/revisions"}],"predecessor-version":[{"id":11636,"href":"https:\/\/wd40.africa\/fr\/wp-json\/wp\/v2\/product\/1455\/revisions\/11636"}],"wp:featuredmedia":[{"embeddable":true,"href":"https:\/\/wd40.africa\/fr\/wp-json\/wp\/v2\/media\/11770"}],"wp:attachment":[{"href":"https:\/\/wd40.africa\/fr\/wp-json\/wp\/v2\/media?parent=1455"}],"wp:term":[{"taxonomy":"product_category","embeddable":true,"href":"https:\/\/wd40.africa\/fr\/wp-json\/wp\/v2\/product_category?post=1455"},{"taxonomy":"product_tag","embeddable":true,"href":"https:\/\/wd40.africa\/fr\/wp-json\/wp\/v2\/product_tag?post=1455"}],"curies":[{"name":"wp","href":"https:\/\/api.w.org\/{rel}","templated":true}]}}