{"id":1482,"date":"2022-04-21T08:17:40","date_gmt":"2022-04-21T08:17:40","guid":{"rendered":"https:\/\/wd40.africa\/?post_type=product&#038;p=1482"},"modified":"2024-06-04T17:18:37","modified_gmt":"2024-06-04T15:18:37","slug":"lubrifiant-sec-au-ptfe-anti-friction","status":"publish","type":"product","link":"https:\/\/wd40.africa\/fr\/produits\/lubrifiant-sec-au-ptfe-anti-friction\/","title":{"rendered":"Lubrifiant sec au PTFE Anti-Friction"},"content":{"rendered":"<p>Le Lubrifiant Sec au PTFE WD-40 Specialist est formul\u00e9 avec du Poly Tetra Fluor Ethyl\u00e8ne, qui laisse un film sec sur le support pour une lubrification am\u00e9lior\u00e9e sans attirer les poussi\u00e8res, les salissures ou les huiles. Il s\u00e8che rapidement et peut m\u00eame \u00eatre utilis\u00e9 comme agent de d\u00e9moulage. Compatible avec tous les m\u00e9taux, plastiques et le verre, il peut \u00eatre utilis\u00e9 dans une large plage de temp\u00e9ratures (-45\u00b0C \u00e0 +260\u00b0C), et sa formule est certifi\u00e9e H2 par la NSF. Son Spray Double Position permet une pulv\u00e9risation large lorsque le tube est abaiss\u00e9 et une application pr\u00e9cise lorsque le tube est relev\u00e9.<\/p>\n<p>Conseils d&#8217;utilisation :<br \/>\n\u2022 Bien agiter le produit.<br \/>\n\u2022 Saturer la zone \u00e0 traiter et laisser p\u00e9n\u00e9trer.<br \/>\n\u2022 Pour des applications pr\u00e9cises, utiliser le tube prolongateur.<\/p>\n","protected":false},"excerpt":{"rendered":"<p>Lubrifie proprement en laissant un film sec sur le support.<\/p>\n","protected":false},"featured_media":11711,"template":"","product_category":[21],"product_tag":[],"class_list":["post-1482","product","type-product","status-publish","has-post-thumbnail","hentry","product_category-wd-40-specialist-fr"],"acf":[],"title_raw":"Lubrifiant sec au PTFE Anti-Friction","yoast_head":"<!-- This site is optimized with the Yoast SEO Premium plugin v27.6 (Yoast SEO v27.6) - https:\/\/yoast.com\/product\/yoast-seo-premium-wordpress\/ -->\n<title>Lubrifiant Sec au PTFE WD-40 Specialist, lubrifie en laissant un film sec<\/title>\n<meta name=\"description\" content=\"Le Lubrifiant Sec au PTFE WD-40 Specialist permet une lubrification am\u00e9lior\u00e9e sans attirer les poussi\u00e8res, salissures ou huiles. D\u00e9couvrez vite ses avantages !\" \/>\n<meta name=\"robots\" content=\"index, follow, max-snippet:-1, max-image-preview:large, max-video-preview:-1\" \/>\n<link rel=\"canonical\" href=\"https:\/\/wd40.africa\/fr\/produits\/lubrifiant-sec-au-ptfe-anti-friction\/\" \/>\n<meta property=\"og:locale\" content=\"fr_FR\" \/>\n<meta property=\"og:type\" content=\"article\" \/>\n<meta property=\"og:title\" content=\"Lubrifiant Sec au PTFE WD-40 Specialist, lubrifie en laissant un film sec\" \/>\n<meta property=\"og:description\" content=\"Le Lubrifiant Sec au PTFE WD-40 Specialist permet une lubrification am\u00e9lior\u00e9e sans attirer les poussi\u00e8res, salissures ou huiles. D\u00e9couvrez vite ses avantages !\" \/>\n<meta property=\"og:url\" content=\"https:\/\/wd40.africa\/fr\/produits\/lubrifiant-sec-au-ptfe-anti-friction\/\" \/>\n<meta property=\"og:site_name\" content=\"WD-40 Africa\" \/>\n<meta property=\"article:publisher\" content=\"https:\/\/www.facebook.com\/OriginalWD40.UK\" \/>\n<meta property=\"article:modified_time\" content=\"2024-06-04T15:18:37+00:00\" \/>\n<meta property=\"og:image\" content=\"https:\/\/media.wd40.africa\/app\/uploads\/2022\/04\/04170224\/Lubrifiant-Sec-au-PTFE-WD-40-Specialist-400-ml_1000x1000_detoure.png.webp\" \/>\n\t<meta property=\"og:image:width\" content=\"1000\" \/>\n\t<meta property=\"og:image:height\" content=\"1000\" \/>\n\t<meta property=\"og:image:type\" content=\"image\/webp\" \/>\n<meta name=\"twitter:card\" content=\"summary_large_image\" \/>\n<meta name=\"twitter:site\" content=\"@originalwd40_UK\" \/>\n<script type=\"application\/ld+json\" class=\"yoast-schema-graph\">{\"@context\":\"https:\\\/\\\/schema.org\",\"@graph\":[[],{\"@type\":\"ImageObject\",\"inLanguage\":\"fr-FR\",\"@id\":\"https:\\\/\\\/wd40.africa\\\/fr\\\/produits\\\/lubrifiant-sec-au-ptfe-anti-friction\\\/#primaryimage\",\"url\":\"https:\\\/\\\/media.wd40.africa\\\/app\\\/uploads\\\/2022\\\/04\\\/04170224\\\/Lubrifiant-Sec-au-PTFE-WD-40-Specialist-400-ml_1000x1000_detoure.png.webp\",\"contentUrl\":\"https:\\\/\\\/media.wd40.africa\\\/app\\\/uploads\\\/2022\\\/04\\\/04170224\\\/Lubrifiant-Sec-au-PTFE-WD-40-Specialist-400-ml_1000x1000_detoure.png.webp\",\"width\":1000,\"height\":1000},{\"@type\":\"BreadcrumbList\",\"@id\":\"https:\\\/\\\/wd40.africa\\\/fr\\\/produits\\\/lubrifiant-sec-au-ptfe-anti-friction\\\/#breadcrumb\",\"itemListElement\":[{\"@type\":\"ListItem\",\"position\":1,\"name\":\"Produits\",\"item\":\"https:\\\/\\\/wd40.africa\\\/fr\\\/produits\\\/\"},{\"@type\":\"ListItem\",\"position\":2,\"name\":\"WD-40 Specialist\",\"item\":\"https:\\\/\\\/wd40.africa\\\/fr\\\/wd-40-produits\\\/wd-40-specialist-fr\\\/\"},{\"@type\":\"ListItem\",\"position\":3,\"name\":\"Lubrifiant sec au PTFE Anti-Friction\"}]},{\"@type\":\"WebSite\",\"@id\":\"https:\\\/\\\/wd40.africa\\\/fr\\\/#website\",\"url\":\"https:\\\/\\\/wd40.africa\\\/fr\\\/\",\"name\":\"WD-40 Africa\",\"description\":\"WD-40 Africa\",\"publisher\":{\"@id\":\"https:\\\/\\\/wd40.africa\\\/fr\\\/#organization\"},\"potentialAction\":[{\"@type\":\"SearchAction\",\"target\":{\"@type\":\"EntryPoint\",\"urlTemplate\":\"https:\\\/\\\/wd40.africa\\\/fr\\\/?s={search_term_string}\"},\"query-input\":{\"@type\":\"PropertyValueSpecification\",\"valueRequired\":true,\"valueName\":\"search_term_string\"}}],\"inLanguage\":\"fr-FR\"},{\"@type\":\"Organization\",\"@id\":\"https:\\\/\\\/wd40.africa\\\/fr\\\/#organization\",\"name\":\"WD-40 Africa\",\"url\":\"https:\\\/\\\/wd40.africa\\\/fr\\\/\",\"logo\":{\"@type\":\"ImageObject\",\"inLanguage\":\"fr-FR\",\"@id\":\"https:\\\/\\\/wd40.africa\\\/fr\\\/#\\\/schema\\\/logo\\\/image\\\/\",\"url\":\"https:\\\/\\\/media.wd40.africa\\\/app\\\/uploads\\\/2022\\\/10\\\/24130358\\\/WD40_logo.png\",\"contentUrl\":\"https:\\\/\\\/media.wd40.africa\\\/app\\\/uploads\\\/2022\\\/10\\\/24130358\\\/WD40_logo.png\",\"width\":1024,\"height\":1024,\"caption\":\"WD-40 Africa\"},\"image\":{\"@id\":\"https:\\\/\\\/wd40.africa\\\/fr\\\/#\\\/schema\\\/logo\\\/image\\\/\"},\"sameAs\":[\"https:\\\/\\\/www.facebook.com\\\/OriginalWD40.UK\",\"https:\\\/\\\/x.com\\\/originalwd40_UK\",\"https:\\\/\\\/www.youtube.com\\\/user\\\/OriginalWD40\"]}]}<\/script>\n<!-- \/ Yoast SEO Premium plugin. -->","yoast_head_json":{"title":"Lubrifiant Sec au PTFE WD-40 Specialist, lubrifie en laissant un film sec","description":"Le Lubrifiant Sec au PTFE WD-40 Specialist permet une lubrification am\u00e9lior\u00e9e sans attirer les poussi\u00e8res, salissures ou huiles. D\u00e9couvrez vite ses avantages !","robots":{"index":"index","follow":"follow","max-snippet":"max-snippet:-1","max-image-preview":"max-image-preview:large","max-video-preview":"max-video-preview:-1"},"canonical":"https:\/\/wd40.africa\/fr\/produits\/lubrifiant-sec-au-ptfe-anti-friction\/","og_locale":"fr_FR","og_type":"article","og_title":"Lubrifiant Sec au PTFE WD-40 Specialist, lubrifie en laissant un film sec","og_description":"Le Lubrifiant Sec au PTFE WD-40 Specialist permet une lubrification am\u00e9lior\u00e9e sans attirer les poussi\u00e8res, salissures ou huiles. D\u00e9couvrez vite ses avantages !","og_url":"https:\/\/wd40.africa\/fr\/produits\/lubrifiant-sec-au-ptfe-anti-friction\/","og_site_name":"WD-40 Africa","article_publisher":"https:\/\/www.facebook.com\/OriginalWD40.UK","article_modified_time":"2024-06-04T15:18:37+00:00","og_image":[{"width":1000,"height":1000,"url":"https:\/\/media.wd40.africa\/app\/uploads\/2022\/04\/04170224\/Lubrifiant-Sec-au-PTFE-WD-40-Specialist-400-ml_1000x1000_detoure.png.webp","type":"image\/webp"}],"twitter_card":"summary_large_image","twitter_site":"@originalwd40_UK","schema":{"@context":"https:\/\/schema.org","@graph":[[],{"@type":"ImageObject","inLanguage":"fr-FR","@id":"https:\/\/wd40.africa\/fr\/produits\/lubrifiant-sec-au-ptfe-anti-friction\/#primaryimage","url":"https:\/\/media.wd40.africa\/app\/uploads\/2022\/04\/04170224\/Lubrifiant-Sec-au-PTFE-WD-40-Specialist-400-ml_1000x1000_detoure.png.webp","contentUrl":"https:\/\/media.wd40.africa\/app\/uploads\/2022\/04\/04170224\/Lubrifiant-Sec-au-PTFE-WD-40-Specialist-400-ml_1000x1000_detoure.png.webp","width":1000,"height":1000},{"@type":"BreadcrumbList","@id":"https:\/\/wd40.africa\/fr\/produits\/lubrifiant-sec-au-ptfe-anti-friction\/#breadcrumb","itemListElement":[{"@type":"ListItem","position":1,"name":"Produits","item":"https:\/\/wd40.africa\/fr\/produits\/"},{"@type":"ListItem","position":2,"name":"WD-40 Specialist","item":"https:\/\/wd40.africa\/fr\/wd-40-produits\/wd-40-specialist-fr\/"},{"@type":"ListItem","position":3,"name":"Lubrifiant sec au PTFE Anti-Friction"}]},{"@type":"WebSite","@id":"https:\/\/wd40.africa\/fr\/#website","url":"https:\/\/wd40.africa\/fr\/","name":"WD-40 Africa","description":"WD-40 Africa","publisher":{"@id":"https:\/\/wd40.africa\/fr\/#organization"},"potentialAction":[{"@type":"SearchAction","target":{"@type":"EntryPoint","urlTemplate":"https:\/\/wd40.africa\/fr\/?s={search_term_string}"},"query-input":{"@type":"PropertyValueSpecification","valueRequired":true,"valueName":"search_term_string"}}],"inLanguage":"fr-FR"},{"@type":"Organization","@id":"https:\/\/wd40.africa\/fr\/#organization","name":"WD-40 Africa","url":"https:\/\/wd40.africa\/fr\/","logo":{"@type":"ImageObject","inLanguage":"fr-FR","@id":"https:\/\/wd40.africa\/fr\/#\/schema\/logo\/image\/","url":"https:\/\/media.wd40.africa\/app\/uploads\/2022\/10\/24130358\/WD40_logo.png","contentUrl":"https:\/\/media.wd40.africa\/app\/uploads\/2022\/10\/24130358\/WD40_logo.png","width":1024,"height":1024,"caption":"WD-40 Africa"},"image":{"@id":"https:\/\/wd40.africa\/fr\/#\/schema\/logo\/image\/"},"sameAs":["https:\/\/www.facebook.com\/OriginalWD40.UK","https:\/\/x.com\/originalwd40_UK","https:\/\/www.youtube.com\/user\/OriginalWD40"]}]}},"yoast-key-phrase":"","yoast-key-phrase-score":"","yoast-readability":"90","_links":{"self":[{"href":"https:\/\/wd40.africa\/fr\/wp-json\/wp\/v2\/product\/1482","targetHints":{"allow":["GET"]}}],"collection":[{"href":"https:\/\/wd40.africa\/fr\/wp-json\/wp\/v2\/product"}],"about":[{"href":"https:\/\/wd40.africa\/fr\/wp-json\/wp\/v2\/types\/product"}],"version-history":[{"count":0,"href":"https:\/\/wd40.africa\/fr\/wp-json\/wp\/v2\/product\/1482\/revisions"}],"wp:featuredmedia":[{"embeddable":true,"href":"https:\/\/wd40.africa\/fr\/wp-json\/wp\/v2\/media\/11711"}],"wp:attachment":[{"href":"https:\/\/wd40.africa\/fr\/wp-json\/wp\/v2\/media?parent=1482"}],"wp:term":[{"taxonomy":"product_category","embeddable":true,"href":"https:\/\/wd40.africa\/fr\/wp-json\/wp\/v2\/product_category?post=1482"},{"taxonomy":"product_tag","embeddable":true,"href":"https:\/\/wd40.africa\/fr\/wp-json\/wp\/v2\/product_tag?post=1482"}],"curies":[{"name":"wp","href":"https:\/\/api.w.org\/{rel}","templated":true}]}}