{"id":1506,"date":"2022-04-21T10:55:17","date_gmt":"2022-04-21T10:55:17","guid":{"rendered":"https:\/\/wd40.africa\/?post_type=product&#038;p=1506"},"modified":"2024-06-06T13:22:20","modified_gmt":"2024-06-06T11:22:20","slug":"wd-40-produit-multifonction-bidons","status":"publish","type":"product","link":"https:\/\/wd40.africa\/fr\/produits\/wd-40-produit-multifonction-bidons\/","title":{"rendered":"WD-40<sub class=\"registration-mark\">&reg;<\/sub> Produit Multifonction \u2013 Bidons"},"content":{"rendered":"<p>Le Produit Multifonction WD-40 est votre solution tout-en-un pour la lubrification, le d\u00e9grippage, la chasse \u00e0 l&#8217;humidit\u00e9, la protection et l&#8217;\u00e9limination des r\u00e9sidus. Que ce soit sur votre lieu de travail ou dans l&#8217;industrie, nous avons diff\u00e9rents formats disponibles pour r\u00e9pondre \u00e0 vos besoins.<\/p>\n<p>Si vous avez besoin d&#8217;une plus grande quantit\u00e9 du Produit Multifonction WD-40, nous proposons des bidons de 5L et 25L pour les usages professionnels, ainsi qu&#8217;un f\u00fbt de 200L pour les besoins sp\u00e9cifiques de l&#8217;industrie. Ces formats sont parfaits lorsque l&#8217;a\u00e9rosol ne suffit pas \u00e0 la quantit\u00e9 dont vous avez besoin. Vous pouvez les utiliser avec le pulv\u00e9risateur WD-40 ou en trempage, selon vos pr\u00e9f\u00e9rences et les exigences de votre application.<\/p>\n<p>Conseils d&#8217;utilisation :<br \/>\n\u2022 Saturer la zone \u00e0 traiter et laisser le produit p\u00e9n\u00e9trer.<br \/>\n\u2022 Pour de meilleurs r\u00e9sultats, il est recommand\u00e9 de ne pas essuyer la zone trait\u00e9e.<br \/>\n\u2022 Si vous avez besoin d&#8217;une application pr\u00e9cise, vous pouvez utiliser le pulv\u00e9risateur WD-40 de 500 ml. \u2022 Mettre tout syst\u00e8me \u00e9lectrique ou \u00e9lectronique hors tension avant d&#8217;utiliser le Produit Multifonction WD-40.<\/p>\n<p>Avec le Produit Multifonction WD-40, vous disposez d&#8217;un outil polyvalent pour de multiples applications, que ce soit sur votre lieu de travail ou dans l&#8217;industrie. Faites confiance \u00e0 la fiabilit\u00e9 et \u00e0 l&#8217;efficacit\u00e9 du Produit Multifonction WD-40 pour prendre soin de vos \u00e9quipements !<\/p>\n","protected":false},"excerpt":{"rendered":"<p>Lubrifie, d\u00e9grippe, chasse l&#8217;humidit\u00e9, prot\u00e8ge et \u00e9limine les r\u00e9sidus. Sous format bidon pour une utilisation en trempage ou avec un pulv\u00e9risateur.<\/p>\n","protected":false},"featured_media":11678,"template":"","product_category":[18],"product_tag":[],"class_list":["post-1506","product","type-product","status-publish","has-post-thumbnail","hentry","product_category-produit-multifonction-wd-40"],"acf":[],"title_raw":"WD-40 Produit Multifonction \u2013 Bidons","yoast_head":"<!-- This site is optimized with the Yoast SEO Premium plugin v27.3 (Yoast SEO v27.3) - https:\/\/yoast.com\/product\/yoast-seo-premium-wordpress\/ -->\n<title>Le Produit Multifonction WD-40 existe aussi en format bidon !<\/title>\n<meta name=\"description\" content=\"Le Produit Multifonction WD-40 existe aussi en format bidon 5L, 25L et f\u00fbt de 200L pour une utilisation intensive.\" \/>\n<meta name=\"robots\" content=\"index, follow, max-snippet:-1, max-image-preview:large, max-video-preview:-1\" \/>\n<link rel=\"canonical\" href=\"https:\/\/wd40.africa\/fr\/produits\/wd-40-produit-multifonction-bidons\/\" \/>\n<meta property=\"og:locale\" content=\"fr_FR\" \/>\n<meta property=\"og:type\" content=\"article\" \/>\n<meta property=\"og:title\" content=\"Le Produit Multifonction WD-40 existe aussi en format bidon !\" \/>\n<meta property=\"og:description\" content=\"Le Produit Multifonction WD-40 existe aussi en format bidon 5L, 25L et f\u00fbt de 200L pour une utilisation intensive.\" \/>\n<meta property=\"og:url\" content=\"https:\/\/wd40.africa\/fr\/produits\/wd-40-produit-multifonction-bidons\/\" \/>\n<meta property=\"og:site_name\" content=\"WD-40 Africa\" \/>\n<meta property=\"article:publisher\" content=\"https:\/\/www.facebook.com\/OriginalWD40.UK\" \/>\n<meta property=\"article:modified_time\" content=\"2024-06-06T11:22:20+00:00\" \/>\n<meta property=\"og:image\" content=\"https:\/\/media.wd40.africa\/app\/uploads\/2022\/04\/04164625\/Produit-Multifonction-Bidon-5L-WD-40_1000x1000.png.webp\" \/>\n\t<meta property=\"og:image:width\" content=\"1000\" \/>\n\t<meta property=\"og:image:height\" content=\"1000\" \/>\n\t<meta property=\"og:image:type\" content=\"image\/webp\" \/>\n<meta name=\"twitter:card\" content=\"summary_large_image\" \/>\n<meta name=\"twitter:site\" content=\"@originalwd40_UK\" \/>\n<script type=\"application\/ld+json\" class=\"yoast-schema-graph\">{\"@context\":\"https:\\\/\\\/schema.org\",\"@graph\":[[],{\"@type\":\"ImageObject\",\"inLanguage\":\"fr-FR\",\"@id\":\"https:\\\/\\\/wd40.africa\\\/fr\\\/produits\\\/wd-40-produit-multifonction-bidons\\\/#primaryimage\",\"url\":\"https:\\\/\\\/media.wd40.africa\\\/app\\\/uploads\\\/2022\\\/04\\\/04164625\\\/Produit-Multifonction-Bidon-5L-WD-40_1000x1000.png.webp\",\"contentUrl\":\"https:\\\/\\\/media.wd40.africa\\\/app\\\/uploads\\\/2022\\\/04\\\/04164625\\\/Produit-Multifonction-Bidon-5L-WD-40_1000x1000.png.webp\",\"width\":1000,\"height\":1000},{\"@type\":\"BreadcrumbList\",\"@id\":\"https:\\\/\\\/wd40.africa\\\/fr\\\/produits\\\/wd-40-produit-multifonction-bidons\\\/#breadcrumb\",\"itemListElement\":[{\"@type\":\"ListItem\",\"position\":1,\"name\":\"Produits\",\"item\":\"https:\\\/\\\/wd40.africa\\\/fr\\\/produits\\\/\"},{\"@type\":\"ListItem\",\"position\":2,\"name\":\"Produit Multifonction WD-40\",\"item\":\"https:\\\/\\\/wd40.africa\\\/fr\\\/wd-40-produits\\\/produit-multifonction-wd-40\\\/\"},{\"@type\":\"ListItem\",\"position\":3,\"name\":\"WD-40 Produit Multifonction \u2013 Bidons\"}]},{\"@type\":\"WebSite\",\"@id\":\"https:\\\/\\\/wd40.africa\\\/fr\\\/#website\",\"url\":\"https:\\\/\\\/wd40.africa\\\/fr\\\/\",\"name\":\"WD-40 Africa\",\"description\":\"WD-40 Africa\",\"publisher\":{\"@id\":\"https:\\\/\\\/wd40.africa\\\/fr\\\/#organization\"},\"potentialAction\":[{\"@type\":\"SearchAction\",\"target\":{\"@type\":\"EntryPoint\",\"urlTemplate\":\"https:\\\/\\\/wd40.africa\\\/fr\\\/?s={search_term_string}\"},\"query-input\":{\"@type\":\"PropertyValueSpecification\",\"valueRequired\":true,\"valueName\":\"search_term_string\"}}],\"inLanguage\":\"fr-FR\"},{\"@type\":\"Organization\",\"@id\":\"https:\\\/\\\/wd40.africa\\\/fr\\\/#organization\",\"name\":\"WD-40 Africa\",\"url\":\"https:\\\/\\\/wd40.africa\\\/fr\\\/\",\"logo\":{\"@type\":\"ImageObject\",\"inLanguage\":\"fr-FR\",\"@id\":\"https:\\\/\\\/wd40.africa\\\/fr\\\/#\\\/schema\\\/logo\\\/image\\\/\",\"url\":\"https:\\\/\\\/media.wd40.africa\\\/app\\\/uploads\\\/2022\\\/10\\\/24130358\\\/WD40_logo.png\",\"contentUrl\":\"https:\\\/\\\/media.wd40.africa\\\/app\\\/uploads\\\/2022\\\/10\\\/24130358\\\/WD40_logo.png\",\"width\":1024,\"height\":1024,\"caption\":\"WD-40 Africa\"},\"image\":{\"@id\":\"https:\\\/\\\/wd40.africa\\\/fr\\\/#\\\/schema\\\/logo\\\/image\\\/\"},\"sameAs\":[\"https:\\\/\\\/www.facebook.com\\\/OriginalWD40.UK\",\"https:\\\/\\\/x.com\\\/originalwd40_UK\",\"https:\\\/\\\/www.youtube.com\\\/user\\\/OriginalWD40\"]}]}<\/script>\n<!-- \/ Yoast SEO Premium plugin. -->","yoast_head_json":{"title":"Le Produit Multifonction WD-40 existe aussi en format bidon !","description":"Le Produit Multifonction WD-40 existe aussi en format bidon 5L, 25L et f\u00fbt de 200L pour une utilisation intensive.","robots":{"index":"index","follow":"follow","max-snippet":"max-snippet:-1","max-image-preview":"max-image-preview:large","max-video-preview":"max-video-preview:-1"},"canonical":"https:\/\/wd40.africa\/fr\/produits\/wd-40-produit-multifonction-bidons\/","og_locale":"fr_FR","og_type":"article","og_title":"Le Produit Multifonction WD-40 existe aussi en format bidon !","og_description":"Le Produit Multifonction WD-40 existe aussi en format bidon 5L, 25L et f\u00fbt de 200L pour une utilisation intensive.","og_url":"https:\/\/wd40.africa\/fr\/produits\/wd-40-produit-multifonction-bidons\/","og_site_name":"WD-40 Africa","article_publisher":"https:\/\/www.facebook.com\/OriginalWD40.UK","article_modified_time":"2024-06-06T11:22:20+00:00","og_image":[{"width":1000,"height":1000,"url":"https:\/\/media.wd40.africa\/app\/uploads\/2022\/04\/04164625\/Produit-Multifonction-Bidon-5L-WD-40_1000x1000.png.webp","type":"image\/webp"}],"twitter_card":"summary_large_image","twitter_site":"@originalwd40_UK","schema":{"@context":"https:\/\/schema.org","@graph":[[],{"@type":"ImageObject","inLanguage":"fr-FR","@id":"https:\/\/wd40.africa\/fr\/produits\/wd-40-produit-multifonction-bidons\/#primaryimage","url":"https:\/\/media.wd40.africa\/app\/uploads\/2022\/04\/04164625\/Produit-Multifonction-Bidon-5L-WD-40_1000x1000.png.webp","contentUrl":"https:\/\/media.wd40.africa\/app\/uploads\/2022\/04\/04164625\/Produit-Multifonction-Bidon-5L-WD-40_1000x1000.png.webp","width":1000,"height":1000},{"@type":"BreadcrumbList","@id":"https:\/\/wd40.africa\/fr\/produits\/wd-40-produit-multifonction-bidons\/#breadcrumb","itemListElement":[{"@type":"ListItem","position":1,"name":"Produits","item":"https:\/\/wd40.africa\/fr\/produits\/"},{"@type":"ListItem","position":2,"name":"Produit Multifonction WD-40","item":"https:\/\/wd40.africa\/fr\/wd-40-produits\/produit-multifonction-wd-40\/"},{"@type":"ListItem","position":3,"name":"WD-40 Produit Multifonction \u2013 Bidons"}]},{"@type":"WebSite","@id":"https:\/\/wd40.africa\/fr\/#website","url":"https:\/\/wd40.africa\/fr\/","name":"WD-40 Africa","description":"WD-40 Africa","publisher":{"@id":"https:\/\/wd40.africa\/fr\/#organization"},"potentialAction":[{"@type":"SearchAction","target":{"@type":"EntryPoint","urlTemplate":"https:\/\/wd40.africa\/fr\/?s={search_term_string}"},"query-input":{"@type":"PropertyValueSpecification","valueRequired":true,"valueName":"search_term_string"}}],"inLanguage":"fr-FR"},{"@type":"Organization","@id":"https:\/\/wd40.africa\/fr\/#organization","name":"WD-40 Africa","url":"https:\/\/wd40.africa\/fr\/","logo":{"@type":"ImageObject","inLanguage":"fr-FR","@id":"https:\/\/wd40.africa\/fr\/#\/schema\/logo\/image\/","url":"https:\/\/media.wd40.africa\/app\/uploads\/2022\/10\/24130358\/WD40_logo.png","contentUrl":"https:\/\/media.wd40.africa\/app\/uploads\/2022\/10\/24130358\/WD40_logo.png","width":1024,"height":1024,"caption":"WD-40 Africa"},"image":{"@id":"https:\/\/wd40.africa\/fr\/#\/schema\/logo\/image\/"},"sameAs":["https:\/\/www.facebook.com\/OriginalWD40.UK","https:\/\/x.com\/originalwd40_UK","https:\/\/www.youtube.com\/user\/OriginalWD40"]}]}},"yoast-key-phrase":"","yoast-key-phrase-score":"","yoast-readability":"60","_links":{"self":[{"href":"https:\/\/wd40.africa\/fr\/wp-json\/wp\/v2\/product\/1506","targetHints":{"allow":["GET"]}}],"collection":[{"href":"https:\/\/wd40.africa\/fr\/wp-json\/wp\/v2\/product"}],"about":[{"href":"https:\/\/wd40.africa\/fr\/wp-json\/wp\/v2\/types\/product"}],"version-history":[{"count":2,"href":"https:\/\/wd40.africa\/fr\/wp-json\/wp\/v2\/product\/1506\/revisions"}],"predecessor-version":[{"id":11690,"href":"https:\/\/wd40.africa\/fr\/wp-json\/wp\/v2\/product\/1506\/revisions\/11690"}],"wp:featuredmedia":[{"embeddable":true,"href":"https:\/\/wd40.africa\/fr\/wp-json\/wp\/v2\/media\/11678"}],"wp:attachment":[{"href":"https:\/\/wd40.africa\/fr\/wp-json\/wp\/v2\/media?parent=1506"}],"wp:term":[{"taxonomy":"product_category","embeddable":true,"href":"https:\/\/wd40.africa\/fr\/wp-json\/wp\/v2\/product_category?post=1506"},{"taxonomy":"product_tag","embeddable":true,"href":"https:\/\/wd40.africa\/fr\/wp-json\/wp\/v2\/product_tag?post=1506"}],"curies":[{"name":"wp","href":"https:\/\/api.w.org\/{rel}","templated":true}]}}