{"id":1517,"date":"2022-04-21T11:43:30","date_gmt":"2022-04-21T11:43:30","guid":{"rendered":"https:\/\/wd40.africa\/?post_type=product&#038;p=1517"},"modified":"2024-06-04T16:39:09","modified_gmt":"2024-06-04T14:39:09","slug":"wd-40-spray-double-position","status":"publish","type":"product","link":"https:\/\/wd40.africa\/fr\/produits\/wd-40-spray-double-position\/","title":{"rendered":"WD-40<sub class=\"registration-mark\">&reg;<\/sub> Spray Double Position"},"content":{"rendered":"<p>Lubrifie<br \/>\nUn des composants principaux est un lubrifiant actif et permanent qui permet de faciliter le mouvements des pi\u00e8ces mobiles tout en supprimant les grincements. De plus, sans silicone ni aucun additif attirant la poussi\u00e8re ou la salet\u00e9, il lubrifie proprement les pi\u00e8ces et m\u00e9canismes.<\/p>\n<p>Chasse l\u2019humidit\u00e9<br \/>\nLe Produit Multifonction WD-40 permet d\u2019\u00e9tablir une barri\u00e8re parfaite contre l\u2019humidit\u00e9 en s\u2019infiltrant sous celle-ci pour la chasser. Non conducteur, il s\u00e8che et \u00e9limine rapidement les courts-circuits caus\u00e9s par l\u2019humidit\u00e9 et r\u00e9tablit ainsi les contacts \u00e9lectriques.<\/p>\n<p>\u00c9limine les r\u00e9sidus<br \/>\nIl s\u2019introduit sous la graisse, la crasse, l\u2019huile, le goudron et \u00e9limine ainsi facilement toutes traces de salet\u00e9, sans d\u00e9p\u00f4t d\u2019agents corrosifs. Il peut \u00eatre utilis\u00e9 sur toutes les surfaces non poreuses et permet aussi de dissoudre les adh\u00e9sifs et ainsi de retirer facilement les \u00e9tiquettes, autocollants et rubans adh\u00e9sifs.<\/p>\n<p>D\u00e9grippe<br \/>\nIl desserre les pi\u00e8ces gripp\u00e9es et d\u00e9bloque les m\u00e9canismes rouill\u00e9s, coinc\u00e9s ou rouill\u00e9s. Son extr\u00eame fluidit\u00e9 lui permet de p\u00e9n\u00e9trer tr\u00e8s rapidement m\u00eame \u00e0 travers la rouille afin de lib\u00e9rer les pi\u00e8ces bloqu\u00e9es.<\/p>\n<p>Prot\u00e8ge<br \/>\nGr\u00e2ce \u00e0 sa formule r\u00e9sistante \u00e0 la corrosion, WD-40 forme un film protecteur contre l\u2019eau et l\u2019humidit\u00e9 et assure ainsi une protection durable contre la rouille et toute forme d\u2019oxydation sur les surfaces m\u00e9talliques.<br \/>\nSon Spray Double Position offre une application pr\u00e9cise ou large selon vos besoins, sans risque de perte du tube rouge. De plus, sa valve \u00e0 360\u00b0 permet une utilisation dans toutes les positions.<\/p>\n","protected":false},"excerpt":{"rendered":"<p>Lubrifie, d\u00e9grippe, chasse l&#8217;humidit\u00e9, prot\u00e8ge et \u00e9limine les r\u00e9sidus. Plus facile d&#8217;utilisation avec son Spray Double Position !<\/p>\n","protected":false},"featured_media":635,"template":"","product_category":[18],"product_tag":[],"class_list":["post-1517","product","type-product","status-publish","has-post-thumbnail","hentry","product_category-produit-multifonction-wd-40"],"acf":[],"title_raw":"WD-40 Spray Double Position","yoast_head":"<!-- This site is optimized with the Yoast SEO Premium plugin v27.3 (Yoast SEO v27.3) - https:\/\/yoast.com\/product\/yoast-seo-premium-wordpress\/ -->\n<title>Le c\u00e9l\u00e8bre Produit Multifonction WD-40 avec son Spray Double Position<\/title>\n<meta name=\"description\" content=\"Red\u00e9couvrez notre c\u00e9l\u00e8bre a\u00e9rosol jaune et bleu, le Produit Multifonction WD-40, avec son Spray Double Position, pour ne plus perdre le tube rouge\" \/>\n<meta name=\"robots\" content=\"index, follow, max-snippet:-1, max-image-preview:large, max-video-preview:-1\" \/>\n<link rel=\"canonical\" href=\"https:\/\/wd40.africa\/fr\/produits\/wd-40-spray-double-position\/\" \/>\n<meta property=\"og:locale\" content=\"fr_FR\" \/>\n<meta property=\"og:type\" content=\"article\" \/>\n<meta property=\"og:title\" content=\"Le c\u00e9l\u00e8bre Produit Multifonction WD-40 avec son Spray Double Position\" \/>\n<meta property=\"og:description\" content=\"Red\u00e9couvrez notre c\u00e9l\u00e8bre a\u00e9rosol jaune et bleu, le Produit Multifonction WD-40, avec son Spray Double Position, pour ne plus perdre le tube rouge\" \/>\n<meta property=\"og:url\" content=\"https:\/\/wd40.africa\/fr\/produits\/wd-40-spray-double-position\/\" \/>\n<meta property=\"og:site_name\" content=\"WD-40 Africa\" \/>\n<meta property=\"article:publisher\" content=\"https:\/\/www.facebook.com\/OriginalWD40.UK\" \/>\n<meta property=\"article:modified_time\" content=\"2024-06-04T14:39:09+00:00\" \/>\n<meta property=\"og:image\" content=\"https:\/\/media.wd40.africa\/app\/uploads\/2022\/04\/24142009\/UK_WD40_Spray-2-Ways.png\" \/>\n\t<meta property=\"og:image:width\" content=\"1000\" \/>\n\t<meta property=\"og:image:height\" content=\"1000\" \/>\n\t<meta property=\"og:image:type\" content=\"image\/png\" \/>\n<meta name=\"twitter:card\" content=\"summary_large_image\" \/>\n<meta name=\"twitter:site\" content=\"@originalwd40_UK\" \/>\n<script type=\"application\/ld+json\" class=\"yoast-schema-graph\">{\"@context\":\"https:\\\/\\\/schema.org\",\"@graph\":[[],{\"@type\":\"ImageObject\",\"inLanguage\":\"fr-FR\",\"@id\":\"https:\\\/\\\/wd40.africa\\\/fr\\\/produits\\\/wd-40-spray-double-position\\\/#primaryimage\",\"url\":\"https:\\\/\\\/media.wd40.africa\\\/app\\\/uploads\\\/2022\\\/04\\\/24142009\\\/UK_WD40_Spray-2-Ways.png\",\"contentUrl\":\"https:\\\/\\\/media.wd40.africa\\\/app\\\/uploads\\\/2022\\\/04\\\/24142009\\\/UK_WD40_Spray-2-Ways.png\",\"width\":1000,\"height\":1000},{\"@type\":\"BreadcrumbList\",\"@id\":\"https:\\\/\\\/wd40.africa\\\/fr\\\/produits\\\/wd-40-spray-double-position\\\/#breadcrumb\",\"itemListElement\":[{\"@type\":\"ListItem\",\"position\":1,\"name\":\"Produits\",\"item\":\"https:\\\/\\\/wd40.africa\\\/fr\\\/produits\\\/\"},{\"@type\":\"ListItem\",\"position\":2,\"name\":\"Produit Multifonction WD-40\",\"item\":\"https:\\\/\\\/wd40.africa\\\/fr\\\/wd-40-produits\\\/produit-multifonction-wd-40\\\/\"},{\"@type\":\"ListItem\",\"position\":3,\"name\":\"WD-40 Spray Double Position\"}]},{\"@type\":\"WebSite\",\"@id\":\"https:\\\/\\\/wd40.africa\\\/fr\\\/#website\",\"url\":\"https:\\\/\\\/wd40.africa\\\/fr\\\/\",\"name\":\"WD-40 Africa\",\"description\":\"WD-40 Africa\",\"publisher\":{\"@id\":\"https:\\\/\\\/wd40.africa\\\/fr\\\/#organization\"},\"potentialAction\":[{\"@type\":\"SearchAction\",\"target\":{\"@type\":\"EntryPoint\",\"urlTemplate\":\"https:\\\/\\\/wd40.africa\\\/fr\\\/?s={search_term_string}\"},\"query-input\":{\"@type\":\"PropertyValueSpecification\",\"valueRequired\":true,\"valueName\":\"search_term_string\"}}],\"inLanguage\":\"fr-FR\"},{\"@type\":\"Organization\",\"@id\":\"https:\\\/\\\/wd40.africa\\\/fr\\\/#organization\",\"name\":\"WD-40 Africa\",\"url\":\"https:\\\/\\\/wd40.africa\\\/fr\\\/\",\"logo\":{\"@type\":\"ImageObject\",\"inLanguage\":\"fr-FR\",\"@id\":\"https:\\\/\\\/wd40.africa\\\/fr\\\/#\\\/schema\\\/logo\\\/image\\\/\",\"url\":\"https:\\\/\\\/media.wd40.africa\\\/app\\\/uploads\\\/2022\\\/10\\\/24130358\\\/WD40_logo.png\",\"contentUrl\":\"https:\\\/\\\/media.wd40.africa\\\/app\\\/uploads\\\/2022\\\/10\\\/24130358\\\/WD40_logo.png\",\"width\":1024,\"height\":1024,\"caption\":\"WD-40 Africa\"},\"image\":{\"@id\":\"https:\\\/\\\/wd40.africa\\\/fr\\\/#\\\/schema\\\/logo\\\/image\\\/\"},\"sameAs\":[\"https:\\\/\\\/www.facebook.com\\\/OriginalWD40.UK\",\"https:\\\/\\\/x.com\\\/originalwd40_UK\",\"https:\\\/\\\/www.youtube.com\\\/user\\\/OriginalWD40\"]}]}<\/script>\n<!-- \/ Yoast SEO Premium plugin. -->","yoast_head_json":{"title":"Le c\u00e9l\u00e8bre Produit Multifonction WD-40 avec son Spray Double Position","description":"Red\u00e9couvrez notre c\u00e9l\u00e8bre a\u00e9rosol jaune et bleu, le Produit Multifonction WD-40, avec son Spray Double Position, pour ne plus perdre le tube rouge","robots":{"index":"index","follow":"follow","max-snippet":"max-snippet:-1","max-image-preview":"max-image-preview:large","max-video-preview":"max-video-preview:-1"},"canonical":"https:\/\/wd40.africa\/fr\/produits\/wd-40-spray-double-position\/","og_locale":"fr_FR","og_type":"article","og_title":"Le c\u00e9l\u00e8bre Produit Multifonction WD-40 avec son Spray Double Position","og_description":"Red\u00e9couvrez notre c\u00e9l\u00e8bre a\u00e9rosol jaune et bleu, le Produit Multifonction WD-40, avec son Spray Double Position, pour ne plus perdre le tube rouge","og_url":"https:\/\/wd40.africa\/fr\/produits\/wd-40-spray-double-position\/","og_site_name":"WD-40 Africa","article_publisher":"https:\/\/www.facebook.com\/OriginalWD40.UK","article_modified_time":"2024-06-04T14:39:09+00:00","og_image":[{"width":1000,"height":1000,"url":"https:\/\/media.wd40.africa\/app\/uploads\/2022\/04\/24142009\/UK_WD40_Spray-2-Ways.png","type":"image\/png"}],"twitter_card":"summary_large_image","twitter_site":"@originalwd40_UK","schema":{"@context":"https:\/\/schema.org","@graph":[[],{"@type":"ImageObject","inLanguage":"fr-FR","@id":"https:\/\/wd40.africa\/fr\/produits\/wd-40-spray-double-position\/#primaryimage","url":"https:\/\/media.wd40.africa\/app\/uploads\/2022\/04\/24142009\/UK_WD40_Spray-2-Ways.png","contentUrl":"https:\/\/media.wd40.africa\/app\/uploads\/2022\/04\/24142009\/UK_WD40_Spray-2-Ways.png","width":1000,"height":1000},{"@type":"BreadcrumbList","@id":"https:\/\/wd40.africa\/fr\/produits\/wd-40-spray-double-position\/#breadcrumb","itemListElement":[{"@type":"ListItem","position":1,"name":"Produits","item":"https:\/\/wd40.africa\/fr\/produits\/"},{"@type":"ListItem","position":2,"name":"Produit Multifonction WD-40","item":"https:\/\/wd40.africa\/fr\/wd-40-produits\/produit-multifonction-wd-40\/"},{"@type":"ListItem","position":3,"name":"WD-40 Spray Double Position"}]},{"@type":"WebSite","@id":"https:\/\/wd40.africa\/fr\/#website","url":"https:\/\/wd40.africa\/fr\/","name":"WD-40 Africa","description":"WD-40 Africa","publisher":{"@id":"https:\/\/wd40.africa\/fr\/#organization"},"potentialAction":[{"@type":"SearchAction","target":{"@type":"EntryPoint","urlTemplate":"https:\/\/wd40.africa\/fr\/?s={search_term_string}"},"query-input":{"@type":"PropertyValueSpecification","valueRequired":true,"valueName":"search_term_string"}}],"inLanguage":"fr-FR"},{"@type":"Organization","@id":"https:\/\/wd40.africa\/fr\/#organization","name":"WD-40 Africa","url":"https:\/\/wd40.africa\/fr\/","logo":{"@type":"ImageObject","inLanguage":"fr-FR","@id":"https:\/\/wd40.africa\/fr\/#\/schema\/logo\/image\/","url":"https:\/\/media.wd40.africa\/app\/uploads\/2022\/10\/24130358\/WD40_logo.png","contentUrl":"https:\/\/media.wd40.africa\/app\/uploads\/2022\/10\/24130358\/WD40_logo.png","width":1024,"height":1024,"caption":"WD-40 Africa"},"image":{"@id":"https:\/\/wd40.africa\/fr\/#\/schema\/logo\/image\/"},"sameAs":["https:\/\/www.facebook.com\/OriginalWD40.UK","https:\/\/x.com\/originalwd40_UK","https:\/\/www.youtube.com\/user\/OriginalWD40"]}]}},"yoast-key-phrase":"","yoast-key-phrase-score":"","yoast-readability":"90","_links":{"self":[{"href":"https:\/\/wd40.africa\/fr\/wp-json\/wp\/v2\/product\/1517","targetHints":{"allow":["GET"]}}],"collection":[{"href":"https:\/\/wd40.africa\/fr\/wp-json\/wp\/v2\/product"}],"about":[{"href":"https:\/\/wd40.africa\/fr\/wp-json\/wp\/v2\/types\/product"}],"version-history":[{"count":1,"href":"https:\/\/wd40.africa\/fr\/wp-json\/wp\/v2\/product\/1517\/revisions"}],"predecessor-version":[{"id":11638,"href":"https:\/\/wd40.africa\/fr\/wp-json\/wp\/v2\/product\/1517\/revisions\/11638"}],"wp:featuredmedia":[{"embeddable":true,"href":"https:\/\/wd40.africa\/fr\/wp-json\/wp\/v2\/media\/635"}],"wp:attachment":[{"href":"https:\/\/wd40.africa\/fr\/wp-json\/wp\/v2\/media?parent=1517"}],"wp:term":[{"taxonomy":"product_category","embeddable":true,"href":"https:\/\/wd40.africa\/fr\/wp-json\/wp\/v2\/product_category?post=1517"},{"taxonomy":"product_tag","embeddable":true,"href":"https:\/\/wd40.africa\/fr\/wp-json\/wp\/v2\/product_tag?post=1517"}],"curies":[{"name":"wp","href":"https:\/\/api.w.org\/{rel}","templated":true}]}}