{"id":1893,"date":"2022-05-06T11:28:38","date_gmt":"2022-05-06T11:28:38","guid":{"rendered":"https:\/\/wd40.africa\/?post_type=product&#038;p=1893"},"modified":"2024-06-04T16:33:47","modified_gmt":"2024-06-04T14:33:47","slug":"wd-40-flexible","status":"publish","type":"product","link":"https:\/\/wd40.africa\/fr\/produits\/wd-40-flexible\/","title":{"rendered":"WD-40 Flexible<sub class=\"registration-mark\">&reg;<\/sub>"},"content":{"rendered":"<p>Le Produit Multifonction WD-40 offre une protection contre la rouille et la corrosion, tout en s&#8217;infiltrant dans les endroits difficiles d&#8217;acc\u00e8s pour repousser l&#8217;humidit\u00e9 et lubrifier efficacement. Il \u00e9limine \u00e9galement la graisse, la salet\u00e9 et d&#8217;autres r\u00e9sidus de diverses surfaces.<\/p>\n<p>Con\u00e7u pour les professionnels, ce produit polyvalent a \u00e9t\u00e9 d\u00e9velopp\u00e9 pour simplifier les t\u00e2ches quotidiennes. Son nouveau tube flexible de 18 cm peut \u00eatre pli\u00e9 pour atteindre les zones les plus exig\u00fces n\u00e9cessitant une pr\u00e9cision d&#8217;application. Avec le tube abaiss\u00e9, le produit peut \u00eatre pulv\u00e9ris\u00e9 sur une plus grande surface.<\/p>\n<p>Offrant des centaines d&#8217;applications, il repousse l&#8217;humidit\u00e9 pour \u00e9viter la rouille, p\u00e9n\u00e8tre pour desserrer les pi\u00e8ces bloqu\u00e9es, lubrifie pour garantir un fonctionnement sans heurts, \u00e9limine l\u2019huile, la salet\u00e9 et la graisse. Prot\u00e8ge les surfaces m\u00e9talliques de la rouille et de la corrosion.<\/p>\n<p>Son Spray Multiposition avec Tube Flexible, combin\u00e9 \u00e0 sa valve \u00e0 360 \u00b0 permet une application polyvalente, verticale ou invers\u00e9e, large ou pr\u00e9cise, m\u00eame dans les zones difficiles d&#8217;acc\u00e8s, offrant ainsi aux professionnels un outil pratique au quotidien.<\/p>\n<p>Avec ses caract\u00e9ristiques sans silicone ni solvant chlor\u00e9, son tube en m\u00e9tal flexible \u00e0 m\u00e9moire de forme et sa valve \u00e0 360\u00b0, ce produit r\u00e9pond aux besoins de nombreux professionnels, de la plomberie \u00e0 l&#8217;entretien automobile, en passant par la m\u00e9canique de pr\u00e9cision.<\/p>\n","protected":false},"excerpt":{"rendered":"<p>Lubrifie, d\u00e9grippe, chasse l&#8217;humidit\u00e9, prot\u00e8ge et \u00e9limine les r\u00e9sidus. Atteint des zones inaccessibles gr\u00e2ce \u00e0 son tube flexible !<\/p>\n","protected":false},"featured_media":2090,"template":"","product_category":[18],"product_tag":[],"class_list":["post-1893","product","type-product","status-publish","has-post-thumbnail","hentry","product_category-produit-multifonction-wd-40"],"acf":[],"title_raw":"WD-40 Flexible","yoast_head":"<!-- This site is optimized with the Yoast SEO Premium plugin v27.3 (Yoast SEO v27.3) - https:\/\/yoast.com\/product\/yoast-seo-premium-wordpress\/ -->\n<title>Atteignez l&#039;inaccessible gr\u00e2ce au WD-40 Flexible!<\/title>\n<meta name=\"description\" content=\"Red\u00e9couvrez le c\u00e9l\u00e8bre Produit Multifonction WD-40 avec son tube flexible de 18 cm pour atteindre les zones inaccessibles !\" \/>\n<meta name=\"robots\" content=\"index, follow, max-snippet:-1, max-image-preview:large, max-video-preview:-1\" \/>\n<link rel=\"canonical\" href=\"https:\/\/wd40.africa\/fr\/produits\/wd-40-flexible\/\" \/>\n<meta property=\"og:locale\" content=\"fr_FR\" \/>\n<meta property=\"og:type\" content=\"article\" \/>\n<meta property=\"og:title\" content=\"Atteignez l&#039;inaccessible gr\u00e2ce au WD-40 Flexible!\" \/>\n<meta property=\"og:description\" content=\"Red\u00e9couvrez le c\u00e9l\u00e8bre Produit Multifonction WD-40 avec son tube flexible de 18 cm pour atteindre les zones inaccessibles !\" \/>\n<meta property=\"og:url\" content=\"https:\/\/wd40.africa\/fr\/produits\/wd-40-flexible\/\" \/>\n<meta property=\"og:site_name\" content=\"WD-40 Africa\" \/>\n<meta property=\"article:publisher\" content=\"https:\/\/www.facebook.com\/OriginalWD40.UK\" \/>\n<meta property=\"article:modified_time\" content=\"2024-06-04T14:33:47+00:00\" \/>\n<meta property=\"og:image\" content=\"https:\/\/media.wd40.africa\/app\/uploads\/2022\/05\/24141139\/WD-40-Flexible-400-ml_1000x1000.png\" \/>\n\t<meta property=\"og:image:width\" content=\"1000\" \/>\n\t<meta property=\"og:image:height\" content=\"1000\" \/>\n\t<meta property=\"og:image:type\" content=\"image\/png\" \/>\n<meta name=\"twitter:card\" content=\"summary_large_image\" \/>\n<meta name=\"twitter:site\" content=\"@originalwd40_UK\" \/>\n<script type=\"application\/ld+json\" class=\"yoast-schema-graph\">{\"@context\":\"https:\\\/\\\/schema.org\",\"@graph\":[[],{\"@type\":\"ImageObject\",\"inLanguage\":\"fr-FR\",\"@id\":\"https:\\\/\\\/wd40.africa\\\/fr\\\/produits\\\/wd-40-flexible\\\/#primaryimage\",\"url\":\"https:\\\/\\\/media.wd40.africa\\\/app\\\/uploads\\\/2022\\\/05\\\/24141139\\\/WD-40-Flexible-400-ml_1000x1000.png\",\"contentUrl\":\"https:\\\/\\\/media.wd40.africa\\\/app\\\/uploads\\\/2022\\\/05\\\/24141139\\\/WD-40-Flexible-400-ml_1000x1000.png\",\"width\":1000,\"height\":1000},{\"@type\":\"BreadcrumbList\",\"@id\":\"https:\\\/\\\/wd40.africa\\\/fr\\\/produits\\\/wd-40-flexible\\\/#breadcrumb\",\"itemListElement\":[{\"@type\":\"ListItem\",\"position\":1,\"name\":\"Produits\",\"item\":\"https:\\\/\\\/wd40.africa\\\/fr\\\/produits\\\/\"},{\"@type\":\"ListItem\",\"position\":2,\"name\":\"Produit Multifonction WD-40\",\"item\":\"https:\\\/\\\/wd40.africa\\\/fr\\\/wd-40-produits\\\/produit-multifonction-wd-40\\\/\"},{\"@type\":\"ListItem\",\"position\":3,\"name\":\"WD-40 Flexible\"}]},{\"@type\":\"WebSite\",\"@id\":\"https:\\\/\\\/wd40.africa\\\/fr\\\/#website\",\"url\":\"https:\\\/\\\/wd40.africa\\\/fr\\\/\",\"name\":\"WD-40 Africa\",\"description\":\"WD-40 Africa\",\"publisher\":{\"@id\":\"https:\\\/\\\/wd40.africa\\\/fr\\\/#organization\"},\"potentialAction\":[{\"@type\":\"SearchAction\",\"target\":{\"@type\":\"EntryPoint\",\"urlTemplate\":\"https:\\\/\\\/wd40.africa\\\/fr\\\/?s={search_term_string}\"},\"query-input\":{\"@type\":\"PropertyValueSpecification\",\"valueRequired\":true,\"valueName\":\"search_term_string\"}}],\"inLanguage\":\"fr-FR\"},{\"@type\":\"Organization\",\"@id\":\"https:\\\/\\\/wd40.africa\\\/fr\\\/#organization\",\"name\":\"WD-40 Africa\",\"url\":\"https:\\\/\\\/wd40.africa\\\/fr\\\/\",\"logo\":{\"@type\":\"ImageObject\",\"inLanguage\":\"fr-FR\",\"@id\":\"https:\\\/\\\/wd40.africa\\\/fr\\\/#\\\/schema\\\/logo\\\/image\\\/\",\"url\":\"https:\\\/\\\/media.wd40.africa\\\/app\\\/uploads\\\/2022\\\/10\\\/24130358\\\/WD40_logo.png\",\"contentUrl\":\"https:\\\/\\\/media.wd40.africa\\\/app\\\/uploads\\\/2022\\\/10\\\/24130358\\\/WD40_logo.png\",\"width\":1024,\"height\":1024,\"caption\":\"WD-40 Africa\"},\"image\":{\"@id\":\"https:\\\/\\\/wd40.africa\\\/fr\\\/#\\\/schema\\\/logo\\\/image\\\/\"},\"sameAs\":[\"https:\\\/\\\/www.facebook.com\\\/OriginalWD40.UK\",\"https:\\\/\\\/x.com\\\/originalwd40_UK\",\"https:\\\/\\\/www.youtube.com\\\/user\\\/OriginalWD40\"]}]}<\/script>\n<!-- \/ Yoast SEO Premium plugin. -->","yoast_head_json":{"title":"Atteignez l'inaccessible gr\u00e2ce au WD-40 Flexible!","description":"Red\u00e9couvrez le c\u00e9l\u00e8bre Produit Multifonction WD-40 avec son tube flexible de 18 cm pour atteindre les zones inaccessibles !","robots":{"index":"index","follow":"follow","max-snippet":"max-snippet:-1","max-image-preview":"max-image-preview:large","max-video-preview":"max-video-preview:-1"},"canonical":"https:\/\/wd40.africa\/fr\/produits\/wd-40-flexible\/","og_locale":"fr_FR","og_type":"article","og_title":"Atteignez l'inaccessible gr\u00e2ce au WD-40 Flexible!","og_description":"Red\u00e9couvrez le c\u00e9l\u00e8bre Produit Multifonction WD-40 avec son tube flexible de 18 cm pour atteindre les zones inaccessibles !","og_url":"https:\/\/wd40.africa\/fr\/produits\/wd-40-flexible\/","og_site_name":"WD-40 Africa","article_publisher":"https:\/\/www.facebook.com\/OriginalWD40.UK","article_modified_time":"2024-06-04T14:33:47+00:00","og_image":[{"width":1000,"height":1000,"url":"https:\/\/media.wd40.africa\/app\/uploads\/2022\/05\/24141139\/WD-40-Flexible-400-ml_1000x1000.png","type":"image\/png"}],"twitter_card":"summary_large_image","twitter_site":"@originalwd40_UK","schema":{"@context":"https:\/\/schema.org","@graph":[[],{"@type":"ImageObject","inLanguage":"fr-FR","@id":"https:\/\/wd40.africa\/fr\/produits\/wd-40-flexible\/#primaryimage","url":"https:\/\/media.wd40.africa\/app\/uploads\/2022\/05\/24141139\/WD-40-Flexible-400-ml_1000x1000.png","contentUrl":"https:\/\/media.wd40.africa\/app\/uploads\/2022\/05\/24141139\/WD-40-Flexible-400-ml_1000x1000.png","width":1000,"height":1000},{"@type":"BreadcrumbList","@id":"https:\/\/wd40.africa\/fr\/produits\/wd-40-flexible\/#breadcrumb","itemListElement":[{"@type":"ListItem","position":1,"name":"Produits","item":"https:\/\/wd40.africa\/fr\/produits\/"},{"@type":"ListItem","position":2,"name":"Produit Multifonction WD-40","item":"https:\/\/wd40.africa\/fr\/wd-40-produits\/produit-multifonction-wd-40\/"},{"@type":"ListItem","position":3,"name":"WD-40 Flexible"}]},{"@type":"WebSite","@id":"https:\/\/wd40.africa\/fr\/#website","url":"https:\/\/wd40.africa\/fr\/","name":"WD-40 Africa","description":"WD-40 Africa","publisher":{"@id":"https:\/\/wd40.africa\/fr\/#organization"},"potentialAction":[{"@type":"SearchAction","target":{"@type":"EntryPoint","urlTemplate":"https:\/\/wd40.africa\/fr\/?s={search_term_string}"},"query-input":{"@type":"PropertyValueSpecification","valueRequired":true,"valueName":"search_term_string"}}],"inLanguage":"fr-FR"},{"@type":"Organization","@id":"https:\/\/wd40.africa\/fr\/#organization","name":"WD-40 Africa","url":"https:\/\/wd40.africa\/fr\/","logo":{"@type":"ImageObject","inLanguage":"fr-FR","@id":"https:\/\/wd40.africa\/fr\/#\/schema\/logo\/image\/","url":"https:\/\/media.wd40.africa\/app\/uploads\/2022\/10\/24130358\/WD40_logo.png","contentUrl":"https:\/\/media.wd40.africa\/app\/uploads\/2022\/10\/24130358\/WD40_logo.png","width":1024,"height":1024,"caption":"WD-40 Africa"},"image":{"@id":"https:\/\/wd40.africa\/fr\/#\/schema\/logo\/image\/"},"sameAs":["https:\/\/www.facebook.com\/OriginalWD40.UK","https:\/\/x.com\/originalwd40_UK","https:\/\/www.youtube.com\/user\/OriginalWD40"]}]}},"yoast-key-phrase":"","yoast-key-phrase-score":"","yoast-readability":"60","_links":{"self":[{"href":"https:\/\/wd40.africa\/fr\/wp-json\/wp\/v2\/product\/1893","targetHints":{"allow":["GET"]}}],"collection":[{"href":"https:\/\/wd40.africa\/fr\/wp-json\/wp\/v2\/product"}],"about":[{"href":"https:\/\/wd40.africa\/fr\/wp-json\/wp\/v2\/types\/product"}],"version-history":[{"count":2,"href":"https:\/\/wd40.africa\/fr\/wp-json\/wp\/v2\/product\/1893\/revisions"}],"predecessor-version":[{"id":11649,"href":"https:\/\/wd40.africa\/fr\/wp-json\/wp\/v2\/product\/1893\/revisions\/11649"}],"wp:featuredmedia":[{"embeddable":true,"href":"https:\/\/wd40.africa\/fr\/wp-json\/wp\/v2\/media\/2090"}],"wp:attachment":[{"href":"https:\/\/wd40.africa\/fr\/wp-json\/wp\/v2\/media?parent=1893"}],"wp:term":[{"taxonomy":"product_category","embeddable":true,"href":"https:\/\/wd40.africa\/fr\/wp-json\/wp\/v2\/product_category?post=1893"},{"taxonomy":"product_tag","embeddable":true,"href":"https:\/\/wd40.africa\/fr\/wp-json\/wp\/v2\/product_tag?post=1893"}],"curies":[{"name":"wp","href":"https:\/\/api.w.org\/{rel}","templated":true}]}}