{"id":1522,"date":"2022-04-21T13:06:55","date_gmt":"2022-04-21T13:06:55","guid":{"rendered":"https:\/\/wd40.africa\/?post_type=product&#038;p=1522"},"modified":"2022-11-08T12:30:12","modified_gmt":"2022-11-08T10:30:12","slug":"wd-40-specialist-high-performance-ptfe-lubricant","status":"publish","type":"product","link":"https:\/\/wd40.africa\/pt-pt\/product\/wd-40-specialist-high-performance-ptfe-lubricant\/","title":{"rendered":"WD-40<sub class=\"registration-mark\">&reg;<\/sub> Lubrificante PTFE Especialista de Alto Desempenho"},"content":{"rendered":"<p>Este lubrificante PTFE de alto desempenho pode ser utilizado para uma gama de aplica\u00e7\u00f5es. Mant\u00e9m ferramentas e maquinaria a funcionar sem problemas, e melhora a vida \u00fatil de tudo, desde implementos de jardim a pe\u00e7as de autom\u00f3vel.<\/p>\n<p>PTFE significa que o nosso lubrificante n\u00e3o cola, e pode funcionar na maioria das temperaturas e numa variedade de materiais.<\/p>\n<p>\u00c9 seguro para utiliza\u00e7\u00e3o em ambientes entre -20\u00b0C e 100\u00b0C, e adequado para utiliza\u00e7\u00e3o em todos os metais, vidro, vinil, borracha e pl\u00e1sticos. Um complemento ideal para a garagem, oficina, f\u00e1brica, ou galp\u00e3o de jardim.<\/p>\n<p>Com o aplicador Smart Straw, tem duas formas de pulverizar; usar a palha virada para cima para \u00e1reas de dif\u00edcil acesso, como no interior de correntes, fechaduras ou rolos, e depois vir\u00e1-la para baixo para usar o olho de pulveriza\u00e7\u00e3o de grande \u00e2ngulo para cobertura da \u00e1rea em superf\u00edcies. Qualquer que seja a forma de pulverizar, pode confiar na inteligente v\u00e1lvula de 360\u00ba para trabalhar eficazmente em todos os \u00e2ngulos, mesmo de cabe\u00e7a para baixo.<\/p>\n<p>Procura um lubrificante perfeito para utiliza\u00e7\u00e3o em elementos de borracha como tubos, veda\u00e7\u00f5es de janelas, acess\u00f3rios de canaliza\u00e7\u00e3o e correias? Experimente o <a href=\"https:\/\/wd40.africa\/product\/wd-40-specialist-high-performance-silicone-lubricant?lang=pt-pt\">Lubrificante Especialista WD-40 de Silicone de Alto Desempenho<\/a>.<\/p>\n","protected":false},"excerpt":{"rendered":"<p>Este lubrificante PTFE de alto desempenho pode ser utilizado para uma gama de aplica\u00e7\u00f5es. Mant\u00e9m ferramentas e maquinaria a funcionar sem problemas, e melhora a vida \u00fatil de tudo, desde implementos de jardim a pe\u00e7as de autom\u00f3vel.<\/p>\n","protected":false},"featured_media":1213,"template":"","product_category":[24],"product_tag":[],"class_list":["post-1522","product","type-product","status-publish","has-post-thumbnail","hentry","product_category-wd-40-specialist-pt-pt"],"acf":[],"title_raw":"WD-40 Lubrificante PTFE Especialista de Alto Desempenho","yoast_head":"<!-- This site is optimized with the Yoast SEO Premium plugin v27.3 (Yoast SEO v27.3) - https:\/\/yoast.com\/product\/yoast-seo-premium-wordpress\/ -->\n<title>WD-40 Lubrificante PTFE Especialista de Alto Desempenho - WD-40 Africa<\/title>\n<meta name=\"description\" content=\"Este lubrificante PTFE de alto desempenho pode ser utilizado para uma gama de aplica\u00e7\u00f5es. Mant\u00e9m ferramentas e maquinaria a funcionar sem problemas, e melhora a vida \u00fatil de tudo, desde implementos de jardim a pe\u00e7as de autom\u00f3vel.\" \/>\n<meta name=\"robots\" content=\"index, follow, max-snippet:-1, max-image-preview:large, max-video-preview:-1\" \/>\n<link rel=\"canonical\" href=\"https:\/\/wd40.africa\/pt-pt\/product\/wd-40-specialist-high-performance-ptfe-lubricant\/\" \/>\n<meta property=\"og:locale\" content=\"pt_PT\" \/>\n<meta property=\"og:type\" content=\"article\" \/>\n<meta property=\"og:title\" content=\"WD-40 Lubrificante PTFE Especialista de Alto Desempenho - WD-40 Africa\" \/>\n<meta property=\"og:description\" content=\"Este lubrificante PTFE de alto desempenho pode ser utilizado para uma gama de aplica\u00e7\u00f5es. Mant\u00e9m ferramentas e maquinaria a funcionar sem problemas, e melhora a vida \u00fatil de tudo, desde implementos de jardim a pe\u00e7as de autom\u00f3vel.\" \/>\n<meta property=\"og:url\" content=\"https:\/\/wd40.africa\/pt-pt\/product\/wd-40-specialist-high-performance-ptfe-lubricant\/\" \/>\n<meta property=\"og:site_name\" content=\"WD-40 Africa\" \/>\n<meta property=\"article:publisher\" content=\"https:\/\/www.facebook.com\/OriginalWD40.UK\" \/>\n<meta property=\"article:modified_time\" content=\"2022-11-08T10:30:12+00:00\" \/>\n<meta property=\"og:image\" content=\"https:\/\/media.wd40.africa\/app\/uploads\/2022\/04\/24141616\/WD40-PTFE-lubricant.png\" \/>\n\t<meta property=\"og:image:width\" content=\"1000\" \/>\n\t<meta property=\"og:image:height\" content=\"1000\" \/>\n\t<meta property=\"og:image:type\" content=\"image\/png\" \/>\n<meta name=\"twitter:card\" content=\"summary_large_image\" \/>\n<meta name=\"twitter:site\" content=\"@originalwd40_UK\" \/>\n<script type=\"application\/ld+json\" class=\"yoast-schema-graph\">{\"@context\":\"https:\\\/\\\/schema.org\",\"@graph\":[[],{\"@type\":\"ImageObject\",\"inLanguage\":\"pt-PT\",\"@id\":\"https:\\\/\\\/wd40.africa\\\/pt-pt\\\/product\\\/wd-40-specialist-high-performance-ptfe-lubricant\\\/#primaryimage\",\"url\":\"https:\\\/\\\/media.wd40.africa\\\/app\\\/uploads\\\/2022\\\/04\\\/24141616\\\/WD40-PTFE-lubricant.png\",\"contentUrl\":\"https:\\\/\\\/media.wd40.africa\\\/app\\\/uploads\\\/2022\\\/04\\\/24141616\\\/WD40-PTFE-lubricant.png\",\"width\":1000,\"height\":1000,\"caption\":\"WD40-PTFE-lubricant\"},{\"@type\":\"BreadcrumbList\",\"@id\":\"https:\\\/\\\/wd40.africa\\\/pt-pt\\\/product\\\/wd-40-specialist-high-performance-ptfe-lubricant\\\/#breadcrumb\",\"itemListElement\":[{\"@type\":\"ListItem\",\"position\":1,\"name\":\"Produto\",\"item\":\"https:\\\/\\\/wd40.africa\\\/pt-pt\\\/product\\\/\"},{\"@type\":\"ListItem\",\"position\":2,\"name\":\"WD-40 Specialist\",\"item\":\"https:\\\/\\\/wd40.africa\\\/pt-pt\\\/products\\\/wd-40-specialist-pt-pt\\\/\"},{\"@type\":\"ListItem\",\"position\":3,\"name\":\"WD-40&reg; Lubrificante PTFE Especialista de Alto Desempenho\"}]},{\"@type\":\"WebSite\",\"@id\":\"https:\\\/\\\/wd40.africa\\\/pt-pt\\\/#website\",\"url\":\"https:\\\/\\\/wd40.africa\\\/pt-pt\\\/\",\"name\":\"WD-40 Africa\",\"description\":\"WD-40 Africa\",\"publisher\":{\"@id\":\"https:\\\/\\\/wd40.africa\\\/pt-pt\\\/#organization\"},\"potentialAction\":[{\"@type\":\"SearchAction\",\"target\":{\"@type\":\"EntryPoint\",\"urlTemplate\":\"https:\\\/\\\/wd40.africa\\\/pt-pt\\\/?s={search_term_string}\"},\"query-input\":{\"@type\":\"PropertyValueSpecification\",\"valueRequired\":true,\"valueName\":\"search_term_string\"}}],\"inLanguage\":\"pt-PT\"},{\"@type\":\"Organization\",\"@id\":\"https:\\\/\\\/wd40.africa\\\/pt-pt\\\/#organization\",\"name\":\"WD-40 Africa\",\"url\":\"https:\\\/\\\/wd40.africa\\\/pt-pt\\\/\",\"logo\":{\"@type\":\"ImageObject\",\"inLanguage\":\"pt-PT\",\"@id\":\"https:\\\/\\\/wd40.africa\\\/pt-pt\\\/#\\\/schema\\\/logo\\\/image\\\/\",\"url\":\"https:\\\/\\\/media.wd40.africa\\\/app\\\/uploads\\\/2022\\\/10\\\/24130358\\\/WD40_logo.png\",\"contentUrl\":\"https:\\\/\\\/media.wd40.africa\\\/app\\\/uploads\\\/2022\\\/10\\\/24130358\\\/WD40_logo.png\",\"width\":1024,\"height\":1024,\"caption\":\"WD-40 Africa\"},\"image\":{\"@id\":\"https:\\\/\\\/wd40.africa\\\/pt-pt\\\/#\\\/schema\\\/logo\\\/image\\\/\"},\"sameAs\":[\"https:\\\/\\\/www.facebook.com\\\/OriginalWD40.UK\",\"https:\\\/\\\/x.com\\\/originalwd40_UK\",\"https:\\\/\\\/www.youtube.com\\\/user\\\/OriginalWD40\"]}]}<\/script>\n<!-- \/ Yoast SEO Premium plugin. -->","yoast_head_json":{"title":"WD-40 Lubrificante PTFE Especialista de Alto Desempenho - WD-40 Africa","description":"Este lubrificante PTFE de alto desempenho pode ser utilizado para uma gama de aplica\u00e7\u00f5es. Mant\u00e9m ferramentas e maquinaria a funcionar sem problemas, e melhora a vida \u00fatil de tudo, desde implementos de jardim a pe\u00e7as de autom\u00f3vel.","robots":{"index":"index","follow":"follow","max-snippet":"max-snippet:-1","max-image-preview":"max-image-preview:large","max-video-preview":"max-video-preview:-1"},"canonical":"https:\/\/wd40.africa\/pt-pt\/product\/wd-40-specialist-high-performance-ptfe-lubricant\/","og_locale":"pt_PT","og_type":"article","og_title":"WD-40 Lubrificante PTFE Especialista de Alto Desempenho - WD-40 Africa","og_description":"Este lubrificante PTFE de alto desempenho pode ser utilizado para uma gama de aplica\u00e7\u00f5es. Mant\u00e9m ferramentas e maquinaria a funcionar sem problemas, e melhora a vida \u00fatil de tudo, desde implementos de jardim a pe\u00e7as de autom\u00f3vel.","og_url":"https:\/\/wd40.africa\/pt-pt\/product\/wd-40-specialist-high-performance-ptfe-lubricant\/","og_site_name":"WD-40 Africa","article_publisher":"https:\/\/www.facebook.com\/OriginalWD40.UK","article_modified_time":"2022-11-08T10:30:12+00:00","og_image":[{"width":1000,"height":1000,"url":"https:\/\/media.wd40.africa\/app\/uploads\/2022\/04\/24141616\/WD40-PTFE-lubricant.png","type":"image\/png"}],"twitter_card":"summary_large_image","twitter_site":"@originalwd40_UK","schema":{"@context":"https:\/\/schema.org","@graph":[[],{"@type":"ImageObject","inLanguage":"pt-PT","@id":"https:\/\/wd40.africa\/pt-pt\/product\/wd-40-specialist-high-performance-ptfe-lubricant\/#primaryimage","url":"https:\/\/media.wd40.africa\/app\/uploads\/2022\/04\/24141616\/WD40-PTFE-lubricant.png","contentUrl":"https:\/\/media.wd40.africa\/app\/uploads\/2022\/04\/24141616\/WD40-PTFE-lubricant.png","width":1000,"height":1000,"caption":"WD40-PTFE-lubricant"},{"@type":"BreadcrumbList","@id":"https:\/\/wd40.africa\/pt-pt\/product\/wd-40-specialist-high-performance-ptfe-lubricant\/#breadcrumb","itemListElement":[{"@type":"ListItem","position":1,"name":"Produto","item":"https:\/\/wd40.africa\/pt-pt\/product\/"},{"@type":"ListItem","position":2,"name":"WD-40 Specialist","item":"https:\/\/wd40.africa\/pt-pt\/products\/wd-40-specialist-pt-pt\/"},{"@type":"ListItem","position":3,"name":"WD-40&reg; Lubrificante PTFE Especialista de Alto Desempenho"}]},{"@type":"WebSite","@id":"https:\/\/wd40.africa\/pt-pt\/#website","url":"https:\/\/wd40.africa\/pt-pt\/","name":"WD-40 Africa","description":"WD-40 Africa","publisher":{"@id":"https:\/\/wd40.africa\/pt-pt\/#organization"},"potentialAction":[{"@type":"SearchAction","target":{"@type":"EntryPoint","urlTemplate":"https:\/\/wd40.africa\/pt-pt\/?s={search_term_string}"},"query-input":{"@type":"PropertyValueSpecification","valueRequired":true,"valueName":"search_term_string"}}],"inLanguage":"pt-PT"},{"@type":"Organization","@id":"https:\/\/wd40.africa\/pt-pt\/#organization","name":"WD-40 Africa","url":"https:\/\/wd40.africa\/pt-pt\/","logo":{"@type":"ImageObject","inLanguage":"pt-PT","@id":"https:\/\/wd40.africa\/pt-pt\/#\/schema\/logo\/image\/","url":"https:\/\/media.wd40.africa\/app\/uploads\/2022\/10\/24130358\/WD40_logo.png","contentUrl":"https:\/\/media.wd40.africa\/app\/uploads\/2022\/10\/24130358\/WD40_logo.png","width":1024,"height":1024,"caption":"WD-40 Africa"},"image":{"@id":"https:\/\/wd40.africa\/pt-pt\/#\/schema\/logo\/image\/"},"sameAs":["https:\/\/www.facebook.com\/OriginalWD40.UK","https:\/\/x.com\/originalwd40_UK","https:\/\/www.youtube.com\/user\/OriginalWD40"]}]}},"yoast-key-phrase":"","yoast-key-phrase-score":"","yoast-readability":"60","_links":{"self":[{"href":"https:\/\/wd40.africa\/pt-pt\/wp-json\/wp\/v2\/product\/1522","targetHints":{"allow":["GET"]}}],"collection":[{"href":"https:\/\/wd40.africa\/pt-pt\/wp-json\/wp\/v2\/product"}],"about":[{"href":"https:\/\/wd40.africa\/pt-pt\/wp-json\/wp\/v2\/types\/product"}],"version-history":[{"count":0,"href":"https:\/\/wd40.africa\/pt-pt\/wp-json\/wp\/v2\/product\/1522\/revisions"}],"wp:featuredmedia":[{"embeddable":true,"href":"https:\/\/wd40.africa\/pt-pt\/wp-json\/wp\/v2\/media\/1213"}],"wp:attachment":[{"href":"https:\/\/wd40.africa\/pt-pt\/wp-json\/wp\/v2\/media?parent=1522"}],"wp:term":[{"taxonomy":"product_category","embeddable":true,"href":"https:\/\/wd40.africa\/pt-pt\/wp-json\/wp\/v2\/product_category?post=1522"},{"taxonomy":"product_tag","embeddable":true,"href":"https:\/\/wd40.africa\/pt-pt\/wp-json\/wp\/v2\/product_tag?post=1522"}],"curies":[{"name":"wp","href":"https:\/\/api.w.org\/{rel}","templated":true}]}}