{"id":1523,"date":"2022-04-21T13:15:26","date_gmt":"2022-04-21T13:15:26","guid":{"rendered":"https:\/\/wd40.africa\/?post_type=product&#038;p=1523"},"modified":"2023-12-08T11:32:46","modified_gmt":"2023-12-08T09:32:46","slug":"penetrante-acao-rapida","status":"publish","type":"product","link":"https:\/\/wd40.africa\/pt-pt\/product\/penetrante-acao-rapida\/","title":{"rendered":"Penetrante \u2013 A\u00e7\u00e3o R\u00e1pida"},"content":{"rendered":"<p>Liberta e solta pe\u00e7as e mecanismos, at\u00e9 mesmo os fortemente corro\u00eddos ou presos por acumula\u00e7\u00e3o de ferrugem.<b><br \/>\n<\/b>Atua rapidamente em \u00e1reas de dif\u00edcil acesso e \u00e9 altamente resistente \u00e0 \u00e1gua.<\/p>\n","protected":false},"excerpt":{"rendered":"<p>WD\u201140 Specialist Penetrante de a\u00e7\u00e3o r\u00e1pida penetra e desbloqueia mecanismos e pe\u00e7as obstru\u00eddas pela ferrugem em segundos.<\/p>\n","protected":false},"featured_media":11497,"template":"","product_category":[24],"product_tag":[],"class_list":["post-1523","product","type-product","status-publish","has-post-thumbnail","hentry","product_category-wd-40-specialist-pt-pt"],"acf":[],"title_raw":"Penetrante \u2013 A\u00e7\u00e3o R\u00e1pida","yoast_head":"<!-- This site is optimized with the Yoast SEO Premium plugin v27.3 (Yoast SEO v27.3) - https:\/\/yoast.com\/product\/yoast-seo-premium-wordpress\/ -->\n<title>Penetrante \u2013 A\u00e7\u00e3o R\u00e1pida - WD-40 Africa<\/title>\n<meta name=\"description\" content=\"WD\u201140 Specialist Penetrante de a\u00e7\u00e3o r\u00e1pida penetra e desbloqueia mecanismos e pe\u00e7as obstru\u00eddas pela ferrugem em segundos.\" \/>\n<meta name=\"robots\" content=\"index, follow, max-snippet:-1, max-image-preview:large, max-video-preview:-1\" \/>\n<link rel=\"canonical\" href=\"https:\/\/wd40.africa\/pt-pt\/product\/penetrante-acao-rapida\/\" \/>\n<meta property=\"og:locale\" content=\"pt_PT\" \/>\n<meta property=\"og:type\" content=\"article\" \/>\n<meta property=\"og:title\" content=\"Penetrante \u2013 A\u00e7\u00e3o R\u00e1pida - WD-40 Africa\" \/>\n<meta property=\"og:description\" content=\"WD\u201140 Specialist Penetrante de a\u00e7\u00e3o r\u00e1pida penetra e desbloqueia mecanismos e pe\u00e7as obstru\u00eddas pela ferrugem em segundos.\" \/>\n<meta property=\"og:url\" content=\"https:\/\/wd40.africa\/pt-pt\/product\/penetrante-acao-rapida\/\" \/>\n<meta property=\"og:site_name\" content=\"WD-40 Africa\" \/>\n<meta property=\"article:publisher\" content=\"https:\/\/www.facebook.com\/OriginalWD40.UK\" \/>\n<meta property=\"article:modified_time\" content=\"2023-12-08T09:32:46+00:00\" \/>\n<meta property=\"og:image\" content=\"https:\/\/media.wd40.africa\/app\/uploads\/2022\/04\/08113218\/WD40-SPECIALIST-PENETRANTE-400ML.png\" \/>\n\t<meta property=\"og:image:width\" content=\"1000\" \/>\n\t<meta property=\"og:image:height\" content=\"1000\" \/>\n\t<meta property=\"og:image:type\" content=\"image\/png\" \/>\n<meta name=\"twitter:card\" content=\"summary_large_image\" \/>\n<meta name=\"twitter:site\" content=\"@originalwd40_UK\" \/>\n<script type=\"application\/ld+json\" class=\"yoast-schema-graph\">{\"@context\":\"https:\\\/\\\/schema.org\",\"@graph\":[[],{\"@type\":\"ImageObject\",\"inLanguage\":\"pt-PT\",\"@id\":\"https:\\\/\\\/wd40.africa\\\/pt-pt\\\/product\\\/penetrante-acao-rapida\\\/#primaryimage\",\"url\":\"https:\\\/\\\/media.wd40.africa\\\/app\\\/uploads\\\/2022\\\/04\\\/08113218\\\/WD40-SPECIALIST-PENETRANTE-400ML.png\",\"contentUrl\":\"https:\\\/\\\/media.wd40.africa\\\/app\\\/uploads\\\/2022\\\/04\\\/08113218\\\/WD40-SPECIALIST-PENETRANTE-400ML.png\",\"width\":1000,\"height\":1000},{\"@type\":\"BreadcrumbList\",\"@id\":\"https:\\\/\\\/wd40.africa\\\/pt-pt\\\/product\\\/penetrante-acao-rapida\\\/#breadcrumb\",\"itemListElement\":[{\"@type\":\"ListItem\",\"position\":1,\"name\":\"Produto\",\"item\":\"https:\\\/\\\/wd40.africa\\\/pt-pt\\\/product\\\/\"},{\"@type\":\"ListItem\",\"position\":2,\"name\":\"WD-40 Specialist\",\"item\":\"https:\\\/\\\/wd40.africa\\\/pt-pt\\\/products\\\/wd-40-specialist-pt-pt\\\/\"},{\"@type\":\"ListItem\",\"position\":3,\"name\":\"Penetrante \u2013 A\u00e7\u00e3o R\u00e1pida\"}]},{\"@type\":\"WebSite\",\"@id\":\"https:\\\/\\\/wd40.africa\\\/pt-pt\\\/#website\",\"url\":\"https:\\\/\\\/wd40.africa\\\/pt-pt\\\/\",\"name\":\"WD-40 Africa\",\"description\":\"WD-40 Africa\",\"publisher\":{\"@id\":\"https:\\\/\\\/wd40.africa\\\/pt-pt\\\/#organization\"},\"potentialAction\":[{\"@type\":\"SearchAction\",\"target\":{\"@type\":\"EntryPoint\",\"urlTemplate\":\"https:\\\/\\\/wd40.africa\\\/pt-pt\\\/?s={search_term_string}\"},\"query-input\":{\"@type\":\"PropertyValueSpecification\",\"valueRequired\":true,\"valueName\":\"search_term_string\"}}],\"inLanguage\":\"pt-PT\"},{\"@type\":\"Organization\",\"@id\":\"https:\\\/\\\/wd40.africa\\\/pt-pt\\\/#organization\",\"name\":\"WD-40 Africa\",\"url\":\"https:\\\/\\\/wd40.africa\\\/pt-pt\\\/\",\"logo\":{\"@type\":\"ImageObject\",\"inLanguage\":\"pt-PT\",\"@id\":\"https:\\\/\\\/wd40.africa\\\/pt-pt\\\/#\\\/schema\\\/logo\\\/image\\\/\",\"url\":\"https:\\\/\\\/media.wd40.africa\\\/app\\\/uploads\\\/2022\\\/10\\\/24130358\\\/WD40_logo.png\",\"contentUrl\":\"https:\\\/\\\/media.wd40.africa\\\/app\\\/uploads\\\/2022\\\/10\\\/24130358\\\/WD40_logo.png\",\"width\":1024,\"height\":1024,\"caption\":\"WD-40 Africa\"},\"image\":{\"@id\":\"https:\\\/\\\/wd40.africa\\\/pt-pt\\\/#\\\/schema\\\/logo\\\/image\\\/\"},\"sameAs\":[\"https:\\\/\\\/www.facebook.com\\\/OriginalWD40.UK\",\"https:\\\/\\\/x.com\\\/originalwd40_UK\",\"https:\\\/\\\/www.youtube.com\\\/user\\\/OriginalWD40\"]}]}<\/script>\n<!-- \/ Yoast SEO Premium plugin. -->","yoast_head_json":{"title":"Penetrante \u2013 A\u00e7\u00e3o R\u00e1pida - WD-40 Africa","description":"WD\u201140 Specialist Penetrante de a\u00e7\u00e3o r\u00e1pida penetra e desbloqueia mecanismos e pe\u00e7as obstru\u00eddas pela ferrugem em segundos.","robots":{"index":"index","follow":"follow","max-snippet":"max-snippet:-1","max-image-preview":"max-image-preview:large","max-video-preview":"max-video-preview:-1"},"canonical":"https:\/\/wd40.africa\/pt-pt\/product\/penetrante-acao-rapida\/","og_locale":"pt_PT","og_type":"article","og_title":"Penetrante \u2013 A\u00e7\u00e3o R\u00e1pida - WD-40 Africa","og_description":"WD\u201140 Specialist Penetrante de a\u00e7\u00e3o r\u00e1pida penetra e desbloqueia mecanismos e pe\u00e7as obstru\u00eddas pela ferrugem em segundos.","og_url":"https:\/\/wd40.africa\/pt-pt\/product\/penetrante-acao-rapida\/","og_site_name":"WD-40 Africa","article_publisher":"https:\/\/www.facebook.com\/OriginalWD40.UK","article_modified_time":"2023-12-08T09:32:46+00:00","og_image":[{"width":1000,"height":1000,"url":"https:\/\/media.wd40.africa\/app\/uploads\/2022\/04\/08113218\/WD40-SPECIALIST-PENETRANTE-400ML.png","type":"image\/png"}],"twitter_card":"summary_large_image","twitter_site":"@originalwd40_UK","schema":{"@context":"https:\/\/schema.org","@graph":[[],{"@type":"ImageObject","inLanguage":"pt-PT","@id":"https:\/\/wd40.africa\/pt-pt\/product\/penetrante-acao-rapida\/#primaryimage","url":"https:\/\/media.wd40.africa\/app\/uploads\/2022\/04\/08113218\/WD40-SPECIALIST-PENETRANTE-400ML.png","contentUrl":"https:\/\/media.wd40.africa\/app\/uploads\/2022\/04\/08113218\/WD40-SPECIALIST-PENETRANTE-400ML.png","width":1000,"height":1000},{"@type":"BreadcrumbList","@id":"https:\/\/wd40.africa\/pt-pt\/product\/penetrante-acao-rapida\/#breadcrumb","itemListElement":[{"@type":"ListItem","position":1,"name":"Produto","item":"https:\/\/wd40.africa\/pt-pt\/product\/"},{"@type":"ListItem","position":2,"name":"WD-40 Specialist","item":"https:\/\/wd40.africa\/pt-pt\/products\/wd-40-specialist-pt-pt\/"},{"@type":"ListItem","position":3,"name":"Penetrante \u2013 A\u00e7\u00e3o R\u00e1pida"}]},{"@type":"WebSite","@id":"https:\/\/wd40.africa\/pt-pt\/#website","url":"https:\/\/wd40.africa\/pt-pt\/","name":"WD-40 Africa","description":"WD-40 Africa","publisher":{"@id":"https:\/\/wd40.africa\/pt-pt\/#organization"},"potentialAction":[{"@type":"SearchAction","target":{"@type":"EntryPoint","urlTemplate":"https:\/\/wd40.africa\/pt-pt\/?s={search_term_string}"},"query-input":{"@type":"PropertyValueSpecification","valueRequired":true,"valueName":"search_term_string"}}],"inLanguage":"pt-PT"},{"@type":"Organization","@id":"https:\/\/wd40.africa\/pt-pt\/#organization","name":"WD-40 Africa","url":"https:\/\/wd40.africa\/pt-pt\/","logo":{"@type":"ImageObject","inLanguage":"pt-PT","@id":"https:\/\/wd40.africa\/pt-pt\/#\/schema\/logo\/image\/","url":"https:\/\/media.wd40.africa\/app\/uploads\/2022\/10\/24130358\/WD40_logo.png","contentUrl":"https:\/\/media.wd40.africa\/app\/uploads\/2022\/10\/24130358\/WD40_logo.png","width":1024,"height":1024,"caption":"WD-40 Africa"},"image":{"@id":"https:\/\/wd40.africa\/pt-pt\/#\/schema\/logo\/image\/"},"sameAs":["https:\/\/www.facebook.com\/OriginalWD40.UK","https:\/\/x.com\/originalwd40_UK","https:\/\/www.youtube.com\/user\/OriginalWD40"]}]}},"yoast-key-phrase":"","yoast-key-phrase-score":"","yoast-readability":"90","_links":{"self":[{"href":"https:\/\/wd40.africa\/pt-pt\/wp-json\/wp\/v2\/product\/1523","targetHints":{"allow":["GET"]}}],"collection":[{"href":"https:\/\/wd40.africa\/pt-pt\/wp-json\/wp\/v2\/product"}],"about":[{"href":"https:\/\/wd40.africa\/pt-pt\/wp-json\/wp\/v2\/types\/product"}],"version-history":[{"count":0,"href":"https:\/\/wd40.africa\/pt-pt\/wp-json\/wp\/v2\/product\/1523\/revisions"}],"wp:featuredmedia":[{"embeddable":true,"href":"https:\/\/wd40.africa\/pt-pt\/wp-json\/wp\/v2\/media\/11497"}],"wp:attachment":[{"href":"https:\/\/wd40.africa\/pt-pt\/wp-json\/wp\/v2\/media?parent=1523"}],"wp:term":[{"taxonomy":"product_category","embeddable":true,"href":"https:\/\/wd40.africa\/pt-pt\/wp-json\/wp\/v2\/product_category?post=1523"},{"taxonomy":"product_tag","embeddable":true,"href":"https:\/\/wd40.africa\/pt-pt\/wp-json\/wp\/v2\/product_tag?post=1523"}],"curies":[{"name":"wp","href":"https:\/\/api.w.org\/{rel}","templated":true}]}}