{"id":1662,"date":"2022-04-22T15:09:16","date_gmt":"2022-04-22T15:09:16","guid":{"rendered":"https:\/\/wd40.africa\/?post_type=product&#038;p=1662"},"modified":"2023-12-08T15:12:57","modified_gmt":"2023-12-08T13:12:57","slug":"lubrificante-de-correntes-ambiente-seco","status":"publish","type":"product","link":"https:\/\/wd40.africa\/pt-pt\/product\/lubrificante-de-correntes-ambiente-seco\/","title":{"rendered":"Lubrificante de Correntes \u2013 Ambiente Seco"},"content":{"rendered":"<p>biente Seco proporciona uma lubrifica\u00e7\u00e3o e prote\u00e7\u00e3o duradouras para a corrente e \u00e9 compat\u00edvel com O,X,Z Rings. Este produto apresenta uma excelente a\u00e7\u00e3o de longa dura\u00e7\u00e3o e \u00e9 adequado para ambientes secos.<br \/>\nSeca rapidamente e tem excelentes propriedades de ader\u00eancia \u00e0 corrente. A sua utiliza\u00e7\u00e3o melhora o desempenho e prolonga a vida \u00fatil da corrente.<\/p>\n","protected":false},"excerpt":{"rendered":"<p>F\u00f3rmula desenvolvida para lubrifica\u00e7\u00e3o e prote\u00e7\u00e3o da corrente em ambientes secos.<\/p>\n","protected":false},"featured_media":11359,"template":"","product_category":[25],"product_tag":[],"class_list":["post-1662","product","type-product","status-publish","has-post-thumbnail","hentry","product_category-wd-40-specialist-motorbike"],"acf":[],"title_raw":"Lubrificante de Correntes \u2013 Ambiente Seco","yoast_head":"<!-- This site is optimized with the Yoast SEO Premium plugin v27.3 (Yoast SEO v27.3) - https:\/\/yoast.com\/product\/yoast-seo-premium-wordpress\/ -->\n<title>Lubrificante de Correntes \u2013 Ambiente Seco - WD-40 Africa<\/title>\n<meta name=\"description\" content=\"F\u00f3rmula desenvolvida para lubrifica\u00e7\u00e3o e prote\u00e7\u00e3o da corrente em ambientes secos.\" \/>\n<meta name=\"robots\" content=\"index, follow, max-snippet:-1, max-image-preview:large, max-video-preview:-1\" \/>\n<link rel=\"canonical\" href=\"https:\/\/wd40.africa\/pt-pt\/product\/lubrificante-de-correntes-ambiente-seco\/\" \/>\n<meta property=\"og:locale\" content=\"pt_PT\" \/>\n<meta property=\"og:type\" content=\"article\" \/>\n<meta property=\"og:title\" content=\"Lubrificante de Correntes \u2013 Ambiente Seco - WD-40 Africa\" \/>\n<meta property=\"og:description\" content=\"F\u00f3rmula desenvolvida para lubrifica\u00e7\u00e3o e prote\u00e7\u00e3o da corrente em ambientes secos.\" \/>\n<meta property=\"og:url\" content=\"https:\/\/wd40.africa\/pt-pt\/product\/lubrificante-de-correntes-ambiente-seco\/\" \/>\n<meta property=\"og:site_name\" content=\"WD-40 Africa\" \/>\n<meta property=\"article:publisher\" content=\"https:\/\/www.facebook.com\/OriginalWD40.UK\" \/>\n<meta property=\"article:modified_time\" content=\"2023-12-08T13:12:57+00:00\" \/>\n<meta property=\"og:image\" content=\"https:\/\/media.wd40.africa\/app\/uploads\/2022\/04\/06152656\/WD40-MOTO-LUBRICANTE-CADENAS-400ML.png\" \/>\n\t<meta property=\"og:image:width\" content=\"1000\" \/>\n\t<meta property=\"og:image:height\" content=\"1000\" \/>\n\t<meta property=\"og:image:type\" content=\"image\/png\" \/>\n<meta name=\"twitter:card\" content=\"summary_large_image\" \/>\n<meta name=\"twitter:site\" content=\"@originalwd40_UK\" \/>\n<script type=\"application\/ld+json\" class=\"yoast-schema-graph\">{\"@context\":\"https:\\\/\\\/schema.org\",\"@graph\":[[],{\"@type\":\"ImageObject\",\"inLanguage\":\"pt-PT\",\"@id\":\"https:\\\/\\\/wd40.africa\\\/pt-pt\\\/product\\\/lubrificante-de-correntes-ambiente-seco\\\/#primaryimage\",\"url\":\"https:\\\/\\\/media.wd40.africa\\\/app\\\/uploads\\\/2022\\\/04\\\/06152656\\\/WD40-MOTO-LUBRICANTE-CADENAS-400ML.png\",\"contentUrl\":\"https:\\\/\\\/media.wd40.africa\\\/app\\\/uploads\\\/2022\\\/04\\\/06152656\\\/WD40-MOTO-LUBRICANTE-CADENAS-400ML.png\",\"width\":1000,\"height\":1000},{\"@type\":\"BreadcrumbList\",\"@id\":\"https:\\\/\\\/wd40.africa\\\/pt-pt\\\/product\\\/lubrificante-de-correntes-ambiente-seco\\\/#breadcrumb\",\"itemListElement\":[{\"@type\":\"ListItem\",\"position\":1,\"name\":\"Produto\",\"item\":\"https:\\\/\\\/wd40.africa\\\/pt-pt\\\/product\\\/\"},{\"@type\":\"ListItem\",\"position\":2,\"name\":\"WD-40 Specialist Motorbike\",\"item\":\"https:\\\/\\\/wd40.africa\\\/pt-pt\\\/products\\\/wd-40-specialist-motorbike\\\/\"},{\"@type\":\"ListItem\",\"position\":3,\"name\":\"Lubrificante de Correntes \u2013 Ambiente Seco\"}]},{\"@type\":\"WebSite\",\"@id\":\"https:\\\/\\\/wd40.africa\\\/pt-pt\\\/#website\",\"url\":\"https:\\\/\\\/wd40.africa\\\/pt-pt\\\/\",\"name\":\"WD-40 Africa\",\"description\":\"WD-40 Africa\",\"publisher\":{\"@id\":\"https:\\\/\\\/wd40.africa\\\/pt-pt\\\/#organization\"},\"potentialAction\":[{\"@type\":\"SearchAction\",\"target\":{\"@type\":\"EntryPoint\",\"urlTemplate\":\"https:\\\/\\\/wd40.africa\\\/pt-pt\\\/?s={search_term_string}\"},\"query-input\":{\"@type\":\"PropertyValueSpecification\",\"valueRequired\":true,\"valueName\":\"search_term_string\"}}],\"inLanguage\":\"pt-PT\"},{\"@type\":\"Organization\",\"@id\":\"https:\\\/\\\/wd40.africa\\\/pt-pt\\\/#organization\",\"name\":\"WD-40 Africa\",\"url\":\"https:\\\/\\\/wd40.africa\\\/pt-pt\\\/\",\"logo\":{\"@type\":\"ImageObject\",\"inLanguage\":\"pt-PT\",\"@id\":\"https:\\\/\\\/wd40.africa\\\/pt-pt\\\/#\\\/schema\\\/logo\\\/image\\\/\",\"url\":\"https:\\\/\\\/media.wd40.africa\\\/app\\\/uploads\\\/2022\\\/10\\\/24130358\\\/WD40_logo.png\",\"contentUrl\":\"https:\\\/\\\/media.wd40.africa\\\/app\\\/uploads\\\/2022\\\/10\\\/24130358\\\/WD40_logo.png\",\"width\":1024,\"height\":1024,\"caption\":\"WD-40 Africa\"},\"image\":{\"@id\":\"https:\\\/\\\/wd40.africa\\\/pt-pt\\\/#\\\/schema\\\/logo\\\/image\\\/\"},\"sameAs\":[\"https:\\\/\\\/www.facebook.com\\\/OriginalWD40.UK\",\"https:\\\/\\\/x.com\\\/originalwd40_UK\",\"https:\\\/\\\/www.youtube.com\\\/user\\\/OriginalWD40\"]}]}<\/script>\n<!-- \/ Yoast SEO Premium plugin. -->","yoast_head_json":{"title":"Lubrificante de Correntes \u2013 Ambiente Seco - WD-40 Africa","description":"F\u00f3rmula desenvolvida para lubrifica\u00e7\u00e3o e prote\u00e7\u00e3o da corrente em ambientes secos.","robots":{"index":"index","follow":"follow","max-snippet":"max-snippet:-1","max-image-preview":"max-image-preview:large","max-video-preview":"max-video-preview:-1"},"canonical":"https:\/\/wd40.africa\/pt-pt\/product\/lubrificante-de-correntes-ambiente-seco\/","og_locale":"pt_PT","og_type":"article","og_title":"Lubrificante de Correntes \u2013 Ambiente Seco - WD-40 Africa","og_description":"F\u00f3rmula desenvolvida para lubrifica\u00e7\u00e3o e prote\u00e7\u00e3o da corrente em ambientes secos.","og_url":"https:\/\/wd40.africa\/pt-pt\/product\/lubrificante-de-correntes-ambiente-seco\/","og_site_name":"WD-40 Africa","article_publisher":"https:\/\/www.facebook.com\/OriginalWD40.UK","article_modified_time":"2023-12-08T13:12:57+00:00","og_image":[{"width":1000,"height":1000,"url":"https:\/\/media.wd40.africa\/app\/uploads\/2022\/04\/06152656\/WD40-MOTO-LUBRICANTE-CADENAS-400ML.png","type":"image\/png"}],"twitter_card":"summary_large_image","twitter_site":"@originalwd40_UK","schema":{"@context":"https:\/\/schema.org","@graph":[[],{"@type":"ImageObject","inLanguage":"pt-PT","@id":"https:\/\/wd40.africa\/pt-pt\/product\/lubrificante-de-correntes-ambiente-seco\/#primaryimage","url":"https:\/\/media.wd40.africa\/app\/uploads\/2022\/04\/06152656\/WD40-MOTO-LUBRICANTE-CADENAS-400ML.png","contentUrl":"https:\/\/media.wd40.africa\/app\/uploads\/2022\/04\/06152656\/WD40-MOTO-LUBRICANTE-CADENAS-400ML.png","width":1000,"height":1000},{"@type":"BreadcrumbList","@id":"https:\/\/wd40.africa\/pt-pt\/product\/lubrificante-de-correntes-ambiente-seco\/#breadcrumb","itemListElement":[{"@type":"ListItem","position":1,"name":"Produto","item":"https:\/\/wd40.africa\/pt-pt\/product\/"},{"@type":"ListItem","position":2,"name":"WD-40 Specialist Motorbike","item":"https:\/\/wd40.africa\/pt-pt\/products\/wd-40-specialist-motorbike\/"},{"@type":"ListItem","position":3,"name":"Lubrificante de Correntes \u2013 Ambiente Seco"}]},{"@type":"WebSite","@id":"https:\/\/wd40.africa\/pt-pt\/#website","url":"https:\/\/wd40.africa\/pt-pt\/","name":"WD-40 Africa","description":"WD-40 Africa","publisher":{"@id":"https:\/\/wd40.africa\/pt-pt\/#organization"},"potentialAction":[{"@type":"SearchAction","target":{"@type":"EntryPoint","urlTemplate":"https:\/\/wd40.africa\/pt-pt\/?s={search_term_string}"},"query-input":{"@type":"PropertyValueSpecification","valueRequired":true,"valueName":"search_term_string"}}],"inLanguage":"pt-PT"},{"@type":"Organization","@id":"https:\/\/wd40.africa\/pt-pt\/#organization","name":"WD-40 Africa","url":"https:\/\/wd40.africa\/pt-pt\/","logo":{"@type":"ImageObject","inLanguage":"pt-PT","@id":"https:\/\/wd40.africa\/pt-pt\/#\/schema\/logo\/image\/","url":"https:\/\/media.wd40.africa\/app\/uploads\/2022\/10\/24130358\/WD40_logo.png","contentUrl":"https:\/\/media.wd40.africa\/app\/uploads\/2022\/10\/24130358\/WD40_logo.png","width":1024,"height":1024,"caption":"WD-40 Africa"},"image":{"@id":"https:\/\/wd40.africa\/pt-pt\/#\/schema\/logo\/image\/"},"sameAs":["https:\/\/www.facebook.com\/OriginalWD40.UK","https:\/\/x.com\/originalwd40_UK","https:\/\/www.youtube.com\/user\/OriginalWD40"]}]}},"yoast-key-phrase":"","yoast-key-phrase-score":"","yoast-readability":"90","_links":{"self":[{"href":"https:\/\/wd40.africa\/pt-pt\/wp-json\/wp\/v2\/product\/1662","targetHints":{"allow":["GET"]}}],"collection":[{"href":"https:\/\/wd40.africa\/pt-pt\/wp-json\/wp\/v2\/product"}],"about":[{"href":"https:\/\/wd40.africa\/pt-pt\/wp-json\/wp\/v2\/types\/product"}],"version-history":[{"count":1,"href":"https:\/\/wd40.africa\/pt-pt\/wp-json\/wp\/v2\/product\/1662\/revisions"}],"predecessor-version":[{"id":11371,"href":"https:\/\/wd40.africa\/pt-pt\/wp-json\/wp\/v2\/product\/1662\/revisions\/11371"}],"wp:featuredmedia":[{"embeddable":true,"href":"https:\/\/wd40.africa\/pt-pt\/wp-json\/wp\/v2\/media\/11359"}],"wp:attachment":[{"href":"https:\/\/wd40.africa\/pt-pt\/wp-json\/wp\/v2\/media?parent=1662"}],"wp:term":[{"taxonomy":"product_category","embeddable":true,"href":"https:\/\/wd40.africa\/pt-pt\/wp-json\/wp\/v2\/product_category?post=1662"},{"taxonomy":"product_tag","embeddable":true,"href":"https:\/\/wd40.africa\/pt-pt\/wp-json\/wp\/v2\/product_tag?post=1662"}],"curies":[{"name":"wp","href":"https:\/\/api.w.org\/{rel}","templated":true}]}}