{"id":1689,"date":"2022-04-27T12:51:49","date_gmt":"2022-04-27T12:51:49","guid":{"rendered":"https:\/\/wd40.africa\/?post_type=product&#038;p=1689"},"modified":"2023-12-08T15:24:17","modified_gmt":"2023-12-08T13:24:17","slug":"lubrificante-para-correntes-ambiente-seco-wd-40-bike","status":"publish","type":"product","link":"https:\/\/wd40.africa\/pt-pt\/product\/lubrificante-para-correntes-ambiente-seco-wd-40-bike\/","title":{"rendered":"Lubrificante para Correntes Ambiente Seco WD-40<sub class=\"registration-mark\">&reg;<\/sub> BIKE"},"content":{"rendered":"<p><span class=\"tlid-translation translation\"><span class=\"\" title=\"\">O Lubrificante para Correntes Ambientes Seco WD-40 BIKE foi especialmente formulado para aqueles que apreciam utilizar as suas bicicletas em condi\u00e7\u00f5es secas e poeirentas. Esta f\u00f3rmula proporciona uma lubrifica\u00e7\u00e3o duradoura que reduz drasticamente o atrito da corrente gra\u00e7as ao PTFE. Ele tamb\u00e9m cria uma pel\u00edcula protetora que isola os componentes da corrente e a transmiss\u00e3o de poeira e sujidade.<\/span><span class=\"\" title=\"\">.<br \/>\n<\/span><\/span><\/p>\n<p><span class=\"tlid-translation translation\"><span class=\"\" title=\"\">Este lubrificante pode ser usado em todos os tipos de correntes, bem como em caixas de engrenagens, an\u00e9is de corrente ou cassete.\u00a0 O lubrificante de correntes ambiente seco WD-40 BIKE melhora o desempenho da sua bicicleta, reduz o atrito da corrente e protege a corrente mesmo nas condi\u00e7\u00f5es mais secas e poeirentas.<\/span><\/span><\/p>\n<p><span class=\"tlid-translation translation\"><span class=\"\" title=\"\">INSTRU\u00c7\u00d5ES DE USO: Aplique o lubrificante WD-40 BIKE para ambiente seco ao longo de toda a corrente enquanto pedala, para que se espalhe sobre o anel da corrente, rodas dentadas e outros componentes. Desta forma, obter\u00e1 uma lubrifica\u00e7\u00e3o \u00f3tima e uma pel\u00edcula protetora duradoura que penetrar\u00e1 em todas as juntas, cantos e fendas. <em>Para condi\u00e7\u00f5es h\u00famidas extremamente chuvosas e prolongadas, experimente nosso Lubrificante de correntes para ambiente h\u00famido WD-40 BIKE.<\/em><\/span><\/span><\/p>\n","protected":false},"excerpt":{"rendered":"<p>O Lubrificante para Correntes Ambientes Seco WD\u201140 Specialist Bike foi especialmente concebido para quem aprecia aventuras em condi\u00e7\u00f5es secas e poeirentas.<\/p>\n","protected":false},"featured_media":11481,"template":"","product_category":[23],"product_tag":[],"class_list":["post-1689","product","type-product","status-publish","has-post-thumbnail","hentry","product_category-wd-40-bike-pt-pt"],"acf":[],"title_raw":"Lubrificante para Correntes Ambiente Seco WD-40 BIKE","yoast_head":"<!-- This site is optimized with the Yoast SEO Premium plugin v27.3 (Yoast SEO v27.3) - https:\/\/yoast.com\/product\/yoast-seo-premium-wordpress\/ -->\n<title>Lubrificante para Correntes Ambiente Seco WD-40 BIKE - WD-40 Africa<\/title>\n<meta name=\"description\" content=\"O Lubrificante para Correntes Ambientes Seco WD\u201140 Specialist Bike foi especialmente concebido para quem aprecia aventuras em condi\u00e7\u00f5es secas e poeirentas.\" \/>\n<meta name=\"robots\" content=\"index, follow, max-snippet:-1, max-image-preview:large, max-video-preview:-1\" \/>\n<link rel=\"canonical\" href=\"https:\/\/wd40.africa\/pt-pt\/product\/lubrificante-para-correntes-ambiente-seco-wd-40-bike\/\" \/>\n<meta property=\"og:locale\" content=\"pt_PT\" \/>\n<meta property=\"og:type\" content=\"article\" \/>\n<meta property=\"og:title\" content=\"Lubrificante para Correntes Ambiente Seco WD-40 BIKE - WD-40 Africa\" \/>\n<meta property=\"og:description\" content=\"O Lubrificante para Correntes Ambientes Seco WD\u201140 Specialist Bike foi especialmente concebido para quem aprecia aventuras em condi\u00e7\u00f5es secas e poeirentas.\" \/>\n<meta property=\"og:url\" content=\"https:\/\/wd40.africa\/pt-pt\/product\/lubrificante-para-correntes-ambiente-seco-wd-40-bike\/\" \/>\n<meta property=\"og:site_name\" content=\"WD-40 Africa\" \/>\n<meta property=\"article:publisher\" content=\"https:\/\/www.facebook.com\/OriginalWD40.UK\" \/>\n<meta property=\"article:modified_time\" content=\"2023-12-08T13:24:17+00:00\" \/>\n<meta property=\"og:image\" content=\"https:\/\/media.wd40.africa\/app\/uploads\/2022\/04\/06160635\/WD40-BIKE-LUBRICANTE-CADENAS-SECO-100ML-ES.png.webp\" \/>\n\t<meta property=\"og:image:width\" content=\"1000\" \/>\n\t<meta property=\"og:image:height\" content=\"1000\" \/>\n\t<meta property=\"og:image:type\" content=\"image\/webp\" \/>\n<meta name=\"twitter:card\" content=\"summary_large_image\" \/>\n<meta name=\"twitter:site\" content=\"@originalwd40_UK\" \/>\n<script type=\"application\/ld+json\" class=\"yoast-schema-graph\">{\"@context\":\"https:\\\/\\\/schema.org\",\"@graph\":[[],{\"@type\":\"ImageObject\",\"inLanguage\":\"pt-PT\",\"@id\":\"https:\\\/\\\/wd40.africa\\\/pt-pt\\\/product\\\/lubrificante-para-correntes-ambiente-seco-wd-40-bike\\\/#primaryimage\",\"url\":\"https:\\\/\\\/media.wd40.africa\\\/app\\\/uploads\\\/2022\\\/04\\\/06160635\\\/WD40-BIKE-LUBRICANTE-CADENAS-SECO-100ML-ES.png.webp\",\"contentUrl\":\"https:\\\/\\\/media.wd40.africa\\\/app\\\/uploads\\\/2022\\\/04\\\/06160635\\\/WD40-BIKE-LUBRICANTE-CADENAS-SECO-100ML-ES.png.webp\",\"width\":1000,\"height\":1000},{\"@type\":\"BreadcrumbList\",\"@id\":\"https:\\\/\\\/wd40.africa\\\/pt-pt\\\/product\\\/lubrificante-para-correntes-ambiente-seco-wd-40-bike\\\/#breadcrumb\",\"itemListElement\":[{\"@type\":\"ListItem\",\"position\":1,\"name\":\"Produto\",\"item\":\"https:\\\/\\\/wd40.africa\\\/pt-pt\\\/product\\\/\"},{\"@type\":\"ListItem\",\"position\":2,\"name\":\"WD-40 BIKE\",\"item\":\"https:\\\/\\\/wd40.africa\\\/pt-pt\\\/products\\\/wd-40-bike-pt-pt\\\/\"},{\"@type\":\"ListItem\",\"position\":3,\"name\":\"Lubrificante para Correntes Ambiente Seco WD-40&reg; BIKE\"}]},{\"@type\":\"WebSite\",\"@id\":\"https:\\\/\\\/wd40.africa\\\/pt-pt\\\/#website\",\"url\":\"https:\\\/\\\/wd40.africa\\\/pt-pt\\\/\",\"name\":\"WD-40 Africa\",\"description\":\"WD-40 Africa\",\"publisher\":{\"@id\":\"https:\\\/\\\/wd40.africa\\\/pt-pt\\\/#organization\"},\"potentialAction\":[{\"@type\":\"SearchAction\",\"target\":{\"@type\":\"EntryPoint\",\"urlTemplate\":\"https:\\\/\\\/wd40.africa\\\/pt-pt\\\/?s={search_term_string}\"},\"query-input\":{\"@type\":\"PropertyValueSpecification\",\"valueRequired\":true,\"valueName\":\"search_term_string\"}}],\"inLanguage\":\"pt-PT\"},{\"@type\":\"Organization\",\"@id\":\"https:\\\/\\\/wd40.africa\\\/pt-pt\\\/#organization\",\"name\":\"WD-40 Africa\",\"url\":\"https:\\\/\\\/wd40.africa\\\/pt-pt\\\/\",\"logo\":{\"@type\":\"ImageObject\",\"inLanguage\":\"pt-PT\",\"@id\":\"https:\\\/\\\/wd40.africa\\\/pt-pt\\\/#\\\/schema\\\/logo\\\/image\\\/\",\"url\":\"https:\\\/\\\/media.wd40.africa\\\/app\\\/uploads\\\/2022\\\/10\\\/24130358\\\/WD40_logo.png\",\"contentUrl\":\"https:\\\/\\\/media.wd40.africa\\\/app\\\/uploads\\\/2022\\\/10\\\/24130358\\\/WD40_logo.png\",\"width\":1024,\"height\":1024,\"caption\":\"WD-40 Africa\"},\"image\":{\"@id\":\"https:\\\/\\\/wd40.africa\\\/pt-pt\\\/#\\\/schema\\\/logo\\\/image\\\/\"},\"sameAs\":[\"https:\\\/\\\/www.facebook.com\\\/OriginalWD40.UK\",\"https:\\\/\\\/x.com\\\/originalwd40_UK\",\"https:\\\/\\\/www.youtube.com\\\/user\\\/OriginalWD40\"]}]}<\/script>\n<!-- \/ Yoast SEO Premium plugin. -->","yoast_head_json":{"title":"Lubrificante para Correntes Ambiente Seco WD-40 BIKE - WD-40 Africa","description":"O Lubrificante para Correntes Ambientes Seco WD\u201140 Specialist Bike foi especialmente concebido para quem aprecia aventuras em condi\u00e7\u00f5es secas e poeirentas.","robots":{"index":"index","follow":"follow","max-snippet":"max-snippet:-1","max-image-preview":"max-image-preview:large","max-video-preview":"max-video-preview:-1"},"canonical":"https:\/\/wd40.africa\/pt-pt\/product\/lubrificante-para-correntes-ambiente-seco-wd-40-bike\/","og_locale":"pt_PT","og_type":"article","og_title":"Lubrificante para Correntes Ambiente Seco WD-40 BIKE - WD-40 Africa","og_description":"O Lubrificante para Correntes Ambientes Seco WD\u201140 Specialist Bike foi especialmente concebido para quem aprecia aventuras em condi\u00e7\u00f5es secas e poeirentas.","og_url":"https:\/\/wd40.africa\/pt-pt\/product\/lubrificante-para-correntes-ambiente-seco-wd-40-bike\/","og_site_name":"WD-40 Africa","article_publisher":"https:\/\/www.facebook.com\/OriginalWD40.UK","article_modified_time":"2023-12-08T13:24:17+00:00","og_image":[{"width":1000,"height":1000,"url":"https:\/\/media.wd40.africa\/app\/uploads\/2022\/04\/06160635\/WD40-BIKE-LUBRICANTE-CADENAS-SECO-100ML-ES.png.webp","type":"image\/webp"}],"twitter_card":"summary_large_image","twitter_site":"@originalwd40_UK","schema":{"@context":"https:\/\/schema.org","@graph":[[],{"@type":"ImageObject","inLanguage":"pt-PT","@id":"https:\/\/wd40.africa\/pt-pt\/product\/lubrificante-para-correntes-ambiente-seco-wd-40-bike\/#primaryimage","url":"https:\/\/media.wd40.africa\/app\/uploads\/2022\/04\/06160635\/WD40-BIKE-LUBRICANTE-CADENAS-SECO-100ML-ES.png.webp","contentUrl":"https:\/\/media.wd40.africa\/app\/uploads\/2022\/04\/06160635\/WD40-BIKE-LUBRICANTE-CADENAS-SECO-100ML-ES.png.webp","width":1000,"height":1000},{"@type":"BreadcrumbList","@id":"https:\/\/wd40.africa\/pt-pt\/product\/lubrificante-para-correntes-ambiente-seco-wd-40-bike\/#breadcrumb","itemListElement":[{"@type":"ListItem","position":1,"name":"Produto","item":"https:\/\/wd40.africa\/pt-pt\/product\/"},{"@type":"ListItem","position":2,"name":"WD-40 BIKE","item":"https:\/\/wd40.africa\/pt-pt\/products\/wd-40-bike-pt-pt\/"},{"@type":"ListItem","position":3,"name":"Lubrificante para Correntes Ambiente Seco WD-40&reg; BIKE"}]},{"@type":"WebSite","@id":"https:\/\/wd40.africa\/pt-pt\/#website","url":"https:\/\/wd40.africa\/pt-pt\/","name":"WD-40 Africa","description":"WD-40 Africa","publisher":{"@id":"https:\/\/wd40.africa\/pt-pt\/#organization"},"potentialAction":[{"@type":"SearchAction","target":{"@type":"EntryPoint","urlTemplate":"https:\/\/wd40.africa\/pt-pt\/?s={search_term_string}"},"query-input":{"@type":"PropertyValueSpecification","valueRequired":true,"valueName":"search_term_string"}}],"inLanguage":"pt-PT"},{"@type":"Organization","@id":"https:\/\/wd40.africa\/pt-pt\/#organization","name":"WD-40 Africa","url":"https:\/\/wd40.africa\/pt-pt\/","logo":{"@type":"ImageObject","inLanguage":"pt-PT","@id":"https:\/\/wd40.africa\/pt-pt\/#\/schema\/logo\/image\/","url":"https:\/\/media.wd40.africa\/app\/uploads\/2022\/10\/24130358\/WD40_logo.png","contentUrl":"https:\/\/media.wd40.africa\/app\/uploads\/2022\/10\/24130358\/WD40_logo.png","width":1024,"height":1024,"caption":"WD-40 Africa"},"image":{"@id":"https:\/\/wd40.africa\/pt-pt\/#\/schema\/logo\/image\/"},"sameAs":["https:\/\/www.facebook.com\/OriginalWD40.UK","https:\/\/x.com\/originalwd40_UK","https:\/\/www.youtube.com\/user\/OriginalWD40"]}]}},"yoast-key-phrase":"","yoast-key-phrase-score":"","yoast-readability":"30","_links":{"self":[{"href":"https:\/\/wd40.africa\/pt-pt\/wp-json\/wp\/v2\/product\/1689","targetHints":{"allow":["GET"]}}],"collection":[{"href":"https:\/\/wd40.africa\/pt-pt\/wp-json\/wp\/v2\/product"}],"about":[{"href":"https:\/\/wd40.africa\/pt-pt\/wp-json\/wp\/v2\/types\/product"}],"version-history":[{"count":0,"href":"https:\/\/wd40.africa\/pt-pt\/wp-json\/wp\/v2\/product\/1689\/revisions"}],"wp:featuredmedia":[{"embeddable":true,"href":"https:\/\/wd40.africa\/pt-pt\/wp-json\/wp\/v2\/media\/11481"}],"wp:attachment":[{"href":"https:\/\/wd40.africa\/pt-pt\/wp-json\/wp\/v2\/media?parent=1689"}],"wp:term":[{"taxonomy":"product_category","embeddable":true,"href":"https:\/\/wd40.africa\/pt-pt\/wp-json\/wp\/v2\/product_category?post=1689"},{"taxonomy":"product_tag","embeddable":true,"href":"https:\/\/wd40.africa\/pt-pt\/wp-json\/wp\/v2\/product_tag?post=1689"}],"curies":[{"name":"wp","href":"https:\/\/api.w.org\/{rel}","templated":true}]}}