{"id":1720,"date":"2022-04-27T13:46:51","date_gmt":"2022-04-27T13:46:51","guid":{"rendered":"https:\/\/wd40.africa\/?post_type=product&#038;p=1720"},"modified":"2023-12-08T15:22:57","modified_gmt":"2023-12-08T13:22:57","slug":"lubrificante-para-correntes-ambiente-humido-wd-40-bike","status":"publish","type":"product","link":"https:\/\/wd40.africa\/pt-pt\/product\/lubrificante-para-correntes-ambiente-humido-wd-40-bike\/","title":{"rendered":"Lubrificante para Correntes Ambiente H\u00famido WD-40<sub class=\"registration-mark\">&reg;<\/sub> BIKE"},"content":{"rendered":"<p>Nosso lubrificante para ambiente h\u00famido \u00e9 perfeito para as condi\u00e7\u00f5es clim\u00e1ticas mais adversas. Se voc\u00ea est\u00e1 acostumado a escolher o caminho mais dif\u00edcil atrav\u00e9s de \u00e1reas h\u00famidas e lamacentas, este \u00e9 o produto que a sua corrente e transmiss\u00e3o precisam. A f\u00f3rmula do WD-40 BIKE Lubrificante para correntes ambiente h\u00famido lubrifica excecionalmente a corrente e os componentes da sua bicicleta, ao mesmo tempo em que fornece prote\u00e7\u00e3o ideal isolando os componentes da corrente e a a\u00e7\u00e3o da \u00e1gua ou da lama<span class=\"tlid-translation translation\"><span class=\"\" title=\"\">.<br \/>\n<\/span><\/span><\/p>\n<p><span class=\"tlid-translation translation\"><span class=\"\" title=\"\">Voc\u00ea pode usar o WD-40 BIKE Lubrificante para correntes ambiente h\u00famido em qualquer tipo de corrente, caixa de mudan\u00e7as, anel de corrente ou roda dentada.<\/span><\/span><\/p>\n<p>INSTRU\u00c7\u00d5ES PARA USO: Aplique o lubrificante WD-40 BIKE ao longo de toda a corrente enquanto pedala para se espalhar sobre o anel da corrente, rodas dentadas e outros componentes. Isso proporcionar\u00e1 uma lubrifica\u00e7\u00e3o ideal e uma pel\u00edcula protetora duradoura que penetrar\u00e1 em todas as juntas, cantos e fendas. <em>Para uso em condi\u00e7\u00f5es geralmente secas ou em \u00e1reas poeirentas, experimente o nosso <a href=\"https:\/\/wd40.africa\/product\/wd-40-bike-dry-lube?lang=pt-pt\">Lubrificante de correntes para ambiente seco WD-40 BIKE<\/a><\/em>.<\/p>\n","protected":false},"excerpt":{"rendered":"<p>O nosso lubrificante ambiente h\u00famido \u00e9 perfeito para quem n\u00e3o dispensa aventuras nas condi\u00e7\u00f5es clim\u00e1ticas mais adversas!<\/p>\n","protected":false},"featured_media":11469,"template":"","product_category":[23],"product_tag":[],"class_list":["post-1720","product","type-product","status-publish","has-post-thumbnail","hentry","product_category-wd-40-bike-pt-pt"],"acf":[],"title_raw":"Lubrificante para Correntes Ambiente H\u00famido WD-40 BIKE","yoast_head":"<!-- This site is optimized with the Yoast SEO Premium plugin v27.3 (Yoast SEO v27.3) - https:\/\/yoast.com\/product\/yoast-seo-premium-wordpress\/ -->\n<title>Lubrificante para Correntes Ambiente H\u00famido WD-40 BIKE - WD-40 Africa<\/title>\n<meta name=\"description\" content=\"O nosso lubrificante ambiente h\u00famido \u00e9 perfeito para quem n\u00e3o dispensa aventuras nas condi\u00e7\u00f5es clim\u00e1ticas mais adversas!\" \/>\n<meta name=\"robots\" content=\"index, follow, max-snippet:-1, max-image-preview:large, max-video-preview:-1\" \/>\n<link rel=\"canonical\" href=\"https:\/\/wd40.africa\/pt-pt\/product\/lubrificante-para-correntes-ambiente-humido-wd-40-bike\/\" \/>\n<meta property=\"og:locale\" content=\"pt_PT\" \/>\n<meta property=\"og:type\" content=\"article\" \/>\n<meta property=\"og:title\" content=\"Lubrificante para Correntes Ambiente H\u00famido WD-40 BIKE - WD-40 Africa\" \/>\n<meta property=\"og:description\" content=\"O nosso lubrificante ambiente h\u00famido \u00e9 perfeito para quem n\u00e3o dispensa aventuras nas condi\u00e7\u00f5es clim\u00e1ticas mais adversas!\" \/>\n<meta property=\"og:url\" content=\"https:\/\/wd40.africa\/pt-pt\/product\/lubrificante-para-correntes-ambiente-humido-wd-40-bike\/\" \/>\n<meta property=\"og:site_name\" content=\"WD-40 Africa\" \/>\n<meta property=\"article:publisher\" content=\"https:\/\/www.facebook.com\/OriginalWD40.UK\" \/>\n<meta property=\"article:modified_time\" content=\"2023-12-08T13:22:57+00:00\" \/>\n<meta property=\"og:image\" content=\"https:\/\/media.wd40.africa\/app\/uploads\/2022\/04\/06160404\/BIKE-LUBRIFICANTE-CORRENTES-AMBIENTE-HUMIDO.png.webp\" \/>\n\t<meta property=\"og:image:width\" content=\"1000\" \/>\n\t<meta property=\"og:image:height\" content=\"1000\" \/>\n\t<meta property=\"og:image:type\" content=\"image\/webp\" \/>\n<meta name=\"twitter:card\" content=\"summary_large_image\" \/>\n<meta name=\"twitter:site\" content=\"@originalwd40_UK\" \/>\n<script type=\"application\/ld+json\" class=\"yoast-schema-graph\">{\"@context\":\"https:\\\/\\\/schema.org\",\"@graph\":[[],{\"@type\":\"ImageObject\",\"inLanguage\":\"pt-PT\",\"@id\":\"https:\\\/\\\/wd40.africa\\\/pt-pt\\\/product\\\/lubrificante-para-correntes-ambiente-humido-wd-40-bike\\\/#primaryimage\",\"url\":\"https:\\\/\\\/media.wd40.africa\\\/app\\\/uploads\\\/2022\\\/04\\\/06160404\\\/BIKE-LUBRIFICANTE-CORRENTES-AMBIENTE-HUMIDO.png.webp\",\"contentUrl\":\"https:\\\/\\\/media.wd40.africa\\\/app\\\/uploads\\\/2022\\\/04\\\/06160404\\\/BIKE-LUBRIFICANTE-CORRENTES-AMBIENTE-HUMIDO.png.webp\",\"width\":1000,\"height\":1000},{\"@type\":\"BreadcrumbList\",\"@id\":\"https:\\\/\\\/wd40.africa\\\/pt-pt\\\/product\\\/lubrificante-para-correntes-ambiente-humido-wd-40-bike\\\/#breadcrumb\",\"itemListElement\":[{\"@type\":\"ListItem\",\"position\":1,\"name\":\"Produto\",\"item\":\"https:\\\/\\\/wd40.africa\\\/pt-pt\\\/product\\\/\"},{\"@type\":\"ListItem\",\"position\":2,\"name\":\"WD-40 BIKE\",\"item\":\"https:\\\/\\\/wd40.africa\\\/pt-pt\\\/products\\\/wd-40-bike-pt-pt\\\/\"},{\"@type\":\"ListItem\",\"position\":3,\"name\":\"Lubrificante para Correntes Ambiente H\u00famido WD-40&reg; BIKE\"}]},{\"@type\":\"WebSite\",\"@id\":\"https:\\\/\\\/wd40.africa\\\/pt-pt\\\/#website\",\"url\":\"https:\\\/\\\/wd40.africa\\\/pt-pt\\\/\",\"name\":\"WD-40 Africa\",\"description\":\"WD-40 Africa\",\"publisher\":{\"@id\":\"https:\\\/\\\/wd40.africa\\\/pt-pt\\\/#organization\"},\"potentialAction\":[{\"@type\":\"SearchAction\",\"target\":{\"@type\":\"EntryPoint\",\"urlTemplate\":\"https:\\\/\\\/wd40.africa\\\/pt-pt\\\/?s={search_term_string}\"},\"query-input\":{\"@type\":\"PropertyValueSpecification\",\"valueRequired\":true,\"valueName\":\"search_term_string\"}}],\"inLanguage\":\"pt-PT\"},{\"@type\":\"Organization\",\"@id\":\"https:\\\/\\\/wd40.africa\\\/pt-pt\\\/#organization\",\"name\":\"WD-40 Africa\",\"url\":\"https:\\\/\\\/wd40.africa\\\/pt-pt\\\/\",\"logo\":{\"@type\":\"ImageObject\",\"inLanguage\":\"pt-PT\",\"@id\":\"https:\\\/\\\/wd40.africa\\\/pt-pt\\\/#\\\/schema\\\/logo\\\/image\\\/\",\"url\":\"https:\\\/\\\/media.wd40.africa\\\/app\\\/uploads\\\/2022\\\/10\\\/24130358\\\/WD40_logo.png\",\"contentUrl\":\"https:\\\/\\\/media.wd40.africa\\\/app\\\/uploads\\\/2022\\\/10\\\/24130358\\\/WD40_logo.png\",\"width\":1024,\"height\":1024,\"caption\":\"WD-40 Africa\"},\"image\":{\"@id\":\"https:\\\/\\\/wd40.africa\\\/pt-pt\\\/#\\\/schema\\\/logo\\\/image\\\/\"},\"sameAs\":[\"https:\\\/\\\/www.facebook.com\\\/OriginalWD40.UK\",\"https:\\\/\\\/x.com\\\/originalwd40_UK\",\"https:\\\/\\\/www.youtube.com\\\/user\\\/OriginalWD40\"]}]}<\/script>\n<!-- \/ Yoast SEO Premium plugin. -->","yoast_head_json":{"title":"Lubrificante para Correntes Ambiente H\u00famido WD-40 BIKE - WD-40 Africa","description":"O nosso lubrificante ambiente h\u00famido \u00e9 perfeito para quem n\u00e3o dispensa aventuras nas condi\u00e7\u00f5es clim\u00e1ticas mais adversas!","robots":{"index":"index","follow":"follow","max-snippet":"max-snippet:-1","max-image-preview":"max-image-preview:large","max-video-preview":"max-video-preview:-1"},"canonical":"https:\/\/wd40.africa\/pt-pt\/product\/lubrificante-para-correntes-ambiente-humido-wd-40-bike\/","og_locale":"pt_PT","og_type":"article","og_title":"Lubrificante para Correntes Ambiente H\u00famido WD-40 BIKE - WD-40 Africa","og_description":"O nosso lubrificante ambiente h\u00famido \u00e9 perfeito para quem n\u00e3o dispensa aventuras nas condi\u00e7\u00f5es clim\u00e1ticas mais adversas!","og_url":"https:\/\/wd40.africa\/pt-pt\/product\/lubrificante-para-correntes-ambiente-humido-wd-40-bike\/","og_site_name":"WD-40 Africa","article_publisher":"https:\/\/www.facebook.com\/OriginalWD40.UK","article_modified_time":"2023-12-08T13:22:57+00:00","og_image":[{"width":1000,"height":1000,"url":"https:\/\/media.wd40.africa\/app\/uploads\/2022\/04\/06160404\/BIKE-LUBRIFICANTE-CORRENTES-AMBIENTE-HUMIDO.png.webp","type":"image\/webp"}],"twitter_card":"summary_large_image","twitter_site":"@originalwd40_UK","schema":{"@context":"https:\/\/schema.org","@graph":[[],{"@type":"ImageObject","inLanguage":"pt-PT","@id":"https:\/\/wd40.africa\/pt-pt\/product\/lubrificante-para-correntes-ambiente-humido-wd-40-bike\/#primaryimage","url":"https:\/\/media.wd40.africa\/app\/uploads\/2022\/04\/06160404\/BIKE-LUBRIFICANTE-CORRENTES-AMBIENTE-HUMIDO.png.webp","contentUrl":"https:\/\/media.wd40.africa\/app\/uploads\/2022\/04\/06160404\/BIKE-LUBRIFICANTE-CORRENTES-AMBIENTE-HUMIDO.png.webp","width":1000,"height":1000},{"@type":"BreadcrumbList","@id":"https:\/\/wd40.africa\/pt-pt\/product\/lubrificante-para-correntes-ambiente-humido-wd-40-bike\/#breadcrumb","itemListElement":[{"@type":"ListItem","position":1,"name":"Produto","item":"https:\/\/wd40.africa\/pt-pt\/product\/"},{"@type":"ListItem","position":2,"name":"WD-40 BIKE","item":"https:\/\/wd40.africa\/pt-pt\/products\/wd-40-bike-pt-pt\/"},{"@type":"ListItem","position":3,"name":"Lubrificante para Correntes Ambiente H\u00famido WD-40&reg; BIKE"}]},{"@type":"WebSite","@id":"https:\/\/wd40.africa\/pt-pt\/#website","url":"https:\/\/wd40.africa\/pt-pt\/","name":"WD-40 Africa","description":"WD-40 Africa","publisher":{"@id":"https:\/\/wd40.africa\/pt-pt\/#organization"},"potentialAction":[{"@type":"SearchAction","target":{"@type":"EntryPoint","urlTemplate":"https:\/\/wd40.africa\/pt-pt\/?s={search_term_string}"},"query-input":{"@type":"PropertyValueSpecification","valueRequired":true,"valueName":"search_term_string"}}],"inLanguage":"pt-PT"},{"@type":"Organization","@id":"https:\/\/wd40.africa\/pt-pt\/#organization","name":"WD-40 Africa","url":"https:\/\/wd40.africa\/pt-pt\/","logo":{"@type":"ImageObject","inLanguage":"pt-PT","@id":"https:\/\/wd40.africa\/pt-pt\/#\/schema\/logo\/image\/","url":"https:\/\/media.wd40.africa\/app\/uploads\/2022\/10\/24130358\/WD40_logo.png","contentUrl":"https:\/\/media.wd40.africa\/app\/uploads\/2022\/10\/24130358\/WD40_logo.png","width":1024,"height":1024,"caption":"WD-40 Africa"},"image":{"@id":"https:\/\/wd40.africa\/pt-pt\/#\/schema\/logo\/image\/"},"sameAs":["https:\/\/www.facebook.com\/OriginalWD40.UK","https:\/\/x.com\/originalwd40_UK","https:\/\/www.youtube.com\/user\/OriginalWD40"]}]}},"yoast-key-phrase":"","yoast-key-phrase-score":"","yoast-readability":"60","_links":{"self":[{"href":"https:\/\/wd40.africa\/pt-pt\/wp-json\/wp\/v2\/product\/1720","targetHints":{"allow":["GET"]}}],"collection":[{"href":"https:\/\/wd40.africa\/pt-pt\/wp-json\/wp\/v2\/product"}],"about":[{"href":"https:\/\/wd40.africa\/pt-pt\/wp-json\/wp\/v2\/types\/product"}],"version-history":[{"count":0,"href":"https:\/\/wd40.africa\/pt-pt\/wp-json\/wp\/v2\/product\/1720\/revisions"}],"wp:featuredmedia":[{"embeddable":true,"href":"https:\/\/wd40.africa\/pt-pt\/wp-json\/wp\/v2\/media\/11469"}],"wp:attachment":[{"href":"https:\/\/wd40.africa\/pt-pt\/wp-json\/wp\/v2\/media?parent=1720"}],"wp:term":[{"taxonomy":"product_category","embeddable":true,"href":"https:\/\/wd40.africa\/pt-pt\/wp-json\/wp\/v2\/product_category?post=1720"},{"taxonomy":"product_tag","embeddable":true,"href":"https:\/\/wd40.africa\/pt-pt\/wp-json\/wp\/v2\/product_tag?post=1720"}],"curies":[{"name":"wp","href":"https:\/\/api.w.org\/{rel}","templated":true}]}}