{"id":1735,"date":"2022-04-27T14:52:11","date_gmt":"2022-04-27T14:52:11","guid":{"rendered":"https:\/\/wd40.africa\/?post_type=product&#038;p=1735"},"modified":"2023-12-08T15:21:55","modified_gmt":"2023-12-08T13:21:55","slug":"1735","status":"publish","type":"product","link":"https:\/\/wd40.africa\/pt-pt\/product\/1735\/","title":{"rendered":"Desengordurante WD-40<sub class=\"registration-mark\">&reg;<\/sub> BIKE"},"content":{"rendered":"<p><span class=\"tlid-translation translation\"><span class=\"\" title=\"\">Desengordurar a corrente da sua bicicleta pode ser um processo longo e inc\u00f3modo. Por essa raz\u00e3o, a f\u00f3rmula do Desengordurante WD-40 BIKE \u00e9 ideal para uma remo\u00e7\u00e3o r\u00e1pida e f\u00e1cil de gordura, sujidade, poeira, \u00f3leo e outros res\u00edduos da corrente, mudan\u00e7as, prato, cassete e suspens\u00e3o. Assim, pode limpar a corrente com facilidade e rapidez, o que lhe permite ter mais tempo livre para aproveitar a sua bicicleta.<br \/>\n<\/span><\/span><\/p>\n<p><span class=\"tlid-translation translation\"><span class=\"\" title=\"\">Relativamente \u00e0 utiliza\u00e7\u00e3o, basta aplicar o produto e deix\u00e1-lo atuar por alguns segundos, de forma a alcan\u00e7ar os cantos e recantos da \u00e1rea em que foi aplicado. De seguida, pode passar um pano para remover o excesso de produto. Por fim, repita os passos anteriores at\u00e9 que toda a sujidade tenha desaparecido.<\/span><\/span><\/p>\n<p><span class=\"tlid-translation translation\"><span class=\"\" title=\"\">Este produto n\u00e3o deixa res\u00edduos e permanece nos componentes para proteger e manter as pe\u00e7as, prolongando a vida \u00fatil da sua bicicleta. Para uma limpeza completa das restantes pe\u00e7as, recomendamos o produto <em><a href=\"https:\/\/wd40.africa\/product\/wd-40-bike-cleaner?lang=pt-pt\">Limpeza Total WD-40 BIKE<\/a>.<\/em><\/span><\/span><\/p>\n","protected":false},"excerpt":{"rendered":"<p>Desengordurar a corrente da tua bicicleta pode ser um processo muito demorado! Descobre a f\u00f3rmula potente do nosso desengordurante e aproveita o teu tempo na estrada!<\/p>\n","protected":false},"featured_media":11457,"template":"","product_category":[23],"product_tag":[],"class_list":["post-1735","product","type-product","status-publish","has-post-thumbnail","hentry","product_category-wd-40-bike-pt-pt"],"acf":[],"title_raw":"Desengordurante WD-40 BIKE","yoast_head":"<!-- This site is optimized with the Yoast SEO Premium plugin v27.3 (Yoast SEO v27.3) - https:\/\/yoast.com\/product\/yoast-seo-premium-wordpress\/ -->\n<title>Desengordurante WD-40 BIKE - WD-40 Africa<\/title>\n<meta name=\"description\" content=\"Desengordurar a corrente da tua bicicleta pode ser um processo muito demorado! Descobre a f\u00f3rmula potente do nosso desengordurante e aproveita o teu tempo na estrada!\" \/>\n<meta name=\"robots\" content=\"index, follow, max-snippet:-1, max-image-preview:large, max-video-preview:-1\" \/>\n<link rel=\"canonical\" href=\"https:\/\/wd40.africa\/pt-pt\/product\/1735\/\" \/>\n<meta property=\"og:locale\" content=\"pt_PT\" \/>\n<meta property=\"og:type\" content=\"article\" \/>\n<meta property=\"og:title\" content=\"Desengordurante WD-40 BIKE - WD-40 Africa\" \/>\n<meta property=\"og:description\" content=\"Desengordurar a corrente da tua bicicleta pode ser um processo muito demorado! Descobre a f\u00f3rmula potente do nosso desengordurante e aproveita o teu tempo na estrada!\" \/>\n<meta property=\"og:url\" content=\"https:\/\/wd40.africa\/pt-pt\/product\/1735\/\" \/>\n<meta property=\"og:site_name\" content=\"WD-40 Africa\" \/>\n<meta property=\"article:publisher\" content=\"https:\/\/www.facebook.com\/OriginalWD40.UK\" \/>\n<meta property=\"article:modified_time\" content=\"2023-12-08T13:21:55+00:00\" \/>\n<meta property=\"og:image\" content=\"https:\/\/media.wd40.africa\/app\/uploads\/2022\/04\/06160039\/WD40-BIKE-DESENGRASANTE-500ML.png.webp\" \/>\n\t<meta property=\"og:image:width\" content=\"1000\" \/>\n\t<meta property=\"og:image:height\" content=\"1000\" \/>\n\t<meta property=\"og:image:type\" content=\"image\/webp\" \/>\n<meta name=\"twitter:card\" content=\"summary_large_image\" \/>\n<meta name=\"twitter:site\" content=\"@originalwd40_UK\" \/>\n<script type=\"application\/ld+json\" class=\"yoast-schema-graph\">{\"@context\":\"https:\\\/\\\/schema.org\",\"@graph\":[[],{\"@type\":\"ImageObject\",\"inLanguage\":\"pt-PT\",\"@id\":\"https:\\\/\\\/wd40.africa\\\/pt-pt\\\/product\\\/1735\\\/#primaryimage\",\"url\":\"https:\\\/\\\/media.wd40.africa\\\/app\\\/uploads\\\/2022\\\/04\\\/06160039\\\/WD40-BIKE-DESENGRASANTE-500ML.png.webp\",\"contentUrl\":\"https:\\\/\\\/media.wd40.africa\\\/app\\\/uploads\\\/2022\\\/04\\\/06160039\\\/WD40-BIKE-DESENGRASANTE-500ML.png.webp\",\"width\":1000,\"height\":1000},{\"@type\":\"BreadcrumbList\",\"@id\":\"https:\\\/\\\/wd40.africa\\\/pt-pt\\\/product\\\/1735\\\/#breadcrumb\",\"itemListElement\":[{\"@type\":\"ListItem\",\"position\":1,\"name\":\"Produto\",\"item\":\"https:\\\/\\\/wd40.africa\\\/pt-pt\\\/product\\\/\"},{\"@type\":\"ListItem\",\"position\":2,\"name\":\"WD-40 BIKE\",\"item\":\"https:\\\/\\\/wd40.africa\\\/pt-pt\\\/products\\\/wd-40-bike-pt-pt\\\/\"},{\"@type\":\"ListItem\",\"position\":3,\"name\":\"Desengordurante WD-40&reg; BIKE\"}]},{\"@type\":\"WebSite\",\"@id\":\"https:\\\/\\\/wd40.africa\\\/pt-pt\\\/#website\",\"url\":\"https:\\\/\\\/wd40.africa\\\/pt-pt\\\/\",\"name\":\"WD-40 Africa\",\"description\":\"WD-40 Africa\",\"publisher\":{\"@id\":\"https:\\\/\\\/wd40.africa\\\/pt-pt\\\/#organization\"},\"potentialAction\":[{\"@type\":\"SearchAction\",\"target\":{\"@type\":\"EntryPoint\",\"urlTemplate\":\"https:\\\/\\\/wd40.africa\\\/pt-pt\\\/?s={search_term_string}\"},\"query-input\":{\"@type\":\"PropertyValueSpecification\",\"valueRequired\":true,\"valueName\":\"search_term_string\"}}],\"inLanguage\":\"pt-PT\"},{\"@type\":\"Organization\",\"@id\":\"https:\\\/\\\/wd40.africa\\\/pt-pt\\\/#organization\",\"name\":\"WD-40 Africa\",\"url\":\"https:\\\/\\\/wd40.africa\\\/pt-pt\\\/\",\"logo\":{\"@type\":\"ImageObject\",\"inLanguage\":\"pt-PT\",\"@id\":\"https:\\\/\\\/wd40.africa\\\/pt-pt\\\/#\\\/schema\\\/logo\\\/image\\\/\",\"url\":\"https:\\\/\\\/media.wd40.africa\\\/app\\\/uploads\\\/2022\\\/10\\\/24130358\\\/WD40_logo.png\",\"contentUrl\":\"https:\\\/\\\/media.wd40.africa\\\/app\\\/uploads\\\/2022\\\/10\\\/24130358\\\/WD40_logo.png\",\"width\":1024,\"height\":1024,\"caption\":\"WD-40 Africa\"},\"image\":{\"@id\":\"https:\\\/\\\/wd40.africa\\\/pt-pt\\\/#\\\/schema\\\/logo\\\/image\\\/\"},\"sameAs\":[\"https:\\\/\\\/www.facebook.com\\\/OriginalWD40.UK\",\"https:\\\/\\\/x.com\\\/originalwd40_UK\",\"https:\\\/\\\/www.youtube.com\\\/user\\\/OriginalWD40\"]}]}<\/script>\n<!-- \/ Yoast SEO Premium plugin. -->","yoast_head_json":{"title":"Desengordurante WD-40 BIKE - WD-40 Africa","description":"Desengordurar a corrente da tua bicicleta pode ser um processo muito demorado! Descobre a f\u00f3rmula potente do nosso desengordurante e aproveita o teu tempo na estrada!","robots":{"index":"index","follow":"follow","max-snippet":"max-snippet:-1","max-image-preview":"max-image-preview:large","max-video-preview":"max-video-preview:-1"},"canonical":"https:\/\/wd40.africa\/pt-pt\/product\/1735\/","og_locale":"pt_PT","og_type":"article","og_title":"Desengordurante WD-40 BIKE - WD-40 Africa","og_description":"Desengordurar a corrente da tua bicicleta pode ser um processo muito demorado! Descobre a f\u00f3rmula potente do nosso desengordurante e aproveita o teu tempo na estrada!","og_url":"https:\/\/wd40.africa\/pt-pt\/product\/1735\/","og_site_name":"WD-40 Africa","article_publisher":"https:\/\/www.facebook.com\/OriginalWD40.UK","article_modified_time":"2023-12-08T13:21:55+00:00","og_image":[{"width":1000,"height":1000,"url":"https:\/\/media.wd40.africa\/app\/uploads\/2022\/04\/06160039\/WD40-BIKE-DESENGRASANTE-500ML.png.webp","type":"image\/webp"}],"twitter_card":"summary_large_image","twitter_site":"@originalwd40_UK","schema":{"@context":"https:\/\/schema.org","@graph":[[],{"@type":"ImageObject","inLanguage":"pt-PT","@id":"https:\/\/wd40.africa\/pt-pt\/product\/1735\/#primaryimage","url":"https:\/\/media.wd40.africa\/app\/uploads\/2022\/04\/06160039\/WD40-BIKE-DESENGRASANTE-500ML.png.webp","contentUrl":"https:\/\/media.wd40.africa\/app\/uploads\/2022\/04\/06160039\/WD40-BIKE-DESENGRASANTE-500ML.png.webp","width":1000,"height":1000},{"@type":"BreadcrumbList","@id":"https:\/\/wd40.africa\/pt-pt\/product\/1735\/#breadcrumb","itemListElement":[{"@type":"ListItem","position":1,"name":"Produto","item":"https:\/\/wd40.africa\/pt-pt\/product\/"},{"@type":"ListItem","position":2,"name":"WD-40 BIKE","item":"https:\/\/wd40.africa\/pt-pt\/products\/wd-40-bike-pt-pt\/"},{"@type":"ListItem","position":3,"name":"Desengordurante WD-40&reg; BIKE"}]},{"@type":"WebSite","@id":"https:\/\/wd40.africa\/pt-pt\/#website","url":"https:\/\/wd40.africa\/pt-pt\/","name":"WD-40 Africa","description":"WD-40 Africa","publisher":{"@id":"https:\/\/wd40.africa\/pt-pt\/#organization"},"potentialAction":[{"@type":"SearchAction","target":{"@type":"EntryPoint","urlTemplate":"https:\/\/wd40.africa\/pt-pt\/?s={search_term_string}"},"query-input":{"@type":"PropertyValueSpecification","valueRequired":true,"valueName":"search_term_string"}}],"inLanguage":"pt-PT"},{"@type":"Organization","@id":"https:\/\/wd40.africa\/pt-pt\/#organization","name":"WD-40 Africa","url":"https:\/\/wd40.africa\/pt-pt\/","logo":{"@type":"ImageObject","inLanguage":"pt-PT","@id":"https:\/\/wd40.africa\/pt-pt\/#\/schema\/logo\/image\/","url":"https:\/\/media.wd40.africa\/app\/uploads\/2022\/10\/24130358\/WD40_logo.png","contentUrl":"https:\/\/media.wd40.africa\/app\/uploads\/2022\/10\/24130358\/WD40_logo.png","width":1024,"height":1024,"caption":"WD-40 Africa"},"image":{"@id":"https:\/\/wd40.africa\/pt-pt\/#\/schema\/logo\/image\/"},"sameAs":["https:\/\/www.facebook.com\/OriginalWD40.UK","https:\/\/x.com\/originalwd40_UK","https:\/\/www.youtube.com\/user\/OriginalWD40"]}]}},"yoast-key-phrase":"","yoast-key-phrase-score":"","yoast-readability":"60","_links":{"self":[{"href":"https:\/\/wd40.africa\/pt-pt\/wp-json\/wp\/v2\/product\/1735","targetHints":{"allow":["GET"]}}],"collection":[{"href":"https:\/\/wd40.africa\/pt-pt\/wp-json\/wp\/v2\/product"}],"about":[{"href":"https:\/\/wd40.africa\/pt-pt\/wp-json\/wp\/v2\/types\/product"}],"version-history":[{"count":0,"href":"https:\/\/wd40.africa\/pt-pt\/wp-json\/wp\/v2\/product\/1735\/revisions"}],"wp:featuredmedia":[{"embeddable":true,"href":"https:\/\/wd40.africa\/pt-pt\/wp-json\/wp\/v2\/media\/11457"}],"wp:attachment":[{"href":"https:\/\/wd40.africa\/pt-pt\/wp-json\/wp\/v2\/media?parent=1735"}],"wp:term":[{"taxonomy":"product_category","embeddable":true,"href":"https:\/\/wd40.africa\/pt-pt\/wp-json\/wp\/v2\/product_category?post=1735"},{"taxonomy":"product_tag","embeddable":true,"href":"https:\/\/wd40.africa\/pt-pt\/wp-json\/wp\/v2\/product_tag?post=1735"}],"curies":[{"name":"wp","href":"https:\/\/api.w.org\/{rel}","templated":true}]}}