{"id":1742,"date":"2022-05-05T12:51:49","date_gmt":"2022-05-05T12:51:49","guid":{"rendered":"https:\/\/wd40.africa\/?post_type=product&#038;p=1742"},"modified":"2023-12-08T15:21:14","modified_gmt":"2023-12-08T13:21:14","slug":"lubrificante-para-correntes-all-conditions-wd-40-bike","status":"publish","type":"product","link":"https:\/\/wd40.africa\/pt-pt\/product\/lubrificante-para-correntes-all-conditions-wd-40-bike\/","title":{"rendered":"Lubrificante para Correntes All Conditions WD-40<sub class=\"registration-mark\">&reg;<\/sub> BIKE"},"content":{"rendered":"<p><span class=\"tlid-translation translation\"><span class=\"\" title=\"\">Se a sua paix\u00e3o \u00e9 percorrer ciclovias independentemente do clima, ent\u00e3o o produto Lubrificante para Correntes All Conditions WD-40 BIKE \u00e9 o ideal para as suas necessidades. A f\u00f3rmula desenvolvida com PTFE ir\u00e1 ajud\u00e1-lo em qualquer condi\u00e7\u00e3o. Deste modo, a sua bicicleta ficar\u00e1 devidamente protegida contra a humidade, corros\u00e3o e ferrugem.<br \/>\n<\/span><\/span><\/p>\n<p><span class=\"tlid-translation translation\"><span class=\"\" title=\"\">A f\u00f3rmula do Lubrificante para Correntes All Conditions WD-40 BIKE penetra de forma r\u00e1pida e profunda nos cantos e recantos dos mecanismos onde \u00e9 aplicado. Al\u00e9m disto, permite uma lubrifica\u00e7\u00e3o duradoura na sua bicicleta, garantindo o m\u00e1ximo desempenho em qualquer ambiente.<\/span><\/span><\/p>\n<p><span class=\"tlid-translation translation\"><span class=\"\" title=\"\">Sempre que terminar o seu trajeto, garanta a prote\u00e7\u00e3o da sua bicicleta com este produto. Para lubrificar a bicicleta em condi\u00e7\u00f5es extremas, pode ainda recorrer ao <a href=\"https:\/\/wd40.africa\/product\/wd-40-bike-dry-lube?lang=pt-pt\"><em>Lubrificante para correntes ambiente seco WD-40 BIKE<\/em><\/a> ou o <em><a href=\"https:\/\/wd40.africa\/product\/wd-40-bike-wet-lube?lang=pt-pt\">Lubrificante de correntes para ambiente h\u00famido WD-40 BIKE<\/a><\/em><em>.<\/em><\/span><\/span><\/p>\n","protected":false},"excerpt":{"rendered":"<p>Se a sua paix\u00e3o \u00e9 percorrer ciclovias independentemente do clima, ent\u00e3o o Lubrificante para Correntes All Conditions WD\u201140 BIKE foi feito \u00e0 tua medida!<\/p>\n","protected":false},"featured_media":11441,"template":"","product_category":[23],"product_tag":[],"class_list":["post-1742","product","type-product","status-publish","has-post-thumbnail","hentry","product_category-wd-40-bike-pt-pt"],"acf":[],"title_raw":"Lubrificante para Correntes All Conditions WD-40 BIKE","yoast_head":"<!-- This site is optimized with the Yoast SEO Premium plugin v27.3 (Yoast SEO v27.3) - https:\/\/yoast.com\/product\/yoast-seo-premium-wordpress\/ -->\n<title>Lubrificante para Correntes All Conditions WD-40 BIKE - WD-40 Africa<\/title>\n<meta name=\"description\" content=\"Se a sua paix\u00e3o \u00e9 percorrer ciclovias independentemente do clima, ent\u00e3o o Lubrificante para Correntes All Conditions WD\u201140 BIKE foi feito \u00e0 tua medida!\" \/>\n<meta name=\"robots\" content=\"index, follow, max-snippet:-1, max-image-preview:large, max-video-preview:-1\" \/>\n<link rel=\"canonical\" href=\"https:\/\/wd40.africa\/pt-pt\/product\/lubrificante-para-correntes-all-conditions-wd-40-bike\/\" \/>\n<meta property=\"og:locale\" content=\"pt_PT\" \/>\n<meta property=\"og:type\" content=\"article\" \/>\n<meta property=\"og:title\" content=\"Lubrificante para Correntes All Conditions WD-40 BIKE - WD-40 Africa\" \/>\n<meta property=\"og:description\" content=\"Se a sua paix\u00e3o \u00e9 percorrer ciclovias independentemente do clima, ent\u00e3o o Lubrificante para Correntes All Conditions WD\u201140 BIKE foi feito \u00e0 tua medida!\" \/>\n<meta property=\"og:url\" content=\"https:\/\/wd40.africa\/pt-pt\/product\/lubrificante-para-correntes-all-conditions-wd-40-bike\/\" \/>\n<meta property=\"og:site_name\" content=\"WD-40 Africa\" \/>\n<meta property=\"article:publisher\" content=\"https:\/\/www.facebook.com\/OriginalWD40.UK\" \/>\n<meta property=\"article:modified_time\" content=\"2023-12-08T13:21:14+00:00\" \/>\n<meta property=\"og:image\" content=\"https:\/\/media.wd40.africa\/app\/uploads\/2022\/05\/06155615\/WD-40-All-conditions.png.webp\" \/>\n\t<meta property=\"og:image:width\" content=\"2048\" \/>\n\t<meta property=\"og:image:height\" content=\"2048\" \/>\n\t<meta property=\"og:image:type\" content=\"image\/webp\" \/>\n<meta name=\"twitter:card\" content=\"summary_large_image\" \/>\n<meta name=\"twitter:site\" content=\"@originalwd40_UK\" \/>\n<script type=\"application\/ld+json\" class=\"yoast-schema-graph\">{\"@context\":\"https:\\\/\\\/schema.org\",\"@graph\":[[],{\"@type\":\"ImageObject\",\"inLanguage\":\"pt-PT\",\"@id\":\"https:\\\/\\\/wd40.africa\\\/pt-pt\\\/product\\\/lubrificante-para-correntes-all-conditions-wd-40-bike\\\/#primaryimage\",\"url\":\"https:\\\/\\\/media.wd40.africa\\\/app\\\/uploads\\\/2022\\\/05\\\/06155615\\\/WD-40-All-conditions.png.webp\",\"contentUrl\":\"https:\\\/\\\/media.wd40.africa\\\/app\\\/uploads\\\/2022\\\/05\\\/06155615\\\/WD-40-All-conditions.png.webp\",\"width\":2048,\"height\":2048},{\"@type\":\"BreadcrumbList\",\"@id\":\"https:\\\/\\\/wd40.africa\\\/pt-pt\\\/product\\\/lubrificante-para-correntes-all-conditions-wd-40-bike\\\/#breadcrumb\",\"itemListElement\":[{\"@type\":\"ListItem\",\"position\":1,\"name\":\"Produto\",\"item\":\"https:\\\/\\\/wd40.africa\\\/pt-pt\\\/product\\\/\"},{\"@type\":\"ListItem\",\"position\":2,\"name\":\"WD-40 BIKE\",\"item\":\"https:\\\/\\\/wd40.africa\\\/pt-pt\\\/products\\\/wd-40-bike-pt-pt\\\/\"},{\"@type\":\"ListItem\",\"position\":3,\"name\":\"Lubrificante para Correntes All Conditions WD-40&reg; BIKE\"}]},{\"@type\":\"WebSite\",\"@id\":\"https:\\\/\\\/wd40.africa\\\/pt-pt\\\/#website\",\"url\":\"https:\\\/\\\/wd40.africa\\\/pt-pt\\\/\",\"name\":\"WD-40 Africa\",\"description\":\"WD-40 Africa\",\"publisher\":{\"@id\":\"https:\\\/\\\/wd40.africa\\\/pt-pt\\\/#organization\"},\"potentialAction\":[{\"@type\":\"SearchAction\",\"target\":{\"@type\":\"EntryPoint\",\"urlTemplate\":\"https:\\\/\\\/wd40.africa\\\/pt-pt\\\/?s={search_term_string}\"},\"query-input\":{\"@type\":\"PropertyValueSpecification\",\"valueRequired\":true,\"valueName\":\"search_term_string\"}}],\"inLanguage\":\"pt-PT\"},{\"@type\":\"Organization\",\"@id\":\"https:\\\/\\\/wd40.africa\\\/pt-pt\\\/#organization\",\"name\":\"WD-40 Africa\",\"url\":\"https:\\\/\\\/wd40.africa\\\/pt-pt\\\/\",\"logo\":{\"@type\":\"ImageObject\",\"inLanguage\":\"pt-PT\",\"@id\":\"https:\\\/\\\/wd40.africa\\\/pt-pt\\\/#\\\/schema\\\/logo\\\/image\\\/\",\"url\":\"https:\\\/\\\/media.wd40.africa\\\/app\\\/uploads\\\/2022\\\/10\\\/24130358\\\/WD40_logo.png\",\"contentUrl\":\"https:\\\/\\\/media.wd40.africa\\\/app\\\/uploads\\\/2022\\\/10\\\/24130358\\\/WD40_logo.png\",\"width\":1024,\"height\":1024,\"caption\":\"WD-40 Africa\"},\"image\":{\"@id\":\"https:\\\/\\\/wd40.africa\\\/pt-pt\\\/#\\\/schema\\\/logo\\\/image\\\/\"},\"sameAs\":[\"https:\\\/\\\/www.facebook.com\\\/OriginalWD40.UK\",\"https:\\\/\\\/x.com\\\/originalwd40_UK\",\"https:\\\/\\\/www.youtube.com\\\/user\\\/OriginalWD40\"]}]}<\/script>\n<!-- \/ Yoast SEO Premium plugin. -->","yoast_head_json":{"title":"Lubrificante para Correntes All Conditions WD-40 BIKE - WD-40 Africa","description":"Se a sua paix\u00e3o \u00e9 percorrer ciclovias independentemente do clima, ent\u00e3o o Lubrificante para Correntes All Conditions WD\u201140 BIKE foi feito \u00e0 tua medida!","robots":{"index":"index","follow":"follow","max-snippet":"max-snippet:-1","max-image-preview":"max-image-preview:large","max-video-preview":"max-video-preview:-1"},"canonical":"https:\/\/wd40.africa\/pt-pt\/product\/lubrificante-para-correntes-all-conditions-wd-40-bike\/","og_locale":"pt_PT","og_type":"article","og_title":"Lubrificante para Correntes All Conditions WD-40 BIKE - WD-40 Africa","og_description":"Se a sua paix\u00e3o \u00e9 percorrer ciclovias independentemente do clima, ent\u00e3o o Lubrificante para Correntes All Conditions WD\u201140 BIKE foi feito \u00e0 tua medida!","og_url":"https:\/\/wd40.africa\/pt-pt\/product\/lubrificante-para-correntes-all-conditions-wd-40-bike\/","og_site_name":"WD-40 Africa","article_publisher":"https:\/\/www.facebook.com\/OriginalWD40.UK","article_modified_time":"2023-12-08T13:21:14+00:00","og_image":[{"width":2048,"height":2048,"url":"https:\/\/media.wd40.africa\/app\/uploads\/2022\/05\/06155615\/WD-40-All-conditions.png.webp","type":"image\/webp"}],"twitter_card":"summary_large_image","twitter_site":"@originalwd40_UK","schema":{"@context":"https:\/\/schema.org","@graph":[[],{"@type":"ImageObject","inLanguage":"pt-PT","@id":"https:\/\/wd40.africa\/pt-pt\/product\/lubrificante-para-correntes-all-conditions-wd-40-bike\/#primaryimage","url":"https:\/\/media.wd40.africa\/app\/uploads\/2022\/05\/06155615\/WD-40-All-conditions.png.webp","contentUrl":"https:\/\/media.wd40.africa\/app\/uploads\/2022\/05\/06155615\/WD-40-All-conditions.png.webp","width":2048,"height":2048},{"@type":"BreadcrumbList","@id":"https:\/\/wd40.africa\/pt-pt\/product\/lubrificante-para-correntes-all-conditions-wd-40-bike\/#breadcrumb","itemListElement":[{"@type":"ListItem","position":1,"name":"Produto","item":"https:\/\/wd40.africa\/pt-pt\/product\/"},{"@type":"ListItem","position":2,"name":"WD-40 BIKE","item":"https:\/\/wd40.africa\/pt-pt\/products\/wd-40-bike-pt-pt\/"},{"@type":"ListItem","position":3,"name":"Lubrificante para Correntes All Conditions WD-40&reg; BIKE"}]},{"@type":"WebSite","@id":"https:\/\/wd40.africa\/pt-pt\/#website","url":"https:\/\/wd40.africa\/pt-pt\/","name":"WD-40 Africa","description":"WD-40 Africa","publisher":{"@id":"https:\/\/wd40.africa\/pt-pt\/#organization"},"potentialAction":[{"@type":"SearchAction","target":{"@type":"EntryPoint","urlTemplate":"https:\/\/wd40.africa\/pt-pt\/?s={search_term_string}"},"query-input":{"@type":"PropertyValueSpecification","valueRequired":true,"valueName":"search_term_string"}}],"inLanguage":"pt-PT"},{"@type":"Organization","@id":"https:\/\/wd40.africa\/pt-pt\/#organization","name":"WD-40 Africa","url":"https:\/\/wd40.africa\/pt-pt\/","logo":{"@type":"ImageObject","inLanguage":"pt-PT","@id":"https:\/\/wd40.africa\/pt-pt\/#\/schema\/logo\/image\/","url":"https:\/\/media.wd40.africa\/app\/uploads\/2022\/10\/24130358\/WD40_logo.png","contentUrl":"https:\/\/media.wd40.africa\/app\/uploads\/2022\/10\/24130358\/WD40_logo.png","width":1024,"height":1024,"caption":"WD-40 Africa"},"image":{"@id":"https:\/\/wd40.africa\/pt-pt\/#\/schema\/logo\/image\/"},"sameAs":["https:\/\/www.facebook.com\/OriginalWD40.UK","https:\/\/x.com\/originalwd40_UK","https:\/\/www.youtube.com\/user\/OriginalWD40"]}]}},"yoast-key-phrase":"Lubrificante para Correntes All Conditions WD-40 BIKE","yoast-key-phrase-score":"56","yoast-readability":"90","_links":{"self":[{"href":"https:\/\/wd40.africa\/pt-pt\/wp-json\/wp\/v2\/product\/1742","targetHints":{"allow":["GET"]}}],"collection":[{"href":"https:\/\/wd40.africa\/pt-pt\/wp-json\/wp\/v2\/product"}],"about":[{"href":"https:\/\/wd40.africa\/pt-pt\/wp-json\/wp\/v2\/types\/product"}],"version-history":[{"count":0,"href":"https:\/\/wd40.africa\/pt-pt\/wp-json\/wp\/v2\/product\/1742\/revisions"}],"wp:featuredmedia":[{"embeddable":true,"href":"https:\/\/wd40.africa\/pt-pt\/wp-json\/wp\/v2\/media\/11441"}],"wp:attachment":[{"href":"https:\/\/wd40.africa\/pt-pt\/wp-json\/wp\/v2\/media?parent=1742"}],"wp:term":[{"taxonomy":"product_category","embeddable":true,"href":"https:\/\/wd40.africa\/pt-pt\/wp-json\/wp\/v2\/product_category?post=1742"},{"taxonomy":"product_tag","embeddable":true,"href":"https:\/\/wd40.africa\/pt-pt\/wp-json\/wp\/v2\/product_tag?post=1742"}],"curies":[{"name":"wp","href":"https:\/\/api.w.org\/{rel}","templated":true}]}}