{"id":1782,"date":"2022-05-05T14:36:18","date_gmt":"2022-05-05T14:36:18","guid":{"rendered":"https:\/\/wd40.africa\/?post_type=product&#038;p=1782"},"modified":"2023-12-08T11:34:00","modified_gmt":"2023-12-08T09:34:00","slug":"wd-40-specialist-oleo-de-corte-multiusos","status":"publish","type":"product","link":"https:\/\/wd40.africa\/pt-pt\/product\/wd-40-specialist-oleo-de-corte-multiusos\/","title":{"rendered":"\u00d3leo de Corte &#8211; Multiuso"},"content":{"rendered":"<p>\u00d3leo de Corte WD-40, uma f\u00f3rmula especializada, foi criada visando aprimorar o desempenho e estender a vida \u00fatil de ferramentas de corte e perfura\u00e7\u00e3o.<\/p>\n<p><strong>Diretrizes de Utiliza\u00e7\u00e3o<\/strong><br \/>\n\u00c9 eficaz tanto em componentes de a\u00e7o inoxid\u00e1vel quanto de tit\u00e2nio.<\/p>\n<p><strong>Instru\u00e7\u00f5es de Uso<\/strong><br \/>\nProporciona a lubrifica\u00e7\u00e3o adequada para reduzir o atrito e evitar o desgaste, ao mesmo tempo em que maximiza a durabilidade das m\u00e1quinas de corte.<\/p>\n<p>Opera sob condi\u00e7\u00f5es de alta press\u00e3o e \u00e9 especialmente indicado para equipamentos de corte e perfura\u00e7\u00e3o.<\/p>\n<p><strong>Aplica\u00e7\u00e3o de Pulveriza\u00e7\u00e3o Dupla<\/strong><br \/>\nO mecanismo de Pulveriza\u00e7\u00e3o Dupla oferece duas op\u00e7\u00f5es de aplica\u00e7\u00e3o: utilize a c\u00e2nula para aplicar o produto em \u00e1reas espec\u00edficas ou de dif\u00edcil acesso e o spray para cobrir superf\u00edcies mais extensas.<\/p>\n<p><strong>Formato<\/strong><br \/>\n400 ml<\/p>\n<p>&nbsp;<\/p>\n","protected":false},"excerpt":{"rendered":"<p>A composi\u00e7\u00e3o exclusiva do WD-40 Specialist foi concebida com o objetivo de aprimorar o desempenho e estender a durabilidade das ferramentas de corte e perfura\u00e7\u00e3o.<\/p>\n","protected":false},"featured_media":11188,"template":"","product_category":[24],"product_tag":[],"class_list":["post-1782","product","type-product","status-publish","has-post-thumbnail","hentry","product_category-wd-40-specialist-pt-pt"],"acf":[],"title_raw":"\u00d3leo de Corte - Multiuso","yoast_head":"<!-- This site is optimized with the Yoast SEO Premium plugin v27.3 (Yoast SEO v27.3) - https:\/\/yoast.com\/product\/yoast-seo-premium-wordpress\/ -->\n<title>WD-40 Specialist - \u00d3leo de Corte<\/title>\n<meta name=\"description\" content=\"A composi\u00e7\u00e3o exclusiva do WD-40 Specialist foi concebida com o objetivo de aprimorar o desempenho e estender a durabilidade das ferramentas de corte e perfura\u00e7\u00e3o.\" \/>\n<meta name=\"robots\" content=\"index, follow, max-snippet:-1, max-image-preview:large, max-video-preview:-1\" \/>\n<link rel=\"canonical\" href=\"https:\/\/wd40.africa\/pt-pt\/product\/wd-40-specialist-oleo-de-corte-multiusos\/\" \/>\n<meta property=\"og:locale\" content=\"pt_PT\" \/>\n<meta property=\"og:type\" content=\"article\" \/>\n<meta property=\"og:title\" content=\"WD-40 Specialist - \u00d3leo de Corte\" \/>\n<meta property=\"og:description\" content=\"A composi\u00e7\u00e3o exclusiva do WD-40 Specialist foi concebida com o objetivo de aprimorar o desempenho e estender a durabilidade das ferramentas de corte e perfura\u00e7\u00e3o.\" \/>\n<meta property=\"og:url\" content=\"https:\/\/wd40.africa\/pt-pt\/product\/wd-40-specialist-oleo-de-corte-multiusos\/\" \/>\n<meta property=\"og:site_name\" content=\"WD-40 Africa\" \/>\n<meta property=\"article:publisher\" content=\"https:\/\/www.facebook.com\/OriginalWD40.UK\" \/>\n<meta property=\"article:modified_time\" content=\"2023-12-08T09:34:00+00:00\" \/>\n<meta property=\"og:image\" content=\"https:\/\/media.wd40.africa\/app\/uploads\/2022\/05\/30155720\/Wd-40-Aceite-De-Corte-400ml.png\" \/>\n\t<meta property=\"og:image:width\" content=\"1000\" \/>\n\t<meta property=\"og:image:height\" content=\"1000\" \/>\n\t<meta property=\"og:image:type\" content=\"image\/png\" \/>\n<meta name=\"twitter:card\" content=\"summary_large_image\" \/>\n<meta name=\"twitter:site\" content=\"@originalwd40_UK\" \/>\n<script type=\"application\/ld+json\" class=\"yoast-schema-graph\">{\"@context\":\"https:\\\/\\\/schema.org\",\"@graph\":[[],{\"@type\":\"ImageObject\",\"inLanguage\":\"pt-PT\",\"@id\":\"https:\\\/\\\/wd40.africa\\\/pt-pt\\\/product\\\/wd-40-specialist-oleo-de-corte-multiusos\\\/#primaryimage\",\"url\":\"https:\\\/\\\/media.wd40.africa\\\/app\\\/uploads\\\/2022\\\/05\\\/30155720\\\/Wd-40-Aceite-De-Corte-400ml.png\",\"contentUrl\":\"https:\\\/\\\/media.wd40.africa\\\/app\\\/uploads\\\/2022\\\/05\\\/30155720\\\/Wd-40-Aceite-De-Corte-400ml.png\",\"width\":1000,\"height\":1000,\"caption\":\"Lata de 400ml de \u00d3leo de Corte WD-40\"},{\"@type\":\"BreadcrumbList\",\"@id\":\"https:\\\/\\\/wd40.africa\\\/pt-pt\\\/product\\\/wd-40-specialist-oleo-de-corte-multiusos\\\/#breadcrumb\",\"itemListElement\":[{\"@type\":\"ListItem\",\"position\":1,\"name\":\"Produto\",\"item\":\"https:\\\/\\\/wd40.africa\\\/pt-pt\\\/product\\\/\"},{\"@type\":\"ListItem\",\"position\":2,\"name\":\"WD-40 Specialist\",\"item\":\"https:\\\/\\\/wd40.africa\\\/pt-pt\\\/products\\\/wd-40-specialist-pt-pt\\\/\"},{\"@type\":\"ListItem\",\"position\":3,\"name\":\"\u00d3leo de Corte &#8211; Multiuso\"}]},{\"@type\":\"WebSite\",\"@id\":\"https:\\\/\\\/wd40.africa\\\/pt-pt\\\/#website\",\"url\":\"https:\\\/\\\/wd40.africa\\\/pt-pt\\\/\",\"name\":\"WD-40 Africa\",\"description\":\"WD-40 Africa\",\"publisher\":{\"@id\":\"https:\\\/\\\/wd40.africa\\\/pt-pt\\\/#organization\"},\"potentialAction\":[{\"@type\":\"SearchAction\",\"target\":{\"@type\":\"EntryPoint\",\"urlTemplate\":\"https:\\\/\\\/wd40.africa\\\/pt-pt\\\/?s={search_term_string}\"},\"query-input\":{\"@type\":\"PropertyValueSpecification\",\"valueRequired\":true,\"valueName\":\"search_term_string\"}}],\"inLanguage\":\"pt-PT\"},{\"@type\":\"Organization\",\"@id\":\"https:\\\/\\\/wd40.africa\\\/pt-pt\\\/#organization\",\"name\":\"WD-40 Africa\",\"url\":\"https:\\\/\\\/wd40.africa\\\/pt-pt\\\/\",\"logo\":{\"@type\":\"ImageObject\",\"inLanguage\":\"pt-PT\",\"@id\":\"https:\\\/\\\/wd40.africa\\\/pt-pt\\\/#\\\/schema\\\/logo\\\/image\\\/\",\"url\":\"https:\\\/\\\/media.wd40.africa\\\/app\\\/uploads\\\/2022\\\/10\\\/24130358\\\/WD40_logo.png\",\"contentUrl\":\"https:\\\/\\\/media.wd40.africa\\\/app\\\/uploads\\\/2022\\\/10\\\/24130358\\\/WD40_logo.png\",\"width\":1024,\"height\":1024,\"caption\":\"WD-40 Africa\"},\"image\":{\"@id\":\"https:\\\/\\\/wd40.africa\\\/pt-pt\\\/#\\\/schema\\\/logo\\\/image\\\/\"},\"sameAs\":[\"https:\\\/\\\/www.facebook.com\\\/OriginalWD40.UK\",\"https:\\\/\\\/x.com\\\/originalwd40_UK\",\"https:\\\/\\\/www.youtube.com\\\/user\\\/OriginalWD40\"]}]}<\/script>\n<!-- \/ Yoast SEO Premium plugin. -->","yoast_head_json":{"title":"WD-40 Specialist - \u00d3leo de Corte","description":"A composi\u00e7\u00e3o exclusiva do WD-40 Specialist foi concebida com o objetivo de aprimorar o desempenho e estender a durabilidade das ferramentas de corte e perfura\u00e7\u00e3o.","robots":{"index":"index","follow":"follow","max-snippet":"max-snippet:-1","max-image-preview":"max-image-preview:large","max-video-preview":"max-video-preview:-1"},"canonical":"https:\/\/wd40.africa\/pt-pt\/product\/wd-40-specialist-oleo-de-corte-multiusos\/","og_locale":"pt_PT","og_type":"article","og_title":"WD-40 Specialist - \u00d3leo de Corte","og_description":"A composi\u00e7\u00e3o exclusiva do WD-40 Specialist foi concebida com o objetivo de aprimorar o desempenho e estender a durabilidade das ferramentas de corte e perfura\u00e7\u00e3o.","og_url":"https:\/\/wd40.africa\/pt-pt\/product\/wd-40-specialist-oleo-de-corte-multiusos\/","og_site_name":"WD-40 Africa","article_publisher":"https:\/\/www.facebook.com\/OriginalWD40.UK","article_modified_time":"2023-12-08T09:34:00+00:00","og_image":[{"width":1000,"height":1000,"url":"https:\/\/media.wd40.africa\/app\/uploads\/2022\/05\/30155720\/Wd-40-Aceite-De-Corte-400ml.png","type":"image\/png"}],"twitter_card":"summary_large_image","twitter_site":"@originalwd40_UK","schema":{"@context":"https:\/\/schema.org","@graph":[[],{"@type":"ImageObject","inLanguage":"pt-PT","@id":"https:\/\/wd40.africa\/pt-pt\/product\/wd-40-specialist-oleo-de-corte-multiusos\/#primaryimage","url":"https:\/\/media.wd40.africa\/app\/uploads\/2022\/05\/30155720\/Wd-40-Aceite-De-Corte-400ml.png","contentUrl":"https:\/\/media.wd40.africa\/app\/uploads\/2022\/05\/30155720\/Wd-40-Aceite-De-Corte-400ml.png","width":1000,"height":1000,"caption":"Lata de 400ml de \u00d3leo de Corte WD-40"},{"@type":"BreadcrumbList","@id":"https:\/\/wd40.africa\/pt-pt\/product\/wd-40-specialist-oleo-de-corte-multiusos\/#breadcrumb","itemListElement":[{"@type":"ListItem","position":1,"name":"Produto","item":"https:\/\/wd40.africa\/pt-pt\/product\/"},{"@type":"ListItem","position":2,"name":"WD-40 Specialist","item":"https:\/\/wd40.africa\/pt-pt\/products\/wd-40-specialist-pt-pt\/"},{"@type":"ListItem","position":3,"name":"\u00d3leo de Corte &#8211; Multiuso"}]},{"@type":"WebSite","@id":"https:\/\/wd40.africa\/pt-pt\/#website","url":"https:\/\/wd40.africa\/pt-pt\/","name":"WD-40 Africa","description":"WD-40 Africa","publisher":{"@id":"https:\/\/wd40.africa\/pt-pt\/#organization"},"potentialAction":[{"@type":"SearchAction","target":{"@type":"EntryPoint","urlTemplate":"https:\/\/wd40.africa\/pt-pt\/?s={search_term_string}"},"query-input":{"@type":"PropertyValueSpecification","valueRequired":true,"valueName":"search_term_string"}}],"inLanguage":"pt-PT"},{"@type":"Organization","@id":"https:\/\/wd40.africa\/pt-pt\/#organization","name":"WD-40 Africa","url":"https:\/\/wd40.africa\/pt-pt\/","logo":{"@type":"ImageObject","inLanguage":"pt-PT","@id":"https:\/\/wd40.africa\/pt-pt\/#\/schema\/logo\/image\/","url":"https:\/\/media.wd40.africa\/app\/uploads\/2022\/10\/24130358\/WD40_logo.png","contentUrl":"https:\/\/media.wd40.africa\/app\/uploads\/2022\/10\/24130358\/WD40_logo.png","width":1024,"height":1024,"caption":"WD-40 Africa"},"image":{"@id":"https:\/\/wd40.africa\/pt-pt\/#\/schema\/logo\/image\/"},"sameAs":["https:\/\/www.facebook.com\/OriginalWD40.UK","https:\/\/x.com\/originalwd40_UK","https:\/\/www.youtube.com\/user\/OriginalWD40"]}]}},"yoast-key-phrase":"\u00d3leo de Corte","yoast-key-phrase-score":"51","yoast-readability":"90","_links":{"self":[{"href":"https:\/\/wd40.africa\/pt-pt\/wp-json\/wp\/v2\/product\/1782","targetHints":{"allow":["GET"]}}],"collection":[{"href":"https:\/\/wd40.africa\/pt-pt\/wp-json\/wp\/v2\/product"}],"about":[{"href":"https:\/\/wd40.africa\/pt-pt\/wp-json\/wp\/v2\/types\/product"}],"version-history":[{"count":1,"href":"https:\/\/wd40.africa\/pt-pt\/wp-json\/wp\/v2\/product\/1782\/revisions"}],"predecessor-version":[{"id":11201,"href":"https:\/\/wd40.africa\/pt-pt\/wp-json\/wp\/v2\/product\/1782\/revisions\/11201"}],"wp:featuredmedia":[{"embeddable":true,"href":"https:\/\/wd40.africa\/pt-pt\/wp-json\/wp\/v2\/media\/11188"}],"wp:attachment":[{"href":"https:\/\/wd40.africa\/pt-pt\/wp-json\/wp\/v2\/media?parent=1782"}],"wp:term":[{"taxonomy":"product_category","embeddable":true,"href":"https:\/\/wd40.africa\/pt-pt\/wp-json\/wp\/v2\/product_category?post=1782"},{"taxonomy":"product_tag","embeddable":true,"href":"https:\/\/wd40.africa\/pt-pt\/wp-json\/wp\/v2\/product_tag?post=1782"}],"curies":[{"name":"wp","href":"https:\/\/api.w.org\/{rel}","templated":true}]}}