{"id":1863,"date":"2022-05-06T10:39:56","date_gmt":"2022-05-06T10:39:56","guid":{"rendered":"https:\/\/wd40.africa\/?post_type=product&#038;p=1863"},"modified":"2024-01-09T16:33:51","modified_gmt":"2024-01-09T14:33:51","slug":"wd-40-dupla-acao","status":"publish","type":"product","link":"https:\/\/wd40.africa\/pt-pt\/product\/wd-40-dupla-acao\/","title":{"rendered":"WD-40<sub class=\"registration-mark\">&reg;<\/sub> Dupla A\u00e7\u00e3o"},"content":{"rendered":"<p>A configura\u00e7\u00e3o revolucion\u00e1ria do Produto Multiuso Dupla A\u00e7\u00e3o WD-40 apresenta um sistema inovador que permite transitar de uma aplica\u00e7\u00e3o ampla para uma precisa com apenas um clique, sem a necessidade de remover a c\u00e2nula.<\/p>\n<p>Desfrute da conveni\u00eancia e simplicidade ao aplicar a f\u00f3rmula m\u00e1gica dos 2.000 usos, garantindo uma experi\u00eancia pr\u00e1tica e eficaz!<\/p>\n","protected":false},"excerpt":{"rendered":"<p>Mesma f\u00f3rmula que a original com o sistema Dupla A\u00e7\u00e3o para uma aplica\u00e7\u00e3o ampla ou precisa sem perder a c\u00e2nula! Vais adorar!<\/p>\n","protected":false},"featured_media":11319,"template":"","product_category":[22],"product_tag":[],"class_list":["post-1863","product","type-product","status-publish","has-post-thumbnail","hentry","product_category-wd-40-produto-multiusos"],"acf":[],"title_raw":"WD-40 Dupla A\u00e7\u00e3o","yoast_head":"<!-- This site is optimized with the Yoast SEO Premium plugin v27.3 (Yoast SEO v27.3) - https:\/\/yoast.com\/product\/yoast-seo-premium-wordpress\/ -->\n<title>WD-40 Dupla A\u00e7\u00e3o - WD-40 Africa<\/title>\n<meta name=\"description\" content=\"Mesma f\u00f3rmula que a original com o sistema Dupla A\u00e7\u00e3o para uma aplica\u00e7\u00e3o ampla ou precisa sem perder a c\u00e2nula! Vais adorar!\" \/>\n<meta name=\"robots\" content=\"index, follow, max-snippet:-1, max-image-preview:large, max-video-preview:-1\" \/>\n<link rel=\"canonical\" href=\"https:\/\/wd40.africa\/pt-pt\/product\/wd-40-dupla-acao\/\" \/>\n<meta property=\"og:locale\" content=\"pt_PT\" \/>\n<meta property=\"og:type\" content=\"article\" \/>\n<meta property=\"og:title\" content=\"WD-40 Dupla A\u00e7\u00e3o - WD-40 Africa\" \/>\n<meta property=\"og:description\" content=\"Mesma f\u00f3rmula que a original com o sistema Dupla A\u00e7\u00e3o para uma aplica\u00e7\u00e3o ampla ou precisa sem perder a c\u00e2nula! Vais adorar!\" \/>\n<meta property=\"og:url\" content=\"https:\/\/wd40.africa\/pt-pt\/product\/wd-40-dupla-acao\/\" \/>\n<meta property=\"og:site_name\" content=\"WD-40 Africa\" \/>\n<meta property=\"article:publisher\" content=\"https:\/\/www.facebook.com\/OriginalWD40.UK\" \/>\n<meta property=\"article:modified_time\" content=\"2024-01-09T14:33:51+00:00\" \/>\n<meta property=\"og:image\" content=\"https:\/\/media.wd40.africa\/app\/uploads\/2022\/05\/04142548\/wd-40-produto-multi-uso-dupla-aa%C2%A7ao-product-image.png.webp\" \/>\n\t<meta property=\"og:image:width\" content=\"1000\" \/>\n\t<meta property=\"og:image:height\" content=\"1000\" \/>\n\t<meta property=\"og:image:type\" content=\"image\/webp\" \/>\n<meta name=\"twitter:card\" content=\"summary_large_image\" \/>\n<meta name=\"twitter:site\" content=\"@originalwd40_UK\" \/>\n<script type=\"application\/ld+json\" class=\"yoast-schema-graph\">{\"@context\":\"https:\\\/\\\/schema.org\",\"@graph\":[[],{\"@type\":\"ImageObject\",\"inLanguage\":\"pt-PT\",\"@id\":\"https:\\\/\\\/wd40.africa\\\/pt-pt\\\/product\\\/wd-40-dupla-acao\\\/#primaryimage\",\"url\":\"https:\\\/\\\/media.wd40.africa\\\/app\\\/uploads\\\/2022\\\/05\\\/04142548\\\/wd-40-produto-multi-uso-dupla-aa%C2%A7ao-product-image.png.webp\",\"contentUrl\":\"https:\\\/\\\/media.wd40.africa\\\/app\\\/uploads\\\/2022\\\/05\\\/04142548\\\/wd-40-produto-multi-uso-dupla-aa%C2%A7ao-product-image.png.webp\",\"width\":1000,\"height\":1000},{\"@type\":\"BreadcrumbList\",\"@id\":\"https:\\\/\\\/wd40.africa\\\/pt-pt\\\/product\\\/wd-40-dupla-acao\\\/#breadcrumb\",\"itemListElement\":[{\"@type\":\"ListItem\",\"position\":1,\"name\":\"Produto\",\"item\":\"https:\\\/\\\/wd40.africa\\\/pt-pt\\\/product\\\/\"},{\"@type\":\"ListItem\",\"position\":2,\"name\":\"WD-40 Produto Multiusos\",\"item\":\"https:\\\/\\\/wd40.africa\\\/pt-pt\\\/products\\\/wd-40-produto-multiusos\\\/\"},{\"@type\":\"ListItem\",\"position\":3,\"name\":\"WD-40&reg; Dupla A\u00e7\u00e3o\"}]},{\"@type\":\"WebSite\",\"@id\":\"https:\\\/\\\/wd40.africa\\\/pt-pt\\\/#website\",\"url\":\"https:\\\/\\\/wd40.africa\\\/pt-pt\\\/\",\"name\":\"WD-40 Africa\",\"description\":\"WD-40 Africa\",\"publisher\":{\"@id\":\"https:\\\/\\\/wd40.africa\\\/pt-pt\\\/#organization\"},\"potentialAction\":[{\"@type\":\"SearchAction\",\"target\":{\"@type\":\"EntryPoint\",\"urlTemplate\":\"https:\\\/\\\/wd40.africa\\\/pt-pt\\\/?s={search_term_string}\"},\"query-input\":{\"@type\":\"PropertyValueSpecification\",\"valueRequired\":true,\"valueName\":\"search_term_string\"}}],\"inLanguage\":\"pt-PT\"},{\"@type\":\"Organization\",\"@id\":\"https:\\\/\\\/wd40.africa\\\/pt-pt\\\/#organization\",\"name\":\"WD-40 Africa\",\"url\":\"https:\\\/\\\/wd40.africa\\\/pt-pt\\\/\",\"logo\":{\"@type\":\"ImageObject\",\"inLanguage\":\"pt-PT\",\"@id\":\"https:\\\/\\\/wd40.africa\\\/pt-pt\\\/#\\\/schema\\\/logo\\\/image\\\/\",\"url\":\"https:\\\/\\\/media.wd40.africa\\\/app\\\/uploads\\\/2022\\\/10\\\/24130358\\\/WD40_logo.png\",\"contentUrl\":\"https:\\\/\\\/media.wd40.africa\\\/app\\\/uploads\\\/2022\\\/10\\\/24130358\\\/WD40_logo.png\",\"width\":1024,\"height\":1024,\"caption\":\"WD-40 Africa\"},\"image\":{\"@id\":\"https:\\\/\\\/wd40.africa\\\/pt-pt\\\/#\\\/schema\\\/logo\\\/image\\\/\"},\"sameAs\":[\"https:\\\/\\\/www.facebook.com\\\/OriginalWD40.UK\",\"https:\\\/\\\/x.com\\\/originalwd40_UK\",\"https:\\\/\\\/www.youtube.com\\\/user\\\/OriginalWD40\"]}]}<\/script>\n<!-- \/ Yoast SEO Premium plugin. -->","yoast_head_json":{"title":"WD-40 Dupla A\u00e7\u00e3o - WD-40 Africa","description":"Mesma f\u00f3rmula que a original com o sistema Dupla A\u00e7\u00e3o para uma aplica\u00e7\u00e3o ampla ou precisa sem perder a c\u00e2nula! Vais adorar!","robots":{"index":"index","follow":"follow","max-snippet":"max-snippet:-1","max-image-preview":"max-image-preview:large","max-video-preview":"max-video-preview:-1"},"canonical":"https:\/\/wd40.africa\/pt-pt\/product\/wd-40-dupla-acao\/","og_locale":"pt_PT","og_type":"article","og_title":"WD-40 Dupla A\u00e7\u00e3o - WD-40 Africa","og_description":"Mesma f\u00f3rmula que a original com o sistema Dupla A\u00e7\u00e3o para uma aplica\u00e7\u00e3o ampla ou precisa sem perder a c\u00e2nula! Vais adorar!","og_url":"https:\/\/wd40.africa\/pt-pt\/product\/wd-40-dupla-acao\/","og_site_name":"WD-40 Africa","article_publisher":"https:\/\/www.facebook.com\/OriginalWD40.UK","article_modified_time":"2024-01-09T14:33:51+00:00","og_image":[{"width":1000,"height":1000,"url":"https:\/\/media.wd40.africa\/app\/uploads\/2022\/05\/04142548\/wd-40-produto-multi-uso-dupla-aa%C2%A7ao-product-image.png.webp","type":"image\/webp"}],"twitter_card":"summary_large_image","twitter_site":"@originalwd40_UK","schema":{"@context":"https:\/\/schema.org","@graph":[[],{"@type":"ImageObject","inLanguage":"pt-PT","@id":"https:\/\/wd40.africa\/pt-pt\/product\/wd-40-dupla-acao\/#primaryimage","url":"https:\/\/media.wd40.africa\/app\/uploads\/2022\/05\/04142548\/wd-40-produto-multi-uso-dupla-aa%C2%A7ao-product-image.png.webp","contentUrl":"https:\/\/media.wd40.africa\/app\/uploads\/2022\/05\/04142548\/wd-40-produto-multi-uso-dupla-aa%C2%A7ao-product-image.png.webp","width":1000,"height":1000},{"@type":"BreadcrumbList","@id":"https:\/\/wd40.africa\/pt-pt\/product\/wd-40-dupla-acao\/#breadcrumb","itemListElement":[{"@type":"ListItem","position":1,"name":"Produto","item":"https:\/\/wd40.africa\/pt-pt\/product\/"},{"@type":"ListItem","position":2,"name":"WD-40 Produto Multiusos","item":"https:\/\/wd40.africa\/pt-pt\/products\/wd-40-produto-multiusos\/"},{"@type":"ListItem","position":3,"name":"WD-40&reg; Dupla A\u00e7\u00e3o"}]},{"@type":"WebSite","@id":"https:\/\/wd40.africa\/pt-pt\/#website","url":"https:\/\/wd40.africa\/pt-pt\/","name":"WD-40 Africa","description":"WD-40 Africa","publisher":{"@id":"https:\/\/wd40.africa\/pt-pt\/#organization"},"potentialAction":[{"@type":"SearchAction","target":{"@type":"EntryPoint","urlTemplate":"https:\/\/wd40.africa\/pt-pt\/?s={search_term_string}"},"query-input":{"@type":"PropertyValueSpecification","valueRequired":true,"valueName":"search_term_string"}}],"inLanguage":"pt-PT"},{"@type":"Organization","@id":"https:\/\/wd40.africa\/pt-pt\/#organization","name":"WD-40 Africa","url":"https:\/\/wd40.africa\/pt-pt\/","logo":{"@type":"ImageObject","inLanguage":"pt-PT","@id":"https:\/\/wd40.africa\/pt-pt\/#\/schema\/logo\/image\/","url":"https:\/\/media.wd40.africa\/app\/uploads\/2022\/10\/24130358\/WD40_logo.png","contentUrl":"https:\/\/media.wd40.africa\/app\/uploads\/2022\/10\/24130358\/WD40_logo.png","width":1024,"height":1024,"caption":"WD-40 Africa"},"image":{"@id":"https:\/\/wd40.africa\/pt-pt\/#\/schema\/logo\/image\/"},"sameAs":["https:\/\/www.facebook.com\/OriginalWD40.UK","https:\/\/x.com\/originalwd40_UK","https:\/\/www.youtube.com\/user\/OriginalWD40"]}]}},"yoast-key-phrase":"","yoast-key-phrase-score":"","yoast-readability":"90","_links":{"self":[{"href":"https:\/\/wd40.africa\/pt-pt\/wp-json\/wp\/v2\/product\/1863","targetHints":{"allow":["GET"]}}],"collection":[{"href":"https:\/\/wd40.africa\/pt-pt\/wp-json\/wp\/v2\/product"}],"about":[{"href":"https:\/\/wd40.africa\/pt-pt\/wp-json\/wp\/v2\/types\/product"}],"version-history":[{"count":0,"href":"https:\/\/wd40.africa\/pt-pt\/wp-json\/wp\/v2\/product\/1863\/revisions"}],"wp:featuredmedia":[{"embeddable":true,"href":"https:\/\/wd40.africa\/pt-pt\/wp-json\/wp\/v2\/media\/11319"}],"wp:attachment":[{"href":"https:\/\/wd40.africa\/pt-pt\/wp-json\/wp\/v2\/media?parent=1863"}],"wp:term":[{"taxonomy":"product_category","embeddable":true,"href":"https:\/\/wd40.africa\/pt-pt\/wp-json\/wp\/v2\/product_category?post=1863"},{"taxonomy":"product_tag","embeddable":true,"href":"https:\/\/wd40.africa\/pt-pt\/wp-json\/wp\/v2\/product_tag?post=1863"}],"curies":[{"name":"wp","href":"https:\/\/api.w.org\/{rel}","templated":true}]}}