{"id":1872,"date":"2022-05-06T11:01:51","date_gmt":"2022-05-06T11:01:51","guid":{"rendered":"https:\/\/wd40.africa\/?post_type=product&#038;p=1872"},"modified":"2024-01-09T16:36:21","modified_gmt":"2024-01-09T14:36:21","slug":"wd-40-produto-mutiusos-flexivel","status":"publish","type":"product","link":"https:\/\/wd40.africa\/pt-pt\/product\/wd-40-produto-mutiusos-flexivel\/","title":{"rendered":"WD-40<sub class=\"registration-mark\">&reg;<\/sub> Produto Mutiusos Flex\u00edvel"},"content":{"rendered":"<p>O WD-40 Produto Multi-Uso Flex\u00edvel oferece uma prote\u00e7\u00e3o eficaz contra a ferrugem e corros\u00e3o do metal. Al\u00e9m disso, tem a capacidade de desbloquear pe\u00e7as presas, repelir a humidade e proporcionar uma lubrifica\u00e7\u00e3o suave. Com uma inovadora v\u00e1lvula de dupla a\u00e7\u00e3o, \u00e9 poss\u00edvel escolher entre uma pulveriza\u00e7\u00e3o ampla para cobertura extensa ou uma aplica\u00e7\u00e3o precisa sem deixar res\u00edduos indesejados. A c\u00e2nula flex\u00edvel do produto \u00e9 especialmente desenvolvida para atingir \u00e1reas de dif\u00edcil acesso, garantindo uma aplica\u00e7\u00e3o eficiente e completa.<\/p>\n<p>Benef\u00edcios do produto:<br \/>\nC\u00c2NULA FLEX\u00cdVEL<br \/>\n\u2022 feita de material met\u00e1lico flex\u00edvel e resistente \u2022 a c\u00e2nula mant\u00e9m a forma aplicada \u2022 comprimento da c\u00e2nula 18,5 cm<br \/>\nPRINCIPAIS VANTAGENS<br \/>\n\u2022 Economiza tempo para alcan\u00e7ar \u00e1reas de dif\u00edcil acesso sem ter que desmontar componentes e \u00e1reas cobertas\u2022 Melhor aproveitamento do produto evitando desperd\u00edcios gra\u00e7as \u00e0 aplica\u00e7\u00e3o precisa e \u00e0 v\u00e1lvula de 360\u00b0<\/p>\n<p>V\u00c1LVULA DE DUPLO EFEITO<br \/>\n\u2022 Ampla aplica\u00e7\u00e3o com c\u00e2nula dobrada \u2022 Aplica\u00e7\u00e3o precisa e ajust\u00e1vel com c\u00e2nula montada A tecnologia avan\u00e7ada da v\u00e1lvula 360\u00b0 do WD-40 Multi-uso Flex\u00edvel possibilita a aplica\u00e7\u00e3o do produto em todas as posi\u00e7\u00f5es, inclusive com a lata invertida. Essa caracter\u00edstica excepcional confere uma versatilidade \u00fanica a este produto, tornando-o adequado para uma variedade de tarefas. Com essa inova\u00e7\u00e3o, pode contar com o aproveitamento total do conte\u00fado da lata, assegurando efici\u00eancia m\u00e1xima em cada aplica\u00e7\u00e3o<\/p>\n","protected":false},"excerpt":{"rendered":"<p>A nossa mais recente inova\u00e7\u00e3o com o aplicador Dupla A\u00e7\u00e3o e a inovadora c\u00e2nula flex\u00edvel que te ir\u00e1 permitir aplicar o produto em \u00e1reas de dif\u00edcil acesso poupando-te tempo e dinheiro!<\/p>\n","protected":false},"featured_media":11339,"template":"","product_category":[22],"product_tag":[],"class_list":["post-1872","product","type-product","status-publish","has-post-thumbnail","hentry","product_category-wd-40-produto-multiusos"],"acf":[],"title_raw":"WD-40 Produto Mutiusos Flex\u00edvel","yoast_head":"<!-- This site is optimized with the Yoast SEO Premium plugin v27.3 (Yoast SEO v27.3) - https:\/\/yoast.com\/product\/yoast-seo-premium-wordpress\/ -->\n<title>WD-40 Produto Mutiusos Flex\u00edvel - WD-40 Africa<\/title>\n<meta name=\"description\" content=\"A nossa mais recente inova\u00e7\u00e3o com o aplicador Dupla A\u00e7\u00e3o e a inovadora c\u00e2nula flex\u00edvel que te ir\u00e1 permitir aplicar o produto em \u00e1reas de dif\u00edcil acesso poupando-te tempo e dinheiro!\" \/>\n<meta name=\"robots\" content=\"index, follow, max-snippet:-1, max-image-preview:large, max-video-preview:-1\" \/>\n<link rel=\"canonical\" href=\"https:\/\/wd40.africa\/pt-pt\/product\/wd-40-produto-mutiusos-flexivel\/\" \/>\n<meta property=\"og:locale\" content=\"pt_PT\" \/>\n<meta property=\"og:type\" content=\"article\" \/>\n<meta property=\"og:title\" content=\"WD-40 Produto Mutiusos Flex\u00edvel - WD-40 Africa\" \/>\n<meta property=\"og:description\" content=\"A nossa mais recente inova\u00e7\u00e3o com o aplicador Dupla A\u00e7\u00e3o e a inovadora c\u00e2nula flex\u00edvel que te ir\u00e1 permitir aplicar o produto em \u00e1reas de dif\u00edcil acesso poupando-te tempo e dinheiro!\" \/>\n<meta property=\"og:url\" content=\"https:\/\/wd40.africa\/pt-pt\/product\/wd-40-produto-mutiusos-flexivel\/\" \/>\n<meta property=\"og:site_name\" content=\"WD-40 Africa\" \/>\n<meta property=\"article:publisher\" content=\"https:\/\/www.facebook.com\/OriginalWD40.UK\" \/>\n<meta property=\"article:modified_time\" content=\"2024-01-09T14:36:21+00:00\" \/>\n<meta property=\"og:image\" content=\"https:\/\/media.wd40.africa\/app\/uploads\/2022\/05\/04142853\/wd-40-produto-multi-uso-flexa_vel-product-image.png.webp\" \/>\n\t<meta property=\"og:image:width\" content=\"1000\" \/>\n\t<meta property=\"og:image:height\" content=\"1000\" \/>\n\t<meta property=\"og:image:type\" content=\"image\/webp\" \/>\n<meta name=\"twitter:card\" content=\"summary_large_image\" \/>\n<meta name=\"twitter:site\" content=\"@originalwd40_UK\" \/>\n<script type=\"application\/ld+json\" class=\"yoast-schema-graph\">{\"@context\":\"https:\\\/\\\/schema.org\",\"@graph\":[[],{\"@type\":\"ImageObject\",\"inLanguage\":\"pt-PT\",\"@id\":\"https:\\\/\\\/wd40.africa\\\/pt-pt\\\/product\\\/wd-40-produto-mutiusos-flexivel\\\/#primaryimage\",\"url\":\"https:\\\/\\\/media.wd40.africa\\\/app\\\/uploads\\\/2022\\\/05\\\/04142853\\\/wd-40-produto-multi-uso-flexa_vel-product-image.png.webp\",\"contentUrl\":\"https:\\\/\\\/media.wd40.africa\\\/app\\\/uploads\\\/2022\\\/05\\\/04142853\\\/wd-40-produto-multi-uso-flexa_vel-product-image.png.webp\",\"width\":1000,\"height\":1000},{\"@type\":\"BreadcrumbList\",\"@id\":\"https:\\\/\\\/wd40.africa\\\/pt-pt\\\/product\\\/wd-40-produto-mutiusos-flexivel\\\/#breadcrumb\",\"itemListElement\":[{\"@type\":\"ListItem\",\"position\":1,\"name\":\"Produto\",\"item\":\"https:\\\/\\\/wd40.africa\\\/pt-pt\\\/product\\\/\"},{\"@type\":\"ListItem\",\"position\":2,\"name\":\"WD-40 Produto Multiusos\",\"item\":\"https:\\\/\\\/wd40.africa\\\/pt-pt\\\/products\\\/wd-40-produto-multiusos\\\/\"},{\"@type\":\"ListItem\",\"position\":3,\"name\":\"WD-40&reg; Produto Mutiusos Flex\u00edvel\"}]},{\"@type\":\"WebSite\",\"@id\":\"https:\\\/\\\/wd40.africa\\\/pt-pt\\\/#website\",\"url\":\"https:\\\/\\\/wd40.africa\\\/pt-pt\\\/\",\"name\":\"WD-40 Africa\",\"description\":\"WD-40 Africa\",\"publisher\":{\"@id\":\"https:\\\/\\\/wd40.africa\\\/pt-pt\\\/#organization\"},\"potentialAction\":[{\"@type\":\"SearchAction\",\"target\":{\"@type\":\"EntryPoint\",\"urlTemplate\":\"https:\\\/\\\/wd40.africa\\\/pt-pt\\\/?s={search_term_string}\"},\"query-input\":{\"@type\":\"PropertyValueSpecification\",\"valueRequired\":true,\"valueName\":\"search_term_string\"}}],\"inLanguage\":\"pt-PT\"},{\"@type\":\"Organization\",\"@id\":\"https:\\\/\\\/wd40.africa\\\/pt-pt\\\/#organization\",\"name\":\"WD-40 Africa\",\"url\":\"https:\\\/\\\/wd40.africa\\\/pt-pt\\\/\",\"logo\":{\"@type\":\"ImageObject\",\"inLanguage\":\"pt-PT\",\"@id\":\"https:\\\/\\\/wd40.africa\\\/pt-pt\\\/#\\\/schema\\\/logo\\\/image\\\/\",\"url\":\"https:\\\/\\\/media.wd40.africa\\\/app\\\/uploads\\\/2022\\\/10\\\/24130358\\\/WD40_logo.png\",\"contentUrl\":\"https:\\\/\\\/media.wd40.africa\\\/app\\\/uploads\\\/2022\\\/10\\\/24130358\\\/WD40_logo.png\",\"width\":1024,\"height\":1024,\"caption\":\"WD-40 Africa\"},\"image\":{\"@id\":\"https:\\\/\\\/wd40.africa\\\/pt-pt\\\/#\\\/schema\\\/logo\\\/image\\\/\"},\"sameAs\":[\"https:\\\/\\\/www.facebook.com\\\/OriginalWD40.UK\",\"https:\\\/\\\/x.com\\\/originalwd40_UK\",\"https:\\\/\\\/www.youtube.com\\\/user\\\/OriginalWD40\"]}]}<\/script>\n<!-- \/ Yoast SEO Premium plugin. -->","yoast_head_json":{"title":"WD-40 Produto Mutiusos Flex\u00edvel - WD-40 Africa","description":"A nossa mais recente inova\u00e7\u00e3o com o aplicador Dupla A\u00e7\u00e3o e a inovadora c\u00e2nula flex\u00edvel que te ir\u00e1 permitir aplicar o produto em \u00e1reas de dif\u00edcil acesso poupando-te tempo e dinheiro!","robots":{"index":"index","follow":"follow","max-snippet":"max-snippet:-1","max-image-preview":"max-image-preview:large","max-video-preview":"max-video-preview:-1"},"canonical":"https:\/\/wd40.africa\/pt-pt\/product\/wd-40-produto-mutiusos-flexivel\/","og_locale":"pt_PT","og_type":"article","og_title":"WD-40 Produto Mutiusos Flex\u00edvel - WD-40 Africa","og_description":"A nossa mais recente inova\u00e7\u00e3o com o aplicador Dupla A\u00e7\u00e3o e a inovadora c\u00e2nula flex\u00edvel que te ir\u00e1 permitir aplicar o produto em \u00e1reas de dif\u00edcil acesso poupando-te tempo e dinheiro!","og_url":"https:\/\/wd40.africa\/pt-pt\/product\/wd-40-produto-mutiusos-flexivel\/","og_site_name":"WD-40 Africa","article_publisher":"https:\/\/www.facebook.com\/OriginalWD40.UK","article_modified_time":"2024-01-09T14:36:21+00:00","og_image":[{"width":1000,"height":1000,"url":"https:\/\/media.wd40.africa\/app\/uploads\/2022\/05\/04142853\/wd-40-produto-multi-uso-flexa_vel-product-image.png.webp","type":"image\/webp"}],"twitter_card":"summary_large_image","twitter_site":"@originalwd40_UK","schema":{"@context":"https:\/\/schema.org","@graph":[[],{"@type":"ImageObject","inLanguage":"pt-PT","@id":"https:\/\/wd40.africa\/pt-pt\/product\/wd-40-produto-mutiusos-flexivel\/#primaryimage","url":"https:\/\/media.wd40.africa\/app\/uploads\/2022\/05\/04142853\/wd-40-produto-multi-uso-flexa_vel-product-image.png.webp","contentUrl":"https:\/\/media.wd40.africa\/app\/uploads\/2022\/05\/04142853\/wd-40-produto-multi-uso-flexa_vel-product-image.png.webp","width":1000,"height":1000},{"@type":"BreadcrumbList","@id":"https:\/\/wd40.africa\/pt-pt\/product\/wd-40-produto-mutiusos-flexivel\/#breadcrumb","itemListElement":[{"@type":"ListItem","position":1,"name":"Produto","item":"https:\/\/wd40.africa\/pt-pt\/product\/"},{"@type":"ListItem","position":2,"name":"WD-40 Produto Multiusos","item":"https:\/\/wd40.africa\/pt-pt\/products\/wd-40-produto-multiusos\/"},{"@type":"ListItem","position":3,"name":"WD-40&reg; Produto Mutiusos Flex\u00edvel"}]},{"@type":"WebSite","@id":"https:\/\/wd40.africa\/pt-pt\/#website","url":"https:\/\/wd40.africa\/pt-pt\/","name":"WD-40 Africa","description":"WD-40 Africa","publisher":{"@id":"https:\/\/wd40.africa\/pt-pt\/#organization"},"potentialAction":[{"@type":"SearchAction","target":{"@type":"EntryPoint","urlTemplate":"https:\/\/wd40.africa\/pt-pt\/?s={search_term_string}"},"query-input":{"@type":"PropertyValueSpecification","valueRequired":true,"valueName":"search_term_string"}}],"inLanguage":"pt-PT"},{"@type":"Organization","@id":"https:\/\/wd40.africa\/pt-pt\/#organization","name":"WD-40 Africa","url":"https:\/\/wd40.africa\/pt-pt\/","logo":{"@type":"ImageObject","inLanguage":"pt-PT","@id":"https:\/\/wd40.africa\/pt-pt\/#\/schema\/logo\/image\/","url":"https:\/\/media.wd40.africa\/app\/uploads\/2022\/10\/24130358\/WD40_logo.png","contentUrl":"https:\/\/media.wd40.africa\/app\/uploads\/2022\/10\/24130358\/WD40_logo.png","width":1024,"height":1024,"caption":"WD-40 Africa"},"image":{"@id":"https:\/\/wd40.africa\/pt-pt\/#\/schema\/logo\/image\/"},"sameAs":["https:\/\/www.facebook.com\/OriginalWD40.UK","https:\/\/x.com\/originalwd40_UK","https:\/\/www.youtube.com\/user\/OriginalWD40"]}]}},"yoast-key-phrase":"","yoast-key-phrase-score":"","yoast-readability":"60","_links":{"self":[{"href":"https:\/\/wd40.africa\/pt-pt\/wp-json\/wp\/v2\/product\/1872","targetHints":{"allow":["GET"]}}],"collection":[{"href":"https:\/\/wd40.africa\/pt-pt\/wp-json\/wp\/v2\/product"}],"about":[{"href":"https:\/\/wd40.africa\/pt-pt\/wp-json\/wp\/v2\/types\/product"}],"version-history":[{"count":1,"href":"https:\/\/wd40.africa\/pt-pt\/wp-json\/wp\/v2\/product\/1872\/revisions"}],"predecessor-version":[{"id":11607,"href":"https:\/\/wd40.africa\/pt-pt\/wp-json\/wp\/v2\/product\/1872\/revisions\/11607"}],"wp:featuredmedia":[{"embeddable":true,"href":"https:\/\/wd40.africa\/pt-pt\/wp-json\/wp\/v2\/media\/11339"}],"wp:attachment":[{"href":"https:\/\/wd40.africa\/pt-pt\/wp-json\/wp\/v2\/media?parent=1872"}],"wp:term":[{"taxonomy":"product_category","embeddable":true,"href":"https:\/\/wd40.africa\/pt-pt\/wp-json\/wp\/v2\/product_category?post=1872"},{"taxonomy":"product_tag","embeddable":true,"href":"https:\/\/wd40.africa\/pt-pt\/wp-json\/wp\/v2\/product_tag?post=1872"}],"curies":[{"name":"wp","href":"https:\/\/api.w.org\/{rel}","templated":true}]}}